{"id":8380,"date":"2018-09-13T09:41:46","date_gmt":"2018-09-13T07:41:46","guid":{"rendered":"https:\/\/soib.es\/soibjove\/"},"modified":"2025-08-13T14:24:39","modified_gmt":"2025-08-13T12:24:39","slug":"soibjove","status":"publish","type":"page","link":"https:\/\/soib.es\/es\/soibjove\/","title":{"rendered":"SOIB Jove"},"content":{"rendered":"<p>[et_pb_section fb_built=\u00bb1&#8243; _builder_version=\u00bb4.16&#8243; background_color=\u00bb#f4f5f4&#8243; custom_padding=\u00bb49px|0px|20px|0px\u00bb global_colors_info=\u00bb{}\u00bb][et_pb_row column_structure=\u00bb2_3,1_3&#8243; use_custom_gutter=\u00bbon\u00bb disabled_on=\u00bboff|off|off\u00bb _builder_version=\u00bb4.16&#8243; background_color=\u00bb#ffffff\u00bb custom_margin=\u00bb|||\u00bb custom_padding=\u00bb15px|12px|12px|12px\u00bb global_colors_info=\u00bb{}\u00bb][et_pb_column type=\u00bb2_3&#8243; _builder_version=\u00bb4.16&#8243; background_color=\u00bb#ffffff\u00bb custom_padding=\u00bb|||\u00bb global_colors_info=\u00bb{}\u00bb custom_padding__hover=\u00bb|||\u00bb][et_pb_slider _builder_version=\u00bb4.27.4&#8243; background_color=\u00bb#FFFFFF\u00bb background_image=\u00bbhttps:\/\/soib.es\/wp-content\/uploads\/2018\/05\/Captura-de-pantalla-2018-05-21-a-las-12.00.50.png\u00bb custom_button=\u00bbon\u00bb button_text_size=\u00bb16px\u00bb button_text_color=\u00bb#ffffff\u00bb button_bg_color=\u00bb#CF3553&#8243; button_border_width=\u00bb0px\u00bb min_height_tablet=\u00bb500px\u00bb min_height_phone=\u00bb500px\u00bb height=\u00bb420px\u00bb custom_margin=\u00bb||||false|false\u00bb custom_padding=\u00bb|||\u00bb auto=\u00bbon\u00bb auto_speed=\u00bb5000&#8243; hover_enabled=\u00bb0&#8243; db_height=\u00bbmigrated\u00bb saved_tabs=\u00bball\u00bb global_colors_info=\u00bb{}\u00bb button_text_size__hover_enabled=\u00bboff\u00bb button_text_size__hover=\u00bbnull\u00bb button_one_text_size__hover_enabled=\u00bboff\u00bb button_one_text_size__hover=\u00bbnull\u00bb button_two_text_size__hover_enabled=\u00bboff\u00bb button_two_text_size__hover=\u00bbnull\u00bb button_text_color__hover_enabled=\u00bboff\u00bb button_text_color__hover=\u00bbnull\u00bb button_one_text_color__hover_enabled=\u00bboff\u00bb button_one_text_color__hover=\u00bbnull\u00bb button_two_text_color__hover_enabled=\u00bboff\u00bb button_two_text_color__hover=\u00bbnull\u00bb button_border_width__hover_enabled=\u00bboff\u00bb button_border_width__hover=\u00bbnull\u00bb button_one_border_width__hover_enabled=\u00bboff\u00bb button_one_border_width__hover=\u00bbnull\u00bb button_two_border_width__hover_enabled=\u00bboff\u00bb button_two_border_width__hover=\u00bbnull\u00bb button_border_color__hover_enabled=\u00bboff\u00bb button_border_color__hover=\u00bbnull\u00bb button_one_border_color__hover_enabled=\u00bboff\u00bb button_one_border_color__hover=\u00bbnull\u00bb button_two_border_color__hover_enabled=\u00bboff\u00bb button_two_border_color__hover=\u00bbnull\u00bb button_border_radius__hover_enabled=\u00bboff\u00bb button_border_radius__hover=\u00bbnull\u00bb button_one_border_radius__hover_enabled=\u00bboff\u00bb button_one_border_radius__hover=\u00bbnull\u00bb button_two_border_radius__hover_enabled=\u00bboff\u00bb button_two_border_radius__hover=\u00bbnull\u00bb button_letter_spacing__hover_enabled=\u00bboff\u00bb button_letter_spacing__hover=\u00bbnull\u00bb button_one_letter_spacing__hover_enabled=\u00bboff\u00bb button_one_letter_spacing__hover=\u00bbnull\u00bb button_two_letter_spacing__hover_enabled=\u00bboff\u00bb button_two_letter_spacing__hover=\u00bbnull\u00bb button_bg_color__hover_enabled=\u00bboff\u00bb button_bg_color__hover=\u00bbnull\u00bb button_one_bg_color__hover_enabled=\u00bboff\u00bb button_one_bg_color__hover=\u00bbnull\u00bb button_two_bg_color__hover_enabled=\u00bboff\u00bb button_two_bg_color__hover=\u00bbnull\u00bb sticky_enabled=\u00bb0&#8243;][et_pb_slide button_text=\u00bbAccede a la web\u00bb button_link=\u00bbhttps:\/\/soib.es\/es\/informacio-i-ofertes-soib-jove-qualificats-entitats-locals\/\u00bb url_new_window=\u00bbon\u00bb use_bg_overlay=\u00bboff\u00bb use_text_overlay=\u00bboff\u00bb _builder_version=\u00bb4.27.4&#8243; background_color=\u00bb#FFFFFF\u00bb background_enable_color=\u00bbon\u00bb background_image=\u00bbhttps:\/\/soib.es\/wp-content\/uploads\/2025\/08\/SOIB-Jove-Qualificats-Entitats-Locals-2025.png\u00bb background_enable_image=\u00bbon\u00bb background_size=\u00bbcontain\u00bb button_on_hover=\u00bbon\u00bb hover_enabled=\u00bb0&#8243; custom_css_main_element=\u00bbheight: 350px;\u00bb global_colors_info=\u00bb{}\u00bb sticky_transition=\u00bbon\u00bb sticky_enabled=\u00bb0&#8243;][\/et_pb_slide][et_pb_slide button_text=\u00bbAccede a la web\u00bb button_link=\u00bbhttps:\/\/soib.es\/es\/convocatoria-soib-jove-beques-dexit\/\u00bb url_new_window=\u00bbon\u00bb use_bg_overlay=\u00bboff\u00bb use_text_overlay=\u00bboff\u00bb _builder_version=\u00bb4.23.1&#8243; background_image=\u00bbhttps:\/\/soib.es\/wp-content\/uploads\/2024\/04\/Baner-web-becas-menores-de-30.png\u00bb background_enable_image=\u00bbon\u00bb button_on_hover=\u00bbon\u00bb custom_css_main_element=\u00bbheight: 350px;\u00bb global_colors_info=\u00bb{}\u00bb sticky_transition=\u00bbon\u00bb][\/et_pb_slide][et_pb_slide button_text=\u00bbAccede al buscador\u00bb button_link=\u00bbhttps:\/\/soib.es\/es\/cerca-formacio\/\u00bb use_bg_overlay=\u00bboff\u00bb use_text_overlay=\u00bboff\u00bb _builder_version=\u00bb4.27.4&#8243; background_image=\u00bbhttps:\/\/soib.es\/wp-content\/uploads\/2024\/11\/Baner-web-cast-cerca-formacio-SOIB-2024.png\u00bb background_enable_image=\u00bbon\u00bb button_on_hover=\u00bbon\u00bb custom_css_main_element=\u00bbheight: 350px;\u00bb global_colors_info=\u00bb{}\u00bb sticky_transition=\u00bbon\u00bb][\/et_pb_slide][\/et_pb_slider][et_pb_text _builder_version=\u00bb4.16&#8243; global_colors_info=\u00bb{}\u00bb]<\/p>\n<p>SOIB Jove es el programa del SOIB que engloba todos los servicios orientados a j\u00f3venes, y se gestiona a trav\u00e9s de la Garant\u00eda Juvenil, una iniciativa europea que pretende facilitar la incorporaci\u00f3n de las y los j\u00f3venes en el mercado laboral. Establece que en Espa\u00f1a las personas en edad laboral menores de 30 a\u00f1os puedan recibir una oferta de trabajo, de educaci\u00f3n o formaci\u00f3n despu\u00e9s de haber finalizado sus estudios o despu\u00e9s de haberse quedado en paro. Las Balears es una de las comunidades aut\u00f3nomas con mayor grado de desarrollo de la Garant\u00eda Juvenil, gracias al impulso decidido del programa SOIB Jove, que agrupa todos los servicios, programas y acciones dirigidas a las y los j\u00f3venes en materia de orientaci\u00f3n, intermediaci\u00f3n laboral, formaci\u00f3n profesional, educaci\u00f3n continua, empleo y emprendimiento.<\/p>\n<p>[\/et_pb_text][\/et_pb_column][et_pb_column type=\u00bb1_3&#8243; _builder_version=\u00bb4.16&#8243; custom_padding=\u00bb|||\u00bb global_colors_info=\u00bb{}\u00bb custom_padding__hover=\u00bb|||\u00bb][et_pb_blurb title=\u00bbSOIB Jove Orientaci\u00f3n\u00bb url_new_window=\u00bbon\u00bb icon_placement=\u00bbleft\u00bb disabled_on=\u00bboff|off|off\u00bb _builder_version=\u00bb4.23.1&#8243; _module_preset=\u00bbdefault\u00bb header_font=\u00bb|800|||||||\u00bb header_text_align=\u00bbleft\u00bb header_text_color=\u00bb#e01e4f\u00bb header_font_size=\u00bb16px\u00bb width=\u00bb80%\u00bb module_alignment=\u00bbleft\u00bb custom_margin=\u00bb0px||0px|-50px|false|false\u00bb custom_padding=\u00bb0px|||0px|false|false\u00bb locked=\u00bboff\u00bb global_colors_info=\u00bb{}\u00bb][\/et_pb_blurb][et_pb_button button_url=\u00bbhttps:\/\/soib.es\/es\/soib-jove-orientacio\/\u00bb url_new_window=\u00bbon\u00bb button_text=\u00bbServicio SOIB Jove Orientaci\u00f3n\u00bb disabled_on=\u00bboff|off|off\u00bb _builder_version=\u00bb4.23.1&#8243; _module_preset=\u00bbdefault\u00bb custom_button=\u00bbon\u00bb button_text_size=\u00bb14px\u00bb button_text_color=\u00bb#000000&#8243; button_bg_color=\u00bbRGBA(0,0,0,0)\u00bb button_font=\u00bb|700|||||||\u00bb button_icon=\u00bb&#xe02b;||divi||400&#8243; button_icon_color=\u00bb#e01e4f\u00bb button_icon_placement=\u00bbleft\u00bb button_on_hover=\u00bboff\u00bb custom_margin=\u00bb0px||0px|30px|false|false\u00bb locked=\u00bboff\u00bb global_colors_info=\u00bb{}\u00bb][\/et_pb_button][et_pb_button button_url=\u00bbhttps:\/\/soib.es\/es\/servei-orientacio-professional-soib-doip\/\u00bb url_new_window=\u00bbon\u00bb button_text=\u00bbSOIB \u2013 Servicio de Orientaci\u00f3n Laboral (para personas estudiantes o con titulaci\u00f3n universitaria o titulaci\u00f3n superior de formaci\u00f3n profesional)\u00bb disabled_on=\u00bboff|off|off\u00bb _builder_version=\u00bb4.23.1&#8243; _module_preset=\u00bbdefault\u00bb custom_button=\u00bbon\u00bb button_text_size=\u00bb14px\u00bb button_text_color=\u00bb#000000&#8243; button_bg_color=\u00bbRGBA(0,0,0,0)\u00bb button_font=\u00bb|700|||||||\u00bb button_icon=\u00bb&#xe02b;||divi||400&#8243; button_icon_color=\u00bb#e01e4f\u00bb button_icon_placement=\u00bbleft\u00bb button_on_hover=\u00bboff\u00bb custom_margin=\u00bb0px||0px|30px|false|false\u00bb locked=\u00bboff\u00bb global_colors_info=\u00bb{}\u00bb][\/et_pb_button][et_pb_blurb title=\u00bbSOIB Jove Ocupaci\u00f3n\u00bb url_new_window=\u00bbon\u00bb icon_placement=\u00bbleft\u00bb disabled_on=\u00bboff|off|off\u00bb _builder_version=\u00bb4.23.1&#8243; _module_preset=\u00bbdefault\u00bb header_font=\u00bb|800|||||||\u00bb header_text_align=\u00bbleft\u00bb header_text_color=\u00bb#e01e4f\u00bb header_font_size=\u00bb16px\u00bb width=\u00bb80%\u00bb module_alignment=\u00bbleft\u00bb custom_margin=\u00bb10px||0px|-50px|false|false\u00bb custom_padding=\u00bb0px|||0px|false|false\u00bb locked=\u00bboff\u00bb global_colors_info=\u00bb{}\u00bb][\/et_pb_blurb][et_pb_button button_url=\u00bbhttps:\/\/soib.es\/informacio-i-ofertes-soib-jove-qualificats-entitats-locals\/\u00bb url_new_window=\u00bbon\u00bb button_text=\u00bbSOIB Jove \u2013 Cualificados Entidades Locales\u00bb disabled_on=\u00bboff|off|off\u00bb _builder_version=\u00bb4.27.4&#8243; _module_preset=\u00bbdefault\u00bb custom_button=\u00bbon\u00bb button_text_size=\u00bb14px\u00bb button_text_color=\u00bb#000000&#8243; button_bg_color=\u00bbRGBA(0,0,0,0)\u00bb button_font=\u00bb|700|||||||\u00bb button_icon=\u00bb&#xe02b;||divi||400&#8243; button_icon_color=\u00bb#e01e4f\u00bb button_icon_placement=\u00bbleft\u00bb button_on_hover=\u00bboff\u00bb custom_margin=\u00bb0px||0px|30px|false|false\u00bb locked=\u00bboff\u00bb global_colors_info=\u00bb{}\u00bb][\/et_pb_button][et_pb_text _builder_version=\u00bb4.27.4&#8243; _module_preset=\u00bbdefault\u00bb custom_margin=\u00bb-10px||||false|false\u00bb custom_padding=\u00bb0px|||60px|false|false\u00bb locked=\u00bboff\u00bb global_colors_info=\u00bb{}\u00bb]<\/p>\n<p><strong><span style=\"color: #cb023e;\"><em>\u00a1NOVEDAD!<\/em><\/span><\/strong><\/p>\n<p>[\/et_pb_text][et_pb_button button_url=\u00bbhttps:\/\/soib.es\/es\/informacio-i-ofertes-del-programa-soib-jove-qualificats-sector-public-universitat-i-entitats-locals\/\u00bb url_new_window=\u00bbon\u00bb button_text=\u00bbSOIB Jove &#8211; Cualificados Sector P\u00fablico, Universidad y Entidades Locales\u00bb disabled_on=\u00bboff|off|off\u00bb _builder_version=\u00bb4.27.4&#8243; _module_preset=\u00bbdefault\u00bb custom_button=\u00bbon\u00bb button_text_size=\u00bb14px\u00bb button_text_color=\u00bb#000000&#8243; button_bg_color=\u00bbRGBA(0,0,0,0)\u00bb button_font=\u00bb|700|||||||\u00bb button_icon=\u00bb&#xe02b;||divi||400&#8243; button_icon_color=\u00bb#e01e4f\u00bb button_icon_placement=\u00bbleft\u00bb button_on_hover=\u00bboff\u00bb custom_margin=\u00bb-15px||0px|30px|false|false\u00bb locked=\u00bboff\u00bb global_colors_info=\u00bb{}\u00bb][\/et_pb_button][et_pb_button button_url=\u00bbhttps:\/\/soib.es\/es\/programa-soib-qualificats-primera-experiencia\/\u00bb url_new_window=\u00bbon\u00bb button_text=\u00bbSOIB Cualificados Primera Experiencia\u00bb disabled_on=\u00bboff|off|off\u00bb _builder_version=\u00bb4.23.1&#8243; _module_preset=\u00bbdefault\u00bb custom_button=\u00bbon\u00bb button_text_size=\u00bb14px\u00bb button_text_color=\u00bb#000000&#8243; button_bg_color=\u00bbRGBA(0,0,0,0)\u00bb button_font=\u00bb|700|||||||\u00bb button_icon=\u00bb&#xe02b;||divi||400&#8243; button_icon_color=\u00bb#e01e4f\u00bb button_icon_placement=\u00bbleft\u00bb button_on_hover=\u00bboff\u00bb custom_margin=\u00bb0px||0px|30px|false|false\u00bb locked=\u00bboff\u00bb global_colors_info=\u00bb{}\u00bb][\/et_pb_button][et_pb_blurb title=\u00bbSOIB Jove Formaci\u00f3n\u00bb url_new_window=\u00bbon\u00bb icon_placement=\u00bbleft\u00bb disabled_on=\u00bboff|off|off\u00bb _builder_version=\u00bb4.23.1&#8243; _module_preset=\u00bbdefault\u00bb header_font=\u00bb|800|||||||\u00bb header_text_align=\u00bbleft\u00bb header_text_color=\u00bb#e01e4f\u00bb header_font_size=\u00bb16px\u00bb width=\u00bb80%\u00bb module_alignment=\u00bbleft\u00bb custom_margin=\u00bb10px||0px|-50px|false|false\u00bb custom_padding=\u00bb0px|||0px|false|false\u00bb locked=\u00bboff\u00bb global_colors_info=\u00bb{}\u00bb][\/et_pb_blurb][et_pb_button button_url=\u00bbhttps:\/\/soib.es\/es\/soib-formacio-dual\/\u00bb url_new_window=\u00bbon\u00bb button_text=\u00bbSOIB Formaci\u00f3n Dual\u00bb disabled_on=\u00bboff|off|off\u00bb _builder_version=\u00bb4.23.1&#8243; _module_preset=\u00bbdefault\u00bb custom_button=\u00bbon\u00bb button_text_size=\u00bb14px\u00bb button_text_color=\u00bb#000000&#8243; button_bg_color=\u00bbRGBA(0,0,0,0)\u00bb button_font=\u00bb|700|||||||\u00bb button_icon=\u00bb&#xe02b;||divi||400&#8243; button_icon_color=\u00bb#e01e4f\u00bb button_icon_placement=\u00bbleft\u00bb button_on_hover=\u00bboff\u00bb custom_margin=\u00bb0px||0px|30px|false|false\u00bb locked=\u00bboff\u00bb global_colors_info=\u00bb{}\u00bb][\/et_pb_button][et_pb_button button_url=\u00bbhttps:\/\/soib.es\/es\/beques-per-a-alumnes-formacio-professional-ocupacio-financ%cc%a7ada-pel-soib\/\u00bb url_new_window=\u00bbon\u00bb button_text=\u00bbSOIB Jove Becas de \u00c9xito Educaci\u00f3n Secundaria Personas Adultas y Formaci\u00f3n Profesional\u00bb disabled_on=\u00bboff|off|off\u00bb _builder_version=\u00bb4.23.1&#8243; _module_preset=\u00bbdefault\u00bb custom_button=\u00bbon\u00bb button_text_size=\u00bb14px\u00bb button_text_color=\u00bb#000000&#8243; button_bg_color=\u00bbRGBA(0,0,0,0)\u00bb button_font=\u00bb|700|||||||\u00bb button_icon=\u00bb&#xe02b;||divi||400&#8243; button_icon_color=\u00bb#e01e4f\u00bb button_icon_placement=\u00bbleft\u00bb button_on_hover=\u00bboff\u00bb custom_margin=\u00bb0px||0px|30px|false|false\u00bb locked=\u00bboff\u00bb global_colors_info=\u00bb{}\u00bb][\/et_pb_button][et_pb_button button_url=\u00bbhttps:\/\/soib.es\/es\/convocatoria-soib-jove-beques-dexit\/\u00bb url_new_window=\u00bbon\u00bb button_text=\u00bbSOIB Jove Becas de \u00c9xito Formaci\u00f3n Profesional para el Empleo\u00bb disabled_on=\u00bboff|off|off\u00bb _builder_version=\u00bb4.23.1&#8243; _module_preset=\u00bbdefault\u00bb custom_button=\u00bbon\u00bb button_text_size=\u00bb14px\u00bb button_text_color=\u00bb#000000&#8243; button_bg_color=\u00bbRGBA(0,0,0,0)\u00bb button_font=\u00bb|700|||||||\u00bb button_icon=\u00bb&#xe02b;||divi||400&#8243; button_icon_color=\u00bb#e01e4f\u00bb button_icon_placement=\u00bbleft\u00bb button_on_hover=\u00bboff\u00bb custom_margin=\u00bb0px||0px|30px|false|false\u00bb locked=\u00bboff\u00bb global_colors_info=\u00bb{}\u00bb][\/et_pb_button][\/et_pb_column][\/et_pb_row][\/et_pb_section][et_pb_section fb_built=\u00bb1&#8243; _builder_version=\u00bb4.16&#8243; background_color=\u00bb#f4f5f4&#8243; custom_padding=\u00bb25px||50px|\u00bb global_colors_info=\u00bb{}\u00bb][et_pb_row _builder_version=\u00bb4.16&#8243; custom_padding=\u00bb10px|0px|0px|0px\u00bb global_colors_info=\u00bb{}\u00bb][et_pb_column type=\u00bb4_4&#8243; _builder_version=\u00bb4.16&#8243; custom_padding=\u00bb|||\u00bb global_colors_info=\u00bb{}\u00bb custom_padding__hover=\u00bb|||\u00bb][et_pb_text _builder_version=\u00bb4.16&#8243; global_colors_info=\u00bb{}\u00bb]<\/p>\n<h2><span style=\"color: #000000; font-size: 0.7em;\"><strong>Destacados<\/strong><\/span><\/h2>\n<p>[\/et_pb_text][et_pb_divider color=\u00bb#e01e4f\u00bb divider_weight=\u00bb2px\u00bb _builder_version=\u00bb4.16&#8243; custom_margin=\u00bb-20px|||\u00bb global_colors_info=\u00bb{}\u00bb]<\/p>\n<p>\n&nbsp;<\/p>\n<p>[\/et_pb_divider][\/et_pb_column][\/et_pb_row][et_pb_row _builder_version=\u00bb4.16&#8243; custom_margin=\u00bb|||\u00bb custom_padding=\u00bb27px|||\u00bb global_colors_info=\u00bb{}\u00bb][et_pb_column type=\u00bb4_4&#8243; _builder_version=\u00bb4.16&#8243; custom_padding=\u00bb|||\u00bb global_colors_info=\u00bb{}\u00bb custom_padding__hover=\u00bb|||\u00bb][et_pb_blog fullwidth=\u00bboff\u00bb posts_number=\u00bb6&#8243; include_categories=\u00bb223&#8243; show_more=\u00bbon\u00bb show_author=\u00bboff\u00bb show_date=\u00bboff\u00bb show_categories=\u00bboff\u00bb use_overlay=\u00bbon\u00bb hover_icon=\u00bb&#x54;||divi||400&#8243; _builder_version=\u00bb4.23.1&#8243; text_orientation=\u00bbleft\u00bb global_colors_info=\u00bb{}\u00bb]<\/p>\n<p>\n&nbsp;<\/p>\n<p>[\/et_pb_blog][\/et_pb_column][\/et_pb_row][et_pb_row _builder_version=\u00bb4.16&#8243; custom_padding=\u00bb10px|0px|0px|0px\u00bb global_colors_info=\u00bb{}\u00bb][et_pb_column type=\u00bb4_4&#8243; _builder_version=\u00bb4.16&#8243; custom_padding=\u00bb|||\u00bb global_colors_info=\u00bb{}\u00bb custom_padding__hover=\u00bb|||\u00bb][et_pb_text _builder_version=\u00bb4.16&#8243; global_colors_info=\u00bb{}\u00bb]<\/p>\n<h2><span style=\"color: #000000; font-size: 0.7em;\"><strong>V\u00eddeos<\/strong><\/span><\/h2>\n<p>[\/et_pb_text][et_pb_divider color=\u00bb#e01e4f\u00bb divider_weight=\u00bb2px\u00bb _builder_version=\u00bb4.16&#8243; custom_margin=\u00bb-20px|||\u00bb global_colors_info=\u00bb{}\u00bb]<\/p>\n<p>\n&nbsp;<\/p>\n<p>[\/et_pb_divider][\/et_pb_column][\/et_pb_row][et_pb_row column_structure=\u00bb1_3,1_3,1_3&#8243; _builder_version=\u00bb4.16&#8243; custom_margin=\u00bb|||\u00bb custom_padding=\u00bb27px|||\u00bb global_colors_info=\u00bb{}\u00bb][et_pb_column type=\u00bb1_3&#8243; _builder_version=\u00bb4.16&#8243; custom_padding=\u00bb|||\u00bb global_colors_info=\u00bb{}\u00bb custom_padding__hover=\u00bb|||\u00bb][et_pb_video src=\u00bbhttps:\/\/youtu.be\/7I4S_C2e14c\u00bb _builder_version=\u00bb4.16&#8243; global_colors_info=\u00bb{}\u00bb]<\/p>\n<p>\n&nbsp;<\/p>\n<p>[\/et_pb_video][et_pb_video src=\u00bbhttps:\/\/youtu.be\/_M_ImWRiVT0&#8243; _builder_version=\u00bb4.16&#8243; global_colors_info=\u00bb{}\u00bb]<\/p>\n<p>\n&nbsp;<\/p>\n<p>[\/et_pb_video][et_pb_video src=\u00bbhttps:\/\/youtu.be\/Z9guw6JU8Kw\u00bb _builder_version=\u00bb4.16&#8243; global_colors_info=\u00bb{}\u00bb]<\/p>\n<p>\n&nbsp;<\/p>\n<p>[\/et_pb_video][et_pb_video src=\u00bbhttps:\/\/youtu.be\/RSnK35lDuSM\u00bb _builder_version=\u00bb4.16&#8243; global_colors_info=\u00bb{}\u00bb]<\/p>\n<p>\n&nbsp;<\/p>\n<p>[\/et_pb_video][et_pb_video src=\u00bbhttps:\/\/youtu.be\/7GRXZgrtAUU\u00bb _builder_version=\u00bb4.16&#8243; global_colors_info=\u00bb{}\u00bb]<\/p>\n<p>\n&nbsp;<\/p>\n<p>[\/et_pb_video][\/et_pb_column][et_pb_column type=\u00bb1_3&#8243; _builder_version=\u00bb4.16&#8243; custom_padding=\u00bb|||\u00bb global_colors_info=\u00bb{}\u00bb custom_padding__hover=\u00bb|||\u00bb][et_pb_video src=\u00bbhttps:\/\/youtu.be\/X3EMMoIQVo8&#8243; _builder_version=\u00bb4.16&#8243; global_colors_info=\u00bb{}\u00bb]<\/p>\n<p>\n&nbsp;<\/p>\n<p>[\/et_pb_video][et_pb_video src=\u00bbhttps:\/\/youtu.be\/G8ZUDatpMVE\u00bb _builder_version=\u00bb4.16&#8243; global_colors_info=\u00bb{}\u00bb]<\/p>\n<p>\n&nbsp;<\/p>\n<p>[\/et_pb_video][et_pb_video src=\u00bbhttps:\/\/youtu.be\/QZYRagz-Vk4&#8243; _builder_version=\u00bb4.16&#8243; global_colors_info=\u00bb{}\u00bb]<\/p>\n<p>\n&nbsp;<\/p>\n<p>[\/et_pb_video][et_pb_video src=\u00bbhttps:\/\/www.youtube.com\/watch?v=NZTTBy5C0l8&#8243; _builder_version=\u00bb4.16&#8243; global_colors_info=\u00bb{}\u00bb]<\/p>\n<p>\n&nbsp;<\/p>\n<p>[\/et_pb_video][\/et_pb_column][et_pb_column type=\u00bb1_3&#8243; _builder_version=\u00bb4.16&#8243; custom_padding=\u00bb|||\u00bb global_colors_info=\u00bb{}\u00bb custom_padding__hover=\u00bb|||\u00bb][et_pb_video src=\u00bbhttps:\/\/youtu.be\/0JEEdMtomOI\u00bb _builder_version=\u00bb4.16&#8243; global_colors_info=\u00bb{}\u00bb]<\/p>\n<p>\n&nbsp;<\/p>\n<p>[\/et_pb_video][et_pb_video src=\u00bbhttps:\/\/youtu.be\/Ne9jsfLIEFU\u00bb _builder_version=\u00bb4.16&#8243; global_colors_info=\u00bb{}\u00bb]<\/p>\n<p>\n&nbsp;<\/p>\n<p>[\/et_pb_video][et_pb_video src=\u00bbhttps:\/\/youtu.be\/AL6GqpgdsHA\u00bb _builder_version=\u00bb4.16&#8243; global_colors_info=\u00bb{}\u00bb]<\/p>\n<p>\n&nbsp;<\/p>\n<p>[\/et_pb_video][et_pb_video src=\u00bbhttps:\/\/youtu.be\/DuWnwZwDf3k\u00bb _builder_version=\u00bb4.16&#8243; global_colors_info=\u00bb{}\u00bb]<\/p>\n<p>\n&nbsp;<\/p>\n<p>[\/et_pb_video][et_pb_video src=\u00bbhttps:\/\/youtu.be\/jy99TUpnaWQ\u00bb disabled_on=\u00bbon|on|on\u00bb _builder_version=\u00bb4.16&#8243; disabled=\u00bbon\u00bb global_colors_info=\u00bb{}\u00bb]<\/p>\n<p>\n&nbsp;<\/p>\n<p>[\/et_pb_video][\/et_pb_column][\/et_pb_row][\/et_pb_section][et_pb_section fb_built=\u00bb1&#8243; disabled_on=\u00bboff|off|off\u00bb _builder_version=\u00bb4.6.6&#8243; background_color=\u00bb#f4f5f4&#8243; height=\u00bb5px\u00bb custom_padding=\u00bb0px||0px||false|false\u00bb global_module=\u00bb7644&#8243; saved_tabs=\u00bball\u00bb global_colors_info=\u00bb{}\u00bb][\/et_pb_section][et_pb_section fb_built=\u00bb1&#8243; disabled_on=\u00bboff|off|off\u00bb _builder_version=\u00bb4.9.4&#8243; background_color=\u00bb#f4f5f4&#8243; height=\u00bb5px\u00bb custom_padding=\u00bb0px||0px||false|false\u00bb global_module=\u00bb7646&#8243; saved_tabs=\u00bball\u00bb global_colors_info=\u00bb{}\u00bb][\/et_pb_section][et_pb_section fb_built=\u00bb1&#8243; disabled_on=\u00bboff|off|off\u00bb _builder_version=\u00bb4.16&#8243; background_color=\u00bb#f4f5f4&#8243; height=\u00bb5px\u00bb custom_padding=\u00bb0px||0px||false|false\u00bb saved_tabs=\u00bball\u00bb global_colors_info=\u00bb{}\u00bb][\/et_pb_section]<\/p>\n","protected":false},"excerpt":{"rendered":"<p>SOIB Jove es el programa del SOIB que engloba todos los servicios orientados a j\u00f3venes, y se gestiona a trav\u00e9s de la Garant\u00eda Juvenil, una iniciativa europea que pretende facilitar la incorporaci\u00f3n de las y los j\u00f3venes en el mercado laboral. Establece que en Espa\u00f1a las personas en edad laboral menores de 30 a\u00f1os puedan [&hellip;]<\/p>\n","protected":false},"author":13,"featured_media":0,"parent":0,"menu_order":0,"comment_status":"closed","ping_status":"closed","template":"","meta":{"_et_pb_use_builder":"on","_et_pb_old_content":"","_et_gb_content_width":"","footnotes":"","_links_to":"","_links_to_target":""},"class_list":["post-8380","page","type-page","status-publish","hentry"],"publishpress_future_action":{"enabled":false,"date":"2026-04-25 15:08:55","action":"change-status","newStatus":"draft","terms":[],"taxonomy":"translation_priority","extraData":[]},"publishpress_future_workflow_manual_trigger":{"enabledWorkflows":[]},"_links":{"self":[{"href":"https:\/\/soib.es\/es\/wp-json\/wp\/v2\/pages\/8380","targetHints":{"allow":["GET"]}}],"collection":[{"href":"https:\/\/soib.es\/es\/wp-json\/wp\/v2\/pages"}],"about":[{"href":"https:\/\/soib.es\/es\/wp-json\/wp\/v2\/types\/page"}],"author":[{"embeddable":true,"href":"https:\/\/soib.es\/es\/wp-json\/wp\/v2\/users\/13"}],"replies":[{"embeddable":true,"href":"https:\/\/soib.es\/es\/wp-json\/wp\/v2\/comments?post=8380"}],"version-history":[{"count":0,"href":"https:\/\/soib.es\/es\/wp-json\/wp\/v2\/pages\/8380\/revisions"}],"wp:attachment":[{"href":"https:\/\/soib.es\/es\/wp-json\/wp\/v2\/media?parent=8380"}],"curies":[{"name":"wp","href":"https:\/\/api.w.org\/{rel}","templated":true}]}}