{"id":8294,"date":"2018-09-12T12:32:30","date_gmt":"2018-09-12T10:32:30","guid":{"rendered":"https:\/\/soib.es\/proces-de-seleccio-per-treballar-a-austria-en-el-sector-dhostaleria-temporada-dhivern-2018-2019\/"},"modified":"2018-09-12T13:55:03","modified_gmt":"2018-09-12T11:55:03","slug":"proces-de-seleccio-per-treballar-a-austria-en-el-sector-dhostaleria-temporada-dhivern-2018-2019","status":"publish","type":"page","link":"https:\/\/soib.es\/es\/proces-de-seleccio-per-treballar-a-austria-en-el-sector-dhostaleria-temporada-dhivern-2018-2019\/","title":{"rendered":"Proceso de selecci\u00f3n para trabajar en Austria en el sector de Hosteler\u00eda (temporada de invierno 2018-2019)"},"content":{"rendered":"<p>[et_pb_section bb_built=\u00bb1&#8243; next_background_color=\u00bb#f4f4f4&#8243;][et_pb_row][\/et_pb_row][\/et_pb_section][et_pb_section bb_built=\u00bb1&#8243; _builder_version=\u00bb3.0.99&#8243; background_color=\u00bb#f4f4f4&#8243; custom_padding=\u00bb25px||25px|\u00bb prev_background_color=\u00bb#ffffff\u00bb next_background_color=\u00bb#ffffff\u00bb][et_pb_row _builder_version=\u00bb3.0.99&#8243;][et_pb_column type=\u00bb4_4&#8243;][et_pb_text _builder_version=\u00bb3.9&#8243;]<\/p>\n<h1><img decoding=\"async\" class=\"aligncenter\" src=\"https:\/\/soib.es\/wp-content\/uploads\/2018\/09\/Convocatoria-austria-web_banner-web.jpg\" \/><\/h1>\n<h1 style=\"text-align: center;\"><strong>Convocatoria hosteler\u00eda Austria 2018-2019<\/strong><\/h1>\n<p>[\/et_pb_text][\/et_pb_column][\/et_pb_row][\/et_pb_section][et_pb_section bb_built=\u00bb1&#8243; _builder_version=\u00bb3.0.47&#8243; custom_padding=\u00bb25px|0px|54px|0px\u00bb prev_background_color=\u00bb#f4f4f4&#8243; next_background_color=\u00bb#df1f4f\u00bb][et_pb_row _builder_version=\u00bb3.0.99&#8243;][et_pb_column type=\u00bb4_4&#8243;][et_pb_text _builder_version=\u00bb3.9&#8243;]<\/p>\n<p>Si est\u00e1s interesado o interesada en trabajar durante la temporada de invierno 2018-2019 en Austria, el Servicio de Empleo Austr\u00edaco (AMS), nos visitar\u00e1 en Palma el <strong>8 de noviembre 2018<\/strong> para informar y hacer entrevistas de selecci\u00f3n de personal.<\/p>\n<p>Consulta el programa de la jornada y el detalle de los puestos y condiciones laborales en los documentos adjuntos.<\/p>\n<p><a href='https:\/\/soib.es\/wp-content\/uploads\/2018\/09\/Programa-Austria-web-SOIB-CAS-2018-11.pdf' class='big-button bigsilver' target=\"_blank\">Programa jornada de selecci\u00f3n Austria 2018-2019<\/a><a href='https:\/\/soib.es\/wp-content\/uploads\/2018\/09\/Puestos-y-condiciones-laborales-2018-2019-CAS1.pdf' class='big-button bigsilver' target=\"_blank\">Puestos y condiciones de trabajo Austria 2018-2019<\/a><\/p>\n<p>Si est\u00e1s interesado o interesada, debes enviar tu curr\u00edculum en alem\u00e1n y\/o ingl\u00e9s a eures@soib.caib.es e indicar en el\u00a0 asunto \u201cAustria 2019\u201d <strong>antes del 31 de octubre 2018<\/strong>.<\/p>\n<p>[\/et_pb_text][\/et_pb_column][\/et_pb_row][\/et_pb_section][et_pb_section bb_built=\u00bb1&#8243; background_color=\u00bb#df1f4f\u00bb disabled_on=\u00bboff|off|off\u00bb _builder_version=\u00bb3.0.99&#8243; custom_padding=\u00bb54px|0px|0px|0px\u00bb prev_background_color=\u00bb#ffffff\u00bb next_background_color=\u00bb#000000&#8243;][et_pb_row custom_padding=\u00bb0px|0px|27px|0px\u00bb custom_css_main_2=\u00bbmargin-left: -20%;\u00bb custom_css_main_3=\u00bbmargin-left: 32px;\u00bb custom_css_main_4=\u00bbmargin-left: 100px;\u00bb _builder_version=\u00bb3.0.99&#8243; disabled_on=\u00bbon|on|off\u00bb][et_pb_column type=\u00bb1_4&#8243;][et_pb_blurb url=\u00bbhttps:\/\/twitter.com\/soibinfo?lang=es\u00bb use_icon=\u00bbon\u00bb font_icon=\u00bb%%292%%\u00bb icon_color=\u00bb#df1f4f\u00bb use_circle=\u00bbon\u00bb icon_placement=\u00bbleft\u00bb use_icon_font_size=\u00bbon\u00bb _builder_version=\u00bb3.0.82&#8243; animation=\u00bboff\u00bb]<\/p>\n<p>&nbsp;<\/p>\n<p>[\/et_pb_blurb][\/et_pb_column][et_pb_column type=\u00bb1_4&#8243;][et_pb_blurb url=\u00bbhttps:\/\/www.facebook.com\/SOIBINFO\/\u00bb use_icon=\u00bbon\u00bb font_icon=\u00bb%%291%%\u00bb icon_color=\u00bb#df1f4f\u00bb use_circle=\u00bbon\u00bb icon_placement=\u00bbleft\u00bb _builder_version=\u00bb3.0.82&#8243; animation=\u00bboff\u00bb]<\/p>\n<p>&nbsp;<\/p>\n<p>[\/et_pb_blurb][\/et_pb_column][et_pb_column type=\u00bb1_4&#8243;][et_pb_image src=\u00bbhttps:\/\/soib.es\/wp-content\/uploads\/2017\/10\/ue3.gif\u00bb _builder_version=\u00bb3.0.82&#8243; module_alignment=\u00bbleft\u00bb]<\/p>\n<p>&nbsp;<\/p>\n<p>[\/et_pb_image][\/et_pb_column][et_pb_column type=\u00bb1_4&#8243;][et_pb_text _builder_version=\u00bb3.0.82&#8243; custom_css_main_element=\u00bbwidth: 150%;\u00bb]<\/p>\n<p style=\"color: #fff; text-align: right;\">Servei d&#8217;Ocupaci\u00f3 de les Illes Balears (SOIB):<\/p>\n<p style=\"color: #fff; text-align: right;\">Cam\u00ed vell de Bunyola, 43, 1\u00ba &#8211; Edifici rotonda Asima<\/p>\n<p style=\"color: #fff; text-align: right;\">Pol\u00edgon de son Castell\u00f3 &#8211; 07009 Palma<\/p>\n<p style=\"color: #fff; text-align: right;\">Tel\u00e8fon <a style=\"color: #fff;\" href=\"tel:+34971784991\">971784991<\/a> &#8211; Fax 971784942<\/p>\n<p>[\/et_pb_text][\/et_pb_column][\/et_pb_row][et_pb_row custom_padding=\u00bb0px|0px|27px|0px\u00bb custom_css_main_2=\u00bbmargin-left: -225px;\u00bb custom_css_main_3=\u00bbmargin-left: 32px;\u00bb custom_css_main_4=\u00bbmargin-left: 100px;\u00bb _builder_version=\u00bb3.0.99&#8243; disabled_on=\u00bbon|off|on\u00bb][et_pb_column type=\u00bb4_4&#8243;][et_pb_text _builder_version=\u00bb3.0.82&#8243; custom_css_main_element=\u00bbwidth: 150%;\u00bb]<\/p>\n<p style=\"color: #fff;\">Servei d&#8217;Ocupaci\u00f3 de les Illes Balears (SOIB):<\/p>\n<p style=\"color: #fff;\">Cam\u00ed vell de Bunyola, 43, 1\u00ba &#8211; Edifici rotonda Asima<\/p>\n<p style=\"color: #fff;\">Pol\u00edgon de son Castell\u00f3 &#8211; 07009 Palma<\/p>\n<p style=\"color: #fff;\">Tel\u00e8fon <a style=\"color: #fff;\" href=\"tel:+34971784991\">971784991<\/a> &#8211; Fax 971784942<\/p>\n<p>[\/et_pb_text][et_pb_image src=\u00bbhttps:\/\/soib.es\/wp-content\/uploads\/2017\/10\/ue3.gif\u00bb _builder_version=\u00bb3.0.82&#8243; max_width=\u00bb50%\u00bb module_alignment=\u00bbcenter\u00bb]<\/p>\n<p>&nbsp;<\/p>\n<p>[\/et_pb_image][et_pb_blurb url=\u00bbhttps:\/\/twitter.com\/soibinfo?lang=es\u00bb use_icon=\u00bbon\u00bb font_icon=\u00bb%%292%%\u00bb icon_color=\u00bb#df1f4f\u00bb use_circle=\u00bbon\u00bb icon_placement=\u00bbleft\u00bb use_icon_font_size=\u00bbon\u00bb _builder_version=\u00bb3.0.82&#8243; animation=\u00bboff\u00bb custom_css_main_element=\u00bbfloat: right;\u00bb]<\/p>\n<p>&nbsp;<\/p>\n<p>[\/et_pb_blurb][et_pb_blurb url=\u00bbhttps:\/\/www.facebook.com\/SOIBINFO\/\u00bb use_icon=\u00bbon\u00bb font_icon=\u00bb%%291%%\u00bb icon_color=\u00bb#df1f4f\u00bb use_circle=\u00bbon\u00bb icon_placement=\u00bbleft\u00bb _builder_version=\u00bb3.0.82&#8243; animation=\u00bboff\u00bb]<\/p>\n<p>&nbsp;<\/p>\n<p>[\/et_pb_blurb][\/et_pb_column][\/et_pb_row][\/et_pb_section][et_pb_section bb_built=\u00bb1&#8243; background_color=\u00bb#df1f4f\u00bb disabled_on=\u00bboff|on|on\u00bb _builder_version=\u00bb3.0.82&#8243; prev_background_color=\u00bb#000000&#8243;][et_pb_row custom_padding=\u00bb15px|0px|0px|0px\u00bb _builder_version=\u00bb3.0.99&#8243; disabled_on=\u00bboff|on|on\u00bb][et_pb_column type=\u00bb4_4&#8243;][et_pb_text _builder_version=\u00bb3.0.82&#8243;]<\/p>\n<p style=\"color: #fff;\">Servei d&#8217;Ocupaci\u00f3 de les Illes Balears (SOIB):<\/p>\n<p style=\"color: #fff;\">Cam\u00ed Vell de Bunyola, 43, 1\u00aa &#8211; edifici rotonda Asima<\/p>\n<p style=\"color: #fff;\">Pol\u00edgon de son Castell\u00f3 &#8211; 07009 Palma<\/p>\n<p style=\"color: #fff;\">Tel\u00e8fon 971784991 &#8211; Fax 971784942<\/p>\n<p>[\/et_pb_text][\/et_pb_column][\/et_pb_row][et_pb_row custom_padding=\u00bb15px|0px|0px|0px\u00bb _builder_version=\u00bb3.0.99&#8243; disabled_on=\u00bboff|on|on\u00bb][et_pb_column type=\u00bb4_4&#8243;][et_pb_image src=\u00bbhttps:\/\/soib.es\/wp-content\/uploads\/2017\/10\/ue3.gif\u00bb _builder_version=\u00bb3.0.82&#8243; max_width=\u00bb50%\u00bb]<\/p>\n<p>&nbsp;<\/p>\n<p>[\/et_pb_image][\/et_pb_column][\/et_pb_row][et_pb_row custom_padding=\u00bb0px|0px|0px|0px\u00bb _builder_version=\u00bb3.0.82&#8243;][et_pb_column type=\u00bb4_4&#8243;][et_pb_blurb url=\u00bbhttps:\/\/www.facebook.com\/SOIBINFO\/\u00bb use_icon=\u00bbon\u00bb font_icon=\u00bb%%291%%\u00bb icon_color=\u00bb#df1f4f\u00bb use_circle=\u00bbon\u00bb icon_placement=\u00bbleft\u00bb _builder_version=\u00bb3.0.82&#8243; animation=\u00bboff\u00bb]<\/p>\n<p>&nbsp;<\/p>\n<p>[\/et_pb_blurb][et_pb_blurb url=\u00bbhttps:\/\/twitter.com\/soibinfo?lang=es\u00bb use_icon=\u00bbon\u00bb font_icon=\u00bb%%292%%\u00bb icon_color=\u00bb#df1f4f\u00bb use_circle=\u00bbon\u00bb icon_placement=\u00bbleft\u00bb _builder_version=\u00bb3.0.82&#8243; animation=\u00bboff\u00bb]<\/p>\n<p>&nbsp;<\/p>\n<p>[\/et_pb_blurb][\/et_pb_column][\/et_pb_row][\/et_pb_section]<\/p>\n","protected":false},"excerpt":{"rendered":"<p><div class=\"et_pb_row et_pb_row_0 et_pb_row_empty\">\n\t\t\t\t\n\t\t\t\t\n\t\t\t\t\n\t\t\t\t\n\t\t\t\t\n\t\t\t<\/div> Convocatoria hosteler\u00eda Austria 2018-2019 Si est\u00e1s interesado o interesada en trabajar durante la temporada de invierno 2018-2019 en Austria, el Servicio de Empleo Austr\u00edaco (AMS), nos visitar\u00e1 en Palma el 8 de noviembre 2018 para informar y hacer entrevistas de selecci\u00f3n de personal. Consulta el programa de la jornada y el detalle de los [&hellip;]<\/p>\n","protected":false},"author":13,"featured_media":0,"parent":0,"menu_order":0,"comment_status":"closed","ping_status":"closed","template":"","meta":{"_et_pb_use_builder":"on","_et_pb_old_content":"","_et_gb_content_width":"","footnotes":"","_links_to":"","_links_to_target":""},"class_list":["post-8294","page","type-page","status-publish","hentry"],"publishpress_future_action":{"enabled":false,"date":"2026-05-09 20:32:49","action":"change-status","newStatus":"draft","terms":[],"taxonomy":"translation_priority","extraData":[]},"publishpress_future_workflow_manual_trigger":{"enabledWorkflows":[]},"_links":{"self":[{"href":"https:\/\/soib.es\/es\/wp-json\/wp\/v2\/pages\/8294","targetHints":{"allow":["GET"]}}],"collection":[{"href":"https:\/\/soib.es\/es\/wp-json\/wp\/v2\/pages"}],"about":[{"href":"https:\/\/soib.es\/es\/wp-json\/wp\/v2\/types\/page"}],"author":[{"embeddable":true,"href":"https:\/\/soib.es\/es\/wp-json\/wp\/v2\/users\/13"}],"replies":[{"embeddable":true,"href":"https:\/\/soib.es\/es\/wp-json\/wp\/v2\/comments?post=8294"}],"version-history":[{"count":0,"href":"https:\/\/soib.es\/es\/wp-json\/wp\/v2\/pages\/8294\/revisions"}],"wp:attachment":[{"href":"https:\/\/soib.es\/es\/wp-json\/wp\/v2\/media?parent=8294"}],"curies":[{"name":"wp","href":"https:\/\/api.w.org\/{rel}","templated":true}]}}