{"id":8256,"date":"2018-09-11T10:14:03","date_gmt":"2018-09-11T08:14:03","guid":{"rendered":"https:\/\/soib.es\/convocatoria-soib-dual-sectors-estrategics-2016\/"},"modified":"2018-09-11T10:50:51","modified_gmt":"2018-09-11T08:50:51","slug":"convocatoria-soib-dual-sectors-estrategics-2016","status":"publish","type":"page","link":"https:\/\/soib.es\/es\/convocatoria-soib-dual-sectors-estrategics-2016\/","title":{"rendered":"Convocatoria SOIB Dual sectores estrat\u00e9gicos 2016"},"content":{"rendered":"<p>[et_pb_section bb_built=\u00bb1&#8243; _builder_version=\u00bb3.0.47&#8243;][et_pb_row _builder_version=\u00bb3.0.48&#8243; background_size=\u00bbinitial\u00bb background_position=\u00bbtop_left\u00bb background_repeat=\u00bbrepeat\u00bb][et_pb_column type=\u00bb4_4&#8243;][et_pb_text _builder_version=\u00bb3.9&#8243; background_size=\u00bbinitial\u00bb background_position=\u00bbtop_left\u00bb background_repeat=\u00bbrepeat\u00bb]<\/p>\n<p>El SOIB Jove abre una convocatoria para impulsar la formaci\u00f3n dual, llevar la formaci\u00f3n a las empresas y contribuir as\u00ed a mejorar nuestro sistema econ\u00f3mico y diversificar la actividad hacia las empresas que tienen capacidad de crecimiento y de expansi\u00f3n con un doble objetivo: mejorar el capital humano de las empresas, y reforzar la competitividad y productividad, y ofrecer un contrato a los desempleados mientras se forman en un oficio de futuro.<br \/>\nEl programa se enmarca dentro de la Estrategia de Formaci\u00f3n Profesional para el Empleo que acordaron el SOIB, la Consejer\u00eda de Trabajo Comercio e Industria y la Consejer\u00eda de Educaci\u00f3n y Universidad para mejorar las capacidades de las personas en formaci\u00f3n.<br \/>\nEl SOIB Jove est\u00e1 conformado por un conjunto de pol\u00edticas de ocupaci\u00f3n y otros servicios dirigidos a uno de los colectivos que m\u00e1s dificultades tienen para insertarse en el mercado laboral.<\/p>\n<p>[\/et_pb_text][\/et_pb_column][\/et_pb_row][et_pb_row _builder_version=\u00bb3.9&#8243; background_size=\u00bbinitial\u00bb background_position=\u00bbtop_left\u00bb background_repeat=\u00bbrepeat\u00bb module_alignment=\u00bbleft\u00bb][et_pb_column type=\u00bb4_4&#8243;][et_pb_blurb title=\u00bbDocumentos adjuntos\u00bb use_icon=\u00bbon\u00bb font_icon=\u00bb%%32%%\u00bb icon_color=\u00bb#e01f4e\u00bb icon_placement=\u00bbleft\u00bb use_icon_font_size=\u00bbon\u00bb icon_font_size=\u00bb25px\u00bb _builder_version=\u00bb3.9&#8243;]<\/p>\n<p><a href=\"https:\/\/soib.es\/wp-content\/uploads\/2018\/09\/Programa-de-Formaci\u00f3-Dual-a-Sectors-Estrat\u00e8gics.pdf\" target=\"_blank\" rel=\"noopener\"><strong>Programa Formaci\u00f3n Dual<\/strong><\/a><br \/>\n<a href=\"https:\/\/soib.es\/wp-content\/uploads\/2018\/09\/Resoluci\u00f3-convocat\u00f2ria-dual-sectors-CAT.pdf\" target=\"_blank\" rel=\"noopener\"><strong>Resoluci\u00f3n de 15 de diciembre de 2016 convocatoria dual sectores<\/strong><\/a><br \/>\n<a href=\"https:\/\/soib.es\/wp-content\/uploads\/2018\/09\/Conveni-empresa-centre-de-formaci\u00f3.doc\" target=\"_blank\" rel=\"noopener\"><strong>Convenio empresa-centro de formaci\u00f3n<\/strong><\/a><br \/>\n<a href=\"https:\/\/soib.es\/wp-content\/uploads\/2018\/09\/Annex-3-Declaraci\u00f3-responsable.doc\" target=\"_blank\" rel=\"noopener\"><strong>Anexo 3. Declaraci\u00f3n responsable<\/strong><\/a><br \/>\n<a href=\"https:\/\/soib.es\/wp-content\/uploads\/2018\/09\/Annex-4-Documentaci\u00f3-en-poder-de-lAdministraci\u00f3.doc\" target=\"_blank\" rel=\"noopener\"><strong>Anexo 4. Documentaci\u00f3n en poder de la administraci\u00f3n<\/strong><\/a><br \/>\n<a href=\"https:\/\/soib.es\/wp-content\/upl\" target=\"_blank\" rel=\"noopener\"><strong>Solicitud subvenci\u00f3n<\/strong><\/a><br \/>\n<a href=\"https:\/\/soib.es\/wp-content\/uploads\/2018\/09\/Sol\u00b7licitud-Projectes-sectors-estrat\u00e8gics.doc\" target=\"_blank\" rel=\"noopener\"><strong>Solicitud proyectos sectores estrat\u00e9gicos<\/strong><\/a><br \/>\n<a href=\"https:\/\/soib.es\/wp-content\/uploads\/2018\/09\/ACTA-DAVALUACI\u00d3-FINAL-FC.doc\" target=\"_blank\" rel=\"noopener\"><strong>Acta de evaluaci\u00f3n final FC<\/strong><\/a><br \/>\n<a href=\"https:\/\/soib.es\/wp-content\/uploads\/2018\/09\/FULL-DE-CONTROL-DASSIST\u00c8NCIA-DI\u00c0RIA-DELS-ALUMNES.odt\" target=\"_blank\" rel=\"noopener\"><strong>Hoja de control de asistencia diaria del alumnado<\/strong><\/a><br \/>\n<a href=\"https:\/\/soib.es\/wp-content\/uploads\/2018\/09\/MEMORIA-PEDAG\u00d2GICA.doc\" target=\"_blank\" rel=\"noopener\"><strong>Memoria pedag\u00f3gica<\/strong><\/a><br \/>\n<a href=\"https:\/\/soib.es\/wp-content\/uploads\/2018\/09\/PROTOCOL-DE-GESTI\u00d3-PLATAFORMA-DUAL-SECTORES.pdf\" target=\"_blank\" rel=\"noopener\"><strong>Protocolo de gesti\u00f3n plataforma dual sectores<\/strong><\/a><br \/>\n<a href=\"https:\/\/soib.es\/wp-content\/uploads\/2018\/09\/Dual-estrat\u00e8gics-16-despeses-de-FORMACI\u00d3.xltx\" target=\"_blank\" rel=\"noopener\"><strong>Documentaci\u00f3n para la justificaci\u00f3n de gastos de formaci\u00f3n<\/strong><\/a><br \/>\n<a href=\"https:\/\/soib.es\/wp-content\/uploads\/2018\/09\/Dual-estrat\u00e8gics-16-despeses-LABORALS-centres.xltx\" target=\"_blank\" rel=\"noopener\"><strong>Documentaci\u00f3n para la justificaci\u00f3n de gastos laborales<\/strong><\/a><\/p>\n<p>[\/et_pb_blurb][\/et_pb_column][\/et_pb_row][\/et_pb_section]<\/p>\n","protected":false},"excerpt":{"rendered":"<p>El SOIB Jove abre una convocatoria para impulsar la formaci\u00f3n dual, llevar la formaci\u00f3n a las empresas y contribuir as\u00ed a mejorar nuestro sistema econ\u00f3mico y diversificar la actividad hacia las empresas que tienen capacidad de crecimiento y de expansi\u00f3n con un doble objetivo: mejorar el capital humano de las empresas, y reforzar la competitividad [&hellip;]<\/p>\n","protected":false},"author":13,"featured_media":0,"parent":0,"menu_order":0,"comment_status":"closed","ping_status":"closed","template":"","meta":{"_et_pb_use_builder":"on","_et_pb_old_content":"<p>El SOIB Jove obre una convocat\u00f2ria per impulsar la formaci\u00f3 dual, dur la formaci\u00f3 a les empreses i contribuir aix\u00ed a millorar el nostre sistema econ\u00f2mic i diversificar l\u2019activitat cap a les empreses que tenen capacitat de creixement i d\u2019expansi\u00f3 amb un doble objectiu: millorar el capital hum\u00e0 de les empreses, i refor\u00e7ar-ne la competitivitat i productivitat, i oferir un contracte als desocupats mentre es formen en un ofici de futur.<\/p><p>El programa s\u2019emmarca dins l\u2019Estrat\u00e8gia de Formaci\u00f3 Professional per a l\u2019Ocupaci\u00f3 que acordaren el SOIB, la Conselleria de Treball Comer\u00e7 i Ind\u00fastria i la Conselleria d\u2019Educaci\u00f3 i Universitat per millorar les capacitats de les persones en formaci\u00f3.<\/p><p>El SOIB Jove est\u00e0 conformat per un conjunt de pol\u00edtiques d\u2019ocupaci\u00f3 i altres serveis adre\u00e7ats a un dels col\u00b7lectius que m\u00e9s dificultats tenen per inserir-se en el mercat laboral.<\/p>","_et_gb_content_width":"","footnotes":"","_links_to":"","_links_to_target":""},"class_list":["post-8256","page","type-page","status-publish","hentry"],"publishpress_future_action":{"enabled":false,"date":"2026-04-22 00:15:55","action":"change-status","newStatus":"draft","terms":[],"taxonomy":"translation_priority","extraData":[]},"publishpress_future_workflow_manual_trigger":{"enabledWorkflows":[]},"_links":{"self":[{"href":"https:\/\/soib.es\/es\/wp-json\/wp\/v2\/pages\/8256","targetHints":{"allow":["GET"]}}],"collection":[{"href":"https:\/\/soib.es\/es\/wp-json\/wp\/v2\/pages"}],"about":[{"href":"https:\/\/soib.es\/es\/wp-json\/wp\/v2\/types\/page"}],"author":[{"embeddable":true,"href":"https:\/\/soib.es\/es\/wp-json\/wp\/v2\/users\/13"}],"replies":[{"embeddable":true,"href":"https:\/\/soib.es\/es\/wp-json\/wp\/v2\/comments?post=8256"}],"version-history":[{"count":0,"href":"https:\/\/soib.es\/es\/wp-json\/wp\/v2\/pages\/8256\/revisions"}],"wp:attachment":[{"href":"https:\/\/soib.es\/es\/wp-json\/wp\/v2\/media?parent=8256"}],"curies":[{"name":"wp","href":"https:\/\/api.w.org\/{rel}","templated":true}]}}