{"id":8178,"date":"2018-09-05T13:41:09","date_gmt":"2018-09-05T11:41:09","guid":{"rendered":"https:\/\/soib.es\/avaluacio-de-programes-i-serveis\/"},"modified":"2025-11-20T13:31:45","modified_gmt":"2025-11-20T12:31:45","slug":"avaluacio-de-programes-i-serveis","status":"publish","type":"page","link":"https:\/\/soib.es\/es\/avaluacio-de-programes-i-serveis\/","title":{"rendered":"Evaluaci\u00f3n de programas y servicios"},"content":{"rendered":"<p>[et_pb_section fb_built=\u00bb1&#8243; _builder_version=\u00bb4.16&#8243; background_color=\u00bb#f7f7f7&#8243; custom_padding=\u00bb25px|0px|25px|0px\u00bb global_colors_info=\u00bb{}\u00bb][et_pb_row _builder_version=\u00bb4.16&#8243; global_colors_info=\u00bb{}\u00bb][et_pb_column type=\u00bb4_4&#8243; _builder_version=\u00bb4.16&#8243; custom_padding=\u00bb|||\u00bb global_colors_info=\u00bb{}\u00bb custom_padding__hover=\u00bb|||\u00bb][et_pb_text _builder_version=\u00bb4.27.4&#8243; hover_enabled=\u00bb0&#8243; global_colors_info=\u00bb{}\u00bb sticky_enabled=\u00bb0&#8243;]<\/p>\n<h1><strong>Evaluaci\u00f3n de programas y servicios<\/strong><\/h1>\n<p>[\/et_pb_text][\/et_pb_column][\/et_pb_row][\/et_pb_section][et_pb_section fb_built=\u00bb1&#8243; _builder_version=\u00bb4.16&#8243; custom_padding=\u00bb25px|0px|54px|0px\u00bb global_colors_info=\u00bb{}\u00bb][et_pb_row _builder_version=\u00bb4.16&#8243; global_colors_info=\u00bb{}\u00bb][et_pb_column type=\u00bb4_4&#8243; _builder_version=\u00bb4.16&#8243; custom_padding=\u00bb|||\u00bb global_colors_info=\u00bb{}\u00bb custom_padding__hover=\u00bb|||\u00bb][et_pb_text _builder_version=\u00bb4.27.4&#8243; hover_enabled=\u00bb0&#8243; global_colors_info=\u00bb{}\u00bb sticky_enabled=\u00bb0&#8243;]La Ley 3\/2023, de 28 de febrero, de Empleo, y la Ley 27\/2022, de 20 de diciembre, de institucionalizaci\u00f3n de la evaluaci\u00f3n de pol\u00edticas p\u00fablicas, establecen la obligaci\u00f3n de integrar la evaluaci\u00f3n en todas las fases de las pol\u00edticas activas de empleo. Este marco refuerza la necesidad de conocer la eficacia, la eficiencia y el impacto real de los programas y servicios que se ofrecen a la ciudadan\u00eda.<\/p>\n<p>En el \u00e1mbito estatal, la Estrategia Espa\u00f1ola de Apoyo Activo al Empleo 2025\u20132028 impulsa el uso sistem\u00e1tico de evaluaciones, incluidas las evaluaciones de impacto, para analizar c\u00f3mo las pol\u00edticas activas de empleo mejoran la empleabilidad y la inserci\u00f3n laboral de las personas participantes.<\/p>\n<p>En las Illes Balears, el SOIB, en coordinaci\u00f3n con las direcciones generales competentes en materia de empleo, trabajo y econom\u00eda social, desarrolla evaluaciones de programas y servicios con el objetivo de mejorar la calidad de las intervenciones, orientar la toma de decisiones y garantizar la rendici\u00f3n de cuentas. Estas evaluaciones incluyen:<\/p>\n<ul>\n<li>Evaluaciones de impacto, para medir los efectos reales de las pol\u00edticas sobre el empleo y la trayectoria laboral de las personas participantes.<\/li>\n<li>Evaluaciones de proceso y de resultados, para analizar el funcionamiento, la ejecuci\u00f3n y el alcance de los programas.<\/li>\n<li>Estudios descriptivos y anal\u00edticos sobre colectivos, sectores y necesidades del mercado de trabajo.<\/li>\n<\/ul>\n<p>Este conjunto de herramientas permite al SOIB avanzar hacia una gesti\u00f3n basada en evidencias, orientada a la mejora continua y a la eficacia de las pol\u00edticas activas de empleo en las Illes Balears.[\/et_pb_text][\/et_pb_column][\/et_pb_row][et_pb_row _builder_version=\u00bb4.16&#8243; global_colors_info=\u00bb{}\u00bb locked=\u00bboff\u00bb][et_pb_column type=\u00bb4_4&#8243; _builder_version=\u00bb4.16&#8243; custom_padding=\u00bb|||\u00bb global_colors_info=\u00bb{}\u00bb custom_padding__hover=\u00bb|||\u00bb][et_pb_toggle title=\u00bbInformes de evaluaci\u00f3n de programas\u00bb open_toggle_text_color=\u00bb#878786&#8243; closed_toggle_text_color=\u00bb#cb023e\u00bb icon_color=\u00bb#cb023e\u00bb open_icon_color=\u00bb#cb023e\u00bb _builder_version=\u00bb4.27.4&#8243; _module_preset=\u00bbdefault\u00bb title_font=\u00bb|700|||||||\u00bb closed_title_font=\u00bb|700|||||||\u00bb hover_enabled=\u00bb0&#8243; global_colors_info=\u00bb{}\u00bb sticky_enabled=\u00bb0&#8243;]<span style=\"color: #cb023e;\"><a style=\"color: #cb023e;\" href=\"https:\/\/soib.es\/wp-content\/uploads\/2024\/07\/Informe_Projectes-territorials-26.06.24.es_.pdf\" target=\"_blank\" rel=\"noopener noreferrer\"><img loading=\"lazy\" decoding=\"async\" class=\"wp-image-23148 alignnone \" src=\"https:\/\/soib.es\/wp-content\/uploads\/2020\/10\/Icona-fletxes-1.jpg\" alt=\"\" width=\"20\" height=\"20\" \/>Informe de evaluaci\u00f3n SOIB Proyectos territoriales para colectivos vulnerables<\/a><\/span><\/p>\n<p><span style=\"color: #cb023e;\"><a style=\"color: #cb023e;\" href=\"https:\/\/soib.es\/wp-content\/uploads\/2024\/07\/Informe_Recerca-i-innovacio-26.06.24.es_.pdf\" target=\"_blank\" rel=\"noopener noreferrer\"><img loading=\"lazy\" decoding=\"async\" class=\"wp-image-23148 alignnone \" src=\"https:\/\/soib.es\/wp-content\/uploads\/2020\/10\/Icona-fletxes-1.jpg\" alt=\"\" width=\"20\" height=\"20\" \/>Informe de evaluaci\u00f3n SOIB Investigaci\u00f3n e Innovaci\u00f3n<\/a><\/span><\/p>\n<p><span style=\"color: #cb023e;\"><a style=\"color: #cb023e;\" href=\"https:\/\/soib.es\/wp-content\/uploads\/2024\/07\/Informe_Primera-experiencia-26.06.24.es_.pdf\" target=\"_blank\" rel=\"noopener noreferrer\"><img loading=\"lazy\" decoding=\"async\" class=\"wp-image-23148 alignnone \" src=\"https:\/\/soib.es\/wp-content\/uploads\/2020\/10\/Icona-fletxes-1.jpg\" alt=\"\" width=\"20\" height=\"20\" \/>Informe de evaluaci\u00f3n SOIB Cualificados Primera Experiencia<\/a><\/span><\/p>\n<p><span style=\"color: #cb023e;\"><a style=\"color: #cb023e;\" href=\"https:\/\/soib.es\/wp-content\/uploads\/2023\/05\/Avaluacio-impacte-REACTIVA-2020-2021-2.pdf\" target=\"_blank\" rel=\"noopener noreferrer\"><img loading=\"lazy\" decoding=\"async\" class=\"wp-image-23148 alignnone \" src=\"https:\/\/soib.es\/wp-content\/uploads\/2020\/10\/Icona-fletxes-1.jpg\" alt=\"\" width=\"20\" height=\"20\" \/>Evaluaci\u00f3n del impacto del programa SOIB Reactiva 2020-2021<\/a><\/span><\/p>\n<p><span style=\"color: #cb023e;\"><a style=\"color: #cb023e;\" href=\"https:\/\/soib.es\/wp-content\/uploads\/2020\/02\/Evaluaci\u00f3n-PAO-orientaci\u00f3n-vulnerables.pdf\" target=\"_blank\" rel=\"noopener noreferrer\"><img loading=\"lazy\" decoding=\"async\" class=\"wp-image-23149 alignnone \" src=\"https:\/\/soib.es\/wp-content\/uploads\/2020\/10\/Icona-fletxes-1.jpg\" alt=\"\" width=\"20\" height=\"20\" \/>Evaluaci\u00f3n de la orientaci\u00f3n laboral a personas de colectivos vulnerables<\/a><\/span><\/p>\n<p><span style=\"color: #cb023e;\"><a href=\"https:\/\/soib.es\/wp-content\/uploads\/2020\/02\/Evaluaci\u00f3n-PAO-orientaci\u00f3n-vulnerables.pdf\" target=\"_blank\" rel=\"noopener noreferrer\"><img loading=\"lazy\" decoding=\"async\" class=\"wp-image-23149 alignnone \" src=\"https:\/\/soib.es\/wp-content\/uploads\/2020\/10\/Icona-fletxes-1.jpg\" alt=\"\" width=\"20\" height=\"20\" \/><\/a><a style=\"color: #cb023e;\" href=\"https:\/\/soib.es\/wp-content\/uploads\/2019\/04\/Resultats-2018-2019-SOIB-DONA.pdf.pdf\" target=\"_blank\" rel=\"noopener noreferrer\">Programa SOIB Dona: resultados 2018-2019<\/a><\/span><\/p>\n<p><span style=\"color: #cb023e;\"><a href=\"https:\/\/soib.es\/wp-content\/uploads\/2020\/02\/Evaluaci\u00f3n-PAO-orientaci\u00f3n-vulnerables.pdf\" target=\"_blank\" rel=\"noopener noreferrer\"><img loading=\"lazy\" decoding=\"async\" class=\"wp-image-23149 alignnone \" src=\"https:\/\/soib.es\/wp-content\/uploads\/2020\/10\/Icona-fletxes-1.jpg\" alt=\"\" width=\"20\" height=\"20\" \/><\/a><a style=\"color: #cb023e;\" href=\"https:\/\/soib.es\/wp-content\/uploads\/2018\/09\/Focus-7-Avaluaci\u00f3-Visibles1.pdf\" target=\"_blank\" rel=\"noopener noreferrer\">Programa Visibles<\/a><\/span><\/p>\n<p><span style=\"color: #cb023e;\"><a href=\"https:\/\/soib.es\/wp-content\/uploads\/2020\/02\/Evaluaci\u00f3n-PAO-orientaci\u00f3n-vulnerables.pdf\" target=\"_blank\" rel=\"noopener noreferrer\"><img loading=\"lazy\" decoding=\"async\" class=\"wp-image-23149 alignnone \" src=\"https:\/\/soib.es\/wp-content\/uploads\/2020\/10\/Icona-fletxes-1.jpg\" alt=\"\" width=\"20\" height=\"20\" \/><\/a><a style=\"color: #cb023e;\" href=\"https:\/\/soib.es\/wp-content\/uploads\/2018\/09\/Focus-8-Programes-Mixts.pdf\" target=\"_blank\" rel=\"noopener noreferrer\">Programa Mixto de formaci\u00f3n y empleo<\/a><\/span><\/p>\n<p><span style=\"color: #cb023e;\"><a style=\"color: #cb023e;\" href=\"https:\/\/soib.es\/wp-content\/uploads\/2020\/02\/Evaluaci\u00f3n-PAO-orientaci\u00f3n-vulnerables.pdf\" target=\"_blank\" rel=\"noopener noreferrer\"><img loading=\"lazy\" decoding=\"async\" class=\"wp-image-23149 alignnone \" src=\"https:\/\/soib.es\/wp-content\/uploads\/2020\/10\/Icona-fletxes-1.jpg\" alt=\"\" width=\"20\" height=\"20\" \/><\/a><\/span><a href=\"https:\/\/soib.es\/wp-content\/uploads\/2019\/01\/Avaluaci\u00f3-interm\u00e8dia-GJSOIB.pdf\" target=\"_blank\" rel=\"noopener noreferrer\"><span style=\"color: #cb023e;\">Las pol\u00edticas laborales para J\u00f3venes en Balears: evaluaci\u00f3n intermedia de la garant\u00eda juvenil<\/span><\/a><\/p>\n<p><span style=\"color: #cb023e;\"><a style=\"color: #cb023e;\" href=\"https:\/\/soib.es\/wp-content\/uploads\/2020\/02\/Evaluaci\u00f3n-PAO-orientaci\u00f3n-vulnerables.pdf\" target=\"_blank\" rel=\"noopener noreferrer\"><img loading=\"lazy\" decoding=\"async\" class=\"wp-image-23148 alignnone \" src=\"https:\/\/soib.es\/wp-content\/uploads\/2020\/10\/Icona-fletxes-1.jpg\" alt=\"\" width=\"20\" height=\"20\" \/><\/a><\/span><a href=\"https:\/\/soib.es\/wp-content\/uploads\/2021\/11\/Informe-Final-PCEJ-BM.pdf\" target=\"_blank\" rel=\"noopener noreferrer\"><span style=\"color: #cb023e;\">Informe final Banco Mundial del Plan de choque para el empleo juvenil<\/span><\/a><\/p>\n<p><span style=\"color: #cb023e;\"><a style=\"color: #cb023e;\" href=\"https:\/\/soib.es\/wp-content\/uploads\/2020\/02\/Evaluaci\u00f3n-PAO-orientaci\u00f3n-vulnerables.pdf\" target=\"_blank\" rel=\"noopener noreferrer\"><img loading=\"lazy\" decoding=\"async\" class=\"wp-image-23148 alignnone \" src=\"https:\/\/soib.es\/wp-content\/uploads\/2020\/10\/Icona-fletxes-1.jpg\" alt=\"\" width=\"20\" height=\"20\" \/><\/a><\/span><a href=\"https:\/\/soib.es\/wp-content\/uploads\/2021\/11\/Informe-Final-Reincorpora-T-BM.pdf\" target=\"_blank\" rel=\"noopener noreferrer\"><span style=\"color: #cb023e;\">Informe final Banco Mundial del Plan Reincorpora-T para personas en desempleo de larga duraci\u00f3n<\/span><\/a>[\/et_pb_toggle][\/et_pb_column][\/et_pb_row][\/et_pb_section]<\/p>\n","protected":false},"excerpt":{"rendered":"<p>Evaluaci\u00f3n de programas y serviciosLa Ley 3\/2023, de 28 de febrero, de Empleo, y la Ley 27\/2022, de 20 de diciembre, de institucionalizaci\u00f3n de la evaluaci\u00f3n de pol\u00edticas p\u00fablicas, establecen la obligaci\u00f3n de integrar la evaluaci\u00f3n en todas las fases de las pol\u00edticas activas de empleo. Este marco refuerza la necesidad de conocer la eficacia, [&hellip;]<\/p>\n","protected":false},"author":13,"featured_media":0,"parent":0,"menu_order":0,"comment_status":"closed","ping_status":"closed","template":"","meta":{"_et_pb_use_builder":"on","_et_pb_old_content":"","_et_gb_content_width":"","footnotes":"","_links_to":"","_links_to_target":""},"class_list":["post-8178","page","type-page","status-publish","hentry"],"publishpress_future_action":{"enabled":false,"date":"2026-04-22 07:46:51","action":"change-status","newStatus":"draft","terms":[],"taxonomy":"translation_priority","extraData":[]},"publishpress_future_workflow_manual_trigger":{"enabledWorkflows":[]},"_links":{"self":[{"href":"https:\/\/soib.es\/es\/wp-json\/wp\/v2\/pages\/8178","targetHints":{"allow":["GET"]}}],"collection":[{"href":"https:\/\/soib.es\/es\/wp-json\/wp\/v2\/pages"}],"about":[{"href":"https:\/\/soib.es\/es\/wp-json\/wp\/v2\/types\/page"}],"author":[{"embeddable":true,"href":"https:\/\/soib.es\/es\/wp-json\/wp\/v2\/users\/13"}],"replies":[{"embeddable":true,"href":"https:\/\/soib.es\/es\/wp-json\/wp\/v2\/comments?post=8178"}],"version-history":[{"count":0,"href":"https:\/\/soib.es\/es\/wp-json\/wp\/v2\/pages\/8178\/revisions"}],"wp:attachment":[{"href":"https:\/\/soib.es\/es\/wp-json\/wp\/v2\/media?parent=8178"}],"curies":[{"name":"wp","href":"https:\/\/api.w.org\/{rel}","templated":true}]}}