{"id":7765,"date":"2018-07-25T13:06:35","date_gmt":"2018-07-25T11:06:35","guid":{"rendered":"https:\/\/soib.es\/avaluacions-i-resultats-clau\/"},"modified":"2026-02-18T10:01:52","modified_gmt":"2026-02-18T09:01:52","slug":"informes-evaluaciones-y-resultados-clave","status":"publish","type":"page","link":"https:\/\/soib.es\/es\/informes-evaluaciones-y-resultados-clave\/","title":{"rendered":"Informes, evaluaciones y resultados clave"},"content":{"rendered":"<p>[et_pb_section fb_built=\u00bb1&#8243; _builder_version=\u00bb4.16&#8243; background_color=\u00bb#f7f7f7&#8243; custom_padding=\u00bb25px||25px|\u00bb global_colors_info=\u00bb{}\u00bb][et_pb_row _builder_version=\u00bb4.16&#8243; global_colors_info=\u00bb{}\u00bb][et_pb_column type=\u00bb4_4&#8243; _builder_version=\u00bb4.16&#8243; custom_padding=\u00bb|||\u00bb global_colors_info=\u00bb{}\u00bb custom_padding__hover=\u00bb|||\u00bb][et_pb_text _builder_version=\u00bb4.27.5&#8243; hover_enabled=\u00bb0&#8243; global_colors_info=\u00bb{}\u00bb sticky_enabled=\u00bb0&#8243;]<\/p>\n<h1><strong>Informes, evaluaciones y resultados clave<\/strong><\/h1>\n<p>[\/et_pb_text][\/et_pb_column][\/et_pb_row][\/et_pb_section][et_pb_section fb_built=\u00bb1&#8243; _builder_version=\u00bb4.16&#8243; custom_padding=\u00bb25px||50px|\u00bb global_colors_info=\u00bb{}\u00bb][et_pb_row _builder_version=\u00bb4.16&#8243; global_colors_info=\u00bb{}\u00bb][et_pb_column type=\u00bb4_4&#8243; _builder_version=\u00bb4.16&#8243; custom_padding=\u00bb|||\u00bb global_colors_info=\u00bb{}\u00bb custom_padding__hover=\u00bb|||\u00bb][et_pb_text _builder_version=\u00bb4.27.5&#8243; hover_enabled=\u00bb0&#8243; global_colors_info=\u00bb{}\u00bb sticky_enabled=\u00bb0&#8243;]<\/p>\n<p>En aquesta p\u00e0gina trobareu els resultats del SOIB i les avaluacions que es deriven de l\u2019execuci\u00f3 de plans i pol\u00edtiques actives d\u2019ocupaci\u00f3, tal com assenyala el\u00a0<span class=\"x_elementToProof\" data-olk-copy-source=\"MessageBody\">Reial decret 633\/2025, de 15 de juliol, pel qual s\u2019aprova l&#8217; <\/span><span class=\"x_elementToProof\"><a id=\"anchor-c4dbf57e-dcd8-ac57-8084-a14ed13e6cf3\" title=\"https:\/\/www.boe.es\/buscar\/pdf\/2025\/BOE-A-2025-14693-consolidado.pdf\" href=\"https:\/\/www.boe.es\/buscar\/pdf\/2025\/BOE-A-2025-14693-consolidado.pdf\" target=\"_blank\" rel=\"noopener noreferrer\" data-auth=\"NotApplicable\" data-linkindex=\"2\">Estrat\u00e8gia Espanyola d&#8217;Activaci\u00f3 per a l&#8217;Ocupaci\u00f3 2025-2028<\/a><\/span><\/p>\n<p><img loading=\"lazy\" decoding=\"async\" class=\"alignnone wp-image-23148\" src=\"https:\/\/soib.es\/wp-content\/uploads\/2020\/10\/Icona-fletxes-1.jpg\" alt=\"\" width=\"20\" height=\"20\" \/><a href=\"https:\/\/soib.es\/pla-davaluacio-del-soib-2026-2028\/\"><span style=\"color: #cb023e;\" data-olk-copy-source=\"MessageBody\">Pla d\u2019Avaluaci\u00f3 del SOIB 2026\u20132028<\/span><\/a><\/p>\n<p><span style=\"color: #cb023e;\"><img loading=\"lazy\" decoding=\"async\" class=\"alignnone wp-image-23148\" src=\"https:\/\/soib.es\/wp-content\/uploads\/2020\/10\/Icona-fletxes-1.jpg\" alt=\"\" width=\"20\" height=\"20\" \/><a style=\"color: #cb023e;\" href=\"https:\/\/soib.es\/memories-pla-actuacions\/\" target=\"_blank\" rel=\"noopener noreferrer\">Mem\u00f2ries Pla d&#8217;Actuacions<\/a><\/span><\/p>\n<p><span style=\"color: #cb023e;\"><img loading=\"lazy\" decoding=\"async\" class=\"alignnone wp-image-23148\" src=\"https:\/\/soib.es\/wp-content\/uploads\/2020\/10\/Icona-fletxes-1.jpg\" alt=\"\" width=\"20\" height=\"20\" \/><a style=\"color: #cb023e;\" href=\"https:\/\/soib.es\/wp-content\/uploads\/2018\/07\/Resultats-POQUIB-2017.pdf\" target=\"_blank\" rel=\"noopener noreferrer\">Resultats clau execuci\u00f3 Pla d&#8217;Ocupaci\u00f3 2017-2020<\/a><\/span><\/p>\n<p><span style=\"color: #cb023e;\"><img loading=\"lazy\" decoding=\"async\" class=\"alignnone wp-image-23148\" src=\"https:\/\/soib.es\/wp-content\/uploads\/2020\/10\/Icona-fletxes-1.jpg\" alt=\"\" width=\"20\" height=\"20\" \/><a style=\"color: #cb023e;\" href=\"https:\/\/soib.es\/informes-anuals-de-politiques-actives-docupacio\/\" target=\"_blank\" rel=\"noopener noreferrer\">Informes anuals de pol\u00edtiques actives d&#8217;ocupaci\u00f3<\/a><\/span><\/p>\n<p><span style=\"color: #cb023e;\"><img loading=\"lazy\" decoding=\"async\" class=\"alignnone wp-image-23148\" src=\"https:\/\/soib.es\/wp-content\/uploads\/2020\/10\/Icona-fletxes-1.jpg\" alt=\"\" width=\"20\" height=\"20\" \/><a style=\"color: #cb023e;\" href=\"https:\/\/soib.es\/informes-anuals-f-p-per-a-locupacio\/\" target=\"_blank\" rel=\"noopener noreferrer\">Informes anuals d&#8217;avaluaci\u00f3 de la Formaci\u00f3 per a l&#8217;Ocupaci\u00f3<\/a><\/span><\/p>\n<p><img loading=\"lazy\" decoding=\"async\" class=\"alignnone wp-image-23148\" src=\"https:\/\/soib.es\/wp-content\/uploads\/2020\/10\/Icona-fletxes-1.jpg\" alt=\"\" width=\"20\" height=\"20\" \/><a href=\"https:\/\/soib.es\/avaluacio-de-programes-i-serveis\/\" target=\"_blank\" rel=\"noopener noreferrer\"><span style=\"color: #cb023e;\">Avaluaci\u00f3 de programes i serveis<\/span><\/a><\/p>\n<p>[\/et_pb_text][\/et_pb_column][\/et_pb_row][\/et_pb_section]<\/p>\n","protected":false},"excerpt":{"rendered":"<p>Informes, evaluaciones y resultados claveEn aquesta p\u00e0gina trobareu els resultats del SOIB i les avaluacions que es deriven de l\u2019execuci\u00f3 de plans i pol\u00edtiques actives d\u2019ocupaci\u00f3, tal com assenyala el\u00a0Reial decret 633\/2025, de 15 de juliol, pel qual s\u2019aprova l&#8217; Estrat\u00e8gia Espanyola d&#8217;Activaci\u00f3 per a l&#8217;Ocupaci\u00f3 2025-2028 Pla d\u2019Avaluaci\u00f3 del SOIB 2026\u20132028 Mem\u00f2ries Pla d&#8217;Actuacions [&hellip;]<\/p>\n","protected":false},"author":1,"featured_media":0,"parent":0,"menu_order":0,"comment_status":"closed","ping_status":"closed","template":"","meta":{"_et_pb_use_builder":"on","_et_pb_old_content":"","_et_gb_content_width":"","footnotes":"","_links_to":"","_links_to_target":""},"class_list":["post-7765","page","type-page","status-publish","hentry"],"publishpress_future_action":{"enabled":false,"date":"2026-04-18 09:47:17","action":"change-status","newStatus":"draft","terms":[],"taxonomy":"translation_priority","extraData":[]},"publishpress_future_workflow_manual_trigger":{"enabledWorkflows":[]},"_links":{"self":[{"href":"https:\/\/soib.es\/es\/wp-json\/wp\/v2\/pages\/7765","targetHints":{"allow":["GET"]}}],"collection":[{"href":"https:\/\/soib.es\/es\/wp-json\/wp\/v2\/pages"}],"about":[{"href":"https:\/\/soib.es\/es\/wp-json\/wp\/v2\/types\/page"}],"author":[{"embeddable":true,"href":"https:\/\/soib.es\/es\/wp-json\/wp\/v2\/users\/1"}],"replies":[{"embeddable":true,"href":"https:\/\/soib.es\/es\/wp-json\/wp\/v2\/comments?post=7765"}],"version-history":[{"count":1,"href":"https:\/\/soib.es\/es\/wp-json\/wp\/v2\/pages\/7765\/revisions"}],"predecessor-version":[{"id":70677,"href":"https:\/\/soib.es\/es\/wp-json\/wp\/v2\/pages\/7765\/revisions\/70677"}],"wp:attachment":[{"href":"https:\/\/soib.es\/es\/wp-json\/wp\/v2\/media?parent=7765"}],"curies":[{"name":"wp","href":"https:\/\/api.w.org\/{rel}","templated":true}]}}