{"id":7296,"date":"2018-07-11T14:53:06","date_gmt":"2018-07-11T12:53:06","guid":{"rendered":"https:\/\/soib.es\/soib-visibles\/"},"modified":"2020-12-12T20:16:57","modified_gmt":"2020-12-12T19:16:57","slug":"soib-visibles","status":"publish","type":"page","link":"https:\/\/soib.es\/es\/soib-visibles\/","title":{"rendered":"SOIB Visibles"},"content":{"rendered":"<p>[et_pb_section fb_built=\u00bb1&#8243; _builder_version=\u00bb3.22&#8243; background_color=\u00bb#f4f4f4&#8243; custom_padding=\u00bb25px||25px|\u00bb][et_pb_row _builder_version=\u00bb3.25&#8243;][et_pb_column type=\u00bb4_4&#8243; _builder_version=\u00bb3.25&#8243; custom_padding=\u00bb|||\u00bb custom_padding__hover=\u00bb|||\u00bb][et_pb_text _builder_version=\u00bb3.27.4&#8243;]<\/p>\n<h1><strong>SOIB Visibles<\/strong><\/h1>\n<p><img loading=\"lazy\" decoding=\"async\" class=\"wp-image-25166 size-full aligncenter\" src=\"https:\/\/soib.es\/wp-content\/uploads\/2020\/12\/Baner-soib_visibles_2019.png\" alt=\"\" width=\"795\" height=\"500\" srcset=\"https:\/\/soib.es\/wp-content\/uploads\/2020\/12\/Baner-soib_visibles_2019.png 795w, https:\/\/soib.es\/wp-content\/uploads\/2020\/12\/Baner-soib_visibles_2019-480x302.png 480w\" sizes=\"(min-width: 0px) and (max-width: 480px) 480px, (min-width: 481px) 795px, 100vw\" \/><\/p>\n<p>[\/et_pb_text][\/et_pb_column][\/et_pb_row][\/et_pb_section][et_pb_section fb_built=\u00bb1&#8243; _builder_version=\u00bb3.22&#8243; custom_padding=\u00bb25px||50px|\u00bb][et_pb_row _builder_version=\u00bb3.25&#8243;][et_pb_column type=\u00bb4_4&#8243; _builder_version=\u00bb3.25&#8243; custom_padding=\u00bb|||\u00bb custom_padding__hover=\u00bb|||\u00bb][et_pb_accordion open_toggle_text_color=\u00bb#878786&#8243; closed_toggle_text_color=\u00bb#cb023e\u00bb icon_color=\u00bb#e01f4e\u00bb _builder_version=\u00bb4.7.4&#8243; toggle_font=\u00bb|700|||||||\u00bb toggle_font_size=\u00bb18&#8243; locked=\u00bboff\u00bb][et_pb_accordion_item title=\u00bb\u00bfQu\u00e9 es el programa SOIB Visibles?\u00bb open=\u00bbon\u00bb _builder_version=\u00bb4.7.3&#8243;]<\/p>\n<p>El programa <strong>SOIB Visibles <\/strong>fomenta la contrataci\u00f3n de personas de m\u00e1s de 30 a\u00f1os en situaci\u00f3n de desempleo de larga duraci\u00f3n. SOIB Visibles subvenciona la contrataci\u00f3n de estas personas en entidades locales (corporaciones locales y consejos insulares) durante 6 meses a jornada completa.<br \/>Paralelamente, estas personas siguen un proceso de orientaci\u00f3n laboral para favorecer su posterior inserci\u00f3n en el mercado laboral ordinario.<\/p>\n<p>[\/et_pb_accordion_item][et_pb_accordion_item title=\u00bb\u00bfQu\u00e9 requisitos debes cumplir?\u00bb _builder_version=\u00bb4.7.4&#8243; hover_enabled=\u00bb0&#8243; open=\u00bboff\u00bb sticky_enabled=\u00bb0&#8243;]<\/p>\n<p>Tener m\u00e1s de 30 a\u00f1os, con inscripci\u00f3n en el SOIB como demandante en desempleo, como m\u00ednimo, 12 meses, en los \u00fatlimos 18, en el momento de la selecci\u00f3n.<br \/>Si tienes inter\u00e9s en participar, ponte en contacto con el servicio de orientaci\u00f3n de tu oficina para que te puedan asesorar adecuadamente.<\/p>\n<p>M\u00e1s informaci\u00f3: <a href=\"https:\/\/www.caib.es\/seucaib\/es\/200\/personas\/tramites\/tramite\/3779845\/\" target=\"_blank\" rel=\"noopener noreferrer\"><strong><span style=\"color: #cb023e;\">convocatoria SOIB Visibles &#8211; Exercici 2019<\/span><\/strong><\/a><\/p>\n<p><a href=\"https:\/\/www.caib.es\/seucaib\/es\/200\/personas\/tramites\/tramite\/3779845\/\" target=\"_blank\" rel=\"noopener noreferrer\"><strong><span style=\"color: #cb023e;\"><img loading=\"lazy\" decoding=\"async\" class=\"wp-image-25277 alignnone size-large\" src=\"https:\/\/soib.es\/wp-content\/uploads\/2020\/12\/logos-soib-visibles-def-1024x132.png\" alt=\"\" width=\"1024\" height=\"132\" srcset=\"https:\/\/soib.es\/wp-content\/uploads\/2020\/12\/logos-soib-visibles-def-980x126.png 980w, https:\/\/soib.es\/wp-content\/uploads\/2020\/12\/logos-soib-visibles-def-480x62.png 480w\" sizes=\"(min-width: 0px) and (max-width: 480px) 480px, (min-width: 481px) and (max-width: 980px) 980px, (min-width: 981px) 1024px, 100vw\" \/><\/span><\/strong><\/a><\/p>\n<p>[\/et_pb_accordion_item][\/et_pb_accordion][\/et_pb_column][\/et_pb_row][\/et_pb_section][et_pb_section fb_built=\u00bb1&#8243; disabled_on=\u00bboff|off|off\u00bb _builder_version=\u00bb4.6.6&#8243; background_color=\u00bb#f4f5f4&#8243; height=\u00bb5px\u00bb custom_padding=\u00bb0px||0px||false|false\u00bb global_module=\u00bb7644&#8243; saved_tabs=\u00bball\u00bb][\/et_pb_section][et_pb_section fb_built=\u00bb1&#8243; disabled_on=\u00bboff|off|off\u00bb _builder_version=\u00bb4.6.6&#8243; background_color=\u00bb#f4f5f4&#8243; height=\u00bb5px\u00bb custom_padding=\u00bb0px||0px||false|false\u00bb global_module=\u00bb7646&#8243; saved_tabs=\u00bball\u00bb][\/et_pb_section][et_pb_section fb_built=\u00bb1&#8243; disabled_on=\u00bboff|off|off\u00bb _builder_version=\u00bb4.6.6&#8243; background_color=\u00bb#f4f5f4&#8243; height=\u00bb5px\u00bb custom_padding=\u00bb0px||0px||false|false\u00bb global_module=\u00bb7647&#8243; saved_tabs=\u00bball\u00bb][\/et_pb_section]<\/p>\n","protected":false},"excerpt":{"rendered":"<p>SOIB Visibles El programa SOIB Visibles fomenta la contrataci\u00f3n de personas de m\u00e1s de 30 a\u00f1os en situaci\u00f3n de desempleo de larga duraci\u00f3n. SOIB Visibles subvenciona la contrataci\u00f3n de estas personas en entidades locales (corporaciones locales y consejos insulares) durante 6 meses a jornada completa.Paralelamente, estas personas siguen un proceso de orientaci\u00f3n laboral para favorecer [&hellip;]<\/p>\n","protected":false},"author":1,"featured_media":25261,"parent":0,"menu_order":0,"comment_status":"closed","ping_status":"closed","template":"","meta":{"_et_pb_use_builder":"on","_et_pb_old_content":"","_et_gb_content_width":"","footnotes":"","_links_to":"","_links_to_target":""},"class_list":["post-7296","page","type-page","status-publish","has-post-thumbnail","hentry"],"publishpress_future_action":{"enabled":false,"date":"2026-04-30 10:57:25","action":"change-status","newStatus":"draft","terms":[],"taxonomy":"translation_priority","extraData":[]},"publishpress_future_workflow_manual_trigger":{"enabledWorkflows":[]},"_links":{"self":[{"href":"https:\/\/soib.es\/es\/wp-json\/wp\/v2\/pages\/7296","targetHints":{"allow":["GET"]}}],"collection":[{"href":"https:\/\/soib.es\/es\/wp-json\/wp\/v2\/pages"}],"about":[{"href":"https:\/\/soib.es\/es\/wp-json\/wp\/v2\/types\/page"}],"author":[{"embeddable":true,"href":"https:\/\/soib.es\/es\/wp-json\/wp\/v2\/users\/1"}],"replies":[{"embeddable":true,"href":"https:\/\/soib.es\/es\/wp-json\/wp\/v2\/comments?post=7296"}],"version-history":[{"count":0,"href":"https:\/\/soib.es\/es\/wp-json\/wp\/v2\/pages\/7296\/revisions"}],"wp:featuredmedia":[{"embeddable":true,"href":"https:\/\/soib.es\/es\/wp-json\/wp\/v2\/media\/25261"}],"wp:attachment":[{"href":"https:\/\/soib.es\/es\/wp-json\/wp\/v2\/media?parent=7296"}],"curies":[{"name":"wp","href":"https:\/\/api.w.org\/{rel}","templated":true}]}}