{"id":7279,"date":"2022-08-12T11:00:11","date_gmt":"2022-08-12T09:00:11","guid":{"rendered":"https:\/\/soib.es\/soib-dona\/"},"modified":"2025-11-27T13:12:46","modified_gmt":"2025-11-27T12:12:46","slug":"soib-dona","status":"publish","type":"page","link":"https:\/\/soib.es\/es\/soib-dona\/","title":{"rendered":"SOIB Dona"},"content":{"rendered":"<p>[et_pb_section fb_built=\u00bb1&#8243; _builder_version=\u00bb4.16&#8243; background_color=\u00bb#f4f4f4&#8243; custom_padding=\u00bb25px||25px|\u00bb global_colors_info=\u00bb{}\u00bb][et_pb_row _builder_version=\u00bb4.16&#8243; global_colors_info=\u00bb{}\u00bb][et_pb_column type=\u00bb4_4&#8243; _builder_version=\u00bb4.16&#8243; custom_padding=\u00bb|||\u00bb global_colors_info=\u00bb{}\u00bb custom_padding__hover=\u00bb|||\u00bb][et_pb_text _builder_version=\u00bb4.23.1&#8243; global_colors_info=\u00bb{}\u00bb]<\/p>\n<h1><strong>SOIB Dona. <\/strong>Fomento de la contrataci\u00f3n de mujeres v\u00edctimas de violencia machista en proyectos de inserci\u00f3n laboral.<\/h1>\n<p><\/p>\n<h2>Cofinanciada por el Fondo Social Europeo Plus (FSE+), con fondos del Pacto contra la violencia de g\u00e9nero del Ministerio de Igualdad y con fondos de la Conferencia Sectorial de Empleo y Asuntos Laborales.<\/h2>\n<p>[\/et_pb_text][\/et_pb_column][\/et_pb_row][\/et_pb_section][et_pb_section fb_built=\u00bb1&#8243; _builder_version=\u00bb4.16&#8243; custom_padding=\u00bb25px|0px|50px|0px|false|false\u00bb global_colors_info=\u00bb{}\u00bb][et_pb_row _builder_version=\u00bb4.16&#8243; global_colors_info=\u00bb{}\u00bb][et_pb_column type=\u00bb4_4&#8243; _builder_version=\u00bb4.16&#8243; custom_padding=\u00bb|||\u00bb global_colors_info=\u00bb{}\u00bb custom_padding__hover=\u00bb|||\u00bb][et_pb_image src=\u00bbhttps:\/\/soib.es\/wp-content\/uploads\/2025\/11\/Baner-web-ampliacio-credit-SOIB-DONA-2025.png\u00bb title_text=\u00bbB\u00e0ner web ampliaci\u00f3 cr\u00e8dit SOIB DONA 2025&#8243; align=\u00bbcenter\u00bb _builder_version=\u00bb4.27.4&#8243; _module_preset=\u00bbdefault\u00bb hover_enabled=\u00bb0&#8243; global_colors_info=\u00bb{}\u00bb sticky_enabled=\u00bb0&#8243;][\/et_pb_image][et_pb_accordion open_toggle_text_color=\u00bb#474747&#8243; closed_toggle_text_color=\u00bb#cb023e\u00bb icon_color=\u00bb#e01f4e\u00bb _builder_version=\u00bb4.27.4&#8243; toggle_font=\u00bb|700|||||||\u00bb toggle_font_size=\u00bb18&#8243; db_closeable=\u00bbon\u00bb db_initial_state=\u00bball_closed\u00bb locked=\u00bboff\u00bb global_colors_info=\u00bb{}\u00bb][et_pb_accordion_item title=\u00bb\u00bfQu\u00e9 es el programa SOIB Dona?\u00bb open=\u00bbon\u00bb _builder_version=\u00bb4.23.1&#8243; global_colors_info=\u00bb{}\u00bb]<\/p>\n<p><strong>SOIB Dona<\/strong> es una oportunidad para la inserci\u00f3n laboral dirigida a las mujeres con la condici\u00f3n de v\u00edctimas de violencia machista.<\/p>\n<p><\/p>\n<p>Esta iniciativa subvenciona a entidades del sector p\u00fablico y entidades sin \u00e1nimo de lucro los costes salariales, incluida la cotizaci\u00f3n empresarial en la Seguridad Social, as\u00ed como los costes de acciones complementarias que se deriven de la contrataci\u00f3n durante doce meses de mujeres v\u00edctimas de violencia machista en el \u00e1mbito territorial de las Illes Balears.<\/p>\n<p><\/p>\n<p>Las trabajadoras del programa reciben la orientaci\u00f3n y el apoyo espec\u00edfico de la Red de tutoras del SOIB. Una vez que finaliza su contrataci\u00f3n en el marco del programa SOIB Dona, tendr\u00e1n prioridad en el acceso a intermediaci\u00f3n laboral, ayudas para fomentar su contrataci\u00f3n en empresas privadas, ayudas para el autoempleo o formaci\u00f3n profesional en el \u00e1mbito laboral, reforzando las posibilidades de una posterior inserci\u00f3n laboral estable.<\/p>\n<p><\/p>\n<p>Se trata de una iniciativa innovadora, pionera en todo el Estado, para empoderar econ\u00f3micamente a las mujeres, con puestos de trabajo que se adaptan a su perfil profesional e intereses. Esta medida es una de las prioridades recogidas en el <a href=\"https:\/\/soib.es\/wp-content\/uploads\/2022\/05\/Pla-dOcupacio-de-Qualitat-de-les-Illes-Balears-2022-2025-def.pdf\" target=\"_blank\" rel=\"noopener\"><span style=\"color: #cb023e;\"><strong>Pla d\u2019Ocupaci\u00f3 de Qualitat de les Illes Balears (POQIB) 2022-2025<\/strong><\/span><\/a>.<\/p>\n<p>[\/et_pb_accordion_item][et_pb_accordion_item title=\u00bbConvocatorias SOIB Dona\u00bb _builder_version=\u00bb4.27.4&#8243; global_colors_info=\u00bb{}\u00bb open=\u00bboff\u00bb]<\/p>\n<p><span style=\"color: #cb023e;\"><a style=\"color: #cb023e;\" href=\"https:\/\/soib.es\/es\/convocatoria-de-subvencions-soib-oportunitats-ocupacio-dona-2025-2028\/\" target=\"_blank\" rel=\"noopener noreferrer\"><strong> Convocatoria SOIB Oportunidades de Empleo para la Mujer 2025-2028<\/strong><\/a><\/span><\/p>\n<p><\/p>\n<p><span style=\"color: #cb023e;\"><a style=\"color: #cb023e;\" href=\"https:\/\/www.caib.es\/seucaib\/es\/202\/administraciones\/tramites\/tramite\/5331956\" target=\"_blank\" rel=\"noopener noreferrer\"><strong>Convocatoria SOIB Dona 2022-2024<\/strong><\/a><\/span><\/p>\n<p><\/p>\n<p>Para m\u00e1s informaci\u00f3n puedes dirigir tu consulta a <span style=\"color: #cb023e;\"><a style=\"color: #cb023e;\" href=\"mailto:soibdona@soib.caib.es\" target=\"_blank\" rel=\"noopener\">soibdona@soib.caib.es<\/a><\/span><\/p>\n<p><\/p>\n<p>Si tienes acreditada la condici\u00f3n de mujer v\u00edctima de violencia machista y est\u00e1s interesada en participar en el programa SOIB Dona, encontrar\u00e1s la informaci\u00f3n espec\u00edfica en tu oficina del SOIB, a trav\u00e9s de la <span style=\"color: #cb023e;\"><a style=\"color: #cb023e;\" href=\"https:\/\/soib.es\/es\/xarxa-de-tutores-orientacio-laboral-per-a-dones-victimes-de-violencia-masclista\/\" target=\"_blank\" rel=\"noopener\"><strong>red de tutoras de orientaci\u00f3n laboral<\/strong><\/a><\/span>. No dudes en ponerte en contacto y resolver dudas.<\/p>\n<p>[\/et_pb_accordion_item][\/et_pb_accordion][\/et_pb_column][\/et_pb_row][\/et_pb_section]<\/p>\n","protected":false},"excerpt":{"rendered":"<p>SOIB Dona. Fomento de la contrataci\u00f3n de mujeres v\u00edctimas de violencia machista en proyectos de inserci\u00f3n laboral.Cofinanciada por el Fondo Social Europeo Plus (FSE+), con fondos del Pacto contra la violencia de g\u00e9nero del Ministerio de Igualdad y con fondos de la Conferencia Sectorial de Empleo y Asuntos Laborales.SOIB Dona es una oportunidad para la [&hellip;]<\/p>\n","protected":false},"author":1,"featured_media":0,"parent":0,"menu_order":0,"comment_status":"closed","ping_status":"closed","template":"","meta":{"_et_pb_use_builder":"on","_et_pb_old_content":"","_et_gb_content_width":"","footnotes":"","_links_to":"","_links_to_target":""},"class_list":["post-7279","page","type-page","status-publish","hentry"],"publishpress_future_action":{"enabled":false,"date":"2026-04-22 21:57:45","action":"change-status","newStatus":"draft","terms":[],"taxonomy":"translation_priority","extraData":[]},"publishpress_future_workflow_manual_trigger":{"enabledWorkflows":[]},"_links":{"self":[{"href":"https:\/\/soib.es\/es\/wp-json\/wp\/v2\/pages\/7279","targetHints":{"allow":["GET"]}}],"collection":[{"href":"https:\/\/soib.es\/es\/wp-json\/wp\/v2\/pages"}],"about":[{"href":"https:\/\/soib.es\/es\/wp-json\/wp\/v2\/types\/page"}],"author":[{"embeddable":true,"href":"https:\/\/soib.es\/es\/wp-json\/wp\/v2\/users\/1"}],"replies":[{"embeddable":true,"href":"https:\/\/soib.es\/es\/wp-json\/wp\/v2\/comments?post=7279"}],"version-history":[{"count":0,"href":"https:\/\/soib.es\/es\/wp-json\/wp\/v2\/pages\/7279\/revisions"}],"wp:attachment":[{"href":"https:\/\/soib.es\/es\/wp-json\/wp\/v2\/media?parent=7279"}],"curies":[{"name":"wp","href":"https:\/\/api.w.org\/{rel}","templated":true}]}}