{"id":7078,"date":"2018-07-03T11:56:37","date_gmt":"2018-07-03T09:56:37","guid":{"rendered":"https:\/\/soib.es\/oferta-publica-proves\/"},"modified":"2022-12-09T16:14:40","modified_gmt":"2022-12-09T15:14:40","slug":"oferta-publica-empleo","status":"publish","type":"page","link":"https:\/\/soib.es\/es\/oferta-publica-empleo\/","title":{"rendered":"Ofertas p\u00fablicas de empleo"},"content":{"rendered":"<p>[et_pb_section fb_built=\u00bb1&#8243; _builder_version=\u00bb4.6.3&#8243; background_color=\u00bb#f7f7f7&#8243; custom_padding=\u00bb25px|0px|25px|0px\u00bb][et_pb_row _builder_version=\u00bb4.6.3&#8243;][et_pb_column type=\u00bb4_4&#8243; _builder_version=\u00bb3.25&#8243; custom_padding=\u00bb|||\u00bb custom_padding__hover=\u00bb|||\u00bb][et_pb_text _builder_version=\u00bb4.6.3&#8243;]<\/p>\n<h1><strong>Ofertas p\u00fablicas de empleo<\/strong><\/h1>\n<p>[\/et_pb_text][\/et_pb_column][\/et_pb_row][\/et_pb_section][et_pb_section fb_built=\u00bb1&#8243; _builder_version=\u00bb4.6.3&#8243; custom_padding=\u00bb25px|0px|54px|0px\u00bb][et_pb_row _builder_version=\u00bb4.6.3&#8243;][et_pb_column type=\u00bb4_4&#8243; _builder_version=\u00bb3.25&#8243; custom_padding=\u00bb|||\u00bb custom_padding__hover=\u00bb|||\u00bb][et_pb_text _builder_version=\u00bb4.9.4&#8243; hover_enabled=\u00bb0&#8243; sticky_enabled=\u00bb0&#8243;]<\/p>\n<p>El SOIB, en nombre de las entidades p\u00fablicas, busca a personas candidatas para las ofertas que gestiona, poni\u00e9ndolas en difusi\u00f3n. Para participar en un proceso de selecci\u00f3n de una oferta p\u00fablica s\u00f3lo tienes que rellenar el formulario que encontrar\u00e1s en cada oferta.<\/p>\n<p style=\"text-align: left;\"><span style=\"font-weight: 400;\"><a href='https:\/\/intranet.caib.es\/esoibfront\/principal.xhtml?seleccion=aplicacions06&#038;tipOf=TPOFE-PUBLICA' class='big-button bigpink' target=\"_blank\"><strong>Accede al buscador de ofertas p\u00fablicas<\/strong>\u00a0<\/a><\/span><\/p>\n<p style=\"text-align: left;\"><span style=\"font-weight: 400;\">Para algunos procesos de selecci\u00f3n es necesario <a href=\"https:\/\/soib.es\/es\/inscripcion-como-demandante\/\" target=\"_blank\" rel=\"noopener noreferrer\"><span style=\"color: #cb023e;\">inscribirse como demandante de empleo en el SOIB<\/span><\/a><span style=\"color: #cb023e;\">.<\/span> Te aconsejamos que lo hagas, ya que tambi\u00e9n te permitir\u00e1 acceder al resto de servicios que ofrecemos.<\/span><\/p>\n<p style=\"text-align: left;\">Una vez terminado el plazo de presentaci\u00f3n de candidaturas a una oferta p\u00fablica, el SOIB enviar\u00e1 las solicitudes a la entidad. La entidad p\u00fablica es la responsable de convocar a las personas candidatas a la selecci\u00f3n final.<\/p>\n<p>[\/et_pb_text][\/et_pb_column][\/et_pb_row][\/et_pb_section][et_pb_section fb_built=\u00bb1&#8243; disabled_on=\u00bbon|on|off\u00bb _builder_version=\u00bb4.6.6&#8243; background_color=\u00bb#f4f5f4&#8243; height=\u00bb10px\u00bb custom_padding=\u00bb0px||0px||true|false\u00bb][\/et_pb_section][et_pb_section fb_built=\u00bb1&#8243; disabled_on=\u00bbon|on|off\u00bb _builder_version=\u00bb4.6.5&#8243; background_color=\u00bb#f4f5f4&#8243; height=\u00bb10px\u00bb custom_padding=\u00bb0px||0px||true|false\u00bb][\/et_pb_section][et_pb_section fb_built=\u00bb1&#8243; disabled_on=\u00bbon|on|off\u00bb _builder_version=\u00bb3.22&#8243; background_color=\u00bb#f4f5f4&#8243; height=\u00bb10px\u00bb custom_padding=\u00bb0px||0px||true|false\u00bb][\/et_pb_section]<\/p>\n","protected":false},"excerpt":{"rendered":"<p>Ofertas p\u00fablicas de empleo El SOIB, en nombre de las entidades p\u00fablicas, busca a personas candidatas para las ofertas que gestiona, poni\u00e9ndolas en difusi\u00f3n. Para participar en un proceso de selecci\u00f3n de una oferta p\u00fablica s\u00f3lo tienes que rellenar el formulario que encontrar\u00e1s en cada oferta. <a href='https:\/\/intranet.caib.es\/esoibfront\/principal.xhtml?seleccion=aplicacions06&#038;tipOf=TPOFE-PUBLICA' class='big-button bigpink' target=\"_blank\"><\/a> Accede al buscador de [&hellip;]<\/p>\n","protected":false},"author":13,"featured_media":0,"parent":0,"menu_order":0,"comment_status":"closed","ping_status":"closed","template":"","meta":{"_et_pb_use_builder":"on","_et_pb_old_content":"","_et_gb_content_width":"","footnotes":"","_links_to":"","_links_to_target":""},"class_list":["post-7078","page","type-page","status-publish","hentry"],"publishpress_future_action":{"enabled":false,"date":"2026-04-15 07:59:39","action":"change-status","newStatus":"draft","terms":[],"taxonomy":"translation_priority","extraData":[]},"publishpress_future_workflow_manual_trigger":{"enabledWorkflows":[]},"_links":{"self":[{"href":"https:\/\/soib.es\/es\/wp-json\/wp\/v2\/pages\/7078","targetHints":{"allow":["GET"]}}],"collection":[{"href":"https:\/\/soib.es\/es\/wp-json\/wp\/v2\/pages"}],"about":[{"href":"https:\/\/soib.es\/es\/wp-json\/wp\/v2\/types\/page"}],"author":[{"embeddable":true,"href":"https:\/\/soib.es\/es\/wp-json\/wp\/v2\/users\/13"}],"replies":[{"embeddable":true,"href":"https:\/\/soib.es\/es\/wp-json\/wp\/v2\/comments?post=7078"}],"version-history":[{"count":0,"href":"https:\/\/soib.es\/es\/wp-json\/wp\/v2\/pages\/7078\/revisions"}],"wp:attachment":[{"href":"https:\/\/soib.es\/es\/wp-json\/wp\/v2\/media?parent=7078"}],"curies":[{"name":"wp","href":"https:\/\/api.w.org\/{rel}","templated":true}]}}