{"id":70672,"date":"2026-02-18T10:01:50","date_gmt":"2026-02-18T09:01:50","guid":{"rendered":"https:\/\/soib.es\/plan-de-evaluacion-del-soib-2026-2028\/"},"modified":"2026-02-18T10:01:55","modified_gmt":"2026-02-18T09:01:55","slug":"plan-de-evaluacion-del-soib-2026-2028","status":"publish","type":"page","link":"https:\/\/soib.es\/es\/plan-de-evaluacion-del-soib-2026-2028\/","title":{"rendered":"Plan de Evaluaci\u00f3n del SOIB 2026-2028"},"content":{"rendered":"<p>[et_pb_section fb_built=\u00bb1&#8243; _builder_version=\u00bb4.27.5&#8243; background_color=\u00bb#f7f7f7&#8243; custom_padding=\u00bb25px|0px|25px|0px\u00bb global_colors_info=\u00bb{}\u00bb][et_pb_row _builder_version=\u00bb4.16&#8243; global_colors_info=\u00bb{}\u00bb][et_pb_column type=\u00bb4_4&#8243; _builder_version=\u00bb4.16&#8243; custom_padding=\u00bb|||\u00bb global_colors_info=\u00bb{}\u00bb custom_padding__hover=\u00bb|||\u00bb][et_pb_text _builder_version=\u00bb4.27.5&#8243; global_colors_info=\u00bb{}\u00bb]<\/p>\n<h1><strong><span class=\"HwtZe\" lang=\"es\"><span class=\"jCAhz ChMk0b\"><span class=\"ryNqvb\">Plan de Evaluaci\u00f3n del SOIB 2026-2028<\/span><\/span><\/span><\/strong><\/h1>\n<p>[\/et_pb_text][\/et_pb_column][\/et_pb_row][\/et_pb_section][et_pb_section fb_built=\u00bb1&#8243; _builder_version=\u00bb4.16&#8243; custom_padding=\u00bb25px|0px|54px|0px\u00bb global_colors_info=\u00bb{}\u00bb][et_pb_row _builder_version=\u00bb4.16&#8243; global_colors_info=\u00bb{}\u00bb][et_pb_column type=\u00bb4_4&#8243; _builder_version=\u00bb4.16&#8243; custom_padding=\u00bb|||\u00bb global_colors_info=\u00bb{}\u00bb custom_padding__hover=\u00bb|||\u00bb][et_pb_text _builder_version=\u00bb4.27.5&#8243; global_colors_info=\u00bb{}\u00bb]<\/p>\n<div class=\"x_elementToProof\"><span class=\"HwtZe\" lang=\"es\"><span class=\"jCAhz\"><span class=\"ryNqvb\">El Plan de Evaluaci\u00f3n del SOIB 2026-2028 constituye el primer marco formal y sistem\u00e1tico de evaluaci\u00f3n de las pol\u00edticas activas de empleo en las Islas Baleares.<\/span><\/span> <span class=\"jCAhz ChMk0b\"><span class=\"ryNqvb\">Con este documento, el Servicio de Ocupaci\u00f3n de las Illes Balears da un paso adelante en la institucionalizaci\u00f3n de una cultura de evaluaci\u00f3n orientada a resultados, transparencia y mejora continua.<\/span><\/span><span class=\"jCAhz ChMk0b\"><span class=\"ryNqvb\"> El Plan se alinea con la Ley 3\/2023 de Empleo, la Estrategia Espa\u00f1ola de Activaci\u00f3n para el Empleo 2025-2028, el PAFED y el instrumento EVADES del SEPE, y establece un sistema estructurado para analizar el dise\u00f1o, implementaci\u00f3n y resultados de los principales programas y servicios del SOIB.<\/span><\/span><\/span><\/div>\n<p><\/p>\n<div class=\"x_elementToProof\">\u00a0<\/div>\n<p>[\/et_pb_text][\/et_pb_column][\/et_pb_row][et_pb_row _builder_version=\u00bb4.16&#8243; global_colors_info=\u00bb{}\u00bb][et_pb_column type=\u00bb4_4&#8243; _builder_version=\u00bb4.16&#8243; custom_padding=\u00bb|||\u00bb global_colors_info=\u00bb{}\u00bb custom_padding__hover=\u00bb|||\u00bb][et_pb_toggle title=\u00bbPlan de Evaluaci\u00f3n del SOIB 2026\u20132028&#8243; open_toggle_text_color=\u00bb#878786&#8243; closed_toggle_text_color=\u00bb#cb023e\u00bb icon_color=\u00bb#cb023e\u00bb open_icon_color=\u00bb#cb023e\u00bb _builder_version=\u00bb4.27.5&#8243; _module_preset=\u00bbdefault\u00bb title_font=\u00bb|700|||||||\u00bb closed_title_font=\u00bb|700|||||||\u00bb global_colors_info=\u00bb{}\u00bb]<\/p>\n<p><a href=\"https:\/\/soib.es\/wp-content\/uploads\/2026\/02\/PLA-DAVALUACIO-26-28_SOIB.pdf\" target=\"_blank\" rel=\"noopener noreferrer\"><img loading=\"lazy\" decoding=\"async\" class=\"wp-image-23148 alignnone \" src=\"https:\/\/soib.es\/wp-content\/uploads\/2020\/10\/Icona-fletxes-1.jpg\" alt=\"\" width=\"20\" height=\"20\" \/><span style=\"color: #cb023e;\" data-olk-copy-source=\"MessageBody\">Plan de Evaluaci\u00f3n del SOIB 2026\u20132028<\/span><\/a><\/p>\n<p>[\/et_pb_toggle][\/et_pb_column][\/et_pb_row][\/et_pb_section]<\/p>\n","protected":false},"excerpt":{"rendered":"<p>Plan de Evaluaci\u00f3n del SOIB 2026-2028El Plan de Evaluaci\u00f3n del SOIB 2026-2028 constituye el primer marco formal y sistem\u00e1tico de evaluaci\u00f3n de las pol\u00edticas activas de empleo en las Islas Baleares. Con este documento, el Servicio de Ocupaci\u00f3n de las Illes Balears da un paso adelante en la institucionalizaci\u00f3n de una cultura de evaluaci\u00f3n orientada [&hellip;]<\/p>\n","protected":false},"author":41,"featured_media":0,"parent":0,"menu_order":0,"comment_status":"closed","ping_status":"closed","template":"","meta":{"_et_pb_use_builder":"on","_et_pb_old_content":"","_et_gb_content_width":"","footnotes":"","_links_to":"","_links_to_target":""},"class_list":["post-70672","page","type-page","status-publish","hentry"],"publishpress_future_action":{"enabled":false,"date":"2026-04-18 13:01:41","action":"change-status","newStatus":"draft","terms":[],"taxonomy":"translation_priority","extraData":[]},"publishpress_future_workflow_manual_trigger":{"enabledWorkflows":[]},"_links":{"self":[{"href":"https:\/\/soib.es\/es\/wp-json\/wp\/v2\/pages\/70672","targetHints":{"allow":["GET"]}}],"collection":[{"href":"https:\/\/soib.es\/es\/wp-json\/wp\/v2\/pages"}],"about":[{"href":"https:\/\/soib.es\/es\/wp-json\/wp\/v2\/types\/page"}],"author":[{"embeddable":true,"href":"https:\/\/soib.es\/es\/wp-json\/wp\/v2\/users\/41"}],"replies":[{"embeddable":true,"href":"https:\/\/soib.es\/es\/wp-json\/wp\/v2\/comments?post=70672"}],"version-history":[{"count":7,"href":"https:\/\/soib.es\/es\/wp-json\/wp\/v2\/pages\/70672\/revisions"}],"predecessor-version":[{"id":70680,"href":"https:\/\/soib.es\/es\/wp-json\/wp\/v2\/pages\/70672\/revisions\/70680"}],"wp:attachment":[{"href":"https:\/\/soib.es\/es\/wp-json\/wp\/v2\/media?parent=70672"}],"curies":[{"name":"wp","href":"https:\/\/api.w.org\/{rel}","templated":true}]}}