{"id":68657,"date":"2025-12-30T13:29:21","date_gmt":"2025-12-30T12:29:21","guid":{"rendered":"https:\/\/soib.es\/convocatoria-de-subvencions-soib-oportunitats-docupacio-per-a-persones-joves-qualificades-en-entitats-locals-2026-i-2027\/"},"modified":"2025-12-30T13:34:13","modified_gmt":"2025-12-30T12:34:13","slug":"convocatoria-de-subvencions-soib-oportunitats-docupacio-per-a-persones-joves-qualificades-en-entitats-locals-2026-i-2027","status":"publish","type":"page","link":"https:\/\/soib.es\/es\/convocatoria-de-subvencions-soib-oportunitats-docupacio-per-a-persones-joves-qualificades-en-entitats-locals-2026-i-2027\/","title":{"rendered":"Convocat\u00f2ria de subvencions SOIB Oportunitats d\u2019Ocupaci\u00f3 per a Persones Joves Qualificades en Entitats Locals 2026 i 2027"},"content":{"rendered":"<p>[et_pb_section fb_built=\u00bb1&#8243; _builder_version=\u00bb4.16&#8243; background_color=\u00bb#f7f7f7&#8243; custom_padding=\u00bb25px|0px|25px|0px\u00bb locked=\u00bboff\u00bb global_colors_info=\u00bb{}\u00bb][et_pb_row _builder_version=\u00bb4.16&#8243; global_colors_info=\u00bb{}\u00bb][et_pb_column type=\u00bb4_4&#8243; _builder_version=\u00bb4.16&#8243; custom_padding=\u00bb|||\u00bb global_colors_info=\u00bb{}\u00bb custom_padding__hover=\u00bb|||\u00bb][et_pb_image src=\u00bbhttps:\/\/soib.es\/wp-content\/uploads\/2025\/12\/Cintillo-logotips-SOIB-Qualificats-Entitats-Locals-2026.png\u00bb title_text=\u00bbCintillo logotips SOIB Qualificats Entitats Locals 2026&#8243; _builder_version=\u00bb4.27.4&#8243; _module_preset=\u00bbdefault\u00bb locked=\u00bboff\u00bb global_colors_info=\u00bb{}\u00bb][\/et_pb_image][et_pb_text _builder_version=\u00bb4.27.4&#8243; global_colors_info=\u00bb{}\u00bb]<\/p>\n<h1><strong>Convocatoria de subvenciones SOIB Oportunidades de Empleo para Personas J\u00f3venes Cualificadas en Entidades Locales 2026 y 2027<\/strong><\/h1>\n<p>[\/et_pb_text][\/et_pb_column][\/et_pb_row][\/et_pb_section][et_pb_section fb_built=\u00bb1&#8243; _builder_version=\u00bb4.16&#8243; custom_padding=\u00bb25px|0px|54px|0px\u00bb locked=\u00bboff\u00bb global_colors_info=\u00bb{}\u00bb][et_pb_row _builder_version=\u00bb4.16&#8243; global_colors_info=\u00bb{}\u00bb][et_pb_column type=\u00bb4_4&#8243; _builder_version=\u00bb4.16&#8243; custom_padding=\u00bb|||\u00bb global_colors_info=\u00bb{}\u00bb custom_padding__hover=\u00bb|||\u00bb][et_pb_text _builder_version=\u00bb4.27.4&#8243; _module_preset=\u00bbdefault\u00bb hover_enabled=\u00bb0&#8243; locked=\u00bboff\u00bb global_colors_info=\u00bb{}\u00bb sticky_enabled=\u00bb0&#8243;]<\/p>\n<p><strong>NOVEDAD: esta convocatoria tiene una vigencia por dos a\u00f1os y debe cubrir los ejercicios 2026 y 2027. Las entidades podr\u00e1n presentar solicitud a cada uno de los ejercicios, dentro del plazo establecido para cada a\u00f1o.<\/strong><\/p>\n<p><\/p>\n<p>El<strong> objeto<\/strong> de esta convocatoria es regular la concesi\u00f3n de subvenciones destinadas a financiar los costes laborales, incluida la cotizaci\u00f3n empresarial a la Seguridad Social, que se deriven de la contrataci\u00f3n de personas j\u00f3venes desempleadas mayores de 18 a\u00f1os y menores de 30 a\u00f1os, inscritas como demandantes de empleo en el SOIB y beneficiarias del Sistema Nacional de Garant\u00eda Juvenil,  que sean contratadas por parte de las entidades que determina esta convocatoria, para llevar a cabo tareas adecuadas a su titulaci\u00f3n.<\/p>\n<p>[\/et_pb_text][\/et_pb_column][\/et_pb_row][et_pb_row _builder_version=\u00bb4.23.1&#8243; custom_margin=\u00bb30px||||false|false\u00bb global_colors_info=\u00bb{}\u00bb][et_pb_column type=\u00bb4_4&#8243; _builder_version=\u00bb4.16&#8243; custom_padding=\u00bb|||\u00bb global_colors_info=\u00bb{}\u00bb custom_padding__hover=\u00bb|||\u00bb][et_pb_accordion open_toggle_text_color=\u00bb#474747&#8243; closed_toggle_text_color=\u00bb#cb023e\u00bb icon_color=\u00bb#cb023e\u00bb disabled_on=\u00bboff|off|off\u00bb _builder_version=\u00bb4.27.4&#8243; toggle_text_color=\u00bbRGBA(0,0,0,0)\u00bb toggle_font=\u00bb|700|||||||\u00bb db_closeable=\u00bbon\u00bb db_initial_state=\u00bball_closed\u00bb global_colors_info=\u00bb{}\u00bb][et_pb_accordion_item title=\u00bbEntidades beneficiarias\u00bb open=\u00bbon\u00bb _builder_version=\u00bb4.27.4&#8243; global_colors_info=\u00bb{}\u00bb]Pueden acogerse a esta convocatoria los ayuntamientos, la Entidad Local Menor de Palmanyola, las mancomunidades y los consejos insulares, as\u00ed como las entidades de derecho p\u00fablico que dependen o que est\u00e1n vinculadas, dentro del \u00e1mbito territorial de la comunidad aut\u00f3noma de las Illes Balears.[\/et_pb_accordion_item][et_pb_accordion_item title=\u00bbPersonas destinatarias\u00bb _builder_version=\u00bb4.27.4&#8243; global_colors_info=\u00bb{}\u00bb open=\u00bboff\u00bb]<\/p>\n<p><em>a)<\/em> Personas j\u00f3venes desempleadas mayores de 18 a\u00f1os y menores de 30 a\u00f1os demandantes de empleo en el SOIB y beneficiarias del Sistema Nacional de Garant\u00eda Juvenil.<\/p>\n<p><\/p>\n<p><em>b)<\/em> Tener una titulaci\u00f3n universitaria o de formaci\u00f3n profesional de grado medio o superior (grado D) o certificado de profesionalidad\/certificados profesionales de nivel 2 o 3 (grado C), de acuerdo con la normativa vigente, o t\u00edtulo equivalente de ense\u00f1anzas art\u00edsticas o deportivas (superior o medio).<\/p>\n<p><\/p>\n<p><em>c)<\/em> Que la persona no haya sido contratada durante los seis meses anteriores a la difusi\u00f3n de la oferta con un contrato de trabajo subvencionado por el SOIB en cualquier programa de fomento del empleo.<\/p>\n<p><\/p>\n<p>Para contratar a la persona, es una condici\u00f3n indispensable que en el momento de la contrataci\u00f3n tenga vigente la demanda de empleo en el SOIB y en situaci\u00f3n de desempleo. Si no se cumple esta condici\u00f3n, no se considerar\u00e1 subvencionable la contrataci\u00f3n que se efect\u00fae.<\/p>\n<p>[\/et_pb_accordion_item][et_pb_accordion_item title=\u00bbPlazo de presentaci\u00f3n de solicitudes\u00bb _builder_version=\u00bb4.27.4&#8243; global_colors_info=\u00bb{}\u00bb open=\u00bboff\u00bb]<\/p>\n<ul>\n<li>En el a\u00f1o 2026: del 1 de febrero al 2 de marzo de 2026 (ambos incluidos).<\/li>\n<li>En el a\u00f1o 2027: del 1 de febrero al 2 de marzo de 2027 (ambos incluidos).<\/li>\n<\/ul>\n<p>[\/et_pb_accordion_item][et_pb_accordion_item title=\u00bbPresupuesto\u00bb _builder_version=\u00bb4.27.4&#8243; global_colors_info=\u00bb{}\u00bb open=\u00bboff\u00bb]<\/p>\n<p>Presupuesto total convocatoria: 12.000.000 \u20ac<\/p>\n<p><\/p>\n<ul>\n<li>Para las solicitudes que se presenten en el ejercicio 2026: 6.000.000 \u20ac.<\/li>\n<li>Para las solicitudes que se presenten en el ejercicio 2027: 6.000.000 \u20ac.<\/li>\n<\/ul>\n<p><\/p>\n<p>Las partidas del presupuesto de gastos que corresponden a esta convocatoria deben financiarse mediante los fondos de la Conferencia Sectorial de Empleo y Asuntos Laborales y se prev\u00e9 que sean cofinanciadas por la Uni\u00f3n Europea en el marco del Programa del Fondo Social Europeo Plus de la Comunidad Aut\u00f3noma de las Illes Balears 2021-2027 (PIBAL FSE+ 2021-2027). En caso de que el cr\u00e9dito previsto en esta convocatoria exceda esta financiaci\u00f3n, se debe imputar con cargo a otros cr\u00e9ditos disponibles del SOIB correspondientes al ejercicio del que se trate.<\/p>\n<p>[\/et_pb_accordion_item][et_pb_accordion_item title=\u00bbConceptos que se subvencionan\u00bb _builder_version=\u00bb4.27.4&#8243; global_colors_info=\u00bb{}\u00bb open=\u00bboff\u00bb]La subvenci\u00f3n debe destinarse a financiar los costes laborales, incluida la cotizaci\u00f3n empresarial a la Seguridad Social, que se deriven de contratar a las personas que cumplan los requisitos y que hayan sido seleccionadas, a jornada completa y con una duraci\u00f3n de un a\u00f1o o, excepcionalmente, por el tiempo que se haya autorizado para los supuestos previstos de sustituciones. <\/p>\n<p>El art\u00edculo 5.1.c) de la Orden TES\/106\/2024 establece que podr\u00e1n considerarse subvencionables los gastos que no den lugar a ausencias por incapacidad temporal (en adelante, IT); por lo tanto, no se pueden considerar subvencionables los gastos por IT.<\/p>\n<p>Por este motivo, en fecha 4 de abril de 2025, el Organismo Intermedio (Direcci\u00f3n General de Proyectos Estrat\u00e9gicos, Fondos Europeos y Simplificaci\u00f3n Administrativa) ha emitido un informe sobre el factor de correcci\u00f3n a aplicar a los m\u00f3dulos basados en gastos de personal por las bajas por IT. El sistema de c\u00e1lculo que el Organismo Intermedio considera v\u00e1lido para calcular la correcci\u00f3n por IT se basa en los registros administrativos de la Seguridad Social. Con fecha 6 de octubre de 2025 el Organismo Intermedio ha actualizado el citado factor de correcci\u00f3n por IT para el a\u00f1o 2025, y lo ha fijado en un 1,2704 % a aplicar sobre las retribuciones anuales, excepto el coste de la Seguridad Social.[\/et_pb_accordion_item][et_pb_accordion_item title=\u00bbPlazo de ejecuci\u00f3n de las acciones\u00bb _builder_version=\u00bb4.27.4&#8243; global_colors_info=\u00bb{}\u00bb open=\u00bboff\u00bb]<\/p>\n<ul>\n<li>La <strong>fecha de inicio de los contratos para las solicitudes del a\u00f1o 2026<\/strong> debe estar comprendida entre el 1 de mayo y el 1 de septiembre de 2026 (ambos incluidos).<\/li>\n<li>La <strong>fecha de inicio de los contratos para las solicitudes del a\u00f1o 2027<\/strong> debe estar comprendida entre el 1 de mayo y el 1 de septiembre de 2027 (ambos incluidos).<\/li>\n<\/ul>\n<p>La<strong> fecha de finalizaci\u00f3n<\/strong> ser\u00e1 un a\u00f1o despu\u00e9s del inicio, con las excepciones previstas para sustituciones y los supuestos de interrupci\u00f3n del c\u00f3mputo de la duraci\u00f3n del contrato. La fecha m\u00e1xima de finalizaci\u00f3n de los proyectos ser\u00e1 el 15 de septiembre de 2026, excepto para los supuestos de interrupci\u00f3n del c\u00f3mputo de la duraci\u00f3n del contrato a que se refiere el art\u00edculo 11.4.b) del Estatuto de los trabajadores, respecto del contrato afectado por la interrupci\u00f3n.<\/p>\n<p>La fecha m\u00e1xima de finalizaci\u00f3n de los proyectos que se presenten al a\u00f1o 2026 para los casos de sustituciones ser\u00e1 el 15 de septiembre de 2027 y para los que se presenten al a\u00f1o 2027, el 15 de septiembre de 2028.<\/p>\n<p>Para facilitar las selecciones y las incorporaciones al puesto de trabajo, la entidad puede llevar a cabo las contrataciones de manera escalonada, pero todas las contrataciones del proyecto deben realizarse en el plazo m\u00e1ximo de 30 d\u00edas naturales.[\/et_pb_accordion_item][et_pb_accordion_item title=\u00bbNormativa\u00bb _builder_version=\u00bb4.27.4&#8243; global_colors_info=\u00bb{}\u00bb open=\u00bboff\u00bb]<\/p>\n<p>Todas las acciones subvencionadas en el marco de esta convocatoria se rigen por medio de la normativa siguiente:<\/p>\n<p><\/p>\n<ol>\n<li>El Reglamento (UE) 2021\/1057 del Parlamento Europeo y del Consejo, de 24 de junio de 2021, por el que se establece el Fondo Social Europeo Plus y se deroga el Reglamento (UE) 1296\/2013, y se establecen los objetivos del FSE+, su presupuesto para el periodo 2021-2027, los m\u00e9todos de ejecuci\u00f3n, las formas de financiaci\u00f3n de la Uni\u00f3n y las normas para proporcionar su financiaci\u00f3n.<\/li>\n<li>El Reglamento (UE) 2021\/1060, del Parlamento Europeo y del Consejo, de 24 de junio de 2021, por el que se establecen las disposiciones comunes relativas al Fondo Europeo de Desarrollo Regional, al Fondo Social Europeo Plus, al Fondo de Cohesi\u00f3n, al Fondo de Transici\u00f3n Justa y al Fondo Europeo Mar\u00edtimo, de Pesca y de Acuicultura, as\u00ed como las normas financieras para los Fondos y para el Fondo de Asilo, Migraci\u00f3n e Integraci\u00f3n, el Fondo de Seguridad Interior y el Instrumento de Apoyo Financiero a la Gesti\u00f3n de Fronteras y la Pol\u00edtica de Visados.<\/li>\n<li>El Reglamento (UE, Euratom) 2024\/2509 del Parlamento Europeo y del Consejo, de 23 de septiembre (reglamento financiero), sobre las normas financieras aplicables al presupuesto general de la Uni\u00f3n.<\/li>\n<li>La Ley 38\/2003, de 17 de noviembre, general de subvenciones.<\/li>\n<li>El Decreto legislativo 2\/2005, de 28 de septiembre, por el que se aprueba el Texto refundido de la Ley de subvenciones de la Comunidad Aut\u00f3noma de las Islas Baleares.<\/li>\n<li>El Real Decreto 887\/2006, de 21 de julio, por el que se aprueba el Reglamento de la Ley 38\/2003, general de subvenciones.<\/li>\n<li>La Orden TES\/106\/2024, de 8 de febrero, por la que se determinan los gastos subvencionables por el FSE+ durante el periodo de programaci\u00f3n 2021-2027.<\/li>\n<li>La Orden 16\/2023 del consejero de Modelo Econ\u00f3mico, Turismo y Trabajo, de 17 de mayo de 2023 (BOIB n\u00fam. 67, de 20 de mayo de 2023) por la que se establecen las bases reguladoras de las subvenciones en materia de pol\u00edticas activas de empleo gestionadas por el SOIB.<\/li>\n<li>El Texto refundido de la Ley del Estatuto de las personas trabajadoras, aprobado por el Real Decreto Legislativo 2\/2015, de 23 de octubre, y modificado por el Real Decreto-ley 32\/2021, de 28 de diciembre, de medidas urgentes para la reforma laboral, la garant\u00eda de la estabilidad en el empleo y la transformaci\u00f3n.<\/li>\n<li>La Ley 3\/2023, de 28 de febrero, de empleo.<\/li>\n<li>El Real Decreto 818\/2021, de 28 de septiembre, por el que se regulan los programas comunes de activaci\u00f3n para el empleo del sistema nacional de empleo.<\/li>\n<li>El resto de normativa, tanto nacional como de la Uni\u00f3n Europea, o cualquier otra que resulte de aplicaci\u00f3n.<\/li>\n<\/ol>\n<p><\/p>\n<p>En todo aquello que no se prevea en esta convocatoria ser\u00e1 de aplicaci\u00f3n lo establecido en la Orden 16\/2023.<\/p>\n<p>[\/et_pb_accordion_item][et_pb_accordion_item title=\u00bbContacto\u00bb _builder_version=\u00bb4.27.4&#8243; global_colors_info=\u00bb{}\u00bb open=\u00bboff\u00bb]<\/p>\n<p>Buz\u00f3n de consulta: <span style=\"color: #cb023e;\"><a style=\"color: #cb023e;\" href=\"mailto:fomentocupacio@soib.caib.es\" target=\"_blank\" rel=\"noopener\">fomentocupacio@soib.caib.es<\/a><\/span><\/p>\n<p>[\/et_pb_accordion_item][\/et_pb_accordion][et_pb_button button_url=\u00bbhttps:\/\/www.caib.es\/seucaib\/es\/202\/administracions\/tramites\/tramite\/6424625&#8243; url_new_window=\u00bbon\u00bb button_text=\u00bbAcceso al tr\u00e1mite de la convocatoria\u00bb _builder_version=\u00bb4.27.4&#8243; _module_preset=\u00bbdefault\u00bb custom_button=\u00bbon\u00bb button_text_size=\u00bb15px\u00bb button_text_color=\u00bb#cb023e\u00bb button_bg_color=\u00bb#FFFFFF\u00bb button_border_width=\u00bb1px\u00bb button_border_color=\u00bb#cb023e\u00bb button_font=\u00bb|600|||||||\u00bb button_icon=\u00bb&#xe07e;||divi||400&#8243; button_icon_placement=\u00bbleft\u00bb button_on_hover=\u00bboff\u00bb locked=\u00bboff\u00bb global_colors_info=\u00bb{}\u00bb][\/et_pb_button][\/et_pb_column][\/et_pb_row][et_pb_row _builder_version=\u00bb4.23.1&#8243; custom_margin=\u00bb30px||||false|false\u00bb global_colors_info=\u00bb{}\u00bb][et_pb_column type=\u00bb4_4&#8243; _builder_version=\u00bb4.16&#8243; custom_padding=\u00bb|||\u00bb global_colors_info=\u00bb{}\u00bb custom_padding__hover=\u00bb|||\u00bb][et_pb_text _builder_version=\u00bb4.27.4&#8243; global_colors_info=\u00bb{}\u00bb]<\/p>\n<p>M\u00e1s informaci\u00f3n: <a href=\"https:\/\/soib.es\/wp-content\/uploads\/2025\/12\/BOIB-Joves-Qualificats-Entitats-Locals-2026-2027_Cast.pdf\" target=\"_blank\" rel=\"noopener\"><span style=\"color: #cb023e;\"><strong>BOIB convocatoria de subvenciones SOIB Oportunidades de Empleo para Personas J\u00f3venes Cualificadas en Entidades Locales 2026 y 2027<\/strong><\/span><\/a>.<\/p>\n<p>[\/et_pb_text][\/et_pb_column][\/et_pb_row][\/et_pb_section]<\/p>\n","protected":false},"excerpt":{"rendered":"<p>Convocatoria de subvenciones SOIB Oportunidades de Empleo para Personas J\u00f3venes Cualificadas en Entidades Locales 2026 y 2027NOVEDAD: esta convocatoria tiene una vigencia por dos a\u00f1os y debe cubrir los ejercicios 2026 y 2027. Las entidades podr\u00e1n presentar solicitud a cada uno de los ejercicios, dentro del plazo establecido para cada a\u00f1o.El objeto de esta convocatoria [&hellip;]<\/p>\n","protected":false},"author":13,"featured_media":0,"parent":0,"menu_order":0,"comment_status":"closed","ping_status":"closed","template":"","meta":{"_et_pb_use_builder":"on","_et_pb_old_content":"","_et_gb_content_width":"","footnotes":"","_links_to":"","_links_to_target":""},"class_list":["post-68657","page","type-page","status-publish","hentry"],"publishpress_future_action":{"enabled":false,"date":"2026-04-13 10:30:14","action":"change-status","newStatus":"draft","terms":[],"taxonomy":"translation_priority","extraData":[]},"publishpress_future_workflow_manual_trigger":{"enabledWorkflows":[]},"_links":{"self":[{"href":"https:\/\/soib.es\/es\/wp-json\/wp\/v2\/pages\/68657","targetHints":{"allow":["GET"]}}],"collection":[{"href":"https:\/\/soib.es\/es\/wp-json\/wp\/v2\/pages"}],"about":[{"href":"https:\/\/soib.es\/es\/wp-json\/wp\/v2\/types\/page"}],"author":[{"embeddable":true,"href":"https:\/\/soib.es\/es\/wp-json\/wp\/v2\/users\/13"}],"replies":[{"embeddable":true,"href":"https:\/\/soib.es\/es\/wp-json\/wp\/v2\/comments?post=68657"}],"version-history":[{"count":0,"href":"https:\/\/soib.es\/es\/wp-json\/wp\/v2\/pages\/68657\/revisions"}],"wp:attachment":[{"href":"https:\/\/soib.es\/es\/wp-json\/wp\/v2\/media?parent=68657"}],"curies":[{"name":"wp","href":"https:\/\/api.w.org\/{rel}","templated":true}]}}