{"id":6840,"date":"2018-06-19T12:45:18","date_gmt":"2018-06-19T10:45:18","guid":{"rendered":"https:\/\/soib.es\/habilitacions-professionals-si-teniu-un-cp\/"},"modified":"2018-07-25T12:42:24","modified_gmt":"2018-07-25T10:42:24","slug":"habilitaciones-professionales-si-teneis-un-cp","status":"publish","type":"page","link":"https:\/\/soib.es\/es\/habilitaciones-professionales-si-teneis-un-cp\/","title":{"rendered":"Habilitaciones profesionales si ten\u00e9is un CP"},"content":{"rendered":"<p>[et_pb_section fb_built=\u00bb1&#8243; _builder_version=\u00bb3.0.99&#8243; background_color=\u00bb#f7f7f7&#8243; custom_padding=\u00bb25px|0px|25px|0px\u00bb][et_pb_row _builder_version=\u00bb3.0.99&#8243;][et_pb_column type=\u00bb4_4&#8243; _builder_version=\u00bb3.0.47&#8243; parallax=\u00bboff\u00bb parallax_method=\u00bbon\u00bb][et_pb_text _builder_version=\u00bb3.0.99&#8243;]<\/p>\n<h1><strong>Habilitaciones profesionales si ten\u00e9is un CP<\/strong><\/h1>\n<p>[\/et_pb_text][\/et_pb_column][\/et_pb_row][\/et_pb_section][et_pb_section fb_built=\u00bb1&#8243; _builder_version=\u00bb3.0.47&#8243; custom_padding=\u00bb25px|0px|54px|0px\u00bb][et_pb_row _builder_version=\u00bb3.0.99&#8243;][et_pb_column type=\u00bb4_4&#8243; _builder_version=\u00bb3.0.47&#8243; parallax=\u00bboff\u00bb parallax_method=\u00bbon\u00bb][et_pb_text _builder_version=\u00bb3.0.99&#8243;]&nbsp;<\/p>\n<p>Algunos certificados de profesionalidad permiten conseguir diferentes habilitaciones, carn\u00e9s o t\u00edtulos necesarios para desarrollar un puesto de trabajo. A continuaci\u00f3n se relacionan las habilitaciones con los certificados correspondientes y las administraciones o entidades responsables de expedirlas.<\/p>\n<p><span style=\"font-size: 15px;\"><a href=\"https:\/\/soib.es\/wp-content\/uploads\/2018\/06\/Habilitaciones-profesionales-CP-1.pdf\" target=\"_blank\" rel=\"noopener noreferrer\"><strong style=\"color: #df1f4f;\">Habilitaciones pro<span style=\"color: #df1f4f;\">fesionale<\/span>s<\/strong><\/a><\/span><\/p>\n<p>&nbsp;<\/p>\n<p>Mediante la superaci\u00f3n con evaluaci\u00f3n positiva de determinados certificados de profesionalidad, el alumnado puede presentarse a diferentes pruebas oficiales. A continuaci\u00f3n pod\u00e9is encontrar toda la informaci\u00f3n necesaria.<\/p>\n<p><span style=\"color: #df1f4f;\"><a style=\"color: #df1f4f;\" href=\"https:\/\/soib.es\/wp-content\/uploads\/2018\/07\/Habilitaciones-CPs-pruebas-oficiales.pdf\" target=\"_blank\" rel=\"noopener\"><strong>Formaci\u00f3n de Certificados de Profesionalidad v\u00e1lida para presentarse a pruebas oficiales<\/strong><\/a><\/span><br \/>\n[\/et_pb_text][\/et_pb_column][\/et_pb_row][\/et_pb_section][et_pb_section fb_built=\u00bb1&#8243; disabled_on=\u00bbon|on|off\u00bb _builder_version=\u00bb3.0.82&#8243; background_color=\u00bb#df1f4f\u00bb custom_padding=\u00bb54px|0px|0px|0px\u00bb saved_tabs=\u00bball\u00bb global_module=\u00bb7644&#8243;][et_pb_row custom_padding=\u00bb0px|0px|27px|0px\u00bb custom_css_main_2=\u00bbmargin-left: -20%;\u00bb custom_css_main_3=\u00bbmargin-left: 32px;\u00bb custom_css_main_4=\u00bbmargin-left: 100px;\u00bb _builder_version=\u00bb3.0.82&#8243;][et_pb_column type=\u00bb1_4&#8243; _builder_version=\u00bb3.0.82&#8243; parallax=\u00bboff\u00bb parallax_method=\u00bbon\u00bb][et_pb_blurb url=\u00bbhttps:\/\/twitter.com\/soibinfo?lang=es\u00bb url_new_window=\u00bbon\u00bb use_icon=\u00bbon\u00bb font_icon=\u00bb%%292%%\u00bb icon_color=\u00bb#df1f4f\u00bb use_circle=\u00bbon\u00bb icon_placement=\u00bbleft\u00bb use_icon_font_size=\u00bbon\u00bb _builder_version=\u00bb3.0.99&#8243; animation=\u00bboff\u00bb][\/et_pb_blurb][et_pb_blurb url=\u00bbhttps:\/\/www.youtube.com\/channel\/UCvmOqiRlc2JOK3V_0Mc-0sA?view_as=subscriber\u00bb url_new_window=\u00bbon\u00bb use_icon=\u00bbon\u00bb font_icon=\u00bb%%307%%\u00bb icon_color=\u00bb#df1f4f\u00bb use_circle=\u00bbon\u00bb icon_placement=\u00bbleft\u00bb _builder_version=\u00bb3.9&#8243; header_font=\u00bb||||||||\u00bb body_font=\u00bb||||||||\u00bb animation=\u00bboff\u00bb][\/et_pb_blurb][\/et_pb_column][et_pb_column type=\u00bb1_4&#8243; _builder_version=\u00bb3.0.82&#8243; parallax=\u00bboff\u00bb parallax_method=\u00bbon\u00bb custom_css_main=\u00bbmargin-left: -20%;\u00bb][et_pb_blurb url=\u00bbhttps:\/\/www.facebook.com\/SOIBINFO\/\u00bb url_new_window=\u00bbon\u00bb use_icon=\u00bbon\u00bb font_icon=\u00bb%%291%%\u00bb icon_color=\u00bb#df1f4f\u00bb use_circle=\u00bbon\u00bb icon_placement=\u00bbleft\u00bb _builder_version=\u00bb3.0.99&#8243; animation=\u00bboff\u00bb][\/et_pb_blurb][\/et_pb_column][et_pb_column type=\u00bb1_4&#8243; _builder_version=\u00bb3.0.82&#8243; parallax=\u00bboff\u00bb parallax_method=\u00bbon\u00bb custom_css_main=\u00bbmargin-left: 32px;\u00bb][et_pb_image src=\u00bb\/wp-content\/uploads\/2017\/10\/ue3.gif\u00bb _builder_version=\u00bb3.0.99&#8243; module_alignment=\u00bbleft\u00bb][\/et_pb_image][\/et_pb_column][et_pb_column type=\u00bb1_4&#8243; _builder_version=\u00bb3.0.82&#8243; parallax=\u00bboff\u00bb parallax_method=\u00bbon\u00bb custom_css_main=\u00bbmargin-left: 100px;\u00bb][et_pb_text _builder_version=\u00bb3.0.82&#8243; custom_css_main_element=\u00bbwidth: 150%;\u00bb]<\/p>\n<p style=\"color: #fff; text-align: right;\">Servicio de Ocupaci\u00f3n de las Islas Baleares (SOIB):<\/p>\n<p style=\"color: #fff; text-align: right;\">Cam\u00ed vell de Bunyola, 43, 1\u00ba &#8211; Edificio rotonda Asima<\/p>\n<p style=\"color: #fff; text-align: right;\">Pol\u00edgon de son Castell\u00f3 &#8211; 07009 Palma<\/p>\n<p style=\"color: #fff; text-align: right;\">Tel\u00e9fono <a style=\"color: #fff;\" href=\"tel:+34971784991\">971784991<\/a> &#8211; Fax 971784942<\/p>\n<p>[\/et_pb_text][\/et_pb_column][\/et_pb_row][\/et_pb_section][et_pb_section fb_built=\u00bb1&#8243; disabled_on=\u00bbon|off|on\u00bb _builder_version=\u00bb3.0.82&#8243; background_color=\u00bb#df1f4f\u00bb custom_padding=\u00bb20px|0px|0px|0px\u00bb saved_tabs=\u00bball\u00bb global_module=\u00bb7646&#8243;][et_pb_row custom_padding=\u00bb0px|0px|27px|0px\u00bb custom_css_main_2=\u00bbmargin-left: -225px;\u00bb custom_css_main_3=\u00bbmargin-left: 32px;\u00bb custom_css_main_4=\u00bbmargin-left: 100px;\u00bb _builder_version=\u00bb3.0.82&#8243;][et_pb_column type=\u00bb4_4&#8243; _builder_version=\u00bb3.0.82&#8243; parallax=\u00bboff\u00bb parallax_method=\u00bbon\u00bb][et_pb_text _builder_version=\u00bb3.0.82&#8243; custom_css_main_element=\u00bbwidth: 150%;\u00bb]<\/p>\n<p style=\"color: #fff;\">Servicio de Ocupaci\u00f3n de las Islas Baleares (SOIB):<\/p>\n<p style=\"color: #fff;\">Cam\u00ed vell de Bunyola, 43, 1\u00ba &#8211; Edificio rotonda Asima<\/p>\n<p style=\"color: #fff;\">Pol\u00edgon de son Castell\u00f3 &#8211; 07009 Palma<\/p>\n<p style=\"color: #fff;\">Tel\u00e9fono <a style=\"color: #fff;\" href=\"tel:+34971784991\">971784991<\/a> &#8211; Fax 971784942<\/p>\n<p>[\/et_pb_text][et_pb_image src=\u00bb\/wp-content\/uploads\/2017\/10\/ue3.gif\u00bb _builder_version=\u00bb3.0.99&#8243; max_width=\u00bb50%\u00bb module_alignment=\u00bbcenter\u00bb][\/et_pb_image][et_pb_blurb url=\u00bbhttps:\/\/twitter.com\/soibinfo?lang=es\u00bb use_icon=\u00bbon\u00bb font_icon=\u00bb%%292%%\u00bb icon_color=\u00bb#df1f4f\u00bb use_circle=\u00bbon\u00bb icon_placement=\u00bbleft\u00bb use_icon_font_size=\u00bbon\u00bb _builder_version=\u00bb3.0.82&#8243; animation=\u00bboff\u00bb custom_css_main_element=\u00bbfloat: right;\u00bb][\/et_pb_blurb][et_pb_blurb url=\u00bbhttps:\/\/www.facebook.com\/SOIBINFO\/\u00bb url_new_window=\u00bbon\u00bb use_icon=\u00bbon\u00bb font_icon=\u00bb%%291%%\u00bb icon_color=\u00bb#df1f4f\u00bb use_circle=\u00bbon\u00bb icon_placement=\u00bbleft\u00bb _builder_version=\u00bb3.0.99&#8243; animation=\u00bboff\u00bb][\/et_pb_blurb][et_pb_blurb url=\u00bbhttps:\/\/www.youtube.com\/channel\/UCvmOqiRlc2JOK3V_0Mc-0sA?view_as=subscriber\u00bb url_new_window=\u00bbon\u00bb use_icon=\u00bbon\u00bb font_icon=\u00bb%%307%%\u00bb icon_color=\u00bb#df1f4f\u00bb use_circle=\u00bbon\u00bb icon_placement=\u00bbleft\u00bb _builder_version=\u00bb3.9&#8243; animation=\u00bboff\u00bb][\/et_pb_blurb][\/et_pb_column][\/et_pb_row][\/et_pb_section][et_pb_section fb_built=\u00bb1&#8243; disabled_on=\u00bboff|on|on\u00bb _builder_version=\u00bb3.0.82&#8243; background_color=\u00bb#df1f4f\u00bb saved_tabs=\u00bball\u00bb global_module=\u00bb7647&#8243;][et_pb_row custom_padding=\u00bb15px|0px|0px|0px\u00bb _builder_version=\u00bb3.0.82&#8243;][et_pb_column type=\u00bb4_4&#8243; _builder_version=\u00bb3.0.82&#8243; parallax=\u00bboff\u00bb parallax_method=\u00bbon\u00bb][et_pb_text _builder_version=\u00bb3.0.82&#8243;]<\/p>\n<p style=\"color: #fff;\">Servicio de Ocupaci\u00f3n de las Islas Baleares (SOIB):<\/p>\n<p style=\"color: #fff;\">Cam\u00ed Vell de Bunyola, 43, 1\u00aa &#8211; Edificio rotonda Asima<\/p>\n<p style=\"color: #fff;\">Pol\u00edgon de son Castell\u00f3 &#8211; 07009 Palma<\/p>\n<p style=\"color: #fff;\">Tel\u00e9fono 971784991 &#8211; Fax 971784942<\/p>\n<p>[\/et_pb_text][\/et_pb_column][\/et_pb_row][et_pb_row custom_padding=\u00bb15px|0px|0px|0px\u00bb _builder_version=\u00bb3.0.82&#8243;][et_pb_column type=\u00bb4_4&#8243; _builder_version=\u00bb3.0.82&#8243; parallax=\u00bboff\u00bb parallax_method=\u00bbon\u00bb][et_pb_image src=\u00bb\/wp-content\/uploads\/2017\/10\/ue3.gif\u00bb _builder_version=\u00bb3.0.99&#8243; max_width=\u00bb50%\u00bb][\/et_pb_image][\/et_pb_column][\/et_pb_row][et_pb_row custom_padding=\u00bb0px|0px|0px|0px\u00bb _builder_version=\u00bb3.0.82&#8243;][et_pb_column type=\u00bb4_4&#8243; _builder_version=\u00bb3.0.82&#8243; parallax=\u00bboff\u00bb parallax_method=\u00bbon\u00bb][et_pb_blurb url=\u00bbhttps:\/\/www.facebook.com\/SOIBINFO\/\u00bb url_new_window=\u00bbon\u00bb use_icon=\u00bbon\u00bb font_icon=\u00bb%%291%%\u00bb icon_color=\u00bb#df1f4f\u00bb use_circle=\u00bbon\u00bb icon_placement=\u00bbleft\u00bb _builder_version=\u00bb3.0.99&#8243; animation=\u00bboff\u00bb][\/et_pb_blurb][et_pb_blurb url=\u00bbhttps:\/\/twitter.com\/soibinfo?lang=es\u00bb url_new_window=\u00bbon\u00bb use_icon=\u00bbon\u00bb font_icon=\u00bb%%292%%\u00bb icon_color=\u00bb#df1f4f\u00bb use_circle=\u00bbon\u00bb icon_placement=\u00bbleft\u00bb _builder_version=\u00bb3.0.99&#8243; animation=\u00bboff\u00bb][\/et_pb_blurb][et_pb_blurb url=\u00bbhttps:\/\/www.youtube.com\/channel\/UCvmOqiRlc2JOK3V_0Mc-0sA?view_as=subscriber\u00bb url_new_window=\u00bbon\u00bb use_icon=\u00bbon\u00bb font_icon=\u00bb%%307%%\u00bb icon_color=\u00bb#df1f4f\u00bb use_circle=\u00bbon\u00bb icon_placement=\u00bbleft\u00bb _builder_version=\u00bb3.9&#8243; animation=\u00bboff\u00bb][\/et_pb_blurb][\/et_pb_column][\/et_pb_row][\/et_pb_section]<\/p>\n","protected":false},"excerpt":{"rendered":"<p>Habilitaciones profesionales si ten\u00e9is un CP &nbsp; Algunos certificados de profesionalidad permiten conseguir diferentes habilitaciones, carn\u00e9s o t\u00edtulos necesarios para desarrollar un puesto de trabajo. A continuaci\u00f3n se relacionan las habilitaciones con los certificados correspondientes y las administraciones o entidades responsables de expedirlas. Habilitaciones profesionales &nbsp; Mediante la superaci\u00f3n con evaluaci\u00f3n positiva de determinados certificados [&hellip;]<\/p>\n","protected":false},"author":1,"featured_media":0,"parent":0,"menu_order":0,"comment_status":"closed","ping_status":"closed","template":"","meta":{"_et_pb_use_builder":"on","_et_pb_old_content":"","_et_gb_content_width":"","footnotes":"","_links_to":"","_links_to_target":""},"class_list":["post-6840","page","type-page","status-publish","hentry"],"publishpress_future_action":{"enabled":false,"date":"2026-05-19 19:03:10","action":"change-status","newStatus":"draft","terms":[],"taxonomy":"translation_priority","extraData":[]},"publishpress_future_workflow_manual_trigger":{"enabledWorkflows":[]},"_links":{"self":[{"href":"https:\/\/soib.es\/es\/wp-json\/wp\/v2\/pages\/6840","targetHints":{"allow":["GET"]}}],"collection":[{"href":"https:\/\/soib.es\/es\/wp-json\/wp\/v2\/pages"}],"about":[{"href":"https:\/\/soib.es\/es\/wp-json\/wp\/v2\/types\/page"}],"author":[{"embeddable":true,"href":"https:\/\/soib.es\/es\/wp-json\/wp\/v2\/users\/1"}],"replies":[{"embeddable":true,"href":"https:\/\/soib.es\/es\/wp-json\/wp\/v2\/comments?post=6840"}],"version-history":[{"count":0,"href":"https:\/\/soib.es\/es\/wp-json\/wp\/v2\/pages\/6840\/revisions"}],"wp:attachment":[{"href":"https:\/\/soib.es\/es\/wp-json\/wp\/v2\/media?parent=6840"}],"curies":[{"name":"wp","href":"https:\/\/api.w.org\/{rel}","templated":true}]}}