{"id":67910,"date":"2025-12-02T15:33:10","date_gmt":"2025-12-02T14:33:10","guid":{"rendered":"https:\/\/soib.es\/recursos-formativos-del-sector-tecnologico-en-el-soib\/"},"modified":"2025-12-02T15:59:01","modified_gmt":"2025-12-02T14:59:01","slug":"recursos-formativos-del-sector-tecnologico-en-el-soib","status":"publish","type":"page","link":"https:\/\/soib.es\/es\/recursos-formativos-del-sector-tecnologico-en-el-soib\/","title":{"rendered":"Recursos formativos del sector tecnol\u00f3gico en el SOIB"},"content":{"rendered":"<p>[et_pb_section fb_built=\u00bb1&#8243; _builder_version=\u00bb4.16&#8243; background_color=\u00bb#f7f7f7&#8243; custom_padding=\u00bb25px|0px|25px|0px\u00bb global_colors_info=\u00bb{}\u00bb][et_pb_row column_structure=\u00bb2_3,1_3&#8243; _builder_version=\u00bb4.16&#8243; global_colors_info=\u00bb{}\u00bb][et_pb_column type=\u00bb2_3&#8243; _builder_version=\u00bb4.16&#8243; custom_padding=\u00bb|||\u00bb global_colors_info=\u00bb{}\u00bb custom_padding__hover=\u00bb|||\u00bb][et_pb_text _builder_version=\u00bb4.27.4&#8243; global_colors_info=\u00bb{}\u00bb]<\/p>\n<h2><strong>Recursos formativos del sector tecnol\u00f3gico<\/strong><\/h2>\n<p><\/p>\n<h2><strong>en el SOIB \u2013 Servicio de Empleo de las Illes Balears<\/strong><\/h2>\n<p>[\/et_pb_text][\/et_pb_column][et_pb_column type=\u00bb1_3&#8243; _builder_version=\u00bb4.16&#8243; custom_padding=\u00bb|||\u00bb global_colors_info=\u00bb{}\u00bb custom_padding__hover=\u00bb|||\u00bb][et_pb_image src=\u00bbhttps:\/\/soib.es\/wp-content\/uploads\/2025\/11\/escut-soib-color.png\u00bb title_text=\u00bbescut-soib-color\u00bb _builder_version=\u00bb4.27.4&#8243; _module_preset=\u00bbdefault\u00bb custom_margin=\u00bb-80px||-80px||false|false\u00bb custom_padding=\u00bb||0px||false|false\u00bb global_colors_info=\u00bb{}\u00bb][\/et_pb_image][\/et_pb_column][\/et_pb_row][\/et_pb_section][et_pb_section fb_built=\u00bb1&#8243; _builder_version=\u00bb4.16&#8243; custom_padding=\u00bb25px|0px|54px|0px\u00bb global_colors_info=\u00bb{}\u00bb][et_pb_row _builder_version=\u00bb4.16&#8243; global_colors_info=\u00bb{}\u00bb][et_pb_column type=\u00bb4_4&#8243; _builder_version=\u00bb4.16&#8243; custom_padding=\u00bb|||\u00bb global_colors_info=\u00bb{}\u00bb custom_padding__hover=\u00bb|||\u00bb][et_pb_text _builder_version=\u00bb4.27.4&#8243; hover_enabled=\u00bb0&#8243; global_colors_info=\u00bb{}\u00bb sticky_enabled=\u00bb0&#8243;]<\/p>\n<p>El SOIB es el servicio p\u00fablico de empleo de la Comunidad Aut\u00f3noma de las Illes Balears, adscrito a la Consejer\u00eda de Trabajo, Funci\u00f3n P\u00fablica y Di\u00e1logo Social. Su objetivo es promover el empleo y mejorar la empleabilidad de las personas mediante orientaci\u00f3n laboral, intermediaci\u00f3n, programas de empleo y formaci\u00f3n profesional.<\/p>\n<p><\/p>\n<p><strong>Formaci\u00f3n en tecnolog\u00eda, telecomunicaciones e inform\u00e1tica<\/strong><\/p>\n<p><\/p>\n<p>El SOIB ofrece gratuitamente una amplia variedad de acciones formativas en el \u00e1mbito de la tecnolog\u00eda y la digitalizaci\u00f3n, dirigidas tanto a personas desempleadas como a trabajadoras ocupadas. Esta formaci\u00f3n puede estar subvencionada por el SEPE, el FSE+ o fondos propios de la comunidad.<\/p>\n<p><\/p>\n<p>Entre las \u00e1reas destacadas se incluyen:<\/p>\n<p><\/p>\n<ul>\n<li>Programaci\u00f3n web y aplicaciones (HTML, JavaScript, Python, Java&#8230;)<\/li>\n<li>Administraci\u00f3n de redes y sistemas (Windows, Linux, Cisco, etc.)<\/li>\n<li>Ciberseguridad<\/li>\n<li>Big Data y an\u00e1lisis de datos<\/li>\n<li>Dise\u00f1o gr\u00e1fico, multimedia y edici\u00f3n digital<\/li>\n<li>Ofim\u00e1tica avanzada y herramientas digitales<\/li>\n<li>Certificados profesionales en Inform\u00e1tica y Comunicaciones<\/li>\n<\/ul>\n<p><\/p>\n<p>AAdem\u00e1s, el SOIB colabora con centros de formaci\u00f3n acreditados de todas las islas y ofrece cursos presenciales, online y en modalidad mixta, muchos con pr\u00e1cticas no laborales en empresas.<\/p>\n<p><\/p>\n<p>\ud83d\udd17 <strong>Portal oficial de Formaci\u00f3n del SOIB<\/strong> (con buscador de cursos vigentes): <a href=\"https:\/\/soib.es\/es\/formacio\/\" target=\"_blank\" rel=\"noopener\">https:\/\/soib.es\/formacio\/<\/a><\/p>\n<p>[\/et_pb_text][\/et_pb_column][\/et_pb_row][\/et_pb_section]<\/p>\n","protected":false},"excerpt":{"rendered":"<p>Recursos formativos del sector tecnol\u00f3gicoen el SOIB \u2013 Servicio de Empleo de las Illes BalearsEl SOIB es el servicio p\u00fablico de empleo de la Comunidad Aut\u00f3noma de las Illes Balears, adscrito a la Consejer\u00eda de Trabajo, Funci\u00f3n P\u00fablica y Di\u00e1logo Social. Su objetivo es promover el empleo y mejorar la empleabilidad de las personas mediante [&hellip;]<\/p>\n","protected":false},"author":13,"featured_media":0,"parent":0,"menu_order":0,"comment_status":"closed","ping_status":"closed","template":"","meta":{"_et_pb_use_builder":"on","_et_pb_old_content":"","_et_gb_content_width":"","footnotes":"","_links_to":"","_links_to_target":""},"class_list":["post-67910","page","type-page","status-publish","hentry"],"publishpress_future_action":{"enabled":false,"date":"2026-04-22 10:30:40","action":"change-status","newStatus":"draft","terms":[],"taxonomy":"translation_priority","extraData":[]},"publishpress_future_workflow_manual_trigger":{"enabledWorkflows":[]},"_links":{"self":[{"href":"https:\/\/soib.es\/es\/wp-json\/wp\/v2\/pages\/67910","targetHints":{"allow":["GET"]}}],"collection":[{"href":"https:\/\/soib.es\/es\/wp-json\/wp\/v2\/pages"}],"about":[{"href":"https:\/\/soib.es\/es\/wp-json\/wp\/v2\/types\/page"}],"author":[{"embeddable":true,"href":"https:\/\/soib.es\/es\/wp-json\/wp\/v2\/users\/13"}],"replies":[{"embeddable":true,"href":"https:\/\/soib.es\/es\/wp-json\/wp\/v2\/comments?post=67910"}],"version-history":[{"count":0,"href":"https:\/\/soib.es\/es\/wp-json\/wp\/v2\/pages\/67910\/revisions"}],"wp:attachment":[{"href":"https:\/\/soib.es\/es\/wp-json\/wp\/v2\/media?parent=67910"}],"curies":[{"name":"wp","href":"https:\/\/api.w.org\/{rel}","templated":true}]}}