{"id":67904,"date":"2025-12-02T15:25:49","date_gmt":"2025-12-02T14:25:49","guid":{"rendered":"https:\/\/soib.es\/recursos-formativos-del-sector-tecnologico-en-el-sepe\/"},"modified":"2025-12-02T15:58:35","modified_gmt":"2025-12-02T14:58:35","slug":"recursos-formativos-del-sector-tecnologico-en-el-sepe","status":"publish","type":"page","link":"https:\/\/soib.es\/es\/recursos-formativos-del-sector-tecnologico-en-el-sepe\/","title":{"rendered":"Recursos formativos del sector tecnol\u00f3gico en el SEPE"},"content":{"rendered":"<p>[et_pb_section fb_built=\u00bb1&#8243; _builder_version=\u00bb4.16&#8243; background_color=\u00bb#f7f7f7&#8243; custom_padding=\u00bb25px|0px|25px|0px\u00bb global_colors_info=\u00bb{}\u00bb][et_pb_row column_structure=\u00bb2_3,1_3&#8243; _builder_version=\u00bb4.16&#8243; global_colors_info=\u00bb{}\u00bb][et_pb_column type=\u00bb2_3&#8243; _builder_version=\u00bb4.16&#8243; custom_padding=\u00bb|||\u00bb global_colors_info=\u00bb{}\u00bb custom_padding__hover=\u00bb|||\u00bb][et_pb_text _builder_version=\u00bb4.27.4&#8243; global_colors_info=\u00bb{}\u00bb]<\/p>\n<h2><strong>Recursos formativos del sector tecnol\u00f3gico<\/strong><\/h2>\n<p><\/p>\n<h2><strong>en el Servicio P\u00fablico de Empleo Estatal (SEPE Formaci\u00f3n)<\/strong><\/h2>\n<p>[\/et_pb_text][\/et_pb_column][et_pb_column type=\u00bb1_3&#8243; _builder_version=\u00bb4.16&#8243; custom_padding=\u00bb|||\u00bb global_colors_info=\u00bb{}\u00bb custom_padding__hover=\u00bb|||\u00bb][et_pb_image src=\u00bbhttps:\/\/soib.es\/wp-content\/uploads\/2025\/11\/GOBMTESSEPE_Color_cas.jpg\u00bb title_text=\u00bbGOB+MTES+SEPE_Color_cas\u00bb _builder_version=\u00bb4.27.4&#8243; _module_preset=\u00bbdefault\u00bb global_colors_info=\u00bb{}\u00bb][\/et_pb_image][\/et_pb_column][\/et_pb_row][\/et_pb_section][et_pb_section fb_built=\u00bb1&#8243; _builder_version=\u00bb4.16&#8243; custom_padding=\u00bb25px|0px|54px|0px\u00bb global_colors_info=\u00bb{}\u00bb][et_pb_row _builder_version=\u00bb4.16&#8243; global_colors_info=\u00bb{}\u00bb][et_pb_column type=\u00bb4_4&#8243; _builder_version=\u00bb4.16&#8243; custom_padding=\u00bb|||\u00bb global_colors_info=\u00bb{}\u00bb custom_padding__hover=\u00bb|||\u00bb][et_pb_text _builder_version=\u00bb4.27.4&#8243; hover_enabled=\u00bb0&#8243; global_colors_info=\u00bb{}\u00bb sticky_enabled=\u00bb0&#8243;]<\/p>\n<p>El SEPE ofrece una formaci\u00f3n como <strong>Especialista en Digitalizaci\u00f3n Sostenible<\/strong> de forma gratuita y plazas limitadas, la cual es una formaci\u00f3n \u00fatil y pr\u00e1ctica que consta de 180 horas durante 8 semanas de forma 100% online.<\/p>\n<p><\/p>\n<p>El contenido del curso es el siguiente:<\/p>\n<p><\/p>\n<ul>\n<li>Temario transformaci\u00f3n digital: 60 horas.<\/li>\n<li>Desarrollo sostenible y gesti\u00f3n ambiental: 100 horas.<\/li>\n<\/ul>\n<p><\/p>\n<p>Las titulaciones que podr\u00e1s obtener son las siguientes:<\/p>\n<p><\/p>\n<ul>\n<li>Diploma ADGD33. Transformaci\u00f3n digital.<\/li>\n<li>Diploma SEAG16. Desarrollo sostenible y gesti\u00f3n ambiental.<\/li>\n<\/ul>\n<p><\/p>\n<p>Realizar esta formaci\u00f3n es importante por las siguientes razones:<\/p>\n<p><\/p>\n<ul>\n<li>Seg\u00fan la Comisi\u00f3n Europea el 90% de los empleos requieren destreza digital.<\/li>\n<li>Seg\u00fan el Foro Econ\u00f3mico Mundial los empleos verdes figuran entre los de mayor crecimiento a 2024.<\/li>\n<li>Seg\u00fan Infojobs los empleos mejor valorados en Espa\u00f1a son de car\u00e1cter digital.<\/li>\n<\/ul>\n<p><\/p>\n<p>\ud83d\udd17 <strong>Web oficial e informaci\u00f3n de los cursos<\/strong>: <a href=\"https:\/\/sepeformacion.grupomainjobs.com\/curso-de-especialista-en-transformacion-digital-y-desarrollo-sostenible\/\" target=\"_blank\" rel=\"noopener\">https:\/\/sepeformacion.grupomainjobs.com\/curso-de-especialista-en-transformacion-digital-y-desarrollo-sostenible\/<\/a><\/p>\n<p>[\/et_pb_text][\/et_pb_column][\/et_pb_row][\/et_pb_section]<\/p>\n","protected":false},"excerpt":{"rendered":"<p>Recursos formativos del sector tecnol\u00f3gicoen el Servicio P\u00fablico de Empleo Estatal (SEPE Formaci\u00f3n)El SEPE ofrece una formaci\u00f3n como Especialista en Digitalizaci\u00f3n Sostenible de forma gratuita y plazas limitadas, la cual es una formaci\u00f3n \u00fatil y pr\u00e1ctica que consta de 180 horas durante 8 semanas de forma 100% online.El contenido del curso es el siguiente: Temario [&hellip;]<\/p>\n","protected":false},"author":13,"featured_media":0,"parent":0,"menu_order":0,"comment_status":"closed","ping_status":"closed","template":"","meta":{"_et_pb_use_builder":"on","_et_pb_old_content":"","_et_gb_content_width":"","footnotes":"","_links_to":"","_links_to_target":""},"class_list":["post-67904","page","type-page","status-publish","hentry"],"publishpress_future_action":{"enabled":false,"date":"2026-04-25 10:35:52","action":"change-status","newStatus":"draft","terms":[],"taxonomy":"translation_priority","extraData":[]},"publishpress_future_workflow_manual_trigger":{"enabledWorkflows":[]},"_links":{"self":[{"href":"https:\/\/soib.es\/es\/wp-json\/wp\/v2\/pages\/67904","targetHints":{"allow":["GET"]}}],"collection":[{"href":"https:\/\/soib.es\/es\/wp-json\/wp\/v2\/pages"}],"about":[{"href":"https:\/\/soib.es\/es\/wp-json\/wp\/v2\/types\/page"}],"author":[{"embeddable":true,"href":"https:\/\/soib.es\/es\/wp-json\/wp\/v2\/users\/13"}],"replies":[{"embeddable":true,"href":"https:\/\/soib.es\/es\/wp-json\/wp\/v2\/comments?post=67904"}],"version-history":[{"count":0,"href":"https:\/\/soib.es\/es\/wp-json\/wp\/v2\/pages\/67904\/revisions"}],"wp:attachment":[{"href":"https:\/\/soib.es\/es\/wp-json\/wp\/v2\/media?parent=67904"}],"curies":[{"name":"wp","href":"https:\/\/api.w.org\/{rel}","templated":true}]}}