{"id":67901,"date":"2025-12-02T15:17:25","date_gmt":"2025-12-02T14:17:25","guid":{"rendered":"https:\/\/soib.es\/recursos-formativos-del-sector-tecnologico-en-la-uib\/"},"modified":"2025-12-02T16:04:50","modified_gmt":"2025-12-02T15:04:50","slug":"recursos-formativos-del-sector-tecnologico-en-la-uib","status":"publish","type":"page","link":"https:\/\/soib.es\/es\/recursos-formativos-del-sector-tecnologico-en-la-uib\/","title":{"rendered":"Recursos formativos del sector tecnol\u00f3gico en la UIB"},"content":{"rendered":"<p>[et_pb_section fb_built=\u00bb1&#8243; _builder_version=\u00bb4.16&#8243; background_color=\u00bb#f7f7f7&#8243; custom_padding=\u00bb25px|0px|25px|0px\u00bb global_colors_info=\u00bb{}\u00bb][et_pb_row column_structure=\u00bb2_3,1_3&#8243; _builder_version=\u00bb4.27.4&#8243; custom_margin=\u00bb||-24px||false|false\u00bb global_colors_info=\u00bb{}\u00bb][et_pb_column type=\u00bb2_3&#8243; _builder_version=\u00bb4.16&#8243; custom_padding=\u00bb|||\u00bb global_colors_info=\u00bb{}\u00bb custom_padding__hover=\u00bb|||\u00bb][et_pb_text _builder_version=\u00bb4.27.4&#8243; global_colors_info=\u00bb{}\u00bb]<\/p>\n<h2><strong>Recursos formativos del sector tecnol\u00f3gico<\/strong><\/h2>\n<p><\/p>\n<h2><strong>en la Universidad de las Illes Balears (UIB)<\/strong><\/h2>\n<p>[\/et_pb_text][\/et_pb_column][et_pb_column type=\u00bb1_3&#8243; _builder_version=\u00bb4.16&#8243; custom_padding=\u00bb|||\u00bb global_colors_info=\u00bb{}\u00bb custom_padding__hover=\u00bb|||\u00bb][et_pb_image src=\u00bbhttps:\/\/soib.es\/wp-content\/uploads\/2025\/11\/Logo-UIB-300&#215;120.png\u00bb title_text=\u00bbLogo UIB\u00bb _builder_version=\u00bb4.27.4&#8243; _module_preset=\u00bbdefault\u00bb max_height=\u00bb200px\u00bb custom_margin=\u00bb-30px||-30px||false|false\u00bb global_colors_info=\u00bb{}\u00bb][\/et_pb_image][\/et_pb_column][\/et_pb_row][\/et_pb_section][et_pb_section fb_built=\u00bb1&#8243; _builder_version=\u00bb4.16&#8243; custom_padding=\u00bb25px|0px|54px|0px\u00bb global_colors_info=\u00bb{}\u00bb][et_pb_row _builder_version=\u00bb4.16&#8243; global_colors_info=\u00bb{}\u00bb][et_pb_column type=\u00bb4_4&#8243; _builder_version=\u00bb4.16&#8243; custom_padding=\u00bb|||\u00bb global_colors_info=\u00bb{}\u00bb custom_padding__hover=\u00bb|||\u00bb][et_pb_text _builder_version=\u00bb4.27.4&#8243; hover_enabled=\u00bb0&#8243; global_colors_info=\u00bb{}\u00bb sticky_enabled=\u00bb0&#8243;]<\/p>\n<p>La Universidad de las Illes Balears (UIB) es la universidad p\u00fablica de referencia en el archipi\u00e9lago balear. Su campus principal est\u00e1 en Palma (Mallorca), aunque tambi\u00e9n cuenta con sedes en Menorca e Ibiza-Formentera. La UIB est\u00e1 comprometida con la excelencia acad\u00e9mica, la investigaci\u00f3n y la innovaci\u00f3n, con una vocaci\u00f3n clara de servicio al desarrollo social, econ\u00f3mico y tecnol\u00f3gico de las Illes Balears.<\/p>\n<p><\/p>\n<p>La UIB ofrece una formaci\u00f3n s\u00f3lida en el \u00e1mbito de <strong>las ingenier\u00edas y las ciencias tecnol\u00f3gicas<\/strong>, orientada tanto al desarrollo de competencias t\u00e9cnicas como a la investigaci\u00f3n aplicada. Entre las titulaciones m\u00e1s destacadas en este \u00e1mbito se encuentran:<\/p>\n<p><\/p>\n<ul>\n<li>Grado en Ingenier\u00eda Inform\u00e1tica <br \/>Orientado en la programaci\u00f3n, sistemas, redes, inteligencia artificial y desarrollo de software.<\/li>\n<li>Grado en Ingenier\u00eda Telem\u00e1tica <br \/>Enfocado en redes de telecomunicaciones, ciberseguridad, sistemas distribuidos y servicios de internet.<\/li>\n<li>Grado en Ingenier\u00eda Electr\u00f3nica Industrial y Autom\u00e1tica<br \/>Integra conocimientos electr\u00f3nicos, automatizaci\u00f3n industrial y control de sistemas.<\/li>\n<li>M\u00e1ster Universitario en Ingenier\u00eda Inform\u00e1tica<br \/>Profundiza en \u00e1reas avanzadas como la computaci\u00f3n de altas prestaciones, el big data, la inteligencia artificial y la ingenier\u00eda del software.<\/li>\n<li>M\u00e1ster Universitario en Sistemas Inteligentes<br \/>Especializado en sistemas aut\u00f3nomos, aprendizaje autom\u00e1tico y rob\u00f3tica inteligente.<\/li>\n<\/ul>\n<p><\/p>\n<p>\ud83d\udd17 <strong>Web oficial y cat\u00e1logo de cursos<\/strong>: <a href=\"https:\/\/estudis.uib.cat\/estudis-de-grau\/grau\/\" target=\"_blank\" rel=\"noopener\">https:\/\/estudis.uib.cat\/estudis-de-grau\/grau\/<\/a><\/p>\n<p>[\/et_pb_text][\/et_pb_column][\/et_pb_row][\/et_pb_section]<\/p>\n","protected":false},"excerpt":{"rendered":"<p>Recursos formativos del sector tecnol\u00f3gicoen la Universidad de las Illes Balears (UIB)La Universidad de las Illes Balears (UIB) es la universidad p\u00fablica de referencia en el archipi\u00e9lago balear. Su campus principal est\u00e1 en Palma (Mallorca), aunque tambi\u00e9n cuenta con sedes en Menorca e Ibiza-Formentera. La UIB est\u00e1 comprometida con la excelencia acad\u00e9mica, la investigaci\u00f3n y [&hellip;]<\/p>\n","protected":false},"author":13,"featured_media":0,"parent":0,"menu_order":0,"comment_status":"closed","ping_status":"closed","template":"","meta":{"_et_pb_use_builder":"on","_et_pb_old_content":"","_et_gb_content_width":"","footnotes":"","_links_to":"","_links_to_target":""},"class_list":["post-67901","page","type-page","status-publish","hentry"],"publishpress_future_action":{"enabled":false,"date":"2026-04-22 10:24:04","action":"change-status","newStatus":"draft","terms":[],"taxonomy":"translation_priority","extraData":[]},"publishpress_future_workflow_manual_trigger":{"enabledWorkflows":[]},"_links":{"self":[{"href":"https:\/\/soib.es\/es\/wp-json\/wp\/v2\/pages\/67901","targetHints":{"allow":["GET"]}}],"collection":[{"href":"https:\/\/soib.es\/es\/wp-json\/wp\/v2\/pages"}],"about":[{"href":"https:\/\/soib.es\/es\/wp-json\/wp\/v2\/types\/page"}],"author":[{"embeddable":true,"href":"https:\/\/soib.es\/es\/wp-json\/wp\/v2\/users\/13"}],"replies":[{"embeddable":true,"href":"https:\/\/soib.es\/es\/wp-json\/wp\/v2\/comments?post=67901"}],"version-history":[{"count":0,"href":"https:\/\/soib.es\/es\/wp-json\/wp\/v2\/pages\/67901\/revisions"}],"wp:attachment":[{"href":"https:\/\/soib.es\/es\/wp-json\/wp\/v2\/media?parent=67901"}],"curies":[{"name":"wp","href":"https:\/\/api.w.org\/{rel}","templated":true}]}}