{"id":67898,"date":"2025-12-02T15:05:11","date_gmt":"2025-12-02T14:05:11","guid":{"rendered":"https:\/\/soib.es\/recursos-formativos-del-sector-tecnologico-en-la-fundae\/"},"modified":"2025-12-02T15:57:43","modified_gmt":"2025-12-02T14:57:43","slug":"recursos-formativos-del-sector-tecnologico-en-la-fundae","status":"publish","type":"page","link":"https:\/\/soib.es\/es\/recursos-formativos-del-sector-tecnologico-en-la-fundae\/","title":{"rendered":"Recursos formativos del sector tecnol\u00f3gico en la FUNDAE"},"content":{"rendered":"<p>[et_pb_section fb_built=\u00bb1&#8243; _builder_version=\u00bb4.16&#8243; background_color=\u00bb#f7f7f7&#8243; custom_padding=\u00bb25px|0px|25px|0px\u00bb global_colors_info=\u00bb{}\u00bb][et_pb_row column_structure=\u00bb2_3,1_3&#8243; _builder_version=\u00bb4.27.4&#8243; custom_margin=\u00bb||-15px||false|false\u00bb global_colors_info=\u00bb{}\u00bb][et_pb_column type=\u00bb2_3&#8243; _builder_version=\u00bb4.16&#8243; custom_padding=\u00bb|||\u00bb global_colors_info=\u00bb{}\u00bb custom_padding__hover=\u00bb|||\u00bb][et_pb_text _builder_version=\u00bb4.27.4&#8243; global_colors_info=\u00bb{}\u00bb]<\/p>\n<h2><strong>Recursos formativos del sector tecnol\u00f3gico en la FUNDAE<\/strong><\/h2>\n<p><\/p>\n<h2><strong>&#8211; Fundaci\u00f3n Estatal para la Formaci\u00f3n en el Empleo<\/strong><\/h2>\n<p>[\/et_pb_text][\/et_pb_column][et_pb_column type=\u00bb1_3&#8243; _builder_version=\u00bb4.16&#8243; custom_padding=\u00bb|||\u00bb global_colors_info=\u00bb{}\u00bb custom_padding__hover=\u00bb|||\u00bb][et_pb_image src=\u00bbhttps:\/\/soib.es\/wp-content\/uploads\/2025\/11\/Logo-FUNDAE-300&#215;162.png\u00bb title_text=\u00bbLogo FUNDAE\u00bb _builder_version=\u00bb4.27.4&#8243; _module_preset=\u00bbdefault\u00bb max_height=\u00bb200px\u00bb custom_margin=\u00bb-30px||-30px||false|false\u00bb global_colors_info=\u00bb{}\u00bb][\/et_pb_image][\/et_pb_column][\/et_pb_row][\/et_pb_section][et_pb_section fb_built=\u00bb1&#8243; _builder_version=\u00bb4.16&#8243; custom_padding=\u00bb25px|0px|54px|0px\u00bb global_colors_info=\u00bb{}\u00bb][et_pb_row _builder_version=\u00bb4.16&#8243; global_colors_info=\u00bb{}\u00bb][et_pb_column type=\u00bb4_4&#8243; _builder_version=\u00bb4.16&#8243; custom_padding=\u00bb|||\u00bb global_colors_info=\u00bb{}\u00bb custom_padding__hover=\u00bb|||\u00bb][et_pb_text _builder_version=\u00bb4.27.4&#8243; hover_enabled=\u00bb0&#8243; global_colors_info=\u00bb{}\u00bb sticky_enabled=\u00bb0&#8243;]<\/p>\n<p>La Fundaci\u00f3n Estatal para la Formaci\u00f3n al Empleo (FUNDAE) es una entidad del sector p\u00fablico estatal adscrita al Servicio P\u00fablico de Empleo Estatal (SEPE) y participa en la gesti\u00f3n y el control de los fondos destinados a la formaci\u00f3n profesional para el empleo en el \u00e1mbito laboral. Su misi\u00f3n es impulsar una formaci\u00f3n de calidad que contribuya al desarrollo personal y profesional de las personas trabajadoras y a la competitividad de las empresas.<\/p>\n<p><\/p>\n<p>FUNDAE ffacilita el acceso a una amplia variedad de <strong>acciones formativas subvencionadas en el \u00e1mbito tecnol\u00f3gico<\/strong>, tanto para personas trabajadoras como desempleadas, en colaboraci\u00f3n con el SEPE y otros organismos p\u00fablicos y privados. Estas formaciones pueden incluir:<\/p>\n<p><\/p>\n<ul>\n<li>Cursos de programaci\u00f3n y desarrollo web<\/li>\n<li>Ciberseguridad<\/li>\n<li>Big Data y an\u00e1lisis de datos<\/li>\n<li>Administraci\u00f3n de sistemas y redes<\/li>\n<li>Telecomunicaciones y tecnolog\u00edas m\u00f3viles<\/li>\n<li>Ofim\u00e1tica avanzada y herramientas colaborativas<\/li>\n<li>Transformaci\u00f3n digital en la empresa<\/li>\n<li>Inteligencia artificial y machine learning<\/li>\n<li>Certificaciones profesionales  (Cisco, Microsoft, etc.)<\/li>\n<\/ul>\n<p><\/p>\n<p>FUNDAE tambi\u00e9n promueve iniciativas como el proyecto  <em><strong>Digitalitza&#8217;t<\/strong><\/em>, que ofrece acceso gratuito a contenidos formativos en l\u00ednea proporcionados por grandes empresas tecnol\u00f3gicas (como Google, IBM, Telef\u00f3nica o Accenture), facilitando la adquisici\u00f3n de competencias digitales clave.<\/p>\n<p><\/p>\n<p><strong>Formaci\u00f3n bonificada a trav\u00e9s de la empresa<\/strong>:<\/p>\n<p><\/p>\n<ul>\n<li>La empresa organiza formaci\u00f3n para su personal y recupera el coste mediante bonificaciones a los seguros sociales.<\/li>\n<li>El curso es gratuito para la plantilla y se realiza dentro o fuera del horario laboral.<\/li>\n<\/ul>\n<p><\/p>\n<p><strong>Formaci\u00f3n subvencionada a t\u00edtulo individual<\/strong>:<\/p>\n<p><\/p>\n<ul>\n<li>LLa persona accede directamente a cursos gratuitos ofrecidos por entidades colaboradoras (sindicatos, patronales, centros formativos) financiados por FUNDAE y el SEPE.<\/li>\n<\/ul>\n<p><\/p>\n<p>\ud83d\udd17 <strong>Webs oficiales y cat\u00e1logo de cursos<\/strong>:<\/p>\n<p><\/p>\n<p>Digitalitza&#8217;t: <a href=\"https:\/\/experienciafundae.es\/digitalizate\/\" target=\"_blank\" rel=\"noopener\">https:\/\/experienciafundae.es\/digitalizate\/<\/a><\/p>\n<p><\/p>\n<p>FUNDAE: <a href=\"https:\/\/experienciafundae.es\/busca-un-curso\" target=\"_blank\" rel=\"noopener\">https:\/\/experienciafundae.es\/busca-un-curso<\/a><\/p>\n<p>[\/et_pb_text][\/et_pb_column][\/et_pb_row][\/et_pb_section]<\/p>\n","protected":false},"excerpt":{"rendered":"<p>Recursos formativos del sector tecnol\u00f3gico en la FUNDAE- Fundaci\u00f3n Estatal para la Formaci\u00f3n en el EmpleoLa Fundaci\u00f3n Estatal para la Formaci\u00f3n al Empleo (FUNDAE) es una entidad del sector p\u00fablico estatal adscrita al Servicio P\u00fablico de Empleo Estatal (SEPE) y participa en la gesti\u00f3n y el control de los fondos destinados a la formaci\u00f3n profesional [&hellip;]<\/p>\n","protected":false},"author":13,"featured_media":0,"parent":0,"menu_order":0,"comment_status":"closed","ping_status":"closed","template":"","meta":{"_et_pb_use_builder":"on","_et_pb_old_content":"","_et_gb_content_width":"","footnotes":"","_links_to":"","_links_to_target":""},"class_list":["post-67898","page","type-page","status-publish","hentry"],"publishpress_future_action":{"enabled":false,"date":"2026-04-28 11:11:05","action":"change-status","newStatus":"draft","terms":[],"taxonomy":"translation_priority","extraData":[]},"publishpress_future_workflow_manual_trigger":{"enabledWorkflows":[]},"_links":{"self":[{"href":"https:\/\/soib.es\/es\/wp-json\/wp\/v2\/pages\/67898","targetHints":{"allow":["GET"]}}],"collection":[{"href":"https:\/\/soib.es\/es\/wp-json\/wp\/v2\/pages"}],"about":[{"href":"https:\/\/soib.es\/es\/wp-json\/wp\/v2\/types\/page"}],"author":[{"embeddable":true,"href":"https:\/\/soib.es\/es\/wp-json\/wp\/v2\/users\/13"}],"replies":[{"embeddable":true,"href":"https:\/\/soib.es\/es\/wp-json\/wp\/v2\/comments?post=67898"}],"version-history":[{"count":0,"href":"https:\/\/soib.es\/es\/wp-json\/wp\/v2\/pages\/67898\/revisions"}],"wp:attachment":[{"href":"https:\/\/soib.es\/es\/wp-json\/wp\/v2\/media?parent=67898"}],"curies":[{"name":"wp","href":"https:\/\/api.w.org\/{rel}","templated":true}]}}