{"id":67892,"date":"2025-12-02T14:56:05","date_gmt":"2025-12-02T13:56:05","guid":{"rendered":"https:\/\/soib.es\/recursos-formativos-del-sector-tecnologico-en-la-fp-de-la-caib\/"},"modified":"2025-12-02T15:56:43","modified_gmt":"2025-12-02T14:56:43","slug":"recursos-formativos-del-sector-tecnologico-en-la-fp-de-la-caib","status":"publish","type":"page","link":"https:\/\/soib.es\/es\/recursos-formativos-del-sector-tecnologico-en-la-fp-de-la-caib\/","title":{"rendered":"Recursos formativos del sector tecnol\u00f3gico en la FP de la CAIB"},"content":{"rendered":"<p>[et_pb_section fb_built=\u00bb1&#8243; _builder_version=\u00bb4.16&#8243; background_color=\u00bb#f7f7f7&#8243; custom_padding=\u00bb25px|0px|25px|0px\u00bb global_colors_info=\u00bb{}\u00bb][et_pb_row column_structure=\u00bb3_4,1_4&#8243; _builder_version=\u00bb4.27.4&#8243; custom_margin=\u00bb-10px||-5px||false|false\u00bb global_colors_info=\u00bb{}\u00bb][et_pb_column type=\u00bb3_4&#8243; _builder_version=\u00bb4.16&#8243; custom_padding=\u00bb|||\u00bb global_colors_info=\u00bb{}\u00bb custom_padding__hover=\u00bb|||\u00bb][et_pb_text _builder_version=\u00bb4.27.4&#8243; hover_enabled=\u00bb0&#8243; global_colors_info=\u00bb{}\u00bb custom_margin=\u00bb16px||||false|false\u00bb sticky_enabled=\u00bb0&#8243;]<\/p>\n<h2><strong>Recursos formativos del sector tecnol\u00f3gico <\/strong><\/h2>\n<p><\/p>\n<h2><strong>en la Formaci\u00f3n Profesional (FP) del Govern de las Illes Balears<\/strong><\/h2>\n<p>[\/et_pb_text][\/et_pb_column][et_pb_column type=\u00bb1_4&#8243; _builder_version=\u00bb4.16&#8243; custom_padding=\u00bb|||\u00bb global_colors_info=\u00bb{}\u00bb custom_padding__hover=\u00bb|||\u00bb][et_pb_image src=\u00bbhttps:\/\/soib.es\/wp-content\/uploads\/2025\/11\/Logo-FP-CAIB.png\u00bb title_text=\u00bbLogo FP CAIB\u00bb _builder_version=\u00bb4.27.4&#8243; _module_preset=\u00bbdefault\u00bb custom_margin=\u00bb-30px||-40px||false|false\u00bb custom_padding=\u00bb||0px||false|false\u00bb global_colors_info=\u00bb{}\u00bb][\/et_pb_image][\/et_pb_column][\/et_pb_row][\/et_pb_section][et_pb_section fb_built=\u00bb1&#8243; _builder_version=\u00bb4.16&#8243; custom_padding=\u00bb25px|0px|54px|0px\u00bb global_colors_info=\u00bb{}\u00bb][et_pb_row _builder_version=\u00bb4.16&#8243; global_colors_info=\u00bb{}\u00bb][et_pb_column type=\u00bb4_4&#8243; _builder_version=\u00bb4.16&#8243; custom_padding=\u00bb|||\u00bb global_colors_info=\u00bb{}\u00bb custom_padding__hover=\u00bb|||\u00bb][et_pb_text _builder_version=\u00bb4.27.4&#8243; global_colors_info=\u00bb{}\u00bb]<\/p>\n<p>La Formaci\u00f3n Profesional (FP) de la Comunidad Aut\u00f3noma de las Illes Balears (CAIB) es una ense\u00f1anza reglada dependiente de la Consejer\u00eda de Educaci\u00f3n y Universidades del Govern de las Illes Balears. Est\u00e1 orientada a dotar al alumnado de las competencias t\u00e9cnicas y profesionales necesarias para incorporarse al mercado laboral o mejorar su cualificaci\u00f3n profesional..<\/p>\n<p><\/p>\n<p>La Formaci\u00f3n Profesional se estructura en diferentes niveles:<\/p>\n<p><\/p>\n<ul>\n<li>Ciclos Formativos de Grado B\u00e1sico (FB) \u2013 Grados D<\/li>\n<li>Ciclos Formativos de Grado Medio (GM) \u2013 Grados D<\/li>\n<li>Ciclos Formativos de Grado Superior (GS) \u2013 Grados D<\/li>\n<li>Cursos de especializaci\u00f3n \u2013 Grados E<\/li>\n<li>Formaci\u00f3n Profesional Dual (con pr\u00e1cticas en empresa)<\/li>\n<\/ul>\n<p><\/p>\n<p><strong>Formaci\u00f3n en tecnolog\u00eda, telecomunicaciones e inform\u00e1tica<\/strong><\/p>\n<p><\/p>\n<p>Dentro de la oferta de FP de la CAIB hay una familia profesional espec\u00edfica: Inform\u00e1tica y comunicaciones, que incluye formaci\u00f3n altamente especializada y adaptada a las demandas actuales del sector tecnol\u00f3gico. Algunos ciclos destacados son:<\/p>\n<p><\/p>\n<ul>\n<li><strong>Grado medio <\/strong>\n<ul>\n<li>Sistemas microinform\u00e1ticos y redes<\/li>\n<\/ul>\n<p><\/li>\n<p><\/p>\n<li><strong>Grado superior<\/strong>\n<ul>\n<li>Administraci\u00f3n de sistemas inform\u00e1ticos en red (ASIX)<\/li>\n<p><\/p>\n<li>Desarrollo de aplicaciones multiplataforma (DAM)<\/li>\n<p><\/p>\n<li>Desarrollo de aplicaciones web (DAW)<\/li>\n<p><\/ul>\n<p><\/li>\n<p><\/p>\n<li><strong>Cursos de especializaci\u00f3n <\/strong>\n<ul>\n<li>Especializaci\u00f3n en Ciberseguridad en entornos de las tecnolog\u00edas de la informaci\u00f3n<\/li>\n<p><\/p>\n<li>Especializaci\u00f3n en Inteligencia Artificial y Big Data<\/li>\n<p><\/ul>\n<p><\/li>\n<p><\/ul>\n<p><\/p>\n<p>Adem\u00e1s, hay ciclos relacionados con  <strong>electr\u00f3nica, telecomunicaciones y automatizaci\u00f3n<\/strong> en otras familias como Electricidad y Electr\u00f3nica o Instalaci\u00f3n y Mantenimiento, tambi\u00e9n relevantes para el \u00e1mbito tecnol\u00f3gico.<\/p>\n<p><\/p>\n<p>AEstos estudios se imparten en diversos institutos p\u00fablicos de las islas, con modalidad presencial, semipresencial o dual (con pr\u00e1cticas intensivas en empresa) y conducen a titulaciones oficiales reconocidas a nivel nacional y europeo.<\/p>\n<p><\/p>\n<p>\ud83d\udd17 <strong>Web oficial de FP en las Illes Balears<\/strong> (oferta educativa actualizada): <a href=\"https:\/\/www.caib.es\/sites\/fp\/ca\/inici\/\" target=\"_blank\" rel=\"noopener\">https:\/\/www.caib.es\/sites\/fp\/ca\/inici\/<\/a><\/p>\n<p><\/p>\n<p>\ud83d\udd17 <strong>Buscador de ciclos por manzana, modalidad y familia profesional<\/strong>: <a href=\"https:\/\/www.caib.es\/sites\/fp\/ca\/cercador_doferta_formativa\/\" target=\"_blank\" rel=\"noopener\">https:\/\/www.caib.es\/sites\/fp\/ca\/cercador_doferta_formativa\/<\/a><\/p>\n<p>[\/et_pb_text][\/et_pb_column][\/et_pb_row][\/et_pb_section]<\/p>\n","protected":false},"excerpt":{"rendered":"<p>Recursos formativos del sector tecnol\u00f3gico en la Formaci\u00f3n Profesional (FP) del Govern de las Illes BalearsLa Formaci\u00f3n Profesional (FP) de la Comunidad Aut\u00f3noma de las Illes Balears (CAIB) es una ense\u00f1anza reglada dependiente de la Consejer\u00eda de Educaci\u00f3n y Universidades del Govern de las Illes Balears. Est\u00e1 orientada a dotar al alumnado de las competencias [&hellip;]<\/p>\n","protected":false},"author":13,"featured_media":0,"parent":0,"menu_order":0,"comment_status":"closed","ping_status":"closed","template":"","meta":{"_et_pb_use_builder":"on","_et_pb_old_content":"","_et_gb_content_width":"","footnotes":"","_links_to":"","_links_to_target":""},"class_list":["post-67892","page","type-page","status-publish","hentry"],"publishpress_future_action":{"enabled":false,"date":"2026-04-22 00:21:11","action":"change-status","newStatus":"draft","terms":[],"taxonomy":"translation_priority","extraData":[]},"publishpress_future_workflow_manual_trigger":{"enabledWorkflows":[]},"_links":{"self":[{"href":"https:\/\/soib.es\/es\/wp-json\/wp\/v2\/pages\/67892","targetHints":{"allow":["GET"]}}],"collection":[{"href":"https:\/\/soib.es\/es\/wp-json\/wp\/v2\/pages"}],"about":[{"href":"https:\/\/soib.es\/es\/wp-json\/wp\/v2\/types\/page"}],"author":[{"embeddable":true,"href":"https:\/\/soib.es\/es\/wp-json\/wp\/v2\/users\/13"}],"replies":[{"embeddable":true,"href":"https:\/\/soib.es\/es\/wp-json\/wp\/v2\/comments?post=67892"}],"version-history":[{"count":0,"href":"https:\/\/soib.es\/es\/wp-json\/wp\/v2\/pages\/67892\/revisions"}],"wp:attachment":[{"href":"https:\/\/soib.es\/es\/wp-json\/wp\/v2\/media?parent=67892"}],"curies":[{"name":"wp","href":"https:\/\/api.w.org\/{rel}","templated":true}]}}