{"id":67886,"date":"2025-12-02T14:43:43","date_gmt":"2025-12-02T13:43:43","guid":{"rendered":"https:\/\/soib.es\/recursos-formativos-del-sector-tecnologico-en-el-aula-mentor\/"},"modified":"2025-12-02T15:57:10","modified_gmt":"2025-12-02T14:57:10","slug":"recursos-formativos-del-sector-tecnologico-en-el-aula-mentor","status":"publish","type":"page","link":"https:\/\/soib.es\/es\/recursos-formativos-del-sector-tecnologico-en-el-aula-mentor\/","title":{"rendered":"Recursos formativos del sector tecnol\u00f3gico en el Aula Mentor"},"content":{"rendered":"<p>[et_pb_section fb_built=\u00bb1&#8243; _builder_version=\u00bb4.16&#8243; background_color=\u00bb#f7f7f7&#8243; custom_padding=\u00bb25px|0px|25px|0px\u00bb global_colors_info=\u00bb{}\u00bb][et_pb_row _builder_version=\u00bb4.27.4&#8243; custom_margin=\u00bb-20px||-40px||false|false\u00bb global_colors_info=\u00bb{}\u00bb][et_pb_column type=\u00bb4_4&#8243; _builder_version=\u00bb4.16&#8243; custom_padding=\u00bb|||\u00bb global_colors_info=\u00bb{}\u00bb custom_padding__hover=\u00bb|||\u00bb][et_pb_text _builder_version=\u00bb4.27.4&#8243; custom_margin=\u00bb-15px||0px||false|false\u00bb hover_enabled=\u00bb0&#8243; global_colors_info=\u00bb{}\u00bb sticky_enabled=\u00bb0&#8243;]<\/p>\n<h2><strong><img loading=\"lazy\" decoding=\"async\" class=\"wp-image-67271  alignright\" src=\"https:\/\/soib.es\/wp-content\/uploads\/2025\/11\/Logo-Aula-Mentor-300x221.jpg\" alt=\"\" width=\"253\" height=\"186\" \/><\/strong><\/h2>\n<p><\/p>\n<h2>\u00a0<\/h2>\n<p><\/p>\n<h2><strong>Recursos formativos del sector tecnol\u00f3gico\u00a0<\/strong><strong>en Aula Mentor<\/strong><\/h2>\n<p>[\/et_pb_text][\/et_pb_column][\/et_pb_row][\/et_pb_section][et_pb_section fb_built=\u00bb1&#8243; _builder_version=\u00bb4.16&#8243; custom_padding=\u00bb25px|0px|54px|0px\u00bb global_colors_info=\u00bb{}\u00bb][et_pb_row _builder_version=\u00bb4.16&#8243; global_colors_info=\u00bb{}\u00bb][et_pb_column type=\u00bb4_4&#8243; _builder_version=\u00bb4.16&#8243; custom_padding=\u00bb|||\u00bb global_colors_info=\u00bb{}\u00bb custom_padding__hover=\u00bb|||\u00bb][et_pb_text _builder_version=\u00bb4.27.4&#8243; hover_enabled=\u00bb0&#8243; global_colors_info=\u00bb{}\u00bb sticky_enabled=\u00bb0&#8243;]<\/p>\n<p>Aula Mentor es una iniciativa del Ministerio de Educaci\u00f3n, Formaci\u00f3n Profesional y Deportes, en colaboraci\u00f3n con otras administraciones p\u00fablicas e instituciones, que ofrece formaci\u00f3n en l\u00ednea abierta y flexible para personas adultas. Su objetivo es mejorar la cualificaci\u00f3n personal y profesional de la ciudadan\u00eda mediante un sistema de aprendizaje a distancia, accesible desde cualquier lugar y a cualquier ritmo.<\/p>\n<p><\/p>\n<p><strong>Formaci\u00f3n en tecnolog\u00eda, telecomunicaciones e inform\u00e1tica<\/strong><\/p>\n<p><\/p>\n<p>Aula Mentor cuenta con una amplia oferta formativa en \u00e1reas tecnol\u00f3gicas, dirigida tanto a personas que buscan iniciarse como a las que desean especializarse o actualizar conocimientos. Algunos de los cursos destacados en estas \u00e1reas son:<\/p>\n<p><\/p>\n<ul>\n<li>Inform\u00e1tica e Internet b\u00e1sica<\/li>\n<li>Ofim\u00e1tica (LibreOffice, Microsoft Office, etc.)<\/li>\n<li>Dise\u00f1o web (HTML, CSS, WordPress)<\/li>\n<li>Programaci\u00f3n (Python, Java, JavaScript, PHP, etc.)<\/li>\n<li>Administraci\u00f3n de sistemas operativos (Windows, Linux)<\/li>\n<li>Redes y telecomunicaciones<\/li>\n<li>Seguridad inform\u00e1tica<\/li>\n<li>Dise\u00f1o gr\u00e1fico y CAD<\/li>\n<li>Edici\u00f3n de imagen y v\u00eddeo<\/li>\n<li>Big Data y an\u00e1lisis de datos<\/li>\n<li>Certificaciones oficiales (por ejemplo, CISCO CCNA en algunos centros)<\/li>\n<\/ul>\n<p><\/p>\n<p>Los cursos son de pago (precios accesibles), tutorizados y al completarlos con evaluaci\u00f3n positiva se obtiene un certificado oficial del Ministerio.<\/p>\n<p><\/p>\n<p>\ud83d\udd17 <strong>Web oficial y cat\u00e1logo de cursos<\/strong>: <a href=\"https:\/\/aulamentor.es\/\" target=\"_blank\" rel=\"noopener\">https:\/\/aulamentor.es\/<\/a><\/p>\n<p>[\/et_pb_text][\/et_pb_column][\/et_pb_row][\/et_pb_section]<\/p>\n","protected":false},"excerpt":{"rendered":"<p>\u00a0Recursos formativos del sector tecnol\u00f3gico\u00a0en Aula MentorAula Mentor es una iniciativa del Ministerio de Educaci\u00f3n, Formaci\u00f3n Profesional y Deportes, en colaboraci\u00f3n con otras administraciones p\u00fablicas e instituciones, que ofrece formaci\u00f3n en l\u00ednea abierta y flexible para personas adultas. Su objetivo es mejorar la cualificaci\u00f3n personal y profesional de la ciudadan\u00eda mediante un sistema de aprendizaje [&hellip;]<\/p>\n","protected":false},"author":13,"featured_media":0,"parent":0,"menu_order":0,"comment_status":"closed","ping_status":"closed","template":"","meta":{"_et_pb_use_builder":"on","_et_pb_old_content":"","_et_gb_content_width":"","footnotes":"","_links_to":"","_links_to_target":""},"class_list":["post-67886","page","type-page","status-publish","hentry"],"publishpress_future_action":{"enabled":false,"date":"2026-04-22 10:24:55","action":"change-status","newStatus":"draft","terms":[],"taxonomy":"translation_priority","extraData":[]},"publishpress_future_workflow_manual_trigger":{"enabledWorkflows":[]},"_links":{"self":[{"href":"https:\/\/soib.es\/es\/wp-json\/wp\/v2\/pages\/67886","targetHints":{"allow":["GET"]}}],"collection":[{"href":"https:\/\/soib.es\/es\/wp-json\/wp\/v2\/pages"}],"about":[{"href":"https:\/\/soib.es\/es\/wp-json\/wp\/v2\/types\/page"}],"author":[{"embeddable":true,"href":"https:\/\/soib.es\/es\/wp-json\/wp\/v2\/users\/13"}],"replies":[{"embeddable":true,"href":"https:\/\/soib.es\/es\/wp-json\/wp\/v2\/comments?post=67886"}],"version-history":[{"count":0,"href":"https:\/\/soib.es\/es\/wp-json\/wp\/v2\/pages\/67886\/revisions"}],"wp:attachment":[{"href":"https:\/\/soib.es\/es\/wp-json\/wp\/v2\/media?parent=67886"}],"curies":[{"name":"wp","href":"https:\/\/api.w.org\/{rel}","templated":true}]}}