{"id":67881,"date":"2025-12-02T14:14:47","date_gmt":"2025-12-02T13:14:47","guid":{"rendered":"https:\/\/soib.es\/recursos-formativos-del-sector-tecnologico-en-la-ensenanza-de-personas-adultas-de-la-caib\/"},"modified":"2025-12-02T15:56:19","modified_gmt":"2025-12-02T14:56:19","slug":"recursos-formativos-del-sector-tecnologico-en-la-ensenanza-de-personas-adultas-de-la-caib","status":"publish","type":"page","link":"https:\/\/soib.es\/es\/recursos-formativos-del-sector-tecnologico-en-la-ensenanza-de-personas-adultas-de-la-caib\/","title":{"rendered":"Recursos formativos del sector tecnol\u00f3gico en la ense\u00f1anza de personas adultas de la CAIB"},"content":{"rendered":"<p>[et_pb_section fb_built=\u00bb1&#8243; _builder_version=\u00bb4.16&#8243; background_color=\u00bb#f7f7f7&#8243; custom_padding=\u00bb25px|0px|25px|0px\u00bb global_colors_info=\u00bb{}\u00bb][et_pb_row column_structure=\u00bb3_4,1_4&#8243; _builder_version=\u00bb4.27.4&#8243; custom_margin=\u00bb||-10px||false|false\u00bb global_colors_info=\u00bb{}\u00bb][et_pb_column type=\u00bb3_4&#8243; _builder_version=\u00bb4.16&#8243; custom_padding=\u00bb|||\u00bb global_colors_info=\u00bb{}\u00bb custom_padding__hover=\u00bb|||\u00bb][et_pb_text _builder_version=\u00bb4.27.4&#8243; hover_enabled=\u00bb0&#8243; global_colors_info=\u00bb{}\u00bb sticky_enabled=\u00bb0&#8243;]<\/p>\n<h2>\u00a0<\/h2>\n<p><\/p>\n<h2>\u00a0<\/h2>\n<p><\/p>\n<h2><strong>Recursos formativos del sector tecnol\u00f3gico\u00a0<\/strong><strong>en la Ense\u00f1anza<\/strong><\/h2>\n<p><\/p>\n<h2><strong> para Personas Adultas de la CAIB<\/strong><\/h2>\n<p>[\/et_pb_text][\/et_pb_column][et_pb_column type=\u00bb1_4&#8243; _builder_version=\u00bb4.16&#8243; custom_padding=\u00bb|||\u00bb global_colors_info=\u00bb{}\u00bb custom_padding__hover=\u00bb|||\u00bb][et_pb_image src=\u00bbhttps:\/\/soib.es\/wp-content\/uploads\/2025\/11\/Logo-ensenyament-adults-CAIB.png\u00bb title_text=\u00bbLogo ensenyament adults CAIB\u00bb _builder_version=\u00bb4.27.4&#8243; _module_preset=\u00bbdefault\u00bb custom_margin=\u00bb-40px||-40px||false|false\u00bb hover_enabled=\u00bb0&#8243; global_colors_info=\u00bb{}\u00bb sticky_enabled=\u00bb0&#8243;][\/et_pb_image][\/et_pb_column][\/et_pb_row][\/et_pb_section][et_pb_section fb_built=\u00bb1&#8243; _builder_version=\u00bb4.16&#8243; custom_padding=\u00bb25px|0px|54px|0px\u00bb global_colors_info=\u00bb{}\u00bb][et_pb_row _builder_version=\u00bb4.16&#8243; global_colors_info=\u00bb{}\u00bb][et_pb_column type=\u00bb4_4&#8243; _builder_version=\u00bb4.16&#8243; custom_padding=\u00bb|||\u00bb global_colors_info=\u00bb{}\u00bb custom_padding__hover=\u00bb|||\u00bb][et_pb_text _builder_version=\u00bb4.27.4&#8243; hover_enabled=\u00bb0&#8243; global_colors_info=\u00bb{}\u00bb sticky_enabled=\u00bb0&#8243;]<\/p>\n<p>Las Ense\u00f1anzas para Personas Adultas de la Comunidad Aut\u00f3noma de las Illes Balears (CAIB) son una oferta educativa oficial gestionada por la Consejer\u00eda de Educaci\u00f3n y Universidades, dise\u00f1ada para facilitar el acceso a la educaci\u00f3n y la mejora de competencias de las personas adultas. Estos estudios se imparten en los Centros de Educaci\u00f3n de Personas Adultas (CEPA) distribuidos por todas las islas.<br \/>Esta oferta formativa est\u00e1 orientada a personas mayores de 18 a\u00f1os (o mayores de 16 con requisitos espec\u00edficos) que quieran obtener una titulaci\u00f3n oficial, adquirir nuevas competencias, mejorar su empleabilidad o acceder a otros niveles educativos.<\/p>\n<p><\/p>\n<p><strong>Formaci\u00f3n relacionada con tecnolog\u00eda, telecomunicaciones e inform\u00e1tica<\/strong><\/p>\n<p><\/p>\n<p>Dentro de las Ense\u00f1anzas para Personas Adultas se incluye tanto formaci\u00f3n reglada como no reglada, y en ambas modalidades se ofrecen contenidos vinculados al \u00e1mbito tecnol\u00f3gico:<\/p>\n<p><\/p>\n<p>\ud83e\udde9 <strong>Formaci\u00f3n reglada<\/strong><\/p>\n<p><\/p>\n<ul>\n<li>Ense\u00f1anza Secundaria para Personas Adultas (ESPA): incluye el desarrollo de competencias digitales b\u00e1sicas en el \u00e1mbito cientificotecnol\u00f3gico.<\/li>\n<li>Acceso a ciclos formativos o universidad: preparaci\u00f3n con apoyo TIC y plataformas educativas digitales.<\/li>\n<\/ul>\n<p><\/p>\n<p>\ud83d\udda5 <strong>Formaci\u00f3n no reglada o complementaria<\/strong><\/p>\n<p><\/p>\n<p>Muchos CEPA ofrecen cursos espec\u00edficos en el \u00e1mbito digital y tecnol\u00f3gico como parte de su oferta formativa complementaria, entre los cuales:<\/p>\n<p><\/p>\n<ul>\n<li>Inform\u00e1tica b\u00e1sica para personas adultas.<\/li>\n<li>Ofim\u00e1tica (procesadores de texto, hojas de c\u00e1lculo, presentaciones).<\/li>\n<li>Alfabetizaci\u00f3n digital.<\/li>\n<li>Uso seguro de Internet y redes sociales.<\/li>\n<li>Competencies digitales aplicadas al trabajo y la vida diaria.<\/li>\n<li>En algunos casos, introducci\u00f3n al uso de tel\u00e9fonos inteligentes, tabletas o certificados digitales.<\/li>\n<\/ul>\n<p><\/p>\n<p>Esta formaci\u00f3n es gratuita o con precios muy reducidos, y representa una puerta clave para que la poblaci\u00f3n adulta acceda m\u00e1s adelante a formaci\u00f3n profesional, certificados profesionales o empleo en sectores tecnol\u00f3gicos.<\/p>\n<p><\/p>\n<p>\ud83d\udd17 <strong>Web oficial de Ense\u00f1anzas para Personas Adultas &#8211; CAIB<\/strong>: <a href=\"https:\/\/www.caib.es\/sites\/educacio_per_adults\/ca\/inici\/\" target=\"_blank\" rel=\"noopener\">https:\/\/www.caib.es\/sites\/educacio_per_adults\/ca\/inici\/<\/a><\/p>\n<p><\/p>\n<p>\ud83d\udd17 <strong>Mapa y contacto de todos los CEPA de Balears<\/strong>: <a href=\"https:\/\/www.caib.es\/sites\/ensenyamentsforadelescola\/ca\/centres_1\/\" target=\"_blank\" rel=\"noopener\">https:\/\/www.caib.es\/sites\/ensenyamentsforadelescola\/ca\/centres_1\/<\/a><\/p>\n<p>[\/et_pb_text][\/et_pb_column][\/et_pb_row][\/et_pb_section]<\/p>\n","protected":false},"excerpt":{"rendered":"<p>\u00a0\u00a0Recursos formativos del sector tecnol\u00f3gico\u00a0en la Ense\u00f1anza para Personas Adultas de la CAIBLas Ense\u00f1anzas para Personas Adultas de la Comunidad Aut\u00f3noma de las Illes Balears (CAIB) son una oferta educativa oficial gestionada por la Consejer\u00eda de Educaci\u00f3n y Universidades, dise\u00f1ada para facilitar el acceso a la educaci\u00f3n y la mejora de competencias de las personas [&hellip;]<\/p>\n","protected":false},"author":13,"featured_media":0,"parent":0,"menu_order":0,"comment_status":"closed","ping_status":"closed","template":"","meta":{"_et_pb_use_builder":"on","_et_pb_old_content":"","_et_gb_content_width":"","footnotes":"","_links_to":"","_links_to_target":""},"class_list":["post-67881","page","type-page","status-publish","hentry"],"publishpress_future_action":{"enabled":false,"date":"2026-04-22 10:44:15","action":"change-status","newStatus":"draft","terms":[],"taxonomy":"translation_priority","extraData":[]},"publishpress_future_workflow_manual_trigger":{"enabledWorkflows":[]},"_links":{"self":[{"href":"https:\/\/soib.es\/es\/wp-json\/wp\/v2\/pages\/67881","targetHints":{"allow":["GET"]}}],"collection":[{"href":"https:\/\/soib.es\/es\/wp-json\/wp\/v2\/pages"}],"about":[{"href":"https:\/\/soib.es\/es\/wp-json\/wp\/v2\/types\/page"}],"author":[{"embeddable":true,"href":"https:\/\/soib.es\/es\/wp-json\/wp\/v2\/users\/13"}],"replies":[{"embeddable":true,"href":"https:\/\/soib.es\/es\/wp-json\/wp\/v2\/comments?post=67881"}],"version-history":[{"count":0,"href":"https:\/\/soib.es\/es\/wp-json\/wp\/v2\/pages\/67881\/revisions"}],"wp:attachment":[{"href":"https:\/\/soib.es\/es\/wp-json\/wp\/v2\/media?parent=67881"}],"curies":[{"name":"wp","href":"https:\/\/api.w.org\/{rel}","templated":true}]}}