{"id":67872,"date":"2025-12-02T13:44:20","date_gmt":"2025-12-02T12:44:20","guid":{"rendered":"https:\/\/soib.es\/buenas-practicas-coe-balears\/"},"modified":"2025-12-02T13:44:26","modified_gmt":"2025-12-02T12:44:26","slug":"buenas-practicas-coe-balears","status":"publish","type":"page","link":"https:\/\/soib.es\/es\/buenas-practicas-coe-balears\/","title":{"rendered":"Buenas pr\u00e1cticas COE Balears"},"content":{"rendered":"<p>[et_pb_section fb_built=\u00bb1&#8243; _builder_version=\u00bb4.16&#8243; background_color=\u00bb#f7f7f7&#8243; custom_padding=\u00bb25px|0px|25px|0px\u00bb global_colors_info=\u00bb{}\u00bb][et_pb_row column_structure=\u00bb3_4,1_4&#8243; _builder_version=\u00bb4.16&#8243; global_colors_info=\u00bb{}\u00bb][et_pb_column type=\u00bb3_4&#8243; _builder_version=\u00bb4.16&#8243; custom_padding=\u00bb|||\u00bb global_colors_info=\u00bb{}\u00bb custom_padding__hover=\u00bb|||\u00bb][et_pb_text _builder_version=\u00bb4.27.4&#8243; global_colors_info=\u00bb{}\u00bb]<\/p>\n<h1><strong>Buenas pr\u00e1cticas COE Balears<\/strong><\/h1>\n<p>[\/et_pb_text][\/et_pb_column][et_pb_column type=\u00bb1_4&#8243; _builder_version=\u00bb4.16&#8243; custom_padding=\u00bb|||\u00bb global_colors_info=\u00bb{}\u00bb custom_padding__hover=\u00bb|||\u00bb][et_pb_image src=\u00bbhttps:\/\/soib.es\/wp-content\/uploads\/2025\/09\/Imatge-1-bones-practiques-COE.png\u00bb title_text=\u00bbImatge 1 bones pr\u00e0ctiques COE\u00bb _builder_version=\u00bb4.27.4&#8243; _module_preset=\u00bbdefault\u00bb global_colors_info=\u00bb{}\u00bb][\/et_pb_image][\/et_pb_column][\/et_pb_row][\/et_pb_section][et_pb_section fb_built=\u00bb1&#8243; _builder_version=\u00bb4.16&#8243; custom_padding=\u00bb25px|0px|54px|0px\u00bb global_colors_info=\u00bb{}\u00bb][et_pb_row _builder_version=\u00bb4.16&#8243; global_colors_info=\u00bb{}\u00bb][et_pb_column type=\u00bb4_4&#8243; _builder_version=\u00bb4.16&#8243; custom_padding=\u00bb|||\u00bb global_colors_info=\u00bb{}\u00bb custom_padding__hover=\u00bb|||\u00bb][et_pb_text _builder_version=\u00bb4.27.4&#8243; global_colors_info=\u00bb{}\u00bb]<\/p>\n<p>Las <strong>buenas pr\u00e1cticas<\/strong> son aquellos <strong>m\u00e9todos y procedimientos<\/strong> que han demostrado ser los m\u00e1s efectivos y eficientes para alcanzar los objetivos de empleo y formaci\u00f3n. Estas pr\u00e1cticas se basan en la experiencia acumulada y en la evidencia emp\u00edrica, y est\u00e1n dise\u00f1adas para optimizar la calidad y la eficiencia en la gesti\u00f3n de programas de empleo, la formaci\u00f3n profesional y la inserci\u00f3n laboral.<\/p>\n<p><\/p>\n<p>Las buenas pr\u00e1cticas incluyen la implementaci\u00f3n de <strong>estrategias innovadoras<\/strong>, el uso de <strong>tecnolog\u00edas avanzadas<\/strong> y la <strong>colaboraci\u00f3n<\/strong> con diferentes actores del mercado laboral para asegurar que los servicios ofrecidos sean de la m\u00e1s alta calidad y respondan a las necesidades reales de las personas usuarias.<\/p>\n<p><\/p>\n<p><strong>Compartir las buenas pr\u00e1cticas<\/strong> nos permitir\u00e1:<\/p>\n<p><\/p>\n<ul>\n<li>Enriquecer y mejorar los programas de empleo: las entidades pueden aprender de las experiencias de otras e incorporar metodolog\u00edas innovadoras y eficaces.<\/li>\n<li>Generar un efecto multiplicador: las buenas pr\u00e1cticas pueden ser replicadas y adaptadas a otros contextos para beneficiar a un mayor n\u00famero de personas.<\/li>\n<li>Optimizar el uso de los recursos: la identificaci\u00f3n y difusi\u00f3n de buenas pr\u00e1cticas permite evitar la duplicidad de esfuerzos y garantizar que los recursos se inviertan en las intervenciones m\u00e1s eficaces.<\/li>\n<li>Fomentar la colaboraci\u00f3n y el trabajo en red: la compartici\u00f3n de buenas pr\u00e1cticas promueve la colaboraci\u00f3n entre las entidades del tercer sector y otros agentes implicados en la inserci\u00f3n laboral.<\/li>\n<\/ul>\n<p><\/p>\n<p><img loading=\"lazy\" decoding=\"async\" class=\"wp-image-67110  aligncenter\" src=\"https:\/\/soib.es\/wp-content\/uploads\/2025\/11\/Bones-practiques-COE.png\" alt=\"\" width=\"364\" height=\"270\" \/><\/p>\n<p><\/p>\n<p>Compartir iniciativas transferibles a otros territorios, sectores o \u00e1mbitos de actuaci\u00f3n que puedan ser consideradas buenas pr\u00e1cticas facilita el <em>benchlearning<\/em> (aprendizaje por comparaci\u00f3n) en el seno del Sistema Nacional de Empleo. Documentar e intercambiar buenas pr\u00e1cticas permite a un Servicio P\u00fablico de Empleo aprender de las propias experiencias y de la de otros. Estos conocimientos los pueden convertir en medidas concretas y fortalecer sus capacidades para mejorar los resultados y responder m\u00e1s r\u00e1pidamente y eficazmente a los diversos cambios.<\/p>\n<p><\/p>\n<p>El <strong>RD 818\/2021<\/strong>, de 28 de septiembre, por el cual se regulan los <strong>programas comunes de activaci\u00f3n para el empleo del Sistema Nacional de Empleo<strong>, en el <strong>art\u00edculo 88<\/strong>, expone que los servicios p\u00fablicos de empleo tienen la funci\u00f3n de evaluar los programas de orientaci\u00f3n, de prospecci\u00f3n e intermediaci\u00f3n laboral y de emprendimiento que se puedan calificar de <strong>buenas pr\u00e1cticas<\/strong>, tanto en lo que respecta a programas propios para transferir el conocimiento al resto de servicios p\u00fablicos de empleo, como a programas externos para aplicarlos, si procede, al territorio respectivo.<\/p>\n<p><\/p>\n<p>La LXXXIV Conferencia Sectorial de Empleo y Asuntos Laborales y el Consejo General del Sistema Nacional de Empleo aprobaron el 4 de abril del 2024 el <a href=\"https:\/\/soib.es\/wp-content\/uploads\/2025\/11\/Protocolo-identificacion-BBPP-SNE-Version-actualizada_20250521.pdf\" target=\"_blank\" rel=\"noopener\"><strong>Protocolo de identificaci\u00f3n de buenas pr\u00e1cticas del Sistema Nacional de Empleo<\/strong><\/a>, una gu\u00eda metodol\u00f3gica de identificaci\u00f3n, recopilaci\u00f3n y almacenamiento de buenas pr\u00e1cticas en el Sistema Nacional de Empleo.<\/p>\n<p><\/p>\n<p>A continuaci\u00f3n os presentamos una <strong>Buena Pr\u00e1ctica<\/strong> identificada y evaluada dentro del <strong>Servicio P\u00fablico de Empleo de las Illes Balears (SOIB)<\/strong>:<\/p>\n<div id=\"attachment_67117\" style=\"width: 517px\" class=\"wp-caption aligncenter\"><a href=\"https:\/\/soib.es\/wp-content\/uploads\/2025\/11\/Buena-Practica_SOIB_2024.pdf\"><img loading=\"lazy\" decoding=\"async\" aria-describedby=\"caption-attachment-67117\" class=\"wp-image-67116 \" src=\"https:\/\/soib.es\/wp-content\/uploads\/2025\/11\/Bona-practica-oficina-sectorial-SOIB-EHIB-2.png\" alt=\"\" width=\"507\" height=\"371\" \/><\/a><p id=\"caption-attachment-67117\" class=\"wp-caption-text\"><a href=\"https:\/\/soib.es\/wp-content\/uploads\/2025\/11\/Buena-Practica_SOIB_2024.pdf\" target=\"_blank\" rel=\"noopener\"><strong>Buena Pr\u00e1ctica: Oficina Sectorial de Hosteler\u00eda y Turismo &#8211; Divisi\u00f3n N\u00e1utica (2024)<\/strong><\/a><\/p><\/div>\n<p>Con esta iniciativa se quiso identificar, evaluar y presentar una buena pr\u00e1ctica auton\u00f3mica en orientaci\u00f3n y\/o intermediaci\u00f3n laboral en el marco del Servicio de Empleo de las Illes Balears (SOIB).<\/p>\n<p><\/p>\n<p>El <strong>objetivo<\/strong> principal de esta iniciativa es proporcionar un servicio integral y especializado de intermediaci\u00f3n laboral, formaci\u00f3n y orientaci\u00f3n que responda a las necesidades del mercado laboral en los sectores estrat\u00e9gicos de hosteler\u00eda, turismo y n\u00e1utica en las Illes Balears. Esta pr\u00e1ctica busca mejorar la empleabilidad y la cualificaci\u00f3c de las personas demandantes de empleo, as\u00ed como cubrir las necesidades de personal cualificat en estos sectores.<\/p>\n<p>[\/et_pb_text][\/et_pb_column][\/et_pb_row][\/et_pb_section]<\/p>\n","protected":false},"excerpt":{"rendered":"<p>Buenas pr\u00e1cticas COE BalearsLas buenas pr\u00e1cticas son aquellos m\u00e9todos y procedimientos que han demostrado ser los m\u00e1s efectivos y eficientes para alcanzar los objetivos de empleo y formaci\u00f3n. Estas pr\u00e1cticas se basan en la experiencia acumulada y en la evidencia emp\u00edrica, y est\u00e1n dise\u00f1adas para optimizar la calidad y la eficiencia en la gesti\u00f3n de [&hellip;]<\/p>\n","protected":false},"author":13,"featured_media":0,"parent":0,"menu_order":0,"comment_status":"closed","ping_status":"closed","template":"","meta":{"_et_pb_use_builder":"on","_et_pb_old_content":"","_et_gb_content_width":"","footnotes":"","_links_to":"","_links_to_target":""},"class_list":["post-67872","page","type-page","status-publish","hentry"],"publishpress_future_action":{"enabled":false,"date":"2026-04-22 09:05:35","action":"change-status","newStatus":"draft","terms":[],"taxonomy":"translation_priority","extraData":[]},"publishpress_future_workflow_manual_trigger":{"enabledWorkflows":[]},"_links":{"self":[{"href":"https:\/\/soib.es\/es\/wp-json\/wp\/v2\/pages\/67872","targetHints":{"allow":["GET"]}}],"collection":[{"href":"https:\/\/soib.es\/es\/wp-json\/wp\/v2\/pages"}],"about":[{"href":"https:\/\/soib.es\/es\/wp-json\/wp\/v2\/types\/page"}],"author":[{"embeddable":true,"href":"https:\/\/soib.es\/es\/wp-json\/wp\/v2\/users\/13"}],"replies":[{"embeddable":true,"href":"https:\/\/soib.es\/es\/wp-json\/wp\/v2\/comments?post=67872"}],"version-history":[{"count":0,"href":"https:\/\/soib.es\/es\/wp-json\/wp\/v2\/pages\/67872\/revisions"}],"wp:attachment":[{"href":"https:\/\/soib.es\/es\/wp-json\/wp\/v2\/media?parent=67872"}],"curies":[{"name":"wp","href":"https:\/\/api.w.org\/{rel}","templated":true}]}}