{"id":67866,"date":"2025-12-02T12:40:24","date_gmt":"2025-12-02T11:40:24","guid":{"rendered":"https:\/\/soib.es\/formacion-del-sector-tecnologico\/"},"modified":"2025-12-02T16:08:58","modified_gmt":"2025-12-02T15:08:58","slug":"formacion-del-sector-tecnologico","status":"publish","type":"page","link":"https:\/\/soib.es\/es\/formacion-del-sector-tecnologico\/","title":{"rendered":"Formaci\u00f3n del sector tecnol\u00f3gico"},"content":{"rendered":"<p>[et_pb_section fb_built=\u00bb1&#8243; _builder_version=\u00bb4.16&#8243; background_color=\u00bb#f7f7f7&#8243; custom_padding=\u00bb25px|0px|25px|0px\u00bb global_colors_info=\u00bb{}\u00bb][et_pb_row _builder_version=\u00bb4.16&#8243; global_colors_info=\u00bb{}\u00bb][et_pb_column type=\u00bb4_4&#8243; _builder_version=\u00bb4.16&#8243; custom_padding=\u00bb|||\u00bb global_colors_info=\u00bb{}\u00bb custom_padding__hover=\u00bb|||\u00bb][et_pb_text _builder_version=\u00bb4.27.4&#8243; global_colors_info=\u00bb{}\u00bb]<\/p>\n<h1><strong>Formaci\u00f3n del sector tecnol\u00f3gico<\/strong><\/h1>\n<p>[\/et_pb_text][\/et_pb_column][\/et_pb_row][\/et_pb_section][et_pb_section fb_built=\u00bb1&#8243; _builder_version=\u00bb4.16&#8243; custom_padding=\u00bb25px|0px|54px|0px\u00bb global_colors_info=\u00bb{}\u00bb][et_pb_row _builder_version=\u00bb4.16&#8243; global_colors_info=\u00bb{}\u00bb][et_pb_column type=\u00bb4_4&#8243; _builder_version=\u00bb4.16&#8243; custom_padding=\u00bb|||\u00bb global_colors_info=\u00bb{}\u00bb custom_padding__hover=\u00bb|||\u00bb][et_pb_text _builder_version=\u00bb4.27.4&#8243; hover_enabled=\u00bb0&#8243; global_colors_info=\u00bb{}\u00bb sticky_enabled=\u00bb0&#8243;]<\/p>\n<p>El Centro de Orientaci\u00f3n, Emprendimiento e Innovaci\u00f3n para el Empleo (COE) de Balears, en l\u00ednea con las directrices del SEPE y el Plan de Actividad 2025, busca fortalecer el sector tecnol\u00f3gico como una oportunidad clave para el desarrollo formativo y laboral. Una de las actividades prioritarias dentro de este objetivo es la <strong>creaci\u00f3n de una base de datos de recursos formativos del sector tecnol\u00f3gico<\/strong>, que permita un acceso estructurado y eficiente a las oportunidades de formaci\u00f3n en el sector.<\/p>\n<p><\/p>\n<p><img loading=\"lazy\" decoding=\"async\" class=\"wp-image-67187 size-full alignnone\" src=\"https:\/\/soib.es\/wp-content\/uploads\/2025\/11\/sector-tecnologic-COE_1.png\" alt=\"\" width=\"472\" height=\"266\" srcset=\"https:\/\/soib.es\/wp-content\/uploads\/2025\/11\/sector-tecnologic-COE_1.png 472w, https:\/\/soib.es\/wp-content\/uploads\/2025\/11\/sector-tecnologic-COE_1-300x169.png 300w\" sizes=\"(max-width: 472px) 100vw, 472px\" \/><img loading=\"lazy\" decoding=\"async\" class=\"wp-image-67185  alignright\" src=\"https:\/\/soib.es\/wp-content\/uploads\/2025\/11\/sector-tecnologic-COE_2.png\" alt=\"\" width=\"383\" height=\"255\" \/><\/p>\n<p><\/p>\n<p>Los centros COE, como parte del SEPE, tienen un papel fundamental en la orientaci\u00f3n, el asesoramiento y la innovaci\u00f3n en los procesos de formaci\u00f3n y empleo. Su tarea se centra en ofrecer herramientas actualizadas que permitan a la ciudadan\u00eda acceder a informaci\u00f3n relevante sobre formaciones alineadas con la demanda del mercado laboral.<\/p>\n<p><\/p>\n<p><img loading=\"lazy\" decoding=\"async\" class=\"alignnone wp-image-67191 \" src=\"https:\/\/soib.es\/wp-content\/uploads\/2025\/11\/sector-tecnologic-COE_3.png\" alt=\"\" width=\"584\" height=\"244\" srcset=\"https:\/\/soib.es\/wp-content\/uploads\/2025\/11\/sector-tecnologic-COE_3.png 584w, https:\/\/soib.es\/wp-content\/uploads\/2025\/11\/sector-tecnologic-COE_3-480x200.png 480w\" sizes=\"(min-width: 0px) and (max-width: 480px) 480px, (min-width: 481px) 584px, 100vw\" \/><img loading=\"lazy\" decoding=\"async\" class=\"alignright wp-image-67189 \" src=\"https:\/\/soib.es\/wp-content\/uploads\/2025\/11\/sector-tecnologic-COE_4.png\" alt=\"\" width=\"390\" height=\"238\" \/><\/p>\n<p><\/p>\n<p>La <strong>necesidad<\/strong> de esta base de datos surge de diversos factores clave:<\/p>\n<p><\/p>\n<ul>\n<li>Fragmentaci\u00f3n de la informaci\u00f3n: actualmente, la oferta formativa se encuentra distribuida\u00a0en m\u00faltiples plataformas y fuentes, lo que dificulta su consulta y aprovechamiento.<\/li>\n<li>Crecimiento del sector tecnol\u00f3gico: la transformaci\u00f3n digital genera nuevos nichos de empleo, pero muchas personas desconocen las oportunidades de formaci\u00f3n disponibles para acceder a estos sectores emergentes.<\/li>\n<li>Optimizaci\u00f3n de la empleabilidad: facilitar el acceso a recursos formativos en tecnolog\u00eda permitir\u00e1 mejorar la empleabilidad y potenciar la capacitaci\u00f3n en sectores con alta demanda.<\/li>\n<\/ul>\n<p><\/p>\n<p>Los <strong>recursos formativos del sector tecnol\u00f3gico<\/strong> que podemos encontrar en las Illes Balears son los siguientes:<\/p>\n<p>[\/et_pb_text][\/et_pb_column][\/et_pb_row][et_pb_row column_structure=\u00bb1_2,1_2&#8243; _builder_version=\u00bb4.16&#8243; global_colors_info=\u00bb{}\u00bb][et_pb_column type=\u00bb1_2&#8243; _builder_version=\u00bb4.16&#8243; custom_padding=\u00bb|||\u00bb global_colors_info=\u00bb{}\u00bb custom_padding__hover=\u00bb|||\u00bb][et_pb_button button_url=\u00bbhttps:\/\/soib.es\/es\/recursos-formativos-del-sector-tecnologico-en-el-soib\/\u00bb url_new_window=\u00bbon\u00bb button_text=\u00bbSOIB &#8211; Servei d\u2019Ocupaci\u00f3 de les Illes Balears\u00bb _builder_version=\u00bb4.27.4&#8243; _module_preset=\u00bbdefault\u00bb custom_button=\u00bbon\u00bb button_text_size=\u00bb16px\u00bb button_text_color=\u00bb#cb023e\u00bb button_bg_color=\u00bb#FFFFFF\u00bb button_border_width=\u00bb1px\u00bb button_border_color=\u00bb#cb023e\u00bb button_icon=\u00bb&#xe07e;||divi||400&#8243; button_icon_placement=\u00bbleft\u00bb button_on_hover=\u00bboff\u00bb locked=\u00bboff\u00bb global_colors_info=\u00bb{}\u00bb][\/et_pb_button][et_pb_button button_url=\u00bbhttps:\/\/soib.es\/es\/recursos-formativos-del-sector-tecnologico-en-el-sepe\/\u00bb url_new_window=\u00bbon\u00bb button_text=\u00bbServicio P\u00fablico de Empleo Estatal (SEPE Formaci\u00f3n)\u00bb _builder_version=\u00bb4.27.4&#8243; _module_preset=\u00bbdefault\u00bb custom_button=\u00bbon\u00bb button_text_size=\u00bb16px\u00bb button_text_color=\u00bb#cb023e\u00bb button_bg_color=\u00bb#FFFFFF\u00bb button_border_width=\u00bb1px\u00bb button_border_color=\u00bb#cb023e\u00bb button_icon=\u00bb&#xe07e;||divi||400&#8243; button_icon_placement=\u00bbleft\u00bb button_on_hover=\u00bboff\u00bb locked=\u00bboff\u00bb global_colors_info=\u00bb{}\u00bb][\/et_pb_button][et_pb_button button_url=\u00bbhttps:\/\/soib.es\/es\/recursos-formativos-del-sector-tecnologico-en-la-uib\/\u00bb url_new_window=\u00bbon\u00bb button_text=\u00bbUniversidad de las Illes Balears (UIB)\u00bb _builder_version=\u00bb4.27.4&#8243; _module_preset=\u00bbdefault\u00bb custom_button=\u00bbon\u00bb button_text_size=\u00bb16px\u00bb button_text_color=\u00bb#cb023e\u00bb button_bg_color=\u00bb#FFFFFF\u00bb button_border_width=\u00bb1px\u00bb button_border_color=\u00bb#cb023e\u00bb button_icon=\u00bb&#xe07e;||divi||400&#8243; button_icon_placement=\u00bbleft\u00bb button_on_hover=\u00bboff\u00bb locked=\u00bboff\u00bb global_colors_info=\u00bb{}\u00bb][\/et_pb_button][et_pb_button button_url=\u00bbhttps:\/\/soib.es\/es\/recursos-formativos-del-sector-tecnologico-en-la-fundae\/\u00bb url_new_window=\u00bbon\u00bb button_text=\u00bbFUNDAE &#8211; Fundaci\u00f3n Estatal para la Formaci\u00f3n en el Empleo\u00bb _builder_version=\u00bb4.27.4&#8243; _module_preset=\u00bbdefault\u00bb custom_button=\u00bbon\u00bb button_text_size=\u00bb16px\u00bb button_text_color=\u00bb#cb023e\u00bb button_bg_color=\u00bb#FFFFFF\u00bb button_border_width=\u00bb1px\u00bb button_border_color=\u00bb#cb023e\u00bb button_icon=\u00bb&#xe07e;||divi||400&#8243; button_icon_placement=\u00bbleft\u00bb button_on_hover=\u00bboff\u00bb locked=\u00bboff\u00bb global_colors_info=\u00bb{}\u00bb][\/et_pb_button][\/et_pb_column][et_pb_column type=\u00bb1_2&#8243; _builder_version=\u00bb4.27.4&#8243; _module_preset=\u00bbdefault\u00bb global_colors_info=\u00bb{}\u00bb][et_pb_button button_url=\u00bbhttps:\/\/soib.es\/es\/recursos-formativos-del-sector-tecnologico-en-el-aula-mentor\/\u00bb url_new_window=\u00bbon\u00bb button_text=\u00bbAula Mentor\u00bb _builder_version=\u00bb4.27.4&#8243; _module_preset=\u00bbdefault\u00bb custom_button=\u00bbon\u00bb button_text_size=\u00bb16px\u00bb button_text_color=\u00bb#cb023e\u00bb button_bg_color=\u00bb#FFFFFF\u00bb button_border_width=\u00bb1px\u00bb button_border_color=\u00bb#cb023e\u00bb button_icon=\u00bb&#xe07e;||divi||400&#8243; button_icon_placement=\u00bbleft\u00bb button_on_hover=\u00bboff\u00bb locked=\u00bboff\u00bb global_colors_info=\u00bb{}\u00bb][\/et_pb_button][et_pb_button button_url=\u00bbhttps:\/\/soib.es\/es\/recursos-formativos-del-sector-tecnologico-en-la-fp-de-la-caib\/\u00bb url_new_window=\u00bbon\u00bb button_text=\u00bbFormaci\u00f3n Profesional &#8211; CAIB (Govern de les Illes Balears)\u00bb _builder_version=\u00bb4.27.4&#8243; _module_preset=\u00bbdefault\u00bb custom_button=\u00bbon\u00bb button_text_size=\u00bb16px\u00bb button_text_color=\u00bb#cb023e\u00bb button_bg_color=\u00bb#FFFFFF\u00bb button_border_width=\u00bb1px\u00bb button_border_color=\u00bb#cb023e\u00bb button_icon=\u00bb&#xe07e;||divi||400&#8243; button_icon_placement=\u00bbleft\u00bb button_on_hover=\u00bboff\u00bb locked=\u00bboff\u00bb global_colors_info=\u00bb{}\u00bb][\/et_pb_button][et_pb_button button_url=\u00bbhttps:\/\/soib.es\/es\/recursos-formativos-del-sector-tecnologico-en-la-ensenanza-de-personas-adultas-de-la-caib\/\u00bb url_new_window=\u00bbon\u00bb button_text=\u00bbEnse\u00f1anzas para personas adultas &#8211; CAIB\u00bb _builder_version=\u00bb4.27.4&#8243; _module_preset=\u00bbdefault\u00bb custom_button=\u00bbon\u00bb button_text_size=\u00bb16px\u00bb button_text_color=\u00bb#cb023e\u00bb button_bg_color=\u00bb#FFFFFF\u00bb button_border_width=\u00bb1px\u00bb button_border_color=\u00bb#cb023e\u00bb button_icon=\u00bb&#xe07e;||divi||400&#8243; button_icon_placement=\u00bbleft\u00bb button_on_hover=\u00bboff\u00bb locked=\u00bboff\u00bb global_colors_info=\u00bb{}\u00bb][\/et_pb_button][\/et_pb_column][\/et_pb_row][\/et_pb_section]<\/p>\n","protected":false},"excerpt":{"rendered":"<p>Formaci\u00f3n del sector tecnol\u00f3gicoEl Centro de Orientaci\u00f3n, Emprendimiento e Innovaci\u00f3n para el Empleo (COE) de Balears, en l\u00ednea con las directrices del SEPE y el Plan de Actividad 2025, busca fortalecer el sector tecnol\u00f3gico como una oportunidad clave para el desarrollo formativo y laboral. Una de las actividades prioritarias dentro de este objetivo es la [&hellip;]<\/p>\n","protected":false},"author":13,"featured_media":0,"parent":0,"menu_order":0,"comment_status":"closed","ping_status":"closed","template":"","meta":{"_et_pb_use_builder":"on","_et_pb_old_content":"","_et_gb_content_width":"","footnotes":"","_links_to":"","_links_to_target":""},"class_list":["post-67866","page","type-page","status-publish","hentry"],"publishpress_future_action":{"enabled":false,"date":"2026-04-22 09:07:53","action":"change-status","newStatus":"draft","terms":[],"taxonomy":"translation_priority","extraData":[]},"publishpress_future_workflow_manual_trigger":{"enabledWorkflows":[]},"_links":{"self":[{"href":"https:\/\/soib.es\/es\/wp-json\/wp\/v2\/pages\/67866","targetHints":{"allow":["GET"]}}],"collection":[{"href":"https:\/\/soib.es\/es\/wp-json\/wp\/v2\/pages"}],"about":[{"href":"https:\/\/soib.es\/es\/wp-json\/wp\/v2\/types\/page"}],"author":[{"embeddable":true,"href":"https:\/\/soib.es\/es\/wp-json\/wp\/v2\/users\/13"}],"replies":[{"embeddable":true,"href":"https:\/\/soib.es\/es\/wp-json\/wp\/v2\/comments?post=67866"}],"version-history":[{"count":0,"href":"https:\/\/soib.es\/es\/wp-json\/wp\/v2\/pages\/67866\/revisions"}],"wp:attachment":[{"href":"https:\/\/soib.es\/es\/wp-json\/wp\/v2\/media?parent=67866"}],"curies":[{"name":"wp","href":"https:\/\/api.w.org\/{rel}","templated":true}]}}