{"id":67793,"date":"2025-11-27T16:25:57","date_gmt":"2025-11-27T15:25:57","guid":{"rendered":"https:\/\/soib.es\/proyectos-experimentales-coe-balears\/"},"modified":"2025-12-02T15:55:19","modified_gmt":"2025-12-02T14:55:19","slug":"proyectos-experimentales-coe-balears","status":"publish","type":"page","link":"https:\/\/soib.es\/es\/proyectos-experimentales-coe-balears\/","title":{"rendered":"Proyectos experimentales COE Balears"},"content":{"rendered":"<p>[et_pb_section fb_built=\u00bb1&#8243; _builder_version=\u00bb4.16&#8243; background_color=\u00bb#f7f7f7&#8243; custom_padding=\u00bb25px|0px|25px|0px\u00bb global_colors_info=\u00bb{}\u00bb][et_pb_row _builder_version=\u00bb4.16&#8243; global_colors_info=\u00bb{}\u00bb][et_pb_column type=\u00bb4_4&#8243; _builder_version=\u00bb4.16&#8243; custom_padding=\u00bb|||\u00bb global_colors_info=\u00bb{}\u00bb custom_padding__hover=\u00bb|||\u00bb][et_pb_text _builder_version=\u00bb4.27.4&#8243; global_colors_info=\u00bb{}\u00bb]<\/p>\n<h1><strong>Proyectos experimentales<\/strong><\/h1>\n<p>[\/et_pb_text][\/et_pb_column][\/et_pb_row][\/et_pb_section][et_pb_section fb_built=\u00bb1&#8243; _builder_version=\u00bb4.16&#8243; custom_padding=\u00bb25px|0px|54px|0px\u00bb global_colors_info=\u00bb{}\u00bb][et_pb_row _builder_version=\u00bb4.16&#8243; global_colors_info=\u00bb{}\u00bb][et_pb_column type=\u00bb4_4&#8243; _builder_version=\u00bb4.16&#8243; custom_padding=\u00bb|||\u00bb global_colors_info=\u00bb{}\u00bb custom_padding__hover=\u00bb|||\u00bb][et_pb_text _builder_version=\u00bb4.27.4&#8243; global_colors_info=\u00bb{}\u00bb]<\/p>\n<p>Una de las principales l\u00edneas de actividad del COE Balears es el dise\u00f1o de acciones innovadoras y el desarrollo de proyectos experimentales en materia de orientaci\u00f3n, prospecci\u00f3n e intermediaci\u00f3n laboral.<\/p>\n<p>[\/et_pb_text][et_pb_accordion open_toggle_text_color=\u00bb#474747&#8243; closed_toggle_text_color=\u00bb#cb023e\u00bb icon_color=\u00bb#cb023e\u00bb disabled_on=\u00bboff|off|off\u00bb _builder_version=\u00bb4.27.4&#8243; toggle_text_color=\u00bbRGBA(0,0,0,0)\u00bb toggle_font=\u00bb|700|||||||\u00bb hover_enabled=\u00bb0&#8243; db_closeable=\u00bbon\u00bb db_initial_state=\u00bball_closed\u00bb locked=\u00bboff\u00bb global_colors_info=\u00bb{}\u00bb sticky_enabled=\u00bb0&#8243;][et_pb_accordion_item title=\u00bbSimulador de realidad virtual para la mejora de competencias transversales\u00bb open=\u00bbon\u00bb _builder_version=\u00bb4.27.4&#8243; custom_margin=\u00bb||5px||false|false\u00bb custom_padding=\u00bb5px||5px||false|false\u00bb hover_enabled=\u00bb0&#8243; global_colors_info=\u00bb{}\u00bb closed_toggle_line_height=\u00bb1.7em\u00bb sticky_enabled=\u00bb0&#8243;]<\/p>\n<p>El <strong>simulador de Realidad Virtual<\/strong> (VR) representa una herramienta pionera de entrenamiento gamificado dirigida al perfeccionamiento de las competencias transversales vinculadas a la b\u00fasqueda activa de empleo y al fortalecimiento de la empleabilidad. El objetivo es enriquecer y dinamizar el proceso de orientaci\u00f3n, haciendo la orientaci\u00f3n m\u00e1s atractiva, l\u00fadica, experiencial e innovadora, as\u00ed como aportar valor al proceso de orientaci\u00f3n y contribuir tanto al diagn\u00f3stico como al entrenamiento de las competencias profesionales.<\/p>\n<p><\/p>\n<p><img loading=\"lazy\" decoding=\"async\" class=\"wp-image-67353  alignleft\" src=\"https:\/\/soib.es\/wp-content\/uploads\/2025\/11\/Imatge-projectes-exp-COE_1-300x125.png\" alt=\"\" width=\"424\" height=\"177\" \/> <img loading=\"lazy\" decoding=\"async\" class=\"wp-image-67355  alignright\" src=\"https:\/\/soib.es\/wp-content\/uploads\/2025\/11\/Imatge-projectes-exp-COE_3-300x251.png\" alt=\"\" width=\"218\" height=\"182\" srcset=\"https:\/\/soib.es\/wp-content\/uploads\/2025\/11\/Imatge-projectes-exp-COE_3-300x251.png 300w, https:\/\/soib.es\/wp-content\/uploads\/2025\/11\/Imatge-projectes-exp-COE_3.png 362w\" sizes=\"(max-width: 218px) 100vw, 218px\" \/> <img loading=\"lazy\" decoding=\"async\" class=\"wp-image-67357  aligncenter\" src=\"https:\/\/soib.es\/wp-content\/uploads\/2025\/11\/Imatge-projectes-exp-COE_2-300x169.jpg\" alt=\"\" width=\"319\" height=\"180\" \/><\/p>\n<p><\/p>\n<p>Las <strong>competencias<\/strong> transversales comprenden habilidades sociales, comunicativas e inteligencia emocional, cruciales en el mercado laboral, las cuales tienen un papel esencial en la b\u00fasqueda de empleo, el emprendimiento y la inserci\u00f3n laboral, as\u00ed como tambi\u00e9n para interactuar eficazmente en entornos laborales y personales. Hablamos de competencias como el lideraje, la adaptabilidad al cambio, el trabajo en equipo, creatividad, innovaci\u00f3n, escucha activa, capacidad de aprendizaje, habilidades digitales, pensamiento cr\u00edtico, compromiso, resoluci\u00f3n de problemas y toma de decisiones, todas ellas fundamentales para lograr el \u00e9xito profesional.<\/p>\n<p><\/p>\n<p><img loading=\"lazy\" decoding=\"async\" class=\"wp-image-67359  aligncenter\" src=\"https:\/\/soib.es\/wp-content\/uploads\/2025\/11\/Imatge-projectes-exp-COE_4-300x177.png\" alt=\"\" width=\"480\" height=\"283\" \/><\/p>\n<p><\/p>\n<p>Las <strong>experiencias<\/strong> dise\u00f1adas en nuestro simulador de Realidad Virtual son:<\/p>\n<p><\/p>\n<p><img loading=\"lazy\" decoding=\"async\" class=\"wp-image-67387 size-medium alignleft\" src=\"https:\/\/soib.es\/wp-content\/uploads\/2025\/11\/Autoavaluacio-comp-transversals-COE-1-300x169.png\" alt=\"\" width=\"300\" height=\"169\" \/><\/p>\n<p><\/p>\n<p><em>Autoevaluaci\u00f3n de competencias transversales<\/em>.<\/p>\n<p><\/p>\n<p>Esta din\u00e1mica tiene una duraci\u00f3n de 4-5 minutos y ofrece la oportunidad de evaluar el nivel de competencias transversales mediante un test de autoevaluaci\u00f3n b\u00e1sico y se centra en cuatro habilidades clave: creatividad, colaboraci\u00f3n, pensamiento cr\u00edtico y comunicaci\u00f3n.<\/p>\n<p><\/p>\n<p>&nbsp;<\/p>\n<p><\/p>\n<p>&nbsp;<\/p>\n<p><\/p>\n<p><em><img loading=\"lazy\" decoding=\"async\" class=\"wp-image-67363 size-medium alignleft\" src=\"https:\/\/soib.es\/wp-content\/uploads\/2025\/11\/Discurs-punts-forts-COE-300x168.png\" alt=\"\" width=\"300\" height=\"168\" srcset=\"https:\/\/soib.es\/wp-content\/uploads\/2025\/11\/Discurs-punts-forts-COE-300x168.png 300w, https:\/\/soib.es\/wp-content\/uploads\/2025\/11\/Discurs-punts-forts-COE.png 356w\" sizes=\"(max-width: 300px) 100vw, 300px\" \/><\/em><\/p>\n<p><\/p>\n<p><em>Discurso con los puntos fuertes<\/em>.<\/p>\n<p><\/p>\n<p>Utilizando la estrategia conocida como \u201celevator pitch\u201d o \u201cdiscurso del ascensor\u201d, esta experiencia tiene como objetivo que la persona presente una propuesta de valor asociada a su marca personal (personal branding) a trav\u00e9s de un breve discurso de 30-60 segundos. Este discurso debe ser expresado en voz alta y clara, dirigido a la persona que la podr\u00eda contratar.<\/p>\n<p><\/p>\n<p>&nbsp;<\/p>\n<p><\/p>\n<p><em><img loading=\"lazy\" decoding=\"async\" class=\"wp-image-67365 size-medium alignleft\" src=\"https:\/\/soib.es\/wp-content\/uploads\/2025\/11\/Comunicacio-i-oratoria-COE-300x166.png\" alt=\"\" width=\"300\" height=\"166\" srcset=\"https:\/\/soib.es\/wp-content\/uploads\/2025\/11\/Comunicacio-i-oratoria-COE-300x166.png 300w, https:\/\/soib.es\/wp-content\/uploads\/2025\/11\/Comunicacio-i-oratoria-COE.png 366w\" sizes=\"(max-width: 300px) 100vw, 300px\" \/><\/em><\/p>\n<p><\/p>\n<p><em>Comunicaci\u00f3n y oratoria<\/em>.<\/p>\n<p><\/p>\n<p>La persona usuaria se enfrenta al reto de hacer una breve presentaci\u00f3n en un auditorio y hablar en voz alta y clara frente a un p\u00fablico numeroso o frente a un p\u00fablico m\u00e1s reducido y cercano, en una sala de reuniones, para abordar aspectos de su proyecto profesional, aspiraciones, inquietudes y desaf\u00edos, y poner a prueba sus habilidades comunicativas.<\/p>\n<p><\/p>\n<p>&nbsp;<\/p>\n<p><\/p>\n<p><em><img loading=\"lazy\" decoding=\"async\" class=\"wp-image-67367 size-medium alignleft\" src=\"https:\/\/soib.es\/wp-content\/uploads\/2025\/11\/Presa-de-decisions-COE-300x166.png\" alt=\"\" width=\"300\" height=\"166\" srcset=\"https:\/\/soib.es\/wp-content\/uploads\/2025\/11\/Presa-de-decisions-COE-300x166.png 300w, https:\/\/soib.es\/wp-content\/uploads\/2025\/11\/Presa-de-decisions-COE.png 354w\" sizes=\"(max-width: 300px) 100vw, 300px\" \/><\/em><\/p>\n<p><\/p>\n<p><em>Toma de decisiones<\/em>.<\/p>\n<p><\/p>\n<p>Esta din\u00e1mica va orientada a trabajar la toma de decisiones mediante una tarea en que la persona usuaria tiene la misi\u00f3n de llevar 3 paquetes peculiares (uno peligroso, uno fr\u00e1gil y uno importante) desde un punto de origen hasta un destino siguiendo una serie de advertencias y pautas de seguridad establecidas para evitar riesgos.<\/p>\n<p><\/p>\n<p>&nbsp;<\/p>\n<p><\/p>\n<p><em><img loading=\"lazy\" decoding=\"async\" class=\"wp-image-67369 size-medium alignleft\" src=\"https:\/\/soib.es\/wp-content\/uploads\/2025\/11\/Treball-en-equip-COE-300x167.png\" alt=\"\" width=\"300\" height=\"167\" srcset=\"https:\/\/soib.es\/wp-content\/uploads\/2025\/11\/Treball-en-equip-COE-300x167.png 300w, https:\/\/soib.es\/wp-content\/uploads\/2025\/11\/Treball-en-equip-COE.png 363w\" sizes=\"(max-width: 300px) 100vw, 300px\" \/><\/em><\/p>\n<p><\/p>\n<p><em>Trabajo en equipo<\/em>.<\/p>\n<p><\/p>\n<p>Este juego est\u00e1 dise\u00f1ado para la participaci\u00f3n conjunta de dos personas que, de manera colaborativa, deber\u00e1n superar un reto que consiste en cruzar un puente. Para conseguirlo, una har\u00e1 de gu\u00eda y describir\u00e1 unos dibujos para ayudar a la otra a cruzarlo.<\/p>\n<p><\/p>\n<p>&nbsp;<\/p>\n<p><\/p>\n<p>&nbsp;<\/p>\n<p><\/p>\n<p><img loading=\"lazy\" decoding=\"async\" class=\"wp-image-67371 size-medium alignleft\" src=\"https:\/\/soib.es\/wp-content\/uploads\/2025\/11\/Entrevista-de-treball-COE-300x205.png\" alt=\"\" width=\"300\" height=\"205\" srcset=\"https:\/\/soib.es\/wp-content\/uploads\/2025\/11\/Entrevista-de-treball-COE-300x205.png 300w, https:\/\/soib.es\/wp-content\/uploads\/2025\/11\/Entrevista-de-treball-COE.png 473w\" sizes=\"(max-width: 300px) 100vw, 300px\" \/><\/p>\n<p><\/p>\n<p><em>Entrevista de trabajo<\/em>.<\/p>\n<p><\/p>\n<p>Las personas participantes aprenden a ajustarse a diferentes tipos de preguntas y contextos dentro del entorno virtual y modificar las respuestas seg\u00fan las nuevas preguntas que se presenten. La escucha activa es fundamental para una comunicaci\u00f3n efectiva. Prestar atenci\u00f3n completa a la pregunta formulada asegura una comprensi\u00f3n precisa. Durante la simulaci\u00f3n se perfecciona la capacidad de articular respuestas claras y coherentes en el tiempo estipulado.<\/p>\n<p><\/p>\n<p>&nbsp;<\/p>\n<p><\/p>\n<p>&nbsp;<\/p>\n<p><\/p>\n<p><em><img loading=\"lazy\" decoding=\"async\" class=\"wp-image-67373  alignleft\" src=\"https:\/\/soib.es\/wp-content\/uploads\/2025\/11\/Iniciativa-i-adaptacio-COE.png\" alt=\"\" width=\"298\" height=\"167\" \/><\/em><\/p>\n<p><\/p>\n<p><em>Iniciativa y adaptaci\u00f3n<\/em>.<\/p>\n<p><\/p>\n<p>Esta actividad est\u00e1 centrada en afrontar de manera aut\u00f3noma y resolutiva cuatro situaciones nuevas en una prueba pr\u00e1ctica para acceder a un puesto de trabajo. la persona usuaria deber\u00e1 demostrar la capacidad de adaptaci\u00f3n, iniciativa y pensamiento \u00e1gil, tomando decisiones r\u00e1pidas y profesionales que no interfieran en el desarrollo general de la tarea. Sus acciones reflejar\u00e1n sus competencias clave y \u00e1reas de mejora frente a escenarios laborales reales.<\/p>\n<p><\/p>\n<p>\u00bfTe interesa mejorar tus competencias transversales? Pide cita de orientaci\u00f3n laboral: <a href=\"https:\/\/soib.es\/es\/demana-cita-previa\/\" target=\"_blank\" rel=\"noopener\">https:\/\/soib.es\/es\/demana-cita-previa\/<\/a><\/p>\n<p><\/p>\n<p>&nbsp;<\/p>\n<p>[\/et_pb_accordion_item][et_pb_accordion_item title=\u00bbHerramienta de diagn\u00f3stico vocacional NAWAIAM\u00bb _builder_version=\u00bb4.27.4&#8243; custom_margin=\u00bb||5px||false|false\u00bb custom_padding=\u00bb5px||5px||false|false\u00bb global_colors_info=\u00bb{}\u00bb closed_toggle_line_height=\u00bb1.7em\u00bb open=\u00bboff\u00bb]<\/p>\n<p><strong>Descubre tu potencial: una aventura interactiva para orientar tu futuro profesional<\/strong><\/p>\n<p><\/p>\n<p>El Servicio de Empleo de las Illes Balears (SOIB) te ofrece una herramienta innovadora para explorar tus habilidades y competencias transversales: un videojuego de orientaci\u00f3n vocacional dise\u00f1ado para ayudarte a tomar decisiones informadas sobre tu futuro profesional.<br \/>Sabemos que escoger el camino laboral puede ser un proceso lleno de interrogantes: \u00bfCu\u00e1les son mis puntos fuertes? \u00bfEn qu\u00e9 \u00e1reas podr\u00eda destacar? \u00bfQu\u00e9 tipo de trabajo se adapta mejor a mis habilidades? \u00bfHacia donde me puedo reorientar? Este videojuego ha sido creado para responder a estas preguntas de una manera din\u00e1mica, participativa y, sobre todo, divertida.<\/p>\n<p><\/p>\n<p><img loading=\"lazy\" decoding=\"async\" class=\"wp-image-67382 aligncenter \" src=\"https:\/\/soib.es\/wp-content\/uploads\/2025\/11\/Nawaiam-COE_2-300x148.png\" alt=\"\" width=\"404\" height=\"199\" \/><\/p>\n<p><\/p>\n<p><strong>\u00bfQu\u00e9 te ofrece este videojuego?<\/strong><\/p>\n<p><\/p>\n<p>A trav\u00e9s de una serie de desaf\u00edos y escenarios interactivos, este videojuego te permitir\u00e1:<\/p>\n<p><\/p>\n<ul>\n<li>Identificar tus competencias transversales: descubre las habilidades que son valiosas en cualquier entorno laboral, como la comunicaci\u00f3n, el trabajo en equipo, la resoluci\u00f3n de problemas, la creatividad, la organizaci\u00f3n y muchas m\u00e1s.<\/li>\n<li>Conocer tus puntos fuertes: el juego est\u00e1 dise\u00f1ado para destacar aquellas \u00e1reas en las cuals posees una mayor habilidad y potencial.<\/li>\n<li>Reflexionar sobre tus Intereses: aunque el foco principal son las competencias, el videojuego tambi\u00e9n te invita a pensar en tus preferencias y aquello que te motiva.<\/li>\n<li>Obtener un perfil personalizado: al finalizar la aventura, recibir\u00e1s un resume de tus competencias transversales identificadas, que te proporcionar\u00e1 una valiosa informaci\u00f3n para orientar tu b\u00fasqueda de empleo o formaci\u00f3n.<\/li>\n<\/ul>\n<p><\/p>\n<p><strong>\u00bfPor qu\u00e9 un videojuego para la orientaci\u00f3n vocacional?<\/strong><\/p>\n<p><\/p>\n<p>Creemos que el aprenedizaje y la exploraci\u00f3n pueden ser experiencias amenas y motivadoras. Este videojuego rompe con los m\u00e9todos tradicionales de la orientaci\u00f3n vocacional y te ofrece una alternativa interactiva y atractiva para conocerte mejor, a ti y a tus capacidades. Es una herramienta complementaria a otros recursos de orientaci\u00f3n que te ofrecemos desde el SOIB.<\/p>\n<p><\/p>\n<p><img loading=\"lazy\" decoding=\"async\" class=\"wp-image-67384 aligncenter \" src=\"https:\/\/soib.es\/wp-content\/uploads\/2025\/11\/Nawaiam-COE_3-300x146.png\" alt=\"\" width=\"407\" height=\"198\" \/><\/p>\n<p><\/p>\n<p>Es importante destacar que cada persona posee un estilo natural de comportamientos. Contar con esta informaci\u00f3n te permitir\u00e1 tener un mejor autoconocimiento y comprensi\u00f3n sobre aquellas \u00e1reas en als que puedes mejorar de manera m\u00e1s efectiva y cuales son tus puntos fuertes.<\/p>\n<p>[\/et_pb_accordion_item][\/et_pb_accordion][et_pb_text _builder_version=\u00bb4.27.4&#8243; global_colors_info=\u00bb{}\u00bb]<\/p>\n<p>\u00bfTe interesa conocer tus habilidades y competencias transversales? Pide cita de orientaci\u00f3n laboral: <a href=\"https:\/\/soib.es\/es\/demana-cita-previa\/\" target=\"_blank\" rel=\"noopener\">https:\/\/soib.es\/es\/demana-cita-previa\/<\/a><\/p>\n<p>[\/et_pb_text][\/et_pb_column][\/et_pb_row][\/et_pb_section]<\/p>\n","protected":false},"excerpt":{"rendered":"<p>Proyectos experimentalesUna de las principales l\u00edneas de actividad del COE Balears es el dise\u00f1o de acciones innovadoras y el desarrollo de proyectos experimentales en materia de orientaci\u00f3n, prospecci\u00f3n e intermediaci\u00f3n laboral.El simulador de Realidad Virtual (VR) representa una herramienta pionera de entrenamiento gamificado dirigida al perfeccionamiento de las competencias transversales vinculadas a la b\u00fasqueda activa [&hellip;]<\/p>\n","protected":false},"author":13,"featured_media":0,"parent":0,"menu_order":0,"comment_status":"closed","ping_status":"closed","template":"","meta":{"_et_pb_use_builder":"on","_et_pb_old_content":"","_et_gb_content_width":"","footnotes":"","_links_to":"","_links_to_target":""},"class_list":["post-67793","page","type-page","status-publish","hentry"],"publishpress_future_action":{"enabled":false,"date":"2026-04-22 09:07:41","action":"change-status","newStatus":"draft","terms":[],"taxonomy":"translation_priority","extraData":[]},"publishpress_future_workflow_manual_trigger":{"enabledWorkflows":[]},"_links":{"self":[{"href":"https:\/\/soib.es\/es\/wp-json\/wp\/v2\/pages\/67793","targetHints":{"allow":["GET"]}}],"collection":[{"href":"https:\/\/soib.es\/es\/wp-json\/wp\/v2\/pages"}],"about":[{"href":"https:\/\/soib.es\/es\/wp-json\/wp\/v2\/types\/page"}],"author":[{"embeddable":true,"href":"https:\/\/soib.es\/es\/wp-json\/wp\/v2\/users\/13"}],"replies":[{"embeddable":true,"href":"https:\/\/soib.es\/es\/wp-json\/wp\/v2\/comments?post=67793"}],"version-history":[{"count":0,"href":"https:\/\/soib.es\/es\/wp-json\/wp\/v2\/pages\/67793\/revisions"}],"wp:attachment":[{"href":"https:\/\/soib.es\/es\/wp-json\/wp\/v2\/media?parent=67793"}],"curies":[{"name":"wp","href":"https:\/\/api.w.org\/{rel}","templated":true}]}}