{"id":67784,"date":"2025-11-27T15:28:58","date_gmt":"2025-11-27T14:28:58","guid":{"rendered":"https:\/\/soib.es\/recursos-coe\/"},"modified":"2025-12-02T15:53:42","modified_gmt":"2025-12-02T14:53:42","slug":"recursos-coe","status":"publish","type":"page","link":"https:\/\/soib.es\/es\/recursos-coe\/","title":{"rendered":"Recursos COE"},"content":{"rendered":"<p>[et_pb_section fb_built=\u00bb1&#8243; _builder_version=\u00bb4.16&#8243; background_color=\u00bb#f7f7f7&#8243; custom_padding=\u00bb25px|0px|25px|0px\u00bb global_colors_info=\u00bb{}\u00bb][et_pb_row _builder_version=\u00bb4.16&#8243; global_colors_info=\u00bb{}\u00bb][et_pb_column type=\u00bb4_4&#8243; _builder_version=\u00bb4.16&#8243; custom_padding=\u00bb|||\u00bb global_colors_info=\u00bb{}\u00bb custom_padding__hover=\u00bb|||\u00bb][et_pb_text _builder_version=\u00bb4.27.4&#8243; hover_enabled=\u00bb0&#8243; global_colors_info=\u00bb{}\u00bb sticky_enabled=\u00bb0&#8243;]<\/p>\n<h1><strong>Recursos COE<\/strong><\/h1>\n<p>[\/et_pb_text][\/et_pb_column][\/et_pb_row][\/et_pb_section][et_pb_section fb_built=\u00bb1&#8243; _builder_version=\u00bb4.16&#8243; custom_padding=\u00bb25px|0px|54px|0px\u00bb global_colors_info=\u00bb{}\u00bb][et_pb_row _builder_version=\u00bb4.16&#8243; global_colors_info=\u00bb{}\u00bb][et_pb_column type=\u00bb4_4&#8243; _builder_version=\u00bb4.16&#8243; custom_padding=\u00bb|||\u00bb global_colors_info=\u00bb{}\u00bb custom_padding__hover=\u00bb|||\u00bb][et_pb_text _builder_version=\u00bb4.27.4&#8243; hover_enabled=\u00bb0&#8243; global_colors_info=\u00bb{}\u00bb sticky_enabled=\u00bb0&#8243;]<\/p>\n<p>En el COE Balears disponemos de una <strong>Plataforma de formaci\u00f3n en l\u00ednea<\/strong>\u00a0en la que tenemos a disposici\u00f3n del personal t\u00e9cnico toda una serie de materiales y recursos.<br \/>Desde nuestro <strong>Campus Virtual\u00a0<\/strong>podr\u00e1s acceder a un conjunto de formaciones que te ayudar\u00e1n en tu desempe\u00f1o cotidiano y en tu crecimiento personal y profesional.<\/p>\n<p><\/p>\n<p><img loading=\"lazy\" decoding=\"async\" class=\"wp-image-67327  alignnone\" src=\"https:\/\/soib.es\/wp-content\/uploads\/2025\/11\/Foto-campus-virtual-COE-Balears.png\" alt=\"\" width=\"530\" height=\"297\" \/><\/p>\n<p><\/p>\n<p>Pr\u00f3ximamente podr\u00e1s acceder a la Plataforma y descubrir los contenidos siguientes:<\/p>\n<p><\/p>\n<ul>\n<li><strong>SOIB<\/strong><br \/>C\u00e1psulas formativas para conocer en detalle el Servicio de Empleo de las Illes Balears y sus servicios. Tambi\u00e9n podr\u00e1s obtener una formaci\u00f3n b\u00e1sica en orientaci\u00f3n, demandas y intermediaci\u00f3n.<\/li>\n<li><strong>Plan de Formaci\u00f3n COE<\/strong><br \/>Recopilaci\u00f3n de cursos de formaci\u00f3n dirigidos al personal t\u00e9cnico del SOIB que el COE Balears ha llevado a cabo en su Plan de Formaci\u00f3n anual.<\/li>\n<li><strong>Recursos de Orientaci\u00f3n<\/strong><br \/>Recopilaci\u00f3n de recursos de capacitaci\u00f3n profesional en nuevas estrategias de orientaci\u00f3n laboral basadas en el uso de datos, herramientas digitales y metodolog\u00edas personalizadas para optimizar el acompa\u00f1amiento a personas en b\u00fa8squeda de empleo.<\/li>\n<li><strong>V\u00eddeos<\/strong><br \/>Recopilaci\u00f3n de v\u00eddeos relacionados con el SOIB y COE Balears (entrevistas al personal docente de los cursos de formaci\u00f3n, grabaciones de sesiones formativas en l\u00ednea, etc.)<\/li>\n<\/ul>\n<p><\/p>\n<p><img loading=\"lazy\" decoding=\"async\" class=\"aligncenter wp-image-67405 size-full\" src=\"https:\/\/soib.es\/wp-content\/uploads\/2025\/11\/Imatge-continguts-recursos-COE-Balears.png\" alt=\"\" width=\"1297\" height=\"319\" srcset=\"https:\/\/soib.es\/wp-content\/uploads\/2025\/11\/Imatge-continguts-recursos-COE-Balears.png 1297w, https:\/\/soib.es\/wp-content\/uploads\/2025\/11\/Imatge-continguts-recursos-COE-Balears-1280x315.png 1280w, https:\/\/soib.es\/wp-content\/uploads\/2025\/11\/Imatge-continguts-recursos-COE-Balears-980x241.png 980w, https:\/\/soib.es\/wp-content\/uploads\/2025\/11\/Imatge-continguts-recursos-COE-Balears-480x118.png 480w\" sizes=\"(min-width: 0px) and (max-width: 480px) 480px, (min-width: 481px) and (max-width: 980px) 980px, (min-width: 981px) and (max-width: 1280px) 1280px, (min-width: 1281px) 1297px, 100vw\" \/><\/p>\n<p>[\/et_pb_text][et_pb_text _builder_version=\u00bb4.27.4&#8243; hover_enabled=\u00bb0&#8243; global_colors_info=\u00bb{}\u00bb sticky_enabled=\u00bb0&#8243; disabled_on=\u00bbon|on|on\u00bb disabled=\u00bbon\u00bb]<\/p>\n<p>En el COE Balears disponemos de una <strong>Plataforma de formaci\u00f3n en l\u00ednea<\/strong>\u00a0en la que tenemos a disposici\u00f3n del personal t\u00e9cnico toda una serie de materiales y recursos.<br \/>Desde nuestro <strong>Campus Virtual\u00a0<\/strong>podr\u00e1s acceder a un conjunto de formaciones que te ayudar\u00e1n en tu desempe\u00f1o cotidiano y en tu crecimiento personal y profesional.<\/p>\n<p><\/p>\n<p><img loading=\"lazy\" decoding=\"async\" class=\"wp-image-67327  alignnone\" src=\"https:\/\/soib.es\/wp-content\/uploads\/2025\/11\/Foto-campus-virtual-COE-Balears.png\" alt=\"\" width=\"530\" height=\"297\" \/><\/p>\n<p><\/p>\n<p>Descubre los diferentes contenidos:<\/p>\n<p><\/p>\n<ul>\n<li><strong>SOIB<\/strong><br \/>C\u00e1psulas formativas para conocer en detalle el Servicio de Empleo de las Illes Balears y sus servicios. Tambi\u00e9n podr\u00e1s obtener una formaci\u00f3n b\u00e1sica en orientaci\u00f3n, demandas y intermediaci\u00f3n.<\/li>\n<li><strong>Plan de Formaci\u00f3n COE<\/strong><br \/>Recopilaci\u00f3n de cursos de formaci\u00f3n dirigidos al personal t\u00e9cnico del SOIB que el COE Balears ha llevado a cabo en su Plan de Formaci\u00f3n anual.<\/li>\n<li><strong>Recursos de Orientaci\u00f3n<\/strong><br \/>Recopilaci\u00f3n de recursos de capacitaci\u00f3n profesional en nuevas estrategias de orientaci\u00f3n laboral basadas en el uso de datos, herramientas digitales y metodolog\u00edas personalizadas para optimizar el acompa\u00f1amiento a personas en b\u00fa8squeda de empleo.<\/li>\n<li><strong>V\u00eddeos<\/strong><br \/>Recopilaci\u00f3n de v\u00eddeos relacionados con el SOIB y COE Balears (entrevistas al personal docente de los cursos de formaci\u00f3n, grabaciones de sesiones formativas en l\u00ednea, etc.)<\/li>\n<\/ul>\n<p><\/p>\n<p><img loading=\"lazy\" decoding=\"async\" class=\"aligncenter wp-image-67405 size-full\" src=\"https:\/\/soib.es\/wp-content\/uploads\/2025\/11\/Imatge-continguts-recursos-COE-Balears.png\" alt=\"\" width=\"1297\" height=\"319\" srcset=\"https:\/\/soib.es\/wp-content\/uploads\/2025\/11\/Imatge-continguts-recursos-COE-Balears.png 1297w, https:\/\/soib.es\/wp-content\/uploads\/2025\/11\/Imatge-continguts-recursos-COE-Balears-1280x315.png 1280w, https:\/\/soib.es\/wp-content\/uploads\/2025\/11\/Imatge-continguts-recursos-COE-Balears-980x241.png 980w, https:\/\/soib.es\/wp-content\/uploads\/2025\/11\/Imatge-continguts-recursos-COE-Balears-480x118.png 480w\" sizes=\"(min-width: 0px) and (max-width: 480px) 480px, (min-width: 481px) and (max-width: 980px) 980px, (min-width: 981px) and (max-width: 1280px) 1280px, (min-width: 1281px) 1297px, 100vw\" \/><\/p>\n<p><\/p>\n<p>Si quieres conocer nuestra plataforma, pulsa el siguiente enlace <a href=\"https:\/\/formaciocoe.soib.es\/\" target=\"_blank\" rel=\"noopener\">https:\/\/formaciocoe.soib.es\/<\/a><\/p>\n<p>[\/et_pb_text][\/et_pb_column][\/et_pb_row][\/et_pb_section]<\/p>\n","protected":false},"excerpt":{"rendered":"<p>Recursos COEEn el COE Balears disponemos de una Plataforma de formaci\u00f3n en l\u00ednea\u00a0en la que tenemos a disposici\u00f3n del personal t\u00e9cnico toda una serie de materiales y recursos.Desde nuestro Campus Virtual\u00a0podr\u00e1s acceder a un conjunto de formaciones que te ayudar\u00e1n en tu desempe\u00f1o cotidiano y en tu crecimiento personal y profesional.Pr\u00f3ximamente podr\u00e1s acceder a la [&hellip;]<\/p>\n","protected":false},"author":13,"featured_media":0,"parent":0,"menu_order":0,"comment_status":"closed","ping_status":"closed","template":"","meta":{"_et_pb_use_builder":"on","_et_pb_old_content":"","_et_gb_content_width":"","footnotes":"","_links_to":"","_links_to_target":""},"class_list":["post-67784","page","type-page","status-publish","hentry"],"publishpress_future_action":{"enabled":false,"date":"2026-04-30 16:09:27","action":"change-status","newStatus":"draft","terms":[],"taxonomy":"translation_priority","extraData":[]},"publishpress_future_workflow_manual_trigger":{"enabledWorkflows":[]},"_links":{"self":[{"href":"https:\/\/soib.es\/es\/wp-json\/wp\/v2\/pages\/67784","targetHints":{"allow":["GET"]}}],"collection":[{"href":"https:\/\/soib.es\/es\/wp-json\/wp\/v2\/pages"}],"about":[{"href":"https:\/\/soib.es\/es\/wp-json\/wp\/v2\/types\/page"}],"author":[{"embeddable":true,"href":"https:\/\/soib.es\/es\/wp-json\/wp\/v2\/users\/13"}],"replies":[{"embeddable":true,"href":"https:\/\/soib.es\/es\/wp-json\/wp\/v2\/comments?post=67784"}],"version-history":[{"count":0,"href":"https:\/\/soib.es\/es\/wp-json\/wp\/v2\/pages\/67784\/revisions"}],"wp:attachment":[{"href":"https:\/\/soib.es\/es\/wp-json\/wp\/v2\/media?parent=67784"}],"curies":[{"name":"wp","href":"https:\/\/api.w.org\/{rel}","templated":true}]}}