{"id":67777,"date":"2025-11-27T15:12:50","date_gmt":"2025-11-27T14:12:50","guid":{"rendered":"https:\/\/soib.es\/espacios-instalaciones-y-equipos-coe-balears\/"},"modified":"2025-12-12T10:49:37","modified_gmt":"2025-12-12T09:49:37","slug":"espacios-instalaciones-y-equipos-coe-balears","status":"publish","type":"page","link":"https:\/\/soib.es\/es\/espacios-instalaciones-y-equipos-coe-balears\/","title":{"rendered":"Espacios, instalaciones y equipos COE Balears"},"content":{"rendered":"<p>[et_pb_section fb_built=\u00bb1&#8243; _builder_version=\u00bb4.16&#8243; background_color=\u00bb#f7f7f7&#8243; custom_padding=\u00bb25px|0px|25px|0px\u00bb global_colors_info=\u00bb{}\u00bb][et_pb_row _builder_version=\u00bb4.16&#8243; global_colors_info=\u00bb{}\u00bb][et_pb_column type=\u00bb4_4&#8243; _builder_version=\u00bb4.16&#8243; custom_padding=\u00bb|||\u00bb global_colors_info=\u00bb{}\u00bb custom_padding__hover=\u00bb|||\u00bb][et_pb_text _builder_version=\u00bb4.27.4&#8243; global_colors_info=\u00bb{}\u00bb]<\/p>\n<h1><strong>Espacios, instalaciones y equipos COE Balears<\/strong><\/h1>\n<p>[\/et_pb_text][\/et_pb_column][\/et_pb_row][\/et_pb_section][et_pb_section fb_built=\u00bb1&#8243; _builder_version=\u00bb4.16&#8243; custom_padding=\u00bb25px|0px|54px|0px\u00bb global_colors_info=\u00bb{}\u00bb][et_pb_row _builder_version=\u00bb4.16&#8243; global_colors_info=\u00bb{}\u00bb][et_pb_column type=\u00bb4_4&#8243; _builder_version=\u00bb4.16&#8243; custom_padding=\u00bb|||\u00bb global_colors_info=\u00bb{}\u00bb custom_padding__hover=\u00bb|||\u00bb][et_pb_text _builder_version=\u00bb4.27.4&#8243; global_colors_info=\u00bb{}\u00bb]<\/p>\n<p>En las nuevas instalaciones del COE Balears disponemos de espacios e instalaciones para favorecer el acceso a un entorno tecnol\u00f3gico de \u00faltima generaci\u00f3n. El objetivo final es poner a disposici\u00f3n los diferentes espacios, instalaciones equipos para trabajar conjuntamente para el dise\u00f1o de acciones innovadoras y el desarrollo de proyectos experimentales en materia de orientaci\u00f3n, prospecci\u00f3n e intermediaci\u00f3n laboral.<\/p>\n<p>[\/et_pb_text][et_pb_accordion open_toggle_text_color=\u00bb#474747&#8243; closed_toggle_text_color=\u00bb#cb023e\u00bb icon_color=\u00bb#cb023e\u00bb disabled_on=\u00bboff|off|off\u00bb _builder_version=\u00bb4.27.4&#8243; toggle_text_color=\u00bbRGBA(0,0,0,0)\u00bb toggle_font=\u00bb|700|||||||\u00bb db_closeable=\u00bbon\u00bb db_initial_state=\u00bball_closed\u00bb locked=\u00bboff\u00bb global_colors_info=\u00bb{}\u00bb][et_pb_accordion_item title=\u00bbEspacio croma\u00bb open=\u00bbon\u00bb _builder_version=\u00bb4.27.4&#8243; custom_margin=\u00bb||5px||false|false\u00bb custom_padding=\u00bb5px||5px||false|false\u00bb global_colors_info=\u00bb{}\u00bb closed_toggle_line_height=\u00bb1.7em\u00bb]<\/p>\n<p>Es un espacio especialmente dise\u00f1ado para la grabaci\u00f3n de contenido audiovisual que cuenta con c\u00e1mara, pantalla croma, micr\u00f3fono, focos de iluminaci\u00f3n y ordenador port\u00e1til. En este espacio se pueden desarrollar estrategias de m\u00e1rketing personal para adquirir visibilidad en el mercado laboral a trav\u00e9s de: \u2713 Grabaci\u00f3n de un videocurr\u00edculum. \u2713 Grabaci\u00f3b de una micropresentaci\u00f3n o sesi\u00f3n breve de presentaci\u00f3n personal y profesional. \u2713 Grabaci\u00f3n de v\u00eddeo de promoci\u00f3n profesional para reforzar la marca personal y subirlo a plataformas y redes sociales. <img loading=\"lazy\" decoding=\"async\" class=\"wp-image-65546 size-large alignleft\" src=\"https:\/\/soib.es\/wp-content\/uploads\/2025\/08\/Collage-espais-COE-1024x736.png\" alt=\"\" width=\"1024\" height=\"736\" srcset=\"https:\/\/soib.es\/wp-content\/uploads\/2025\/08\/Collage-espais-COE-980x704.png 980w, https:\/\/soib.es\/wp-content\/uploads\/2025\/08\/Collage-espais-COE-480x345.png 480w\" sizes=\"(min-width: 0px) and (max-width: 480px) 480px, (min-width: 481px) and (max-width: 980px) 980px, (min-width: 981px) 1024px, 100vw\" \/><\/p>\n<p>[\/et_pb_accordion_item][et_pb_accordion_item title=\u00bbSala polivalente\u00bb _builder_version=\u00bb4.27.4&#8243; custom_margin=\u00bb||5px||false|false\u00bb custom_padding=\u00bb5px||5px||false|false\u00bb global_colors_info=\u00bb{}\u00bb open=\u00bboff\u00bb]<\/p>\n<p>Disponemos de una gran sala polivalente dotada con 37 sillas y 20 mesas de oficina plegables con ruedas para favorecer diferentes disposiciones del espacio para poder llevar a cabo presentaciones de proyectos, eventos, reuniones y formaciones. Tambi\u00e9n disponemos de un armario de almacenaje y carga para 25 ordenadores port\u00e1tiles, equipo de sonido, micr\u00f3fonos y monitor t\u00e1ctil interactivo de 86 pulgadas.<\/p>\n<p><\/p>\n<p><img loading=\"lazy\" decoding=\"async\" class=\"wp-image-65550  alignleft\" src=\"https:\/\/soib.es\/wp-content\/uploads\/2025\/08\/Sala-polivalent-COE-1024x768.jpg\" alt=\"\" width=\"966\" height=\"725\" \/><\/p>\n<p>[\/et_pb_accordion_item][et_pb_accordion_item title=\u00bbEspacios abiertos\u00bb _builder_version=\u00bb4.27.4&#8243; custom_margin=\u00bb||5px||false|false\u00bb custom_padding=\u00bb5px||5px||false|false\u00bb global_colors_info=\u00bb{}\u00bb open=\u00bboff\u00bb]<\/p>\n<p>En nuestras instalaciones disponemos de amplios espacios abiertos con luz natural, mesas, sillas, sof\u00e1s, etc., donde se pueden llevar a cabo actividades de networking, reuniones y trabajo colaborativo. Contamos tambi\u00e9n con una pantalla t\u00e1ctil de 65 pulgadas donde se pueden hacer presentaciones m\u00e1s informales, adem\u00e1s de cinco ordenadores de mesa.<img loading=\"lazy\" decoding=\"async\" class=\"wp-image-65576  alignleft\" src=\"https:\/\/soib.es\/wp-content\/uploads\/2025\/08\/Espais-oberts-COE-1024x268.png\" alt=\"\" width=\"985\" height=\"258\" srcset=\"https:\/\/soib.es\/wp-content\/uploads\/2025\/08\/Espais-oberts-COE-980x257.png 980w, https:\/\/soib.es\/wp-content\/uploads\/2025\/08\/Espais-oberts-COE-480x126.png 480w\" sizes=\"(min-width: 0px) and (max-width: 480px) 480px, (min-width: 481px) and (max-width: 980px) 980px, (min-width: 981px) 985px, 100vw\" \/><\/p>\n<p>[\/et_pb_accordion_item][et_pb_accordion_item title=\u00bbSalas de reuniones\u00bb _builder_version=\u00bb4.27.4&#8243; custom_margin=\u00bb||5px||false|false\u00bb custom_padding=\u00bb5px||5px||false|false\u00bb global_colors_info=\u00bb{}\u00bb open=\u00bboff\u00bb]<\/p>\n<p>Cuenta con varias salas de reuniones con sistemas de videoconferencia y equipamiento inform\u00e1tico (ordenadores y pantallas t\u00e1ctiles interactivas de 65 pulgadas).<\/p>\n<p><\/p>\n<p><img loading=\"lazy\" decoding=\"async\" class=\"wp-image-65581  alignleft\" src=\"https:\/\/soib.es\/wp-content\/uploads\/2025\/08\/Sala-reunions-COE-1024x768.jpg\" alt=\"\" width=\"969\" height=\"727\" \/><\/p>\n<p>[\/et_pb_accordion_item][\/et_pb_accordion][\/et_pb_column][\/et_pb_row][\/et_pb_section]<\/p>\n","protected":false},"excerpt":{"rendered":"<p>Espacios, instalaciones y equipos COE BalearsEn las nuevas instalaciones del COE Balears disponemos de espacios e instalaciones para favorecer el acceso a un entorno tecnol\u00f3gico de \u00faltima generaci\u00f3n. El objetivo final es poner a disposici\u00f3n los diferentes espacios, instalaciones equipos para trabajar conjuntamente para el dise\u00f1o de acciones innovadoras y el desarrollo de proyectos experimentales [&hellip;]<\/p>\n","protected":false},"author":13,"featured_media":0,"parent":0,"menu_order":0,"comment_status":"closed","ping_status":"closed","template":"","meta":{"_et_pb_use_builder":"on","_et_pb_old_content":"","_et_gb_content_width":"","footnotes":"","_links_to":"","_links_to_target":""},"class_list":["post-67777","page","type-page","status-publish","hentry"],"publishpress_future_action":{"enabled":false,"date":"2026-04-22 09:10:36","action":"change-status","newStatus":"draft","terms":[],"taxonomy":"translation_priority","extraData":[]},"publishpress_future_workflow_manual_trigger":{"enabledWorkflows":[]},"_links":{"self":[{"href":"https:\/\/soib.es\/es\/wp-json\/wp\/v2\/pages\/67777","targetHints":{"allow":["GET"]}}],"collection":[{"href":"https:\/\/soib.es\/es\/wp-json\/wp\/v2\/pages"}],"about":[{"href":"https:\/\/soib.es\/es\/wp-json\/wp\/v2\/types\/page"}],"author":[{"embeddable":true,"href":"https:\/\/soib.es\/es\/wp-json\/wp\/v2\/users\/13"}],"replies":[{"embeddable":true,"href":"https:\/\/soib.es\/es\/wp-json\/wp\/v2\/comments?post=67777"}],"version-history":[{"count":0,"href":"https:\/\/soib.es\/es\/wp-json\/wp\/v2\/pages\/67777\/revisions"}],"wp:attachment":[{"href":"https:\/\/soib.es\/es\/wp-json\/wp\/v2\/media?parent=67777"}],"curies":[{"name":"wp","href":"https:\/\/api.w.org\/{rel}","templated":true}]}}