{"id":67656,"date":"2025-12-01T09:34:34","date_gmt":"2025-12-01T08:34:34","guid":{"rendered":"https:\/\/soib.es\/?page_id=67656"},"modified":"2025-12-01T09:34:35","modified_gmt":"2025-12-01T08:34:35","slug":"convocatoria-de-subvenciones-soib-formacion-en-alternancia-en-sectores-estrategicos-y-de-dificil-cobertura-2026-2028","status":"publish","type":"page","link":"https:\/\/soib.es\/es\/convocatoria-de-subvenciones-soib-formacion-en-alternancia-en-sectores-estrategicos-y-de-dificil-cobertura-2026-2028\/","title":{"rendered":"Convocatoria de subvenciones SOIB formaci\u00f3n en alternancia en sectores estrat\u00e9gicos y de dif\u00edcil cobertura 2026-2028"},"content":{"rendered":"<p>[et_pb_section fb_built=\u00bb1&#8243; _builder_version=\u00bb4.16&#8243; background_color=\u00bb#f7f7f7&#8243; custom_padding=\u00bb25px|0px|25px|0px\u00bb global_colors_info=\u00bb{}\u00bb][et_pb_row _builder_version=\u00bb4.16&#8243; global_colors_info=\u00bb{}\u00bb][et_pb_column type=\u00bb4_4&#8243; _builder_version=\u00bb4.16&#8243; custom_padding=\u00bb|||\u00bb global_colors_info=\u00bb{}\u00bb custom_padding__hover=\u00bb|||\u00bb][et_pb_image src=\u00bbhttps:\/\/soib.es\/wp-content\/uploads\/2025\/07\/Cintillo-logos-SOIB-Desenvolupament-Local-2026-2027.png\u00bb title_text=\u00bbCintillo logos SOIB Desenvolupament Local 2026-2027&#8243; _builder_version=\u00bb4.27.4&#8243; _module_preset=\u00bbdefault\u00bb global_colors_info=\u00bb{}\u00bb][\/et_pb_image][et_pb_text _builder_version=\u00bb4.27.4&#8243; global_colors_info=\u00bb{}\u00bb]<\/p>\n<h1><strong>Convocatoria de subvenciones SOIB formaci\u00f3n en alternancia en sectores estrat\u00e9gicos y de dif\u00edcil cobertura 2026-2028<\/strong><\/h1>\n<p>[\/et_pb_text][\/et_pb_column][\/et_pb_row][\/et_pb_section][et_pb_section fb_built=\u00bb1&#8243; _builder_version=\u00bb4.16&#8243; custom_padding=\u00bb25px|0px|54px|0px\u00bb global_colors_info=\u00bb{}\u00bb][et_pb_row _builder_version=\u00bb4.16&#8243; global_colors_info=\u00bb{}\u00bb][et_pb_column type=\u00bb4_4&#8243; _builder_version=\u00bb4.16&#8243; custom_padding=\u00bb|||\u00bb global_colors_info=\u00bb{}\u00bb custom_padding__hover=\u00bb|||\u00bb][et_pb_text _builder_version=\u00bb4.27.4&#8243; _module_preset=\u00bbdefault\u00bb locked=\u00bboff\u00bb global_colors_info=\u00bb{}\u00bb]El objeto de esta convocatoria es subvencionar programas de formaci\u00f3n en alternancia, con un conjunto de acciones e iniciativas mixtas de formaci\u00f3n y ocupaci\u00f3n, con el fin de obtener la cualificaci\u00f3n profesional de las personas que participan en un r\u00e9gimen de alternancia con la actividad laboral a trav\u00e9s de un contrato de formaci\u00f3n en alternancia, en el marco del sistema de formaci\u00f3n profesional y formaci\u00f3n en el trabajo en los sectores estrat\u00e9gicos y de dif\u00edcil cobertura.[\/et_pb_text][\/et_pb_column][\/et_pb_row][et_pb_row _builder_version=\u00bb4.23.1&#8243; custom_margin=\u00bb30px||||false|false\u00bb global_colors_info=\u00bb{}\u00bb][et_pb_column type=\u00bb4_4&#8243; _builder_version=\u00bb4.16&#8243; custom_padding=\u00bb|||\u00bb global_colors_info=\u00bb{}\u00bb custom_padding__hover=\u00bb|||\u00bb][et_pb_accordion open_toggle_text_color=\u00bb#474747&#8243; closed_toggle_text_color=\u00bb#cb023e\u00bb icon_color=\u00bb#cb023e\u00bb disabled_on=\u00bboff|off|off\u00bb _builder_version=\u00bb4.27.4&#8243; toggle_text_color=\u00bbRGBA(0,0,0,0)\u00bb toggle_font=\u00bb|700|||||||\u00bb db_closeable=\u00bbon\u00bb db_initial_state=\u00bball_closed\u00bb global_colors_info=\u00bb{}\u00bb][et_pb_accordion_item title=\u00bbEntidades beneficiarias\u00bb open=\u00bbon\u00bb _builder_version=\u00bb4.27.4&#8243; global_colors_info=\u00bb{}\u00bb]1. En el marco de esta convocatoria, son beneficiarias las siguientes entidades:<\/p>\n<p>a) Entidades de formaci\u00f3n:<\/p>\n<p>\u2014 Centros propios del SOIB.<\/p>\n<p>\u2014 Entidades de formaci\u00f3n p\u00fablicas o privadas que para impartir formaci\u00f3n de grado B deben estar autorizadas e inscritas en el Registro de centros de formaci\u00f3n profesional o lo que disponga la normativa aplicable. Para impartir especialidades formativas en el trabajo, deben estar inscritas en el Registro estatal de entidades de formaci\u00f3n; en ambos casos deben estar de alta y visibles en la aplicaci\u00f3n ESOIB y cumplir estos requisitos en el momento de presentar la solicitud.<\/p>\n<p>b) Entidades de titularidad privada con personalidad jur\u00eddica privada, fundaciones privadas y personas trabajadoras aut\u00f3nomas que se comprometan a contratar a personas trabajadoras en la modalidad de contrato de formaci\u00f3n en alternancia, la actividad de las cuales est\u00e9 directamente relacionada con los sectores del anexo\u202f2 y que tengan centros de trabajo radicados en la comunidad aut\u00f3noma de las Illes Balears.<\/p>\n<p>2. Las entidades del punto anterior deber\u00e1n presentarse agrupadas y deben hacer constar en la solicitud los compromisos de ejecuci\u00f3n de cada una, as\u00ed como el importe de la subvenci\u00f3n que se deba aplicar. Deben nombrar una persona representante \u00fanica de la agrupaci\u00f3n, con poderes suficientes para cumplir las obligaciones que, como beneficiaria, corresponden a la agrupaci\u00f3n. Cada una de las entidades miembro de la agrupaci\u00f3n tiene la consideraci\u00f3n de beneficiaria de la subvenci\u00f3n, tal como establece el art\u00edculo\u202f11.3 de la Ley\u202f38\/2003.<br \/>3. No se deber\u00e1 presentar de manera agrupada la entidad de formaci\u00f3n que se comprometa a hacer las contrataciones y que cumpla los requisitos especificados en su punto 1.a) de este apartado.[\/et_pb_accordion_item][et_pb_accordion_item title=\u00bbPersonas destinatarias\u00bb _builder_version=\u00bb4.27.4&#8243; global_colors_info=\u00bb{}\u00bb open=\u00bboff\u00bb]Personas desempleadas e inscritas en el SOIB como demandantes de empleo que:<\/p>\n<p>&#8211; Cumplan las condiciones para ser contratadas mediante el contrato de formaci\u00f3n en alternancia.<\/p>\n<p>&#8211; Cumplan los requisitos de acceso a los certificados profesionales (grado B) as\u00ed como los establecidos en los programas formativos del resto de formaci\u00f3n programada en el proyecto.<\/p>\n<p>&#8211; Est\u00e9n inscritas en en el SOIB como demandantes de empleo el d\u00eda antes de la contrataci\u00f3n.[\/et_pb_accordion_item][et_pb_accordion_item title=\u00bbPlazo de presentaci\u00f3n de solicitudes\u00bb _builder_version=\u00bb4.27.4&#8243; global_colors_info=\u00bb{}\u00bb open=\u00bboff\u00bb]\u2014 Para el per\u00edodo\u202f2026-2027 se inicia al d\u00eda siguiente de haberse publicado esta  Resoluci\u00f3n en el BOIB y finaliza el 30 de junio de\u202f2026.<\/p>\n<p>\u2014 Para el per\u00edodo\u202f2027-2028, se inicia el d\u00eda\u202f1 de julio de 2026 y finaliza el\u202f30 de junio de\u202f2027.<\/p>\n<p>Las entidades pueden presentar m\u00e1s de una solicitud, pero cada solicitud debe hacer referencia a un \u00fanico proyecto.[\/et_pb_accordion_item][et_pb_accordion_item title=\u00bbPresupuesto\u00bb _builder_version=\u00bb4.27.4&#8243; global_colors_info=\u00bb{}\u00bb open=\u00bboff\u00bb]El cr\u00e9dito inicial asignado a esta convocatoria es de\u202f14.000.000 \u20ac distribuidos en dos per\u00edodos:<\/p>\n<p>&#8211; 2026-2027: 7.000.000\u20ac<\/p>\n<p>&#8211; 2027-2028: 7.000.000\u20ac<\/p>\n<p>Las partidas del presupuesto de gastos correspondientes a cada una de las anualidades a las que se imputa cada uno de los per\u00edodos, se financian mediante los fondos del Ministerio de Trabajo y Econom\u00eda Social que anualmente distribuye por territorios la Conferencia Sectorial de Empleo y Asuntos Laborales.[\/et_pb_accordion_item][et_pb_accordion_item title=\u00bbConceptos que se subvencionan\u00bb _builder_version=\u00bb4.27.4&#8243; global_colors_info=\u00bb{}\u00bb open=\u00bboff\u00bb]1. Costes de los contratos del alumnado trabajador.<br \/>2. Costes de los tutores y tutoras de empresa.<br \/>3. Costes del coordinador o coordinadora del proyecto.<br \/>4. Costes de formaci\u00f3n.[\/et_pb_accordion_item][et_pb_accordion_item title=\u00bbPlazo de ejecuci\u00f3n de las acciones\u00bb _builder_version=\u00bb4.27.4&#8243; global_colors_info=\u00bb{}\u00bb open=\u00bboff\u00bb]La duraci\u00f3n del contrato del alumnado trabajador tiene que ser efectiva en meses completos: entre\u202f6 y\u202f12 meses en la modalidad de contrataci\u00f3n a tiempo completo. En ning\u00fan caso se subvencionan los gastos de los proyectos iniciados antes de que se dicte la resoluci\u00f3n de concesi\u00f3n de la subvenci\u00f3n correspondiente. <\/p>\n<p>&#8211; Para el per\u00edodo\u202f2026-2027, los proyectos concedidos deben iniciarse entre el 1 de enero y el 15 de noviembre de\u202f2026.<\/p>\n<p>&#8211; Para el per\u00edodo 2027-2028, los proyectos concedidos deben iniciarse entre el 1 de enero de\u202f2027 y el\u202f14 de noviembre de\u202f2027.[\/et_pb_accordion_item][et_pb_accordion_item title=\u00bbNormativa\u00bb _builder_version=\u00bb4.27.4&#8243; global_colors_info=\u00bb{}\u00bb open=\u00bboff\u00bb]Las subvenciones objeto de esta convocatoria se rigen por la normativa siguiente:<\/p>\n<p>1. La Ley\u202f38\/2003, de\u202f17 de noviembre, general de subvenciones, y Decreto Legislativo\u202f2\/2005, de\u202f28 de diciembre, por el que se aprueba el texto refundido de la Ley de subvenciones.<\/p>\n<p>2. El Real Decreto Legislativo 2\/2015, de 23 de octubre, por el que se aprueba el texto refundido de la Ley del Estatuto de los trabajadores, modificado por el Real Decreto-ley\u202f32\/2021, de 28 de diciembre, de medidas urgentes para la reforma laboral, la garant\u00eda en la estabilidad del empleo y la transformaci\u00f3n del mercado de trabajo.<\/p>\n<p>3. El Real Decreto\u202f1529\/2012, de\u202f8 de noviembre, por el que se desarrolla el contrato para la formaci\u00f3n y el aprendizaje y se establecen las bases de la formaci\u00f3n profesional dual, y la normativa de despliegue.<\/p>\n<p>4. La Orden ESS\/2518\/2013, de\u202f26 de diciembre, por la que se regulan los aspectos formativos del contrato para la formaci\u00f3n y el aprendizaje, en despliegue del Real Decreto\u202f1529\/2012, modificada por la Orden ESS\/41\/2015, de\u202f12 de enero.<\/p>\n<p>5. La Ley\u202f3\/2023, de\u202f28 de febrero, de empleo.<\/p>\n<p>6. La Ley Org\u00e1nica\u202f3\/2022, de\u202f31 de marzo, de ordenaci\u00f3n e integraci\u00f3n de la formaci\u00f3n profesional.<\/p>\n<p>7. El Real Decreto\u202f659\/2023, de\u202f18 de julio, por el que se desarrolla la ordenaci\u00f3n del sistema de formaci\u00f3n profesional.<\/p>\n<p>8. El Real Decreto-ley\u202f1\/2023, de\u202f10 de enero, de medidas urgentes en materia de incentivos a la contrataci\u00f3n laboral y mejora de la protecci\u00f3n social de las personas artistas.<\/p>\n<p>9. La Ley\u202f30\/2015, de\u202f9 de septiembre, por la que se regula el sistema de formaci\u00f3n profesional para el empleo en el \u00e1mbito laboral.<\/p>\n<p>10. El Real Decreto\u202f694\/2017, de\u202f3 de julio, por el que se desarrolla la Ley\u202f30\/2015, de\u202f9 de septiembre, por la que se regula el sistema de formaci\u00f3n profesional para el empleo en el \u00e1mbito laboral.<\/p>\n<p>11. La Ley\u202f43\/2006, de\u202f29 de diciembre, para la mejora del crecimiento y del empleo, modificada posteriormente.<\/p>\n<p>12. La Orden\u202f16\/2023 del consejero de Modelo Econ\u00f3mico, Turismo y Trabajo, de\u202f17 de mayo de\u202f2023, por la que se establecen las bases reguladoras de las subvenciones en materia de pol\u00edticas activas de empleo gestionadas por el Servicio de Empleo de las Illes Balears (BOIB n.\u00ba\u202f67, de\u202f20 de mayo de\u202f2023).<\/p>\n<p>En todo lo no previsto en esta convocatoria, se aplicar\u00e1 la Orden\u202f16\/2023.[\/et_pb_accordion_item][et_pb_accordion_item title=\u00bbContacto\u00bb _builder_version=\u00bb4.27.4&#8243; global_colors_info=\u00bb{}\u00bb open=\u00bboff\u00bb]<\/p>\n<p>Buz\u00f3n de consulta: <span style=\"color: #cb023e;\"><a style=\"color: #cb023e;\" href=\"mailto:formaciodual@soib.caib.es\" target=\"_blank\" rel=\"noopener\">formaciodual@soib.caib.es<\/a><\/span><\/p>\n<p>[\/et_pb_accordion_item][\/et_pb_accordion][et_pb_button button_url=\u00bbhttps:\/\/www.caib.es\/seucaib\/es\/201\/empreses\/tramites\/tramite\/6413215&#8243; url_new_window=\u00bbon\u00bb button_text=\u00bbAcceso al tr\u00e1mite de la convocatoria\u00bb _builder_version=\u00bb4.27.4&#8243; _module_preset=\u00bbdefault\u00bb custom_button=\u00bbon\u00bb button_text_size=\u00bb15px\u00bb button_text_color=\u00bb#cb023e\u00bb button_bg_color=\u00bb#FFFFFF\u00bb button_border_width=\u00bb1px\u00bb button_border_color=\u00bb#cb023e\u00bb button_font=\u00bb|600|||||||\u00bb button_icon=\u00bb&#xe07e;||divi||400&#8243; button_icon_placement=\u00bbleft\u00bb button_on_hover=\u00bboff\u00bb hover_enabled=\u00bb0&#8243; locked=\u00bboff\u00bb global_colors_info=\u00bb{}\u00bb sticky_enabled=\u00bb0&#8243;][\/et_pb_button][\/et_pb_column][\/et_pb_row][et_pb_row _builder_version=\u00bb4.23.1&#8243; custom_margin=\u00bb30px||||false|false\u00bb global_colors_info=\u00bb{}\u00bb][et_pb_column type=\u00bb4_4&#8243; _builder_version=\u00bb4.16&#8243; custom_padding=\u00bb|||\u00bb global_colors_info=\u00bb{}\u00bb custom_padding__hover=\u00bb|||\u00bb][et_pb_text _builder_version=\u00bb4.27.4&#8243; hover_enabled=\u00bb0&#8243; global_colors_info=\u00bb{}\u00bb sticky_enabled=\u00bb0&#8243;]<\/p>\n<p>M\u00e1s informaci\u00f3n: <a href=\"https:\/\/soib.es\/wp-content\/uploads\/2025\/12\/BOIB-SOIB-formacion-alternancia-SE-2026-2028_cast.pdf\" target=\"_blank\" rel=\"noopener\"><span style=\"color: #cb023e;\"><strong>BOIB convocatoria de subvenciones SOIB formaci\u00f3n en alternancia en sectores estrat\u00e9gicos y de dif\u00edcil cobertura 2026-2028<\/strong><\/span><\/a>.<\/p>\n<p>[\/et_pb_text][\/et_pb_column][\/et_pb_row][\/et_pb_section]<\/p>\n","protected":false},"excerpt":{"rendered":"<p>Convocatoria de subvenciones SOIB formaci\u00f3n en alternancia en sectores estrat\u00e9gicos y de dif\u00edcil cobertura 2026-2028El objeto de esta convocatoria es subvencionar programas de formaci\u00f3n en alternancia, con un conjunto de acciones e iniciativas mixtas de formaci\u00f3n y ocupaci\u00f3n, con el fin de obtener la cualificaci\u00f3n profesional de las personas que participan en un r\u00e9gimen de [&hellip;]<\/p>\n","protected":false},"author":13,"featured_media":0,"parent":0,"menu_order":0,"comment_status":"closed","ping_status":"closed","template":"","meta":{"_et_pb_use_builder":"on","_et_pb_old_content":"","_et_gb_content_width":"","footnotes":"","_links_to":"","_links_to_target":""},"class_list":["post-67656","page","type-page","status-publish","hentry"],"publishpress_future_action":{"enabled":false,"date":"2026-04-13 10:29:41","action":"change-status","newStatus":"draft","terms":[],"taxonomy":"translation_priority","extraData":[]},"publishpress_future_workflow_manual_trigger":{"enabledWorkflows":[]},"_links":{"self":[{"href":"https:\/\/soib.es\/es\/wp-json\/wp\/v2\/pages\/67656","targetHints":{"allow":["GET"]}}],"collection":[{"href":"https:\/\/soib.es\/es\/wp-json\/wp\/v2\/pages"}],"about":[{"href":"https:\/\/soib.es\/es\/wp-json\/wp\/v2\/types\/page"}],"author":[{"embeddable":true,"href":"https:\/\/soib.es\/es\/wp-json\/wp\/v2\/users\/13"}],"replies":[{"embeddable":true,"href":"https:\/\/soib.es\/es\/wp-json\/wp\/v2\/comments?post=67656"}],"version-history":[{"count":0,"href":"https:\/\/soib.es\/es\/wp-json\/wp\/v2\/pages\/67656\/revisions"}],"wp:attachment":[{"href":"https:\/\/soib.es\/es\/wp-json\/wp\/v2\/media?parent=67656"}],"curies":[{"name":"wp","href":"https:\/\/api.w.org\/{rel}","templated":true}]}}