{"id":67543,"date":"2025-11-20T12:15:27","date_gmt":"2025-11-20T11:15:27","guid":{"rendered":"https:\/\/soib.es\/memorias-plan-de-actuaciones\/"},"modified":"2025-11-20T12:15:30","modified_gmt":"2025-11-20T11:15:30","slug":"memorias-plan-de-actuaciones","status":"publish","type":"page","link":"https:\/\/soib.es\/es\/memorias-plan-de-actuaciones\/","title":{"rendered":"Memorias Plan de Actuaciones"},"content":{"rendered":"<p>[et_pb_section fb_built=\u00bb1&#8243; _builder_version=\u00bb4.16&#8243; background_color=\u00bb#f7f7f7&#8243; custom_padding=\u00bb25px|0px|25px|0px\u00bb global_colors_info=\u00bb{}\u00bb][et_pb_row _builder_version=\u00bb4.16&#8243; global_colors_info=\u00bb{}\u00bb][et_pb_column type=\u00bb4_4&#8243; _builder_version=\u00bb4.16&#8243; custom_padding=\u00bb|||\u00bb global_colors_info=\u00bb{}\u00bb custom_padding__hover=\u00bb|||\u00bb][et_pb_text _builder_version=\u00bb4.27.4&#8243; hover_enabled=\u00bb0&#8243; global_colors_info=\u00bb{}\u00bb sticky_enabled=\u00bb0&#8243;]<\/p>\n<h1><strong>Memorias Plan de Actuaciones<\/strong><\/h1>\n<p>[\/et_pb_text][\/et_pb_column][\/et_pb_row][\/et_pb_section][et_pb_section fb_built=\u00bb1&#8243; _builder_version=\u00bb4.16&#8243; custom_padding=\u00bb25px|0px|54px|0px\u00bb global_colors_info=\u00bb{}\u00bb][et_pb_row _builder_version=\u00bb4.16&#8243; global_colors_info=\u00bb{}\u00bb][et_pb_column type=\u00bb4_4&#8243; _builder_version=\u00bb4.16&#8243; custom_padding=\u00bb|||\u00bb global_colors_info=\u00bb{}\u00bb custom_padding__hover=\u00bb|||\u00bb][et_pb_text _builder_version=\u00bb4.27.4&#8243; hover_enabled=\u00bb0&#8243; global_colors_info=\u00bb{}\u00bb sticky_enabled=\u00bb0&#8243;]El Plan de Actuaciones del SOIB es el instrumento anual de planificaci\u00f3n que concreta las prioridades operativas, los objetivos y las actuaciones que el Servicio de Ocupaci\u00f3n de las Illes Balears desarrolla en el marco de las pol\u00edticas activas de empleo. Su formulaci\u00f3n se enmarca en la Ley 3\/2023, de 28 de febrero, de Empleo, la Cartera Com\u00fan de Servicios del Sistema Nacional de Empleo y las directrices establecidas en la Estrategia Espa\u00f1ola de Apoyo Activo al Empleo 2025\u20132028 y en el Plan Anual de Fomento del Empleo Digno (PAFED).<br \/>Las Memorias del Plan de Actuaciones recogen, en cada ejercicio, los principales resultados, el grado de ejecuci\u00f3n presupuestaria, los avances alcanzados en los distintos ejes estrat\u00e9gicos y los indicadores clave de seguimiento. Estos documentos permiten reforzar la transparencia, la rendici\u00f3n de cuentas y la evaluaci\u00f3n continua de las pol\u00edticas de empleo y formaci\u00f3n impulsadas por el SOIB.[\/et_pb_text][\/et_pb_column][\/et_pb_row][et_pb_row _builder_version=\u00bb4.16&#8243; global_colors_info=\u00bb{}\u00bb][et_pb_column type=\u00bb4_4&#8243; _builder_version=\u00bb4.16&#8243; custom_padding=\u00bb|||\u00bb global_colors_info=\u00bb{}\u00bb custom_padding__hover=\u00bb|||\u00bb][et_pb_toggle title=\u00bbMemorias Plan de Actuaciones\u00bb open_toggle_text_color=\u00bb#878786&#8243; closed_toggle_text_color=\u00bb#cb023e\u00bb icon_color=\u00bb#cb023e\u00bb open_icon_color=\u00bb#cb023e\u00bb _builder_version=\u00bb4.27.4&#8243; _module_preset=\u00bbdefault\u00bb title_font=\u00bb|700|||||||\u00bb closed_title_font=\u00bb|700|||||||\u00bb hover_enabled=\u00bb0&#8243; global_colors_info=\u00bb{}\u00bb sticky_enabled=\u00bb0&#8243;]<\/p>\n<p><a href=\"https:\/\/soib.es\/wp-content\/uploads\/2025\/11\/Memoria-Pla-dActuacions-SOIB-2024.pdf&quot;\" target=\"_blank\" rel=\"noopener noreferrer\"><img loading=\"lazy\" decoding=\"async\" class=\"wp-image-23148 alignnone \" src=\"https:\/\/soib.es\/wp-content\/uploads\/2020\/10\/Icona-fletxes-1.jpg\" alt=\"\" width=\"20\" height=\"20\" \/>Memoria Plan de Actuaciones SOIB 2024<\/a><\/p>\n<p>[\/et_pb_toggle][\/et_pb_column][\/et_pb_row][\/et_pb_section]<\/p>\n","protected":false},"excerpt":{"rendered":"<p>Memorias Plan de ActuacionesEl Plan de Actuaciones del SOIB es el instrumento anual de planificaci\u00f3n que concreta las prioridades operativas, los objetivos y las actuaciones que el Servicio de Ocupaci\u00f3n de las Illes Balears desarrolla en el marco de las pol\u00edticas activas de empleo. Su formulaci\u00f3n se enmarca en la Ley 3\/2023, de 28 de [&hellip;]<\/p>\n","protected":false},"author":13,"featured_media":0,"parent":0,"menu_order":0,"comment_status":"closed","ping_status":"closed","template":"","meta":{"_et_pb_use_builder":"on","_et_pb_old_content":"","_et_gb_content_width":"","footnotes":"","_links_to":"","_links_to_target":""},"class_list":["post-67543","page","type-page","status-publish","hentry"],"publishpress_future_action":{"enabled":false,"date":"2026-04-18 12:54:43","action":"change-status","newStatus":"draft","terms":[],"taxonomy":"translation_priority","extraData":[]},"publishpress_future_workflow_manual_trigger":{"enabledWorkflows":[]},"_links":{"self":[{"href":"https:\/\/soib.es\/es\/wp-json\/wp\/v2\/pages\/67543","targetHints":{"allow":["GET"]}}],"collection":[{"href":"https:\/\/soib.es\/es\/wp-json\/wp\/v2\/pages"}],"about":[{"href":"https:\/\/soib.es\/es\/wp-json\/wp\/v2\/types\/page"}],"author":[{"embeddable":true,"href":"https:\/\/soib.es\/es\/wp-json\/wp\/v2\/users\/13"}],"replies":[{"embeddable":true,"href":"https:\/\/soib.es\/es\/wp-json\/wp\/v2\/comments?post=67543"}],"version-history":[{"count":0,"href":"https:\/\/soib.es\/es\/wp-json\/wp\/v2\/pages\/67543\/revisions"}],"wp:attachment":[{"href":"https:\/\/soib.es\/es\/wp-json\/wp\/v2\/media?parent=67543"}],"curies":[{"name":"wp","href":"https:\/\/api.w.org\/{rel}","templated":true}]}}