{"id":65509,"date":"2025-08-27T13:15:12","date_gmt":"2025-08-27T11:15:12","guid":{"rendered":"https:\/\/soib.es\/boletin-informativo-coe-balears\/"},"modified":"2025-08-27T16:04:52","modified_gmt":"2025-08-27T14:04:52","slug":"boletin-informativo-coe-balears","status":"publish","type":"page","link":"https:\/\/soib.es\/es\/boletin-informativo-coe-balears\/","title":{"rendered":"Bolet\u00edn informativo COE Balears"},"content":{"rendered":"<p>[et_pb_section fb_built=\u00bb1&#8243; _builder_version=\u00bb4.16&#8243; background_color=\u00bb#f7f7f7&#8243; custom_padding=\u00bb25px|0px|25px|0px\u00bb global_colors_info=\u00bb{}\u00bb][et_pb_row _builder_version=\u00bb4.16&#8243; global_colors_info=\u00bb{}\u00bb][et_pb_column type=\u00bb4_4&#8243; _builder_version=\u00bb4.16&#8243; custom_padding=\u00bb|||\u00bb global_colors_info=\u00bb{}\u00bb custom_padding__hover=\u00bb|||\u00bb][et_pb_text _builder_version=\u00bb4.27.4&#8243; global_colors_info=\u00bb{}\u00bb]<\/p>\n<h1><strong>Bolet\u00edn informativo COE Balears<\/strong><\/h1>\n<p>[\/et_pb_text][\/et_pb_column][\/et_pb_row][\/et_pb_section][et_pb_section fb_built=\u00bb1&#8243; _builder_version=\u00bb4.16&#8243; custom_padding=\u00bb25px|0px|54px|0px\u00bb global_colors_info=\u00bb{}\u00bb][et_pb_row _builder_version=\u00bb4.16&#8243; global_colors_info=\u00bb{}\u00bb][et_pb_column type=\u00bb4_4&#8243; _builder_version=\u00bb4.16&#8243; custom_padding=\u00bb|||\u00bb global_colors_info=\u00bb{}\u00bb custom_padding__hover=\u00bb|||\u00bb][et_pb_text _builder_version=\u00bb4.27.4&#8243; global_colors_info=\u00bb{}\u00bb]<\/p>\n<p>Desde el <strong>Centro de Orientaci\u00f3n, Emprendedur\u00eda, Acompa\u00f1amiento e Innovaci\u00f3n para el Empleo (COE) del SOIB<\/strong> publicamos un bolet\u00edn informativo dirigido al personal orientador y a las entidades colaboradoras del tercer sector que trabajan en el \u00e1mbito de la orientaci\u00f3n laboral. En sta publicaci\u00f3n encontrar\u00e9is informaci\u00f3n actualizzada sobre iniciativas, recursos, buenas pr\u00e1cticas, formaciones y novedades relacionadas con la orientaci\u00f3n laboral en las Illes Balears. El objetivo es ofrecer una herramienta \u00fatil para manteneros al d\u00eda y fortalecer el trabajo en red entre profesionales y entidades del sector.<\/p>\n<p>[\/et_pb_text][et_pb_button url_new_window=\u00bbon\u00bb button_text=\u00bbBolet\u00edn marzo 2025&#8243; disabled_on=\u00bboff|off|off\u00bb _builder_version=\u00bb4.27.4&#8243; _module_preset=\u00bbdefault\u00bb custom_button=\u00bbon\u00bb button_text_size=\u00bb14px\u00bb button_text_color=\u00bb#cb023e\u00bb button_bg_color=\u00bbRGBA(0,0,0,0)\u00bb button_font=\u00bb|600|||||||\u00bb button_icon=\u00bb&#xf1ea;||fa||400&#8243; button_icon_color=\u00bb#00508b\u00bb button_icon_placement=\u00bbleft\u00bb button_on_hover=\u00bboff\u00bb custom_margin=\u00bb0px|||10px|false|false\u00bb hover_enabled=\u00bb0&#8243; locked=\u00bboff\u00bb global_colors_info=\u00bb{}\u00bb button_url=\u00bbhttps:\/\/soib.es\/wp-content\/uploads\/2025\/08\/BUTLLETI-COE-MARC-2025.pdf\u00bb sticky_enabled=\u00bb0&#8243;][\/et_pb_button][\/et_pb_column][\/et_pb_row][\/et_pb_section][et_pb_section fb_built=\u00bb1&#8243; disabled_on=\u00bbon|on|off\u00bb _builder_version=\u00bb4.16&#8243; background_color=\u00bb#f4f5f4&#8243; height=\u00bb10px\u00bb custom_padding=\u00bb0px||0px||true|false\u00bb global_colors_info=\u00bb{}\u00bb][\/et_pb_section][et_pb_section fb_built=\u00bb1&#8243; disabled_on=\u00bbon|on|off\u00bb _builder_version=\u00bb4.16&#8243; background_color=\u00bb#f4f5f4&#8243; height=\u00bb10px\u00bb custom_padding=\u00bb0px||0px||true|false\u00bb global_colors_info=\u00bb{}\u00bb][\/et_pb_section][et_pb_section fb_built=\u00bb1&#8243; disabled_on=\u00bbon|on|off\u00bb _builder_version=\u00bb4.16&#8243; background_color=\u00bb#f4f5f4&#8243; height=\u00bb10px\u00bb custom_padding=\u00bb0px||0px||true|false\u00bb global_colors_info=\u00bb{}\u00bb][\/et_pb_section]<\/p>\n","protected":false},"excerpt":{"rendered":"<p>Bolet\u00edn informativo COE BalearsDesde el Centro de Orientaci\u00f3n, Emprendedur\u00eda, Acompa\u00f1amiento e Innovaci\u00f3n para el Empleo (COE) del SOIB publicamos un bolet\u00edn informativo dirigido al personal orientador y a las entidades colaboradoras del tercer sector que trabajan en el \u00e1mbito de la orientaci\u00f3n laboral. En sta publicaci\u00f3n encontrar\u00e9is informaci\u00f3n actualizzada sobre iniciativas, recursos, buenas pr\u00e1cticas, formaciones [&hellip;]<\/p>\n","protected":false},"author":13,"featured_media":0,"parent":0,"menu_order":0,"comment_status":"closed","ping_status":"closed","template":"","meta":{"_et_pb_use_builder":"on","_et_pb_old_content":"","_et_gb_content_width":"","footnotes":"","_links_to":"","_links_to_target":""},"class_list":["post-65509","page","type-page","status-publish","hentry"],"publishpress_future_action":{"enabled":false,"date":"2026-04-30 16:14:41","action":"change-status","newStatus":"draft","terms":[],"taxonomy":"translation_priority","extraData":[]},"publishpress_future_workflow_manual_trigger":{"enabledWorkflows":[]},"_links":{"self":[{"href":"https:\/\/soib.es\/es\/wp-json\/wp\/v2\/pages\/65509","targetHints":{"allow":["GET"]}}],"collection":[{"href":"https:\/\/soib.es\/es\/wp-json\/wp\/v2\/pages"}],"about":[{"href":"https:\/\/soib.es\/es\/wp-json\/wp\/v2\/types\/page"}],"author":[{"embeddable":true,"href":"https:\/\/soib.es\/es\/wp-json\/wp\/v2\/users\/13"}],"replies":[{"embeddable":true,"href":"https:\/\/soib.es\/es\/wp-json\/wp\/v2\/comments?post=65509"}],"version-history":[{"count":0,"href":"https:\/\/soib.es\/es\/wp-json\/wp\/v2\/pages\/65509\/revisions"}],"wp:attachment":[{"href":"https:\/\/soib.es\/es\/wp-json\/wp\/v2\/media?parent=65509"}],"curies":[{"name":"wp","href":"https:\/\/api.w.org\/{rel}","templated":true}]}}