{"id":65389,"date":"2025-08-18T16:00:37","date_gmt":"2025-08-18T14:00:37","guid":{"rendered":"https:\/\/soib.es\/convocatoria-de-subvenciones-soib-formacion-en-alternancia-para-colectivos-vulnerables-2025-2028\/"},"modified":"2025-09-08T10:59:51","modified_gmt":"2025-09-08T08:59:51","slug":"convocatoria-de-subvenciones-soib-formacion-en-alternancia-para-colectivos-vulnerables-2025-2028","status":"publish","type":"page","link":"https:\/\/soib.es\/es\/convocatoria-de-subvenciones-soib-formacion-en-alternancia-para-colectivos-vulnerables-2025-2028\/","title":{"rendered":"Convocatoria de subvenciones SOIB formaci\u00f3n en alternancia para colectivos vulnerables 2025-2028"},"content":{"rendered":"<p>[et_pb_section fb_built=\u00bb1&#8243; _builder_version=\u00bb4.16&#8243; background_color=\u00bb#f7f7f7&#8243; custom_padding=\u00bb25px|0px|25px|0px\u00bb global_colors_info=\u00bb{}\u00bb][et_pb_row _builder_version=\u00bb4.16&#8243; global_colors_info=\u00bb{}\u00bb][et_pb_column type=\u00bb4_4&#8243; _builder_version=\u00bb4.16&#8243; custom_padding=\u00bb|||\u00bb global_colors_info=\u00bb{}\u00bb custom_padding__hover=\u00bb|||\u00bb][et_pb_image src=\u00bbhttps:\/\/soib.es\/wp-content\/uploads\/2025\/07\/Cintillo-logos-SOIB-Desenvolupament-Local-2026-2027.png\u00bb title_text=\u00bbCintillo logos SOIB Desenvolupament Local 2026-2027&#8243; _builder_version=\u00bb4.27.4&#8243; _module_preset=\u00bbdefault\u00bb locked=\u00bboff\u00bb global_colors_info=\u00bb{}\u00bb][\/et_pb_image][et_pb_text _builder_version=\u00bb4.27.4&#8243; global_colors_info=\u00bb{}\u00bb]<\/p>\n<h1><strong>Convocatoria de subvenciones SOIB formaci\u00f3n en alternancia para colectivos vulnerables 2025-2028<\/strong><\/h1>\n<p>[\/et_pb_text][\/et_pb_column][\/et_pb_row][\/et_pb_section][et_pb_section fb_built=\u00bb1&#8243; _builder_version=\u00bb4.16&#8243; custom_padding=\u00bb25px|0px|54px|0px\u00bb global_colors_info=\u00bb{}\u00bb][et_pb_row _builder_version=\u00bb4.16&#8243; global_colors_info=\u00bb{}\u00bb][et_pb_column type=\u00bb4_4&#8243; _builder_version=\u00bb4.16&#8243; custom_padding=\u00bb|||\u00bb global_colors_info=\u00bb{}\u00bb custom_padding__hover=\u00bb|||\u00bb][et_pb_text _builder_version=\u00bb4.27.4&#8243; _module_preset=\u00bbdefault\u00bb locked=\u00bboff\u00bb global_colors_info=\u00bb{}\u00bb]<\/p>\n<p>El objeto de esta convocatoria para el periodo 2025-2028 es regular la concesi\u00f3n de subvenciones a entidades del tercer sector, destinadas a financiar el programa \u00abSOIB Formaci\u00f3n en alternancia para colectivos vulnerables\u00bb. Se trata de un programa de formaci\u00f3n en alternancia para mejorar la empleabilidad, la cualificaci\u00f3n y la inserci\u00f3n profesional de las personas con discapacidad o en riesgo de exclusi\u00f3n que se encuentran en situaci\u00f3n de desempleo. Se concreta en un conjunto de acciones e iniciativas mixtas, de formaci\u00f3n y empleo, con la finalidad de obtener la cualificaci\u00f3n profesional de las personas participantes en un r\u00e9gimen de alternancia de la actividad laboral a trav\u00e9s de un contrato de formaci\u00f3n en alternancia.<\/p>\n<p>[\/et_pb_text][\/et_pb_column][\/et_pb_row][et_pb_row _builder_version=\u00bb4.23.1&#8243; custom_margin=\u00bb30px||||false|false\u00bb locked=\u00bboff\u00bb global_colors_info=\u00bb{}\u00bb][et_pb_column type=\u00bb4_4&#8243; _builder_version=\u00bb4.16&#8243; custom_padding=\u00bb|||\u00bb global_colors_info=\u00bb{}\u00bb custom_padding__hover=\u00bb|||\u00bb][et_pb_accordion open_toggle_text_color=\u00bb#474747&#8243; closed_toggle_text_color=\u00bb#cb023e\u00bb icon_color=\u00bb#cb023e\u00bb disabled_on=\u00bboff|off|off\u00bb _builder_version=\u00bb4.27.4&#8243; toggle_text_color=\u00bbRGBA(0,0,0,0)\u00bb toggle_font=\u00bb|700|||||||\u00bb hover_enabled=\u00bb0&#8243; db_closeable=\u00bbon\u00bb db_initial_state=\u00bball_closed\u00bb global_colors_info=\u00bb{}\u00bb sticky_enabled=\u00bb0&#8243;][et_pb_accordion_item title=\u00bbEntidades beneficiarias\u00bb open=\u00bbon\u00bb _builder_version=\u00bb4.27.4&#8243; global_colors_info=\u00bb{}\u00bb]Entidades del tercer sector de acci\u00f3n social, tal y como define la Ley 3\/2018, de 29 de mayo. Las entidades deben tener el centro de trabajo donde presta servicios la persona contratada en la comunidad aut\u00f3noma de las Illes Balears.[\/et_pb_accordion_item][et_pb_accordion_item title=\u00bbPersonas destinatarias\u00bb _builder_version=\u00bb4.27.4&#8243; global_colors_info=\u00bb{}\u00bb open=\u00bboff\u00bb]<\/p>\n<div class=\"et_pb_toggle_content clearfix\">\n<p>Personas con discapacidad o en riesgo de exclusi\u00f3n social que no tengan la cualificaci\u00f3n profesional reconocida por las titulaciones o los certificados requeridos para concertar un contrato formativo para la obtenci\u00f3n de la pr\u00e1ctica profesional. Deben estar inscritas como demandantes de empleo en situaci\u00f3n de desempleo el d\u00eda antes del inicio de la actividad.<\/p>\n<p>Se considera persona con discapacidad la que tiene reconocido un grado de discapacidad igual o superior al 33 %, hecho que debe acreditarse con el certificado emitido por el \u00f3rgano competente. Se considera persona en riesgo de exclusi\u00f3n la que as\u00ed determina el informe emitido por los servicios sociales competentes.<\/p>\n<\/div>\n<p>[\/et_pb_accordion_item][et_pb_accordion_item title=\u00bbPlazo de presentaci\u00f3n de solicitudes\u00bb _builder_version=\u00bb4.27.4&#8243; global_colors_info=\u00bb{}\u00bb open=\u00bboff\u00bb]<\/p>\n<div class=\"et_pb_toggle_content clearfix\">\n<p>El plazo para presentar las solicitudes es de 15 d\u00edas h\u00e1biles desde el d\u00eda siguiente de haberse publicado esta convocatoria en el BOIB.<\/p>\n<p>Las entidades pueden presentar m\u00e1s de una solicitud, pero cada solicitud debe hacer referen-cia a un \u00fanico proyecto.<\/p>\n<\/div>\n<p>[\/et_pb_accordion_item][et_pb_accordion_item title=\u00bbPresupuesto\u00bb _builder_version=\u00bb4.27.4&#8243; global_colors_info=\u00bb{}\u00bb open=\u00bboff\u00bb]<\/p>\n<div class=\"et_pb_toggle_content clearfix\">\n<p>El cr\u00e9dito asignado inicialmente a esta convocatoria es de 4.500.000,00 \u20ac<\/p>\n<p>Las partidas del presupuesto de gastos correspondientes a cada una de las anualidades a que se imputa esta convocatoria se financian mediante los fondos del Ministerio de Trabajo y Econom\u00eda Social que anualmente distribuye territorialmente la Conferencia Sectorial de Empleo y Asuntos Laborales.<\/p>\n<\/div>\n<p>[\/et_pb_accordion_item][et_pb_accordion_item title=\u00bbConceptos que se subvencionan\u00bb _builder_version=\u00bb4.27.4&#8243; global_colors_info=\u00bb{}\u00bb open=\u00bboff\u00bb]<\/p>\n<p>1. Costes del personal de unidades de apoyo<br \/>2. Costes de los contratos del alumnado trabajador<br \/>3. Costes de formaci\u00f3n<br \/>4. Coste de tutor\/a de empresa<br \/>5. Coste de coordinador\/a del proyecto<\/p>\n<p>[\/et_pb_accordion_item][et_pb_accordion_item title=\u00bbPlazo de ejecuci\u00f3n de las acciones\u00bb _builder_version=\u00bb4.27.4&#8243; global_colors_info=\u00bb{}\u00bb open=\u00bboff\u00bb]<\/p>\n<p>Los contratos del alumnado trabajador objeto de subvenci\u00f3n deben formalizarse antes del 15 de noviembre de 2025 con una duraci\u00f3n m\u00e1xima de tres a\u00f1os. En ning\u00fan caso se subvencionan los gastos de proyectos iniciados antes de que se dicte la resoluci\u00f3n de concesi\u00f3n de la subvenci\u00f3n correspondiente.<\/p>\n<p>[\/et_pb_accordion_item][et_pb_accordion_item title=\u00bbNormativa\u00bb _builder_version=\u00bb4.27.4&#8243; global_colors_info=\u00bb{}\u00bb open=\u00bboff\u00bb]<\/p>\n<p>Las subvenciones objeto de esta convocatoria se rigen por la normativa siguiente:<\/p>\n<p><\/p>\n<ol>\n<li>La Ley 38\/2003, de 17 de noviembre, general de subvenciones, y el Decreto legislativo 2\/2005, de 28 de diciembre, por el que se aprueba el texto refundido de la Ley de subvenciones.<\/li>\n<li>El Real Decreto Legislativo 2\/2015, de 23 de octubre, por el que se aprueba el texto refundido de la Ley del Estatuto de los trabajadores, y modificado mediante el Real Decreto-ley 32\/2021, de 28 de diciembre, de medidas urgentes para la reforma laboral, la garant\u00eda en la estabilidad del empleo y la transformaci\u00f3n del mercado de trabajo.<\/li>\n<li>El Real Decreto 1529\/2012, de 8 de noviembre, por el que se desarrolla el contrato para la formaci\u00f3n y el aprendizaje y se establecen las bases de la formaci\u00f3n profesional dual, y la normativa de desarrollo.<\/li>\n<li>La Orden ESS\/2518\/2013, de 26 de diciembre, por la que se regulan los aspectos formativos del contrato para la formaci\u00f3n y el aprendizaje, que desarrolla el Real Decreto 1529\/2012.<\/li>\n<li>La Ley 3\/2023, de 28 de febrero, de empleo.<\/li>\n<li>La Ley org\u00e1nica 3\/2022, de 31 de marzo, de ordenaci\u00f3n e integraci\u00f3n de la formaci\u00f3n profesional.<\/li>\n<li>El Real Decreto 659\/2023, de 18 de julio, por el que se desarrolla la ordenaci\u00f3n del sistema de formaci\u00f3n profesional.<\/li>\n<\/ol>\n<p>[\/et_pb_accordion_item][et_pb_accordion_item title=\u00bbContacto\u00bb _builder_version=\u00bb4.27.4&#8243; hover_enabled=\u00bb0&#8243; global_colors_info=\u00bb{}\u00bb open=\u00bboff\u00bb sticky_enabled=\u00bb0&#8243;]Buz\u00f3n de consulta: <span style=\"color: #cb023e;\"><a style=\"color: #cb023e;\" href=\"mailto:formaciodual@soib.caib.es\" target=\"_blank\" rel=\"noopener\">formaciodual@soib.caib.es<\/a><\/span>[\/et_pb_accordion_item][\/et_pb_accordion][et_pb_button button_url=\u00bbhttps:\/\/www.caib.es\/seucaib\/es\/201\/empreses\/tramites\/tramite\/6379061&#8243; url_new_window=\u00bbon\u00bb button_text=\u00bbAcceso al tr\u00e1mite de la convocatoria\u00bb _builder_version=\u00bb4.27.4&#8243; _module_preset=\u00bbdefault\u00bb custom_button=\u00bbon\u00bb button_text_size=\u00bb15px\u00bb button_text_color=\u00bb#cb023e\u00bb button_bg_color=\u00bb#FFFFFF\u00bb button_border_width=\u00bb1px\u00bb button_border_color=\u00bb#cb023e\u00bb button_font=\u00bb|600|||||||\u00bb button_icon=\u00bb&#xe07e;||divi||400&#8243; button_icon_placement=\u00bbleft\u00bb button_on_hover=\u00bboff\u00bb locked=\u00bboff\u00bb global_colors_info=\u00bb{}\u00bb][\/et_pb_button][\/et_pb_column][\/et_pb_row][et_pb_row _builder_version=\u00bb4.23.1&#8243; custom_margin=\u00bb30px||||false|false\u00bb global_colors_info=\u00bb{}\u00bb][et_pb_column type=\u00bb4_4&#8243; _builder_version=\u00bb4.16&#8243; custom_padding=\u00bb|||\u00bb global_colors_info=\u00bb{}\u00bb custom_padding__hover=\u00bb|||\u00bb][et_pb_text _builder_version=\u00bb4.27.4&#8243; locked=\u00bboff\u00bb global_colors_info=\u00bb{}\u00bb]<\/p>\n<p>M\u00e1s informaci\u00f3n: <a href=\"https:\/\/soib.es\/wp-content\/uploads\/2025\/09\/BOIB-SOIB-Formacion-alternancia-vulnerables-2025-2028.pdf\" target=\"_blank\" rel=\"noopener\"><span style=\"color: #cb023e;\"><strong>BOIB convocatoria de subvenciones SOIB formaci\u00f3n en alternancia para colectivos vulnerables 2025-2028<\/strong><\/span><\/a>.<\/p>\n<p>[\/et_pb_text][\/et_pb_column][\/et_pb_row][\/et_pb_section]<\/p>\n","protected":false},"excerpt":{"rendered":"<p>Convocatoria de subvenciones SOIB formaci\u00f3n en alternancia para colectivos vulnerables 2025-2028El objeto de esta convocatoria para el periodo 2025-2028 es regular la concesi\u00f3n de subvenciones a entidades del tercer sector, destinadas a financiar el programa \u00abSOIB Formaci\u00f3n en alternancia para colectivos vulnerables\u00bb. Se trata de un programa de formaci\u00f3n en alternancia para mejorar la empleabilidad, [&hellip;]<\/p>\n","protected":false},"author":13,"featured_media":0,"parent":0,"menu_order":0,"comment_status":"closed","ping_status":"closed","template":"","meta":{"_et_pb_use_builder":"on","_et_pb_old_content":"","_et_gb_content_width":"","footnotes":"","_links_to":"","_links_to_target":""},"class_list":["post-65389","page","type-page","status-publish","hentry"],"publishpress_future_action":{"enabled":false,"date":"2026-04-13 10:32:49","action":"change-status","newStatus":"draft","terms":[],"taxonomy":"translation_priority","extraData":[]},"publishpress_future_workflow_manual_trigger":{"enabledWorkflows":[]},"_links":{"self":[{"href":"https:\/\/soib.es\/es\/wp-json\/wp\/v2\/pages\/65389","targetHints":{"allow":["GET"]}}],"collection":[{"href":"https:\/\/soib.es\/es\/wp-json\/wp\/v2\/pages"}],"about":[{"href":"https:\/\/soib.es\/es\/wp-json\/wp\/v2\/types\/page"}],"author":[{"embeddable":true,"href":"https:\/\/soib.es\/es\/wp-json\/wp\/v2\/users\/13"}],"replies":[{"embeddable":true,"href":"https:\/\/soib.es\/es\/wp-json\/wp\/v2\/comments?post=65389"}],"version-history":[{"count":0,"href":"https:\/\/soib.es\/es\/wp-json\/wp\/v2\/pages\/65389\/revisions"}],"wp:attachment":[{"href":"https:\/\/soib.es\/es\/wp-json\/wp\/v2\/media?parent=65389"}],"curies":[{"name":"wp","href":"https:\/\/api.w.org\/{rel}","templated":true}]}}