{"id":65356,"date":"2025-08-18T13:28:56","date_gmt":"2025-08-18T11:28:56","guid":{"rendered":"https:\/\/soib.es\/expedicion-automatica-de-certificado-de-competencia-grado-b\/"},"modified":"2025-08-18T14:18:30","modified_gmt":"2025-08-18T12:18:30","slug":"expedicion-automatica-de-certificado-de-competencia-grado-b","status":"publish","type":"page","link":"https:\/\/soib.es\/es\/expedicion-automatica-de-certificado-de-competencia-grado-b\/","title":{"rendered":"Expedici\u00f3n autom\u00e1tica de certificado de competencia (grado B)"},"content":{"rendered":"<p>Una vez que el alumno o la alumna que ha realizado una formaci\u00f3n de grado B gestionada por el SOIB tiene el resultado de superada, cualificada y validada (\u201cS\u201d) en la aplicaci\u00f3n inform\u00e1tica ESOIB, la misma aplicaci\u00f3n, vinculada con el Registro Estatal de Formaci\u00f3n Profesional, expedir\u00e1 de forma autom\u00e1tica el certificado de competencia.<\/p>\n<p>El certificado de competencia estar\u00e1 a disposici\u00f3n del centro que ha impartido la formaci\u00f3n y tambi\u00e9n se enviar\u00e1 al alumno o la alumna a trav\u00e9s de correo electr\u00f3nico.<\/p>\n","protected":false},"excerpt":{"rendered":"<p>Una vez que el alumno o la alumna que ha realizado una formaci\u00f3n de grado B gestionada por el SOIB tiene el resultado de superada, cualificada y validada (\u201cS\u201d) en la aplicaci\u00f3n inform\u00e1tica ESOIB, la misma aplicaci\u00f3n, vinculada con el Registro Estatal de Formaci\u00f3n Profesional, expedir\u00e1 de forma autom\u00e1tica el certificado de competencia. El certificado [&hellip;]<\/p>\n","protected":false},"author":13,"featured_media":0,"parent":0,"menu_order":0,"comment_status":"closed","ping_status":"closed","template":"","meta":{"_et_pb_use_builder":"","_et_pb_old_content":"","_et_gb_content_width":"","footnotes":"","_links_to":"","_links_to_target":""},"class_list":["post-65356","page","type-page","status-publish","hentry"],"publishpress_future_action":{"enabled":false,"date":"2026-04-30 03:42:02","action":"change-status","newStatus":"draft","terms":[],"taxonomy":"translation_priority","extraData":[]},"publishpress_future_workflow_manual_trigger":{"enabledWorkflows":[]},"_links":{"self":[{"href":"https:\/\/soib.es\/es\/wp-json\/wp\/v2\/pages\/65356","targetHints":{"allow":["GET"]}}],"collection":[{"href":"https:\/\/soib.es\/es\/wp-json\/wp\/v2\/pages"}],"about":[{"href":"https:\/\/soib.es\/es\/wp-json\/wp\/v2\/types\/page"}],"author":[{"embeddable":true,"href":"https:\/\/soib.es\/es\/wp-json\/wp\/v2\/users\/13"}],"replies":[{"embeddable":true,"href":"https:\/\/soib.es\/es\/wp-json\/wp\/v2\/comments?post=65356"}],"version-history":[{"count":0,"href":"https:\/\/soib.es\/es\/wp-json\/wp\/v2\/pages\/65356\/revisions"}],"wp:attachment":[{"href":"https:\/\/soib.es\/es\/wp-json\/wp\/v2\/media?parent=65356"}],"curies":[{"name":"wp","href":"https:\/\/api.w.org\/{rel}","templated":true}]}}