{"id":65285,"date":"2025-08-14T09:48:52","date_gmt":"2025-08-14T07:48:52","guid":{"rendered":"https:\/\/soib.es\/convocatoria-de-subvenciones-soib-formacion-en-el-trabajo-para-desempleados-y-ocupados-para-el-periodo-2025-2028\/"},"modified":"2026-01-30T14:01:50","modified_gmt":"2026-01-30T13:01:50","slug":"convocatoria-de-subvenciones-soib-formacion-en-el-trabajo-para-desempleados-y-ocupados-para-el-periodo-2025-2028","status":"publish","type":"page","link":"https:\/\/soib.es\/es\/convocatoria-de-subvenciones-soib-formacion-en-el-trabajo-para-desempleados-y-ocupados-para-el-periodo-2025-2028\/","title":{"rendered":"Convocatoria de subvenciones SOIB Formaci\u00f3n en el trabajo para desempleados y ocupados, para el per\u00edodo 2025-2028"},"content":{"rendered":"<p>[et_pb_section fb_built=\u00bb1&#8243; _builder_version=\u00bb4.16&#8243; background_color=\u00bb#f7f7f7&#8243; custom_padding=\u00bb25px|0px|25px|0px\u00bb global_colors_info=\u00bb{}\u00bb][et_pb_row _builder_version=\u00bb4.16&#8243; global_colors_info=\u00bb{}\u00bb][et_pb_column type=\u00bb4_4&#8243; _builder_version=\u00bb4.16&#8243; custom_padding=\u00bb|||\u00bb global_colors_info=\u00bb{}\u00bb custom_padding__hover=\u00bb|||\u00bb][et_pb_image src=\u00bbhttps:\/\/soib.es\/wp-content\/uploads\/2025\/07\/Cintillo-logos-SOIB-Desenvolupament-Local-2026-2027.png\u00bb title_text=\u00bbCintillo logos SOIB Desenvolupament Local 2026-2027&#8243; _builder_version=\u00bb4.27.4&#8243; _module_preset=\u00bbdefault\u00bb locked=\u00bboff\u00bb global_colors_info=\u00bb{}\u00bb][\/et_pb_image][et_pb_text _builder_version=\u00bb4.27.4&#8243; global_colors_info=\u00bb{}\u00bb]<\/p>\n<h1><strong>Convocatoria de subvenciones SOIB Formaci\u00f3n en el trabajo para desempleados y ocupados, para el per\u00edodo 2025-2028<\/strong><\/h1>\n<p>[\/et_pb_text][\/et_pb_column][\/et_pb_row][\/et_pb_section][et_pb_section fb_built=\u00bb1&#8243; _builder_version=\u00bb4.16&#8243; custom_padding=\u00bb25px|0px|54px|0px\u00bb global_colors_info=\u00bb{}\u00bb][et_pb_row _builder_version=\u00bb4.16&#8243; global_colors_info=\u00bb{}\u00bb][et_pb_column type=\u00bb4_4&#8243; _builder_version=\u00bb4.16&#8243; custom_padding=\u00bb|||\u00bb global_colors_info=\u00bb{}\u00bb custom_padding__hover=\u00bb|||\u00bb][et_pb_text _builder_version=\u00bb4.27.4&#8243; _module_preset=\u00bbdefault\u00bb locked=\u00bboff\u00bb global_colors_info=\u00bb{}\u00bb]<\/p>\n<p>El objeto de esta convocatoria es financiar la impartici\u00f3n de formaci\u00f3n en el trabajo dirigida a personas desempleadas y ocupadas con el objetivo de mejorar sus competencias profesionales, la empleabilidad, la recalificaci\u00f3n y la cobertura de las necesidades de las empresas.<\/p>\n<p><\/p>\n<p>Se establecen dos l\u00edneas de subvenciones:<\/p>\n<p><\/p>\n<ul>\n<li>L\u00ednea 1 dirigida prioritariamente a personas desocupadas, mediante especialidades formativas.<\/li>\n<li>L\u00ednea 2 dirigida prioritariamente a personas ocupadas, mediante programas sectoriales y transversales.<\/li>\n<\/ul>\n<p>[\/et_pb_text][\/et_pb_column][\/et_pb_row][et_pb_row _builder_version=\u00bb4.23.1&#8243; custom_margin=\u00bb30px||||false|false\u00bb global_colors_info=\u00bb{}\u00bb][et_pb_column type=\u00bb4_4&#8243; _builder_version=\u00bb4.16&#8243; custom_padding=\u00bb|||\u00bb global_colors_info=\u00bb{}\u00bb custom_padding__hover=\u00bb|||\u00bb][et_pb_accordion open_toggle_text_color=\u00bb#474747&#8243; closed_toggle_text_color=\u00bb#cb023e\u00bb icon_color=\u00bb#cb023e\u00bb disabled_on=\u00bboff|off|off\u00bb _builder_version=\u00bb4.27.4&#8243; toggle_text_color=\u00bbRGBA(0,0,0,0)\u00bb toggle_font=\u00bb|700|||||||\u00bb db_closeable=\u00bbon\u00bb db_initial_state=\u00bball_closed\u00bb global_colors_info=\u00bb{}\u00bb][et_pb_accordion_item title=\u00bbEntidades beneficiarias\u00bb open=\u00bbon\u00bb _builder_version=\u00bb4.27.4&#8243; global_colors_info=\u00bb{}\u00bb]Se pueden beneficiar de las subvenciones las entidades de formaci\u00f3n p\u00fablicas o privadas inscritas en el correspondiente Registro de Entidades de Formaci\u00f3n (REEF), para las especialidades formativas y el n\u00famero de alumnos objeto de la formaci\u00f3n, ya sea en la modalidad presencial o modalidad de teleformaci\u00f3n.<\/p>\n<p><\/p>\n<ul>\n<li>En la modalidad presencial, las entidades deben disponer de instalaciones debidamente inscritas por el SOIB que permitan impartir las especialidades formativas solicitadas.<\/li>\n<li>En la modalidad de teleformaci\u00f3n, las entidades deben disponer de plataformas de teleformaci\u00f3n debidamente inscritas en el Registro Estatal de Entidades de Formaci\u00f3n que permitan impartir las especialidades formativas solicitadas, las cuales se deben poder ofrecer de acuerdo con lo que determine el programa formativo de la especialidad totalmente en teleformaci\u00f3n sin horas presenciales.<\/li>\n<\/ul>\n<p>[\/et_pb_accordion_item][et_pb_accordion_item title=\u00bbPersonas destinatarias\u00bb _builder_version=\u00bb4.27.4&#8243; global_colors_info=\u00bb{}\u00bb open=\u00bboff\u00bb]<\/p>\n<p>Las personas destinatarias de la formaci\u00f3n son personas trabajadoras ocupadas y desocupadas.<\/p>\n<p>[\/et_pb_accordion_item][et_pb_accordion_item title=\u00bbPlazo de presentaci\u00f3n de solicitudes\u00bb _builder_version=\u00bb4.27.4&#8243; global_colors_info=\u00bb{}\u00bb open=\u00bboff\u00bb]<\/p>\n<ul>\n<li>Para el primer periodo de solicitudes:<\/li>\n<\/ul>\n<p><\/p>\n<p style=\"padding-left: 40px;\"><strong>Dentro del plazo de 10 d\u00edas h\u00e1biles contados a partir del d\u00eda siguiente al de la publicaci\u00f3n de esta convocatoria en el <em>Bolet\u00edn Oficial de las Illes Balears<\/em><\/strong>, las personas interesadas podr\u00e1n presentar las solicitudes correspondientes al primer periodo de las dos l\u00edneas.<\/p>\n<p><\/p>\n<p style=\"padding-left: 40px;\">Las entidades de formaci\u00f3n interesadas deben presentar una solicitud por cada una de las l\u00edneas y modalidad de formaci\u00f3n que quieran impartir<\/p>\n<p><\/p>\n<ul>\n<li>Para el segundo periodo de solicitudes:<\/li>\n<\/ul>\n<p><\/p>\n<p style=\"padding-left: 40px;\"><strong>Del d\u00eda 2 al 20 de febrero de 2026<\/strong>, las personas interesadas podr\u00e1n presentar las solicitudes correspondientes al segundo periodo de las dos l\u00edneas.<\/p>\n<p><\/p>\n<p style=\"padding-left: 40px;\">Las entidades de formaci\u00f3n interesadas deber\u00e1n presentar una solicitud para cada una de las l\u00edneas en las que quieran participar.<\/p>\n<p>[\/et_pb_accordion_item][et_pb_accordion_item title=\u00bbPresupuesto\u00bb _builder_version=\u00bb4.27.4&#8243; global_colors_info=\u00bb{}\u00bb open=\u00bboff\u00bb]<\/p>\n<p>El cr\u00e9dito asignado inicialmente a esta convocatoria es de:<\/p>\n<p><\/p>\n<p>\u2022 9.200.000 \u20ac para la l\u00ednea 1, dirigida prioritariamente a personas trabajadoras desocupadas.<br \/>\u2022 7.200.000 \u20ac para la l\u00ednea 2, dirigida prioritariamente a personas trabajadoras ocupadas.<\/p>\n<p><\/p>\n<p>Las partidas del presupuesto de gastos correspondientes a cada una de las anualidades deben financiarse mediante los fondos del Ministerio de Trabajo y Econom\u00eda Social que cada a\u00f1o se distribuyen territorialmente mediante la Conferencia Sectorial de Empleo y Asuntos Laborales de cada uno de los ejercicios a los que afecta.<\/p>\n<p>[\/et_pb_accordion_item][et_pb_accordion_item title=\u00bbOferta formativa objeto de financiaci\u00f3n\u00bb _builder_version=\u00bb4.27.4&#8243; global_colors_info=\u00bb{}\u00bb open=\u00bboff\u00bb]<\/p>\n<p>Todas las especialidades formativas que se financien en el marco de esta convocatoria deben estar incluidas en este Cat\u00e1logo de especialidades formativas en la correspondiente modalidad de impartici\u00f3n. Adem\u00e1s, tambi\u00e9n deben estar incluidas y visibles en la aplicaci\u00f3n de gesti\u00f3n del SOIB que figura en la web corporativa.<\/p>\n<p><\/p>\n<p>Todas las especialidades deben impartirse:<br \/>&#8211; En modalidad presencial.<br \/>&#8211; En modalidad teleformaci\u00f3n siempre que el programa formativo de la especialidad formativa no establezca horas presenciales en esta modalidad.<\/p>\n<p><\/p>\n<p>En cuanto a la impartici\u00f3n de la formaci\u00f3n en modalidad presencial, y al objeto de atender las necesidades de formaci\u00f3n que ayude a la inserci\u00f3n laboral de los trabajadores desempleados, la mejora de la empleabilidad de los trabajadores ocupados, concienciar a los trabajadores en materia de prevenci\u00f3n de riesgos laborales y fomentar el trabajo aut\u00f3nomo, la actividad formativa en modalidad presencial de cada entidad deber\u00e1 incluir:<\/p>\n<p><\/p>\n<p>En la L\u00ednea 1, como m\u00ednimo dos especialidades distintas a elegir entre las siguientes:<br \/>&#8211; FCOO01. Inserci\u00f3n Laboral y T\u00e9cnicas de B\u00fasqueda de Trabajo de 15 horas y de nivel 1.<br \/>&#8211; CTRO0007 Inserci\u00f3n laboral mediante el autoempleo de 80 horas de nivel 1.<br \/>&#8211; FCOO04 Fomento y promoci\u00f3n del trabajo aut\u00f3nomo de 30 horas y de nivel 2.<br \/>&#8211; CTRC0001 Resoluci\u00f3n de conflictos de 30 horas de nivel 1.<br \/>&#8211; CTRG0011 Liderazgo, organizaci\u00f3n del trabajo en equipo y soluciones de problemas de 80 horas de nivel 1.<br \/>&#8211; CTRR0019 Promoci\u00f3n de la cultura preventiva en el entorno laboral de 5 horas de duraci\u00f3n de nivel 1.<\/p>\n<p><\/p>\n<p>En la L\u00ednea 2, como m\u00ednimo una especialidades a elegir entre las siguientes en cada programa solicitado:<br \/>&#8211; CTRO0007 Inserci\u00f3n laboral mediante el autoempleo de 80 horas de nivel 1.<br \/>&#8211; FCOO04 Fomento y promoci\u00f3n del trabajo aut\u00f3nomo de 30 horas y de nivel 2.<br \/>&#8211; CTRC0001 Resoluci\u00f3n de conflictos de 30 horas de nivel 1.<br \/>&#8211; CTRG0011 Liderazgo, organizaci\u00f3n del trabajo en equipo y soluciones de problemas de 80 horas y de nivel 1.<br \/>&#8211; CTRR0019 Promoci\u00f3n de la cultura preventiva en el entorno laboral de 5 horas de duraci\u00f3n de nivel 1.<\/p>\n<p>[\/et_pb_accordion_item][et_pb_accordion_item title=\u00bbPlazo de ejecuci\u00f3n de las acciones\u00bb _builder_version=\u00bb4.27.4&#8243; global_colors_info=\u00bb{}\u00bb open=\u00bboff\u00bb]<\/p>\n<p>Para el primer periodo de solicitudes, la actividad formativa concedida en cada l\u00ednea se iniciar\u00e1 una vez notificada la resoluci\u00f3n de concesi\u00f3n; para el segundo per\u00edodo de solicitud se iniciar\u00e1, una vez notificada la resoluci\u00f3n de concesi\u00f3n, antes del d\u00eda 20 de noviembre de 2026.<\/p>\n<p><\/p>\n<p>En cuanto a la L\u00ednea 1, la actividad formativa se entiende iniciada con el comienzo de una especialidad formativa; en cuanto a la L\u00ednea 2, se entiende iniciada con el comienzo de un programa formativo. Toda la actividad formativa del primer periodo debe haber finalizado antes de 31 de marzo de 2027, y la del segundo periodo, antes de 31 de marzo de 2028.<\/p>\n<p><\/p>\n<p>S\u00f3lo se financian especialidades formativas iniciadas a partir de la notificaci\u00f3n de la resoluci\u00f3n de concesi\u00f3n.<\/p>\n<p>[\/et_pb_accordion_item][et_pb_accordion_item title=\u00bbEspecialidades formativas con puntuaci\u00f3n adicional en los criterios de valoraci\u00f3n\u00bb _builder_version=\u00bb4.27.4&#8243; global_colors_info=\u00bb{}\u00bb open=\u00bboff\u00bb]<\/p>\n<p>Para el primer periodo de solicitudes:<\/p>\n<p><\/p>\n<ul>\n<li><a href='https:\/\/soib.es\/wp-content\/uploads\/2025\/07\/Especialitats-competencies-transversals-2025-2028-A-PUBLICAR.xlsx' class='small-button smallsilver' target=\"_blank\"><span style=\"color: #cb023e;\"><strong>Especialidades de competencias transversales 2025-2028<\/strong><\/span><\/a><\/li>\n<li><a href='https:\/\/soib.es\/wp-content\/uploads\/2025\/07\/Especialitats-SE-i-dificil-cobertura-2025-2028-A-PUBLICAR.xlsx' class='small-button smallsilver' target=\"_blank\"><span style=\"color: #cb023e;\"><strong>Especialidades de sectores estrat\u00e9gicos y de dif\u00edcil cobertura 2025-2028<\/strong><\/span><\/a><\/li>\n<\/ul>\n<p><\/p>\n<p>Para el <strong>segundo periodo de solicitudes<\/strong>:<\/p>\n<p><\/p>\n<ul>\n<li><a href='https:\/\/soib.es\/wp-content\/uploads\/2025\/12\/Especialitats-competencies-transversals-2025-2028-SEGON-PERIODE2.xlsx' class='small-button smallsilver' target=\"_blank\"><span style=\"color: #cb023e;\"><strong>Especialidades de competencias transversales 2025-2028<\/strong><\/span><\/a><\/li>\n<li><a href='https:\/\/soib.es\/wp-content\/uploads\/2025\/12\/Especialitats-SE-i-dificil-cobertura-2025-2028-SEGON-PERIODE1.xlsx' class='small-button smallsilver' target=\"_blank\"><span style=\"color: #cb023e;\"><strong>Especialidades de sectores estrat\u00e9gicos y de dif\u00edcil cobertura 2025-2028<\/strong><\/span><\/a><\/li>\n<\/ul>\n<p>[\/et_pb_accordion_item][et_pb_accordion_item title=\u00bbNormativa\u00bb _builder_version=\u00bb4.27.4&#8243; global_colors_info=\u00bb{}\u00bb open=\u00bboff\u00bb]Las subvenciones objeto de esta convocatoria se rigen por la Ley Org\u00e1nica 3\/2022, de 31 de marzo, de ordenaci\u00f3n e integraci\u00f3n de la formaci\u00f3n profesional (BOE n\u00fam. 78, de 1 de abril); por el que las subvenciones objeto de esta convocatoria se rigen por la Ley 30\/2015, de 9 de septiembre, por la que se regula el sistema de formaci\u00f3n profesional para el empleo dentro del \u00e1mbito laboral; por el Real Decreto 694\/2017,  de 3 de julio, que desarrolla la Ley 30\/2015; por la Orden TMS\/368\/2019, de 28 de marzo (BOE n\u00fam. 78, de 1 de abril), que desarrolla el Real Decreto 694\/2017, de 3 de julio, por el que desarrolla a su vez la Ley 30\/2015, de 9 de septiembre, por la que regula el sistema de formaci\u00f3n profesional para el empleo en el \u00e1mbito laboral, en relaci\u00f3n con la oferta formativa de las administraciones competentes y su financiaci\u00f3n,  y se establecen las bases reguladoras para la concesi\u00f3n de subvenciones p\u00fablicas destinadas a su financiaci\u00f3n; por la Ley 38\/2003, de 17 de noviembre, general de subvenciones; por el Reglamento de subvenciones aprobado por el Real Decreto 887\/2006, de 21 de julio; y por el Decreto legislativo 2\/2005, de 28 de diciembre, por el que se aprueba el Texto refundido de la Ley de subvenciones de la Comunidad Aut\u00f3noma de las Illes Balears (BOIB n\u00fam. 196, de 31 de diciembre).<\/p>\n<p>El Reglamento delegado (UE) 2018\/1127 de la Comisi\u00f3n de 28 de mayo de 2018 por el que se modifica el Reglamento delegado (UE) 2015\/2195, que complementa el Reglamento (UE) 1304\/2013 del Parlamento Europeo y el Consejo, relativo al Fondo Social Europeo, respecto de la definici\u00f3n de baremo est\u00e1ndar de costes unitarios e importes a tanto alzado establece unos baremos y unos importes a partir de los datos presentados o publicados por Eurostat y sobre la base m\u00e9todos decididos por mutuo acuerdo. A tal efecto, el anexo IX de este Reglamento, a\u00f1ade el anexo XVIII del Reglamento modificado y define el baremo est\u00e1ndar de los costes unitarios de la formaci\u00f3n profesional incluida en el Cat\u00e1logo de especialidades formativas del Servicio P\u00fablico de Empleo Estatal, y establece la cantidad de 8,58 \u20ac por hora de formaci\u00f3n presencial y alumno, y de 4,5 \u20ac por hora de formaci\u00f3n en l\u00ednea y alumno.[\/et_pb_accordion_item][et_pb_accordion_item title=\u00bbContacto\u00bb _builder_version=\u00bb4.27.4&#8243; global_colors_info=\u00bb{}\u00bb open=\u00bboff\u00bb]<\/p>\n<p>Buz\u00f3n de consulta: <span style=\"color: #cb023e;\"><a style=\"color: #cb023e;\" href=\"mailto:convocatoriesformacio@soib.caib.es\" target=\"_blank\" rel=\"noopener\">convocatoriesformacio@soib.caib.es<\/a><\/span><\/p>\n<p>[\/et_pb_accordion_item][\/et_pb_accordion][et_pb_button button_url=\u00bbhttps:\/\/www.caib.es\/seucaib\/es\/201\/empreses\/tramites\/tramite\/6367140\/\u00bb url_new_window=\u00bbon\u00bb button_text=\u00bbAcceso telem\u00e1tico al tr\u00e1mite de la convocatoria presencial \u00bb _builder_version=\u00bb4.27.5&#8243; _module_preset=\u00bbdefault\u00bb custom_button=\u00bbon\u00bb button_text_size=\u00bb15px\u00bb button_text_color=\u00bb#cb023e\u00bb button_bg_color=\u00bb#FFFFFF\u00bb button_border_width=\u00bb1px\u00bb button_border_color=\u00bb#cb023e\u00bb button_font=\u00bb|600|||||||\u00bb button_icon=\u00bb&#xe07e;||divi||400&#8243; button_icon_placement=\u00bbleft\u00bb button_on_hover=\u00bboff\u00bb hover_enabled=\u00bb0&#8243; locked=\u00bboff\u00bb global_colors_info=\u00bb{}\u00bb sticky_enabled=\u00bb0&#8243;][\/et_pb_button][et_pb_button button_url=\u00bbwww.caib.es\/seucaib\/ca\/201\/empreses\/tramites\/tramite\/6451257&#8243; url_new_window=\u00bbon\u00bb button_text=\u00bbAcceso telem\u00e1tico al tr\u00e1mite de la convocatoria para teleformaci\u00f3n\u00bb _builder_version=\u00bb4.27.5&#8243; _module_preset=\u00bbdefault\u00bb custom_button=\u00bbon\u00bb button_text_size=\u00bb15px\u00bb button_text_color=\u00bb#cb023e\u00bb button_bg_color=\u00bb#FFFFFF\u00bb button_border_width=\u00bb1px\u00bb button_border_color=\u00bb#cb023e\u00bb button_font=\u00bb|600|||||||\u00bb button_icon=\u00bb&#xe07e;||divi||400&#8243; button_icon_placement=\u00bbleft\u00bb button_on_hover=\u00bboff\u00bb hover_enabled=\u00bb0&#8243; locked=\u00bboff\u00bb global_colors_info=\u00bb{}\u00bb sticky_enabled=\u00bb0&#8243;][\/et_pb_button][\/et_pb_column][\/et_pb_row][et_pb_row _builder_version=\u00bb4.23.1&#8243; custom_margin=\u00bb30px||||false|false\u00bb global_colors_info=\u00bb{}\u00bb][et_pb_column type=\u00bb4_4&#8243; _builder_version=\u00bb4.16&#8243; custom_padding=\u00bb|||\u00bb global_colors_info=\u00bb{}\u00bb custom_padding__hover=\u00bb|||\u00bb][et_pb_text _builder_version=\u00bb4.27.4&#8243; global_colors_info=\u00bb{}\u00bb]<\/p>\n<p>M\u00e1s informaci\u00f3n:<\/p>\n<p><\/p>\n<ul>\n<li><a href=\"https:\/\/soib.es\/wp-content\/uploads\/2025\/08\/BOIB-SOIB-formacion-en-el-trabajo-ocupados-y-desocupados-2025-2028.pdf\" target=\"_blank\" rel=\"noopener\"><span style=\"color: #cb023e;\"><strong>BOIB convocatoria de subvenciones SOIB Formaci\u00f3n en el trabajo para desocupados y ocupados, para el periodo 2025-2028<\/strong><\/span><\/a>.<\/li>\n<li><a href=\"https:\/\/soib.es\/wp-content\/uploads\/2025\/09\/BOIB-modificacion-y-correccion-errores-convocatoria-cast.pdf\" target=\"_blank\" rel=\"noopener\"><span style=\"color: #cb023e;\"><strong>BOIB modificaci\u00f3n y correcci\u00f3n de errores convocatoria SOIB Formaci\u00f3n en el trabajo para desocupados y ocupados, para el periodo 2025-2028<\/strong><\/span><\/a>.<\/li>\n<\/ul>\n<p>[\/et_pb_text][\/et_pb_column][\/et_pb_row][\/et_pb_section]<\/p>\n","protected":false},"excerpt":{"rendered":"<p>Convocatoria de subvenciones SOIB Formaci\u00f3n en el trabajo para desempleados y ocupados, para el per\u00edodo 2025-2028El objeto de esta convocatoria es financiar la impartici\u00f3n de formaci\u00f3n en el trabajo dirigida a personas desempleadas y ocupadas con el objetivo de mejorar sus competencias profesionales, la empleabilidad, la recalificaci\u00f3n y la cobertura de las necesidades de las [&hellip;]<\/p>\n","protected":false},"author":13,"featured_media":0,"parent":0,"menu_order":0,"comment_status":"closed","ping_status":"closed","template":"","meta":{"_et_pb_use_builder":"on","_et_pb_old_content":"","_et_gb_content_width":"","footnotes":"","_links_to":"","_links_to_target":""},"class_list":["post-65285","page","type-page","status-publish","hentry"],"publishpress_future_action":{"enabled":false,"date":"2026-04-15 11:33:47","action":"change-status","newStatus":"draft","terms":[],"taxonomy":"translation_priority","extraData":[]},"publishpress_future_workflow_manual_trigger":{"enabledWorkflows":[]},"_links":{"self":[{"href":"https:\/\/soib.es\/es\/wp-json\/wp\/v2\/pages\/65285","targetHints":{"allow":["GET"]}}],"collection":[{"href":"https:\/\/soib.es\/es\/wp-json\/wp\/v2\/pages"}],"about":[{"href":"https:\/\/soib.es\/es\/wp-json\/wp\/v2\/types\/page"}],"author":[{"embeddable":true,"href":"https:\/\/soib.es\/es\/wp-json\/wp\/v2\/users\/13"}],"replies":[{"embeddable":true,"href":"https:\/\/soib.es\/es\/wp-json\/wp\/v2\/comments?post=65285"}],"version-history":[{"count":0,"href":"https:\/\/soib.es\/es\/wp-json\/wp\/v2\/pages\/65285\/revisions"}],"wp:attachment":[{"href":"https:\/\/soib.es\/es\/wp-json\/wp\/v2\/media?parent=65285"}],"curies":[{"name":"wp","href":"https:\/\/api.w.org\/{rel}","templated":true}]}}