{"id":65082,"date":"2025-07-28T13:56:17","date_gmt":"2025-07-28T11:56:17","guid":{"rendered":"https:\/\/soib.es\/convocatoria-de-subvenciones-soib-desarrollo-local-2026-2027\/"},"modified":"2026-02-25T10:38:03","modified_gmt":"2026-02-25T09:38:03","slug":"convocatoria-de-subvenciones-soib-desarrollo-local-2026-2027","status":"publish","type":"page","link":"https:\/\/soib.es\/es\/convocatoria-de-subvenciones-soib-desarrollo-local-2026-2027\/","title":{"rendered":"Convocatoria de subvenciones SOIB Desarrollo Local 2026-2027"},"content":{"rendered":"<p>[et_pb_section fb_built=\u00bb1&#8243; _builder_version=\u00bb4.16&#8243; background_color=\u00bb#f7f7f7&#8243; custom_padding=\u00bb25px|0px|25px|0px\u00bb global_colors_info=\u00bb{}\u00bb][et_pb_row _builder_version=\u00bb4.16&#8243; global_colors_info=\u00bb{}\u00bb][et_pb_column type=\u00bb4_4&#8243; _builder_version=\u00bb4.16&#8243; custom_padding=\u00bb|||\u00bb global_colors_info=\u00bb{}\u00bb custom_padding__hover=\u00bb|||\u00bb][et_pb_image src=\u00bbhttps:\/\/soib.es\/wp-content\/uploads\/2025\/07\/Cintillo-logos-SOIB-Desenvolupament-Local-2026-2027.png\u00bb title_text=\u00bbCintillo logos SOIB Desenvolupament Local 2026-2027&#8243; _builder_version=\u00bb4.27.4&#8243; _module_preset=\u00bbdefault\u00bb global_colors_info=\u00bb{}\u00bb][\/et_pb_image][et_pb_text _builder_version=\u00bb4.27.4&#8243; global_colors_info=\u00bb{}\u00bb]<\/p>\n<h1><strong>Convocatoria de subvenciones SOIB Desarrollo Local 2026-2027<\/strong><\/h1>\n<p>[\/et_pb_text][\/et_pb_column][\/et_pb_row][\/et_pb_section][et_pb_section fb_built=\u00bb1&#8243; _builder_version=\u00bb4.16&#8243; custom_padding=\u00bb25px|0px|54px|0px\u00bb global_colors_info=\u00bb{}\u00bb][et_pb_row _builder_version=\u00bb4.23.1&#8243; global_colors_info=\u00bb{}\u00bb][et_pb_column type=\u00bb4_4&#8243; _builder_version=\u00bb4.16&#8243; custom_padding=\u00bb|||\u00bb global_colors_info=\u00bb{}\u00bb custom_padding__hover=\u00bb|||\u00bb][et_pb_text _builder_version=\u00bb4.27.4&#8243; _module_preset=\u00bbdefault\u00bb locked=\u00bboff\u00bb global_colors_info=\u00bb{}\u00bb]El objeto de esta convocatoria es que las entidades locales, as\u00ed como sus entes de derecho p\u00fablico dependientes o vinculados, presenten solicitudes para obtener ayudas destinadas a la incorporaci\u00f3n, mediante nombramiento como personal funcionario interino vinculado a programas de car\u00e1cter temporal, de agentes de empleo y desarrollo local (AODL).<\/p>\n<p>El objetivo es desarrollar un Plan de Acci\u00f3n vinculado al despliegue de las pol\u00edticas activas de empleo en el territorio, alineado con el Plan Estrat\u00e9gico de Empleo Local (PEOL) correspondiente al documento de planificaci\u00f3n estrat\u00e9gica de car\u00e1cter local. La incorporaci\u00f3n del personal AODL se enmarcar\u00e1 en un programa con autonom\u00eda y sustantividad propias respecto a las actividades ordinarias y permanentes de la entidad solicitante.[\/et_pb_text][\/et_pb_column][\/et_pb_row][et_pb_row _builder_version=\u00bb4.23.1&#8243; custom_margin=\u00bb0px||||false|false\u00bb global_colors_info=\u00bb{}\u00bb][et_pb_column type=\u00bb4_4&#8243; _builder_version=\u00bb4.16&#8243; custom_padding=\u00bb|||\u00bb global_colors_info=\u00bb{}\u00bb custom_padding__hover=\u00bb|||\u00bb][et_pb_accordion open_toggle_text_color=\u00bb#474747&#8243; closed_toggle_text_color=\u00bb#cb023e\u00bb icon_color=\u00bb#cb023e\u00bb disabled_on=\u00bboff|off|off\u00bb _builder_version=\u00bb4.27.5&#8243; toggle_text_color=\u00bbRGBA(0,0,0,0)\u00bb toggle_font=\u00bb|700|||||||\u00bb db_closeable=\u00bbon\u00bb db_initial_state=\u00bball_closed\u00bb global_colors_info=\u00bb{}\u00bb][et_pb_accordion_item title=\u00bbEntidades beneficiarias\u00bb open=\u00bbon\u00bb _builder_version=\u00bb4.27.4&#8243; global_colors_info=\u00bb{}\u00bb]Se pueden beneficiar de la subvenci\u00f3n objeto de esta convocatoria las entidades locales (ayuntamientos, mancomunidades o consejos insulares) y tambi\u00e9n las entidades de derecho p\u00fablico que dependen o que est\u00e1n vinculadas. Con car\u00e1cter general, s\u00f3lo se podr\u00e1 presentar en cada territorio la entidad que gestione programas de pol\u00edticas activas de empleo, desarrollo econ\u00f3mico local o promoci\u00f3n tur\u00edstica, y en ning\u00fan caso un territorio podr\u00e1 tener un n\u00famero superior de AODL del que le corresponde por n\u00famero de habitantes, de acuerdo con el apartado 6 de esta convocatoria.<\/p>\n<p>En cuanto a las entidades que dependen de los ayuntamientos o est\u00e1n vinculadas, el Plan de Acci\u00f3n que deba ejecutarse debe ser de su competencia y debe incluirse dentro de las funciones esenciales de la entidad, en tanto que ejerza competencias administrativas en calidad de administraci\u00f3n p\u00fablica o en el ejercicio de autoridad p\u00fablica.<\/p>\n<p>En cuanto a los consejos insulares, si disponen de organismos aut\u00f3nomos que hayan participado en los \u00faltimos tres a\u00f1os en programas de PAO del SOIB, \u00e9stos podr\u00e1n -con el acuerdo previo de su consejo insular y sin que se incremente el n\u00famero de AODL que les corresponde por habitantes al territorio- presentar una solicitud para la dotaci\u00f3n de AODL: una por parte del consejo. Cada entidad deber\u00e1 presentar su propia solicitud y el correspondiente plan de acci\u00f3n.<\/p>\n<p>Las entidades locales con menos de 3.500 habitantes no pueden presentarse, sino que debe darse cobertura a su territorio de acuerdo con la mancomunidad y, si no existe, de acuerdo con el consejo insular correspondiente.[\/et_pb_accordion_item][et_pb_accordion_item title=\u00bbPlazo de presentaci\u00f3n de solicitudes\u00bb _builder_version=\u00bb4.27.4&#8243; global_colors_info=\u00bb{}\u00bb open=\u00bboff\u00bb]<\/p>\n<p>Se podr\u00e1n presentar solicitudes dentro del plazo de 20 d\u00edas h\u00e1biles a contar a partir del d\u00eda siguiente de la publicaci\u00f3n de esta convocatoria en el <em>Bolet\u00edn Oficial de las Illes Balears<\/em>: se podr\u00e1n presentar solicitudes hasta el d\u00eda 25 de agosto de 2025.<\/p>\n<p>[\/et_pb_accordion_item][et_pb_accordion_item title=\u00bbPresupuesto\u00bb _builder_version=\u00bb4.27.4&#8243; global_colors_info=\u00bb{}\u00bb open=\u00bboff\u00bb]El cr\u00e9dito asignado inicialmente a esta convocatoria es de 4.655.000,00 \u20ac,  de los ejercicios siguientes:<\/p>\n<p>A\u00f1o 2026 2.327.500,00 \u20ac, con cargo al fondo finalista 26021, siempre que haya cr\u00e9dito adecuado y suficiente.<br \/>A\u00f1o 2027 2.327.500,00 \u20ac, con cargo al fondo finalista 27021, siempre que haya cr\u00e9dito adecuado y suficiente.[\/et_pb_accordion_item][et_pb_accordion_item title=\u00bbConceptos que se subvencionan\u00bb _builder_version=\u00bb4.27.4&#8243; global_colors_info=\u00bb{}\u00bb open=\u00bboff\u00bb]La cuant\u00eda de la subvenci\u00f3n que se concede puede financiar hasta el 80% de los costes de personal que se deriven del nombramiento como personal funcionario interino del agente de empleo y desarrollo local, por todos los conceptos correspondientes a cada puesto de trabajo subvencionado, de acuerdo con la normativa que le sea aplicable legalmente.<\/p>\n<p>El importe m\u00e1ximo anual es de 33.250,00 \u20ac por puesto de trabajo subvencionado, de acuerdo con los criterios de financiaci\u00f3n de gastos que se detallan en el apartado 21 de esta Convocatoria.<br \/>En caso de que el per\u00edodo subvencionado sea inferior a un a\u00f1o, este importe m\u00e1ximo se ajustar\u00e1 proporcionalmente.<br \/>La subvenci\u00f3n cubrir\u00e1 el per\u00edodo comprendido entre la fecha de inicio prevista de las actuaciones y el 31 de diciembre de 2027.[\/et_pb_accordion_item][et_pb_accordion_item title=\u00bbPlazo de ejecuci\u00f3n de los proyectos\u00bb _builder_version=\u00bb4.27.4&#8243; global_colors_info=\u00bb{}\u00bb open=\u00bboff\u00bb]La subvenci\u00f3n puede cubrir los gastos realizados desde d\u00eda 1 de enero de 2026 hasta el 31 de diciembre de 2027. En todo caso, a m\u00e1s tardar, los proyectos se pueden iniciar hasta el 20 de febrero de 2025.[\/et_pb_accordion_item][et_pb_accordion_item title=\u00bbNormativa\u00bb _builder_version=\u00bb4.27.5&#8243; global_colors_info=\u00bb{}\u00bb open=\u00bboff\u00bb]<\/p>\n<p>Las subvenciones objeto de esta convocatoria se rigen por la siguiente normativa:<\/p>\n<ol>\n<li>Ley 3\/2023, de 28 de febrero, de Empleo<\/li>\n<li>Real Decreto 633\/2025, de 15 de julio, por el que se aprueba la Estrategia Espa\u00f1ola de Apoyo Activo al Empleo 2025-2028<\/li>\n<li>Orden 16\/2023 del consejero de Modelo Econ\u00f3mico, Turismo y Trabajo, de 17 de mayo de 2023 por la que se establecen las bases reguladoras de las subvenciones en materia de pol\u00edticas activas de empleo gestionadas por el Servicio de Empleo de las Illes Balears<\/li>\n<li>Resoluci\u00f3n de la consejera de Trabajo, Funci\u00f3n P\u00fablica y Di\u00e1logo Social y presidenta del SOIB, por la que se aprueba la convocatoria de subvenciones para el programa \u00abSOIB Desarrollo Local\u00bb para llevar a cabo actuaciones de promoci\u00f3n de la actividad econ\u00f3mica y el desarrollo local 2026-2027, sujeta a la tramitaci\u00f3n del expediente anticipado de gasto, correspondiente a 2026<\/li>\n<li><span class=\"HwtZe\" lang=\"es\"><span class=\"jCAhz ChMk0b\"><span class=\"ryNqvb\">Resoluci\u00f3n de la consejera de Trabajo, Funci\u00f3n P\u00fablica y Di\u00e1logo Social y presidenta del Servicio de Ocupaci\u00f3n de las Illes Balears (SOIB), por la que se modifica la Resoluci\u00f3n de la consejera de Trabajo, Funci\u00f3n P\u00fablica y Di\u00e1logo Social y presidenta del SOIB, por la que se aprueba la convocatoria de subvenciones del programa \u00abSOIB Desarrollo Local\u00bb para desarrollar actuaciones de promoci\u00f3n de la actividad 2026-2027<\/span><\/span><\/span><\/li>\n<\/ol>\n<p>[\/et_pb_accordion_item][et_pb_accordion_item title=\u00bbContacto\u00bb _builder_version=\u00bb4.27.4&#8243; global_colors_info=\u00bb{}\u00bb open=\u00bboff\u00bb]Buz\u00f3n de consulta: <span style=\"color: #cb023e;\"><a style=\"color: #cb023e;\" href=\"mailto:registre.xol@caib.es\" target=\"_blank\" rel=\"noopener\">registre.xol@caib.es<\/a><\/span>[\/et_pb_accordion_item][\/et_pb_accordion][et_pb_button button_url=\u00bbhttps:\/\/www.caib.es\/seucaib\/es\/202\/administracions\/tramites\/tramite\/6321999&#8243; url_new_window=\u00bbon\u00bb button_text=\u00bbAcceso al tr\u00e1mite de la convocatoria\u00bb _builder_version=\u00bb4.27.4&#8243; _module_preset=\u00bbdefault\u00bb custom_button=\u00bbon\u00bb button_text_size=\u00bb15px\u00bb button_text_color=\u00bb#cb023e\u00bb button_bg_color=\u00bb#FFFFFF\u00bb button_border_width=\u00bb1px\u00bb button_border_color=\u00bb#cb023e\u00bb button_font=\u00bb|600|||||||\u00bb button_icon=\u00bb&#xe07e;||divi||400&#8243; button_icon_placement=\u00bbleft\u00bb button_on_hover=\u00bboff\u00bb locked=\u00bboff\u00bb global_colors_info=\u00bb{}\u00bb][\/et_pb_button][\/et_pb_column][\/et_pb_row][et_pb_row _builder_version=\u00bb4.23.1&#8243; custom_margin=\u00bb0px||||false|false\u00bb global_colors_info=\u00bb{}\u00bb][et_pb_column type=\u00bb4_4&#8243; _builder_version=\u00bb4.16&#8243; custom_padding=\u00bb|||\u00bb global_colors_info=\u00bb{}\u00bb custom_padding__hover=\u00bb|||\u00bb][et_pb_text _builder_version=\u00bb4.27.5&#8243; hover_enabled=\u00bb0&#8243; global_colors_info=\u00bb{}\u00bb sticky_enabled=\u00bb0&#8243;]<\/p>\n<p>M\u00e1s informaci\u00f3n: <a href=\"https:\/\/soib.es\/wp-content\/uploads\/2025\/07\/BOIB-convocatoria-SOIB-Desarrollo-Local-2026-2027.pdf\" target=\"_blank\" rel=\"noopener\"><span style=\"color: #cb023e;\"><strong>BOIB convocatoria de subvenciones SOIB Desarrollo Local 2026-2027<\/strong><\/span><\/a><\/p>\n<p><a href=\"https:\/\/soib.es\/wp-content\/uploads\/2026\/02\/1845-PUBLICACION-BOIB-MODIFICACION-CONVOCATORIA-AODL-CAST-1.pdf\" target=\"_blank\" rel=\"noopener\"><strong>BOIB modificaci\u00f3n convocatoria de subvenciones SOIB Desarrollo Local 2026-2027<\/strong><\/a><\/p>\n<p>[\/et_pb_text][\/et_pb_column][\/et_pb_row][\/et_pb_section]<\/p>\n","protected":false},"excerpt":{"rendered":"<p>Convocatoria de subvenciones SOIB Desarrollo Local 2026-2027El objeto de esta convocatoria es que las entidades locales, as\u00ed como sus entes de derecho p\u00fablico dependientes o vinculados, presenten solicitudes para obtener ayudas destinadas a la incorporaci\u00f3n, mediante nombramiento como personal funcionario interino vinculado a programas de car\u00e1cter temporal, de agentes de empleo y desarrollo local (AODL).El [&hellip;]<\/p>\n","protected":false},"author":13,"featured_media":0,"parent":0,"menu_order":0,"comment_status":"closed","ping_status":"closed","template":"","meta":{"_et_pb_use_builder":"on","_et_pb_old_content":"","_et_gb_content_width":"","footnotes":"","_links_to":"","_links_to_target":""},"class_list":["post-65082","page","type-page","status-publish","hentry"],"publishpress_future_action":{"enabled":false,"date":"2026-04-13 10:33:38","action":"change-status","newStatus":"draft","terms":[],"taxonomy":"translation_priority","extraData":[]},"publishpress_future_workflow_manual_trigger":{"enabledWorkflows":[]},"_links":{"self":[{"href":"https:\/\/soib.es\/es\/wp-json\/wp\/v2\/pages\/65082","targetHints":{"allow":["GET"]}}],"collection":[{"href":"https:\/\/soib.es\/es\/wp-json\/wp\/v2\/pages"}],"about":[{"href":"https:\/\/soib.es\/es\/wp-json\/wp\/v2\/types\/page"}],"author":[{"embeddable":true,"href":"https:\/\/soib.es\/es\/wp-json\/wp\/v2\/users\/13"}],"replies":[{"embeddable":true,"href":"https:\/\/soib.es\/es\/wp-json\/wp\/v2\/comments?post=65082"}],"version-history":[{"count":3,"href":"https:\/\/soib.es\/es\/wp-json\/wp\/v2\/pages\/65082\/revisions"}],"predecessor-version":[{"id":70885,"href":"https:\/\/soib.es\/es\/wp-json\/wp\/v2\/pages\/65082\/revisions\/70885"}],"wp:attachment":[{"href":"https:\/\/soib.es\/es\/wp-json\/wp\/v2\/media?parent=65082"}],"curies":[{"name":"wp","href":"https:\/\/api.w.org\/{rel}","templated":true}]}}