{"id":64972,"date":"2026-03-19T09:54:50","date_gmt":"2026-03-19T08:54:50","guid":{"rendered":"https:\/\/soib.es\/?page_id=64972"},"modified":"2026-03-19T10:17:24","modified_gmt":"2026-03-19T09:17:24","slug":"convocatoria-de-subvenciones-soib-vulnerables-oferta-especifica-grados-b-de-niveles-1-y-2-de-fp-para-el-periodo-2025-2027","status":"publish","type":"page","link":"https:\/\/soib.es\/es\/convocatoria-de-subvenciones-soib-vulnerables-oferta-especifica-grados-b-de-niveles-1-y-2-de-fp-para-el-periodo-2025-2027\/","title":{"rendered":"Convocatoria de subvenciones SOIB vulnerables oferta espec\u00edfica grados B de niveles 1 y 2 de FP para el per\u00edodo 2025-2027"},"content":{"rendered":"<p>[et_pb_section fb_built=\u00bb1&#8243; _builder_version=\u00bb4.16&#8243; background_color=\u00bb#f7f7f7&#8243; custom_padding=\u00bb25px|0px|25px|0px\u00bb global_colors_info=\u00bb{}\u00bb][et_pb_row _builder_version=\u00bb4.16&#8243; global_colors_info=\u00bb{}\u00bb][et_pb_column type=\u00bb4_4&#8243; _builder_version=\u00bb4.16&#8243; custom_padding=\u00bb|||\u00bb global_colors_info=\u00bb{}\u00bb custom_padding__hover=\u00bb|||\u00bb][et_pb_image src=\u00bbhttps:\/\/soib.es\/wp-content\/uploads\/2025\/07\/Cintillo-jul2025-ConselleriaMinisteri-Educacio-1.png\u00bb title_text=\u00bbCintillo jul2025 Conselleria+Ministeri Educaci\u00f3\u00bb _builder_version=\u00bb4.27.4&#8243; _module_preset=\u00bbdefault\u00bb global_colors_info=\u00bb{}\u00bb][\/et_pb_image][et_pb_text _builder_version=\u00bb4.27.4&#8243; global_colors_info=\u00bb{}\u00bb]<\/p>\n<h1><strong>Convocatoria de subvenciones SOIB vulnerables oferta espec\u00edfica grados B de niveles 1 y 2 de FP para el per\u00edodo 2025-2027<\/strong><\/h1>\n<p>[\/et_pb_text][\/et_pb_column][\/et_pb_row][\/et_pb_section][et_pb_section fb_built=\u00bb1&#8243; _builder_version=\u00bb4.16&#8243; custom_padding=\u00bb25px|0px|54px|0px\u00bb global_colors_info=\u00bb{}\u00bb][et_pb_row _builder_version=\u00bb4.23.1&#8243; global_colors_info=\u00bb{}\u00bb][et_pb_column type=\u00bb4_4&#8243; _builder_version=\u00bb4.16&#8243; custom_padding=\u00bb|||\u00bb global_colors_info=\u00bb{}\u00bb custom_padding__hover=\u00bb|||\u00bb][et_pb_text _builder_version=\u00bb4.27.4&#8243; _module_preset=\u00bbdefault\u00bb locked=\u00bboff\u00bb global_colors_info=\u00bb{}\u00bb]<\/p>\n<p>El <strong>objeto<\/strong> de esta convocatoria es financiar la impartici\u00f3n de grados B de FP, m\u00f3dulos profesionales que no constituyan grados B y FEMPOS de 80 horas con el fin de mejorar la cualificaci\u00f3n profesional y la inserci\u00f3n social de las personas con especiales dificultades formativas o de inserci\u00f3n laboral.<\/p>\n<p>[\/et_pb_text][\/et_pb_column][\/et_pb_row][et_pb_row _builder_version=\u00bb4.23.1&#8243; custom_margin=\u00bb0px||||false|false\u00bb global_colors_info=\u00bb{}\u00bb][et_pb_column type=\u00bb4_4&#8243; _builder_version=\u00bb4.16&#8243; custom_padding=\u00bb|||\u00bb global_colors_info=\u00bb{}\u00bb custom_padding__hover=\u00bb|||\u00bb][et_pb_accordion open_toggle_text_color=\u00bb#474747&#8243; closed_toggle_text_color=\u00bb#cb023e\u00bb icon_color=\u00bb#cb023e\u00bb disabled_on=\u00bboff|off|off\u00bb _builder_version=\u00bb4.27.4&#8243; toggle_text_color=\u00bbRGBA(0,0,0,0)\u00bb toggle_font=\u00bb|700|||||||\u00bb db_closeable=\u00bbon\u00bb db_initial_state=\u00bball_closed\u00bb global_colors_info=\u00bb{}\u00bb][et_pb_accordion_item title=\u00bbEntidades beneficiarias\u00bb open=\u00bbon\u00bb _builder_version=\u00bb4.27.4&#8243; global_colors_info=\u00bb{}\u00bb]<\/p>\n<p>Las entidades beneficiarias son las entidades de formaci\u00f3n que soliciten actividad formativa, excepto los centros propios, siempre que:<\/p>\n<p><\/p>\n<ul>\n<li>Los centros donde impartir\u00e1n la formaci\u00f3n est\u00e9n autorizados para impartir grados C de FP, ubicados en el territorio de la Comunidad Aut\u00f3noma de las Illes Balears e inscritos en los correspondientes Registros.<\/li>\n<li>La entidad de formaci\u00f3n acredite un m\u00ednimo de dos a\u00f1os de experiencia en la atenci\u00f3n a personas con especiales dificultades formativas o de inserci\u00f3n laboral.<\/li>\n<\/ul>\n<p>[\/et_pb_accordion_item][et_pb_accordion_item title=\u00bbPersonas destinatarias\u00bb _builder_version=\u00bb4.27.4&#8243; global_colors_info=\u00bb{}\u00bb open=\u00bboff\u00bb]<\/p>\n<p>Las personas destinatarias de la formaci\u00f3n subvencionada mediante esta convocatoria tienen que pertenecer a colectivos con especiales dificultades formativas o de inserci\u00f3n laboral de acuerdo con el art\u00edculo 37 del Real Decreto 659\/2023 por el cual se desarrolla la ordenaci\u00f3n del Sistema de Formaci\u00f3n Profesional:<\/p>\n<p><\/p>\n<p><em>a)<\/em> Las personas mayores de diecis\u00e9is a\u00f1os sin cualificaci\u00f3n e incorporadas a la vida laboral o que hayan abandonado el sistema educativo, para que puedan obtener un certificado profesional o un t\u00edtulo de formaci\u00f3n profesional.<\/p>\n<p><\/p>\n<p><em>b)<\/em> Las personas mayores de diecis\u00e9is a\u00f1os que no hayan desarrollado su historial escolar en el sistema educativo espa\u00f1ol y que tengan dificultades para incorporarse.<\/p>\n<p><\/p>\n<p><em>c)<\/em> Personas o grupos desfavorecidos en el mercado laboral o en riesgo de exclusi\u00f3n social.<\/p>\n<p>[\/et_pb_accordion_item][et_pb_accordion_item title=\u00bbPlazo de presentaci\u00f3n de solicitudes\u00bb _builder_version=\u00bb4.27.4&#8243; global_colors_info=\u00bb{}\u00bb open=\u00bboff\u00bb]<\/p>\n<p>El plazo para presentar las solicitudes de subvenci\u00f3n es de 20 d\u00edas h\u00e1biles contadores desde el d\u00eda siguiente a la publicaci\u00f3n de la convocatoria en el BOIB.<\/p>\n<p>[\/et_pb_accordion_item][et_pb_accordion_item title=\u00bbPresupuesto\u00bb _builder_version=\u00bb4.27.4&#8243; global_colors_info=\u00bb{}\u00bb open=\u00bboff\u00bb]<\/p>\n<p>El cr\u00e9dito asignado inicialmente a esta convocatoria es de 2.000.000,00 \u20ac, distribuidos de la siguiente forma:<\/p>\n<p><\/p>\n<ul>\n<li>A\u00f1o 2025: 1.200.000 \u20ac<\/li>\n<li>A\u00f1o 2027: 800.000 \u20ac<\/li>\n<\/ul>\n<p><\/p>\n<p>Las partidas del presupuesto de gastos correspondientes a cada una de las anualidades a las que se imputa esta convocatoria se financiar\u00e1n mediante los fondos del Ministerio de Educaci\u00f3n, Formaci\u00f3n Profesional y Deportes que anualmente distribuye por territorios la Conferencia Sectorial de Formaci\u00f3n Profesional para personas trabajadoras, para cada uno de los ejercicios a los que afecte.<\/p>\n<p>[\/et_pb_accordion_item][et_pb_accordion_item title=\u00bbOferta formativa objeto de financiaci\u00f3n\u00bb _builder_version=\u00bb4.27.4&#8243; global_colors_info=\u00bb{}\u00bb open=\u00bboff\u00bb]<\/p>\n<ul>\n<li>Grados B (certificados de competencia).<\/li>\n<li>FEMPO (es el periodo de formaci\u00f3n en empresa u organismo equiparado con una duraci\u00f3n de 80 h, necesario para obtener un grado C mediante la superaci\u00f3n de los grados B que lo conforman).<\/li>\n<li>M\u00f3dulos profesionales de los nuevos grados C que no constituyan grados B.<\/li>\n<\/ul>\n<p>[\/et_pb_accordion_item][et_pb_accordion_item title=\u00bbPlazo de ejecuci\u00f3n de actuaciones\u00bb _builder_version=\u00bb4.27.4&#8243; global_colors_info=\u00bb{}\u00bb open=\u00bboff\u00bb]<\/p>\n<p>La actividad formativa se tendr\u00e1 que iniciar a partir de la notificaci\u00f3n de la concesi\u00f3n, y tienen que finalizar, junto con el FEMPO, antes del 31 de marzo de 2027.<\/p>\n<p>[\/et_pb_accordion_item][et_pb_accordion_item title=\u00bbNormativa\u00bb _builder_version=\u00bb4.27.4&#8243; global_colors_info=\u00bb{}\u00bb open=\u00bboff\u00bb]<\/p>\n<p>Las subvenciones objeto de esta convocatoria se rigen por la normativa siguiente:<br \/>\n1. Ley Org\u00e1nica 3\/2022, de 31 de marzo, de ordenaci\u00f3n e integraci\u00f3n de la Formaci\u00f3n Profesional (BOE n.\u00ba 78, de 1 de abril).<br \/>\n2. Real Decreto 659\/2023 de 18 de julio por el cual se desarrolla la ordenaci\u00f3n del Sistema de Formaci\u00f3n Profesional, modificado por el Real Decreto 658\/2024 de 9 de julio.<br \/>\n3. Orden EFP\/942\/2022, de 23 de septiembre de 2022, por la cual se regula la oferta formativa del sistema de Formaci\u00f3n profesional en el \u00e1mbito laboral asociada al Cat\u00e1logo Nacional de Cualificaciones Profesionales efectuada por las administraciones competentes, se establecen las bases reguladoras, as\u00ed como las condiciones para su financiaci\u00f3n (BOE n\u00ba 239, de 5 de octubre) en todo lo que no contradiga la Ley Org\u00e1nica 3\/2022, de 31 de marzo y el Real Decreto 659\/2023, de 18 de julio.<br \/>\n4. Ley 38\/2003, de 17 de noviembre, general de subvenciones.<br \/>\n5. Reglamento de subvenciones aprobado por Real Decreto 887\/2006, de 21 de julio.<br \/>\n6. Decreto Legislativo 2\/2005, de 28 de diciembre, por el cual se aprueba el Texto refundido de la Ley de subvenciones de la Comunidad Aut\u00f3noma de las Islas Baleares (BOIB n.\u00ba 196, de 31 de diciembre).<br \/>\n7. Reglamento delegado (UE) 2018\/1127 de la Comisi\u00f3n de 28 de mayo de 2018 por el cual se modifica el Reglamento delegado (UE) 2015\/2195, que complementa el Reglamento (UE) 1304\/2013 del Parlamento Europeo y el Consejo, relativo al Fondo Social Europeo, respecto a la definici\u00f3n de baremo est\u00e1ndar de costes unitarios e importes a tanto alzado establece unos baremos de costes unitarios y unos importes a tanto alzado a partir de los datos presentados o publicadas por Eurostat y en base a m\u00e9todos decididos por mutuo acuerdo.<\/p>\n<p>[\/et_pb_accordion_item][et_pb_accordion_item title=\u00bbContacto\u00bb _builder_version=\u00bb4.27.4&#8243; global_colors_info=\u00bb{}\u00bb open=\u00bboff\u00bb]Buz\u00f3n de consulta: <span style=\"color: #cb023e;\"><a style=\"color: #cb023e;\" href=\"mailto:seguimenteconomic@soib.caib.es\" target=\"_blank\" rel=\"noopener\">seguimenteconomic@soib.caib.es<\/a><\/span>[\/et_pb_accordion_item][\/et_pb_accordion][et_pb_button button_url=\u00bbhttps:\/\/www.caib.es\/seucaib\/es\/200\/persones%20\/tramites\/tramite\/6356613&#8243; url_new_window=\u00bbon\u00bb button_text=\u00bbAcceso al tr\u00e1mite de la convocatoria\u00bb _builder_version=\u00bb4.27.4&#8243; _module_preset=\u00bbdefault\u00bb custom_button=\u00bbon\u00bb button_text_size=\u00bb15px\u00bb button_text_color=\u00bb#cb023e\u00bb button_bg_color=\u00bb#FFFFFF\u00bb button_border_width=\u00bb1px\u00bb button_border_color=\u00bb#cb023e\u00bb button_font=\u00bb|600|||||||\u00bb button_icon=\u00bb&#xe07e;||divi||400&#8243; button_icon_placement=\u00bbleft\u00bb button_on_hover=\u00bboff\u00bb locked=\u00bboff\u00bb global_colors_info=\u00bb{}\u00bb][\/et_pb_button][\/et_pb_column][\/et_pb_row][et_pb_row _builder_version=\u00bb4.23.1&#8243; custom_margin=\u00bb0px||||false|false\u00bb global_colors_info=\u00bb{}\u00bb][et_pb_column type=\u00bb4_4&#8243; _builder_version=\u00bb4.16&#8243; custom_padding=\u00bb|||\u00bb global_colors_info=\u00bb{}\u00bb custom_padding__hover=\u00bb|||\u00bb][et_pb_text _builder_version=\u00bb4.27.6&#8243; hover_enabled=\u00bb0&#8243; global_colors_info=\u00bb{}\u00bb sticky_enabled=\u00bb0&#8243;]<\/p>\n<p>M\u00e1s informaci\u00f3n: <a href=\"https:\/\/soib.es\/wp-content\/uploads\/2025\/07\/Convocatoria-SOIB_VULNERABLES_Grados_B_2025-2027.pdf\" target=\"_blank\" rel=\"noopener\"><span style=\"color: #cb023e;\"><strong>BOIB convocatoria de subvenciones SOIB vulnerables oferta espec\u00edfica grados B de niveles 1 y 2 de FP para el per\u00edodo 2025-2027<\/strong><\/span><\/a>.<\/p>\n<p><span style=\"color: #cb023e;\"><a style=\"color: #cb023e;\" href=\"https:\/\/soib.es\/wp-content\/uploads\/2026\/03\/Modificacion-convocatoria-no.-35-de-19-03-2026_cast.pdf\" target=\"_blank\" rel=\"noopener\"><strong>BOIB modificaci\u00f3n de la convocatoria de subvenciones SOIB vulnerables oferta espec\u00edfica grados B de niveles 1 y 2 de FP para el per\u00edodo 2025-2027<\/strong><\/a>.<\/span><\/p>\n<p>[\/et_pb_text][\/et_pb_column][\/et_pb_row][\/et_pb_section]<\/p>\n","protected":false},"excerpt":{"rendered":"<p>Convocatoria de subvenciones SOIB vulnerables oferta espec\u00edfica grados B de niveles 1 y 2 de FP para el per\u00edodo 2025-2027El objeto de esta convocatoria es financiar la impartici\u00f3n de grados B de FP, m\u00f3dulos profesionales que no constituyan grados B y FEMPOS de 80 horas con el fin de mejorar la cualificaci\u00f3n profesional y la [&hellip;]<\/p>\n","protected":false},"author":13,"featured_media":0,"parent":0,"menu_order":0,"comment_status":"closed","ping_status":"closed","template":"","meta":{"_et_pb_use_builder":"on","_et_pb_old_content":"","_et_gb_content_width":"","footnotes":"","_links_to":"","_links_to_target":""},"class_list":["post-64972","page","type-page","status-publish","hentry"],"publishpress_future_action":{"enabled":false,"date":"2026-04-15 11:50:07","action":"change-status","newStatus":"draft","terms":[],"taxonomy":"translation_priority","extraData":[]},"publishpress_future_workflow_manual_trigger":{"enabledWorkflows":[]},"_links":{"self":[{"href":"https:\/\/soib.es\/es\/wp-json\/wp\/v2\/pages\/64972","targetHints":{"allow":["GET"]}}],"collection":[{"href":"https:\/\/soib.es\/es\/wp-json\/wp\/v2\/pages"}],"about":[{"href":"https:\/\/soib.es\/es\/wp-json\/wp\/v2\/types\/page"}],"author":[{"embeddable":true,"href":"https:\/\/soib.es\/es\/wp-json\/wp\/v2\/users\/13"}],"replies":[{"embeddable":true,"href":"https:\/\/soib.es\/es\/wp-json\/wp\/v2\/comments?post=64972"}],"version-history":[{"count":1,"href":"https:\/\/soib.es\/es\/wp-json\/wp\/v2\/pages\/64972\/revisions"}],"predecessor-version":[{"id":71247,"href":"https:\/\/soib.es\/es\/wp-json\/wp\/v2\/pages\/64972\/revisions\/71247"}],"wp:attachment":[{"href":"https:\/\/soib.es\/es\/wp-json\/wp\/v2\/media?parent=64972"}],"curies":[{"name":"wp","href":"https:\/\/api.w.org\/{rel}","templated":true}]}}