{"id":64963,"date":"2026-03-19T09:13:02","date_gmt":"2026-03-19T08:13:02","guid":{"rendered":"https:\/\/soib.es\/convocatoria-de-subvenciones-soib-grados-b-de-fp-para-el-periodo-2025-2027\/"},"modified":"2026-03-19T10:23:32","modified_gmt":"2026-03-19T09:23:32","slug":"convocatoria-de-subvenciones-soib-grados-b-de-fp-para-el-periodo-2025-2027","status":"publish","type":"page","link":"https:\/\/soib.es\/es\/convocatoria-de-subvenciones-soib-grados-b-de-fp-para-el-periodo-2025-2027\/","title":{"rendered":"Convocatoria de subvenciones SOIB grados B de FP para el periodo 2025-2027"},"content":{"rendered":"<p>[et_pb_section fb_built=\u00bb1&#8243; _builder_version=\u00bb4.16&#8243; background_color=\u00bb#f7f7f7&#8243; custom_padding=\u00bb25px|0px|25px|0px\u00bb global_colors_info=\u00bb{}\u00bb][et_pb_row _builder_version=\u00bb4.16&#8243; global_colors_info=\u00bb{}\u00bb][et_pb_column type=\u00bb4_4&#8243; _builder_version=\u00bb4.16&#8243; custom_padding=\u00bb|||\u00bb global_colors_info=\u00bb{}\u00bb custom_padding__hover=\u00bb|||\u00bb][et_pb_image src=\u00bbhttps:\/\/soib.es\/wp-content\/uploads\/2025\/07\/Cintillo-jul2025-ConselleriaMinisteri-Educacio-1.png\u00bb title_text=\u00bbCintillo jul2025 Conselleria+Ministeri Educaci\u00f3\u00bb _builder_version=\u00bb4.27.4&#8243; _module_preset=\u00bbdefault\u00bb global_colors_info=\u00bb{}\u00bb][\/et_pb_image][et_pb_text _builder_version=\u00bb4.27.5&#8243; global_colors_info=\u00bb{}\u00bb]<\/p>\n<h1><strong>Convocatoria de subvenciones SOIB grados B de FP para el periodo 2025-2027<\/strong><\/h1>\n<p>[\/et_pb_text][\/et_pb_column][\/et_pb_row][\/et_pb_section][et_pb_section fb_built=\u00bb1&#8243; _builder_version=\u00bb4.16&#8243; custom_padding=\u00bb25px|0px|54px|0px\u00bb global_colors_info=\u00bb{}\u00bb][et_pb_row _builder_version=\u00bb4.23.1&#8243; global_colors_info=\u00bb{}\u00bb][et_pb_column type=\u00bb4_4&#8243; _builder_version=\u00bb4.16&#8243; custom_padding=\u00bb|||\u00bb global_colors_info=\u00bb{}\u00bb custom_padding__hover=\u00bb|||\u00bb][et_pb_text _builder_version=\u00bb4.27.5&#8243; _module_preset=\u00bbdefault\u00bb locked=\u00bboff\u00bb global_colors_info=\u00bb{}\u00bb]<\/p>\n<p>El objeto de esta convocatoria es regular la concesi\u00f3n de subvenciones para financiar grados B, m\u00f3dulos profesionales de los grados C que se consideren imprescindibles para apoyar la adquisici\u00f3n de los resultados de aprendizaje del resto de m\u00f3dulos asociados al Cat\u00e1logo Nacional de Est\u00e1ndares de Competencia y que no constituyan un grado B ni FEMPOS.<\/p>\n<p>Se establecen dos l\u00edneas de subvenciones:<\/p>\n<p>\u2022 L\u00ednea 1 dirigida prioritariamente a personas desempleadas.<br \/>\u2022 L\u00ednea 2 dirigida prioritariamente a personas empleadas.<\/p>\n<p>[\/et_pb_text][\/et_pb_column][\/et_pb_row][et_pb_row _builder_version=\u00bb4.23.1&#8243; custom_margin=\u00bb0px||||false|false\u00bb global_colors_info=\u00bb{}\u00bb][et_pb_column type=\u00bb4_4&#8243; _builder_version=\u00bb4.16&#8243; custom_padding=\u00bb|||\u00bb global_colors_info=\u00bb{}\u00bb custom_padding__hover=\u00bb|||\u00bb][et_pb_accordion open_toggle_text_color=\u00bb#474747&#8243; closed_toggle_text_color=\u00bb#cb023e\u00bb icon_color=\u00bb#cb023e\u00bb disabled_on=\u00bboff|off|off\u00bb _builder_version=\u00bb4.27.5&#8243; toggle_text_color=\u00bbRGBA(0,0,0,0)\u00bb toggle_font=\u00bb|700|||||||\u00bb db_closeable=\u00bbon\u00bb db_initial_state=\u00bball_closed\u00bb global_colors_info=\u00bb{}\u00bb][et_pb_accordion_item title=\u00bbEntidades beneficiarias\u00bb open=\u00bbon\u00bb _builder_version=\u00bb4.27.4&#8243; global_colors_info=\u00bb{}\u00bb]Se pueden beneficiar de las subvenciones las entidades de formaci\u00f3n que soliciten la impartici\u00f3n de la oferta formativa establecida en la convocatoria, excepto los centros propios, siempre que los centros donde deben impartir la formaci\u00f3n est\u00e9n autorizados para impartir grados C de FP, ubicados en el territorio de la Comunidad Aut\u00f3noma de las Illes Balears e inscritos en los registros correspondientes.[\/et_pb_accordion_item][et_pb_accordion_item title=\u00bbPersonas destinatarias\u00bb _builder_version=\u00bb4.27.5&#8243; global_colors_info=\u00bb{}\u00bb open=\u00bboff\u00bb]<\/p>\n<p>Las personas destinatarias de la formaci\u00f3n son personas trabajadoras empleadas y desempleadas.<\/p>\n<p>[\/et_pb_accordion_item][et_pb_accordion_item title=\u00bbPlazo de presentaci\u00f3n de solicitudes\u00bb _builder_version=\u00bb4.27.5&#8243; global_colors_info=\u00bb{}\u00bb open=\u00bboff\u00bb]<\/p>\n<p>El plazo para presentar las solicitudes de subvenci\u00f3n, junto con la documentaci\u00f3n t\u00e9cnica, es de veinte d\u00edas h\u00e1biles a contar desde el d\u00eda siguiente a la publicaci\u00f3n de la convocatoria en el BOIB.<\/p>\n<p>Las entidades de formaci\u00f3n interesadas deber\u00e1n presentar una solicitud para cada una de las l\u00edneas en las que quieran participar.<\/p>\n<p>[\/et_pb_accordion_item][et_pb_accordion_item title=\u00bbPresupuesto\u00bb _builder_version=\u00bb4.27.5&#8243; global_colors_info=\u00bb{}\u00bb open=\u00bboff\u00bb]<\/p>\n<p>El cr\u00e9dito asignado inicialmente a esta convocatoria es de:<\/p>\n<p>\u2022 7.000.000 \u20ac para la l\u00ednea 1, dirigida prioritariamente a personas trabajadoras desempleadas.<br \/>\u2022 4.000.000 \u20ac para la l\u00ednea 2, dirigida prioritariamente a personas trabajadoras empleadas.<\/p>\n<p>Las partidas del presupuesto de gastos correspondientes a cada una de las anualidades a las que se imputa esta convocatoria se financiar\u00e1n mediante los fondos del Ministerio de Educaci\u00f3n, Formaci\u00f3n Profesional y Deportes que anualmente distribuye por territorios la Conferencia Sectorial de Formaci\u00f3n Profesional para personas trabajadoras, para cada uno de los ejercicios a los que afecte.<\/p>\n<p>[\/et_pb_accordion_item][et_pb_accordion_item title=\u00bbOferta formativa objeto de financiaci\u00f3n\u00bb _builder_version=\u00bb4.27.5&#8243; global_colors_info=\u00bb{}\u00bb open=\u00bboff\u00bb]<\/p>\n<p>La oferta formativa que debe financiarse en el marco de esta convocatoria puede ser:<\/p>\n<p>\u2014 Grados B (certificados de competencia).<br \/>\u2014 FEMPO (es el per\u00edodo de formaci\u00f3n en empresa u organismo equiparado, necesario para obtener un grado C mediante la superaci\u00f3n de los grados B que lo conforman).<br \/>\u2014\u00a0M\u00f3dulos profesionales de los nuevos grados C que no constituyan grados B.<\/p>\n<p>La oferta formativa de grados B y de los m\u00f3dulos profesionales que no constituyan grado B no ser\u00e1 de car\u00e1cter dual.<\/p>\n<p>Toda la oferta formativa debe impartirse en la modalidad presencial.<\/p>\n<p>[\/et_pb_accordion_item][et_pb_accordion_item title=\u00bbPlazo de ejecuci\u00f3n de las acciones\u00bb _builder_version=\u00bb4.27.4&#8243; global_colors_info=\u00bb{}\u00bb open=\u00bboff\u00bb]La actividad formativa deber\u00e1 iniciarse a partir de la notificaci\u00f3n de la concesi\u00f3n, y debe finalizar, junto con el FEMPO, antes del 31 de marzo de 2027.<\/p>\n<p>Solo se financian los grados B de FP, m\u00f3dulos profesionales y FEMPO iniciados a partir de la notificaci\u00f3n de la resoluci\u00f3n de concesi\u00f3n.[\/et_pb_accordion_item][et_pb_accordion_item title=\u00bbNormativa\u00bb _builder_version=\u00bb4.27.4&#8243; global_colors_info=\u00bb{}\u00bb open=\u00bboff\u00bb]Las subvenciones objeto de esta convocatoria se rigen por la Ley org\u00e1nica 3\/2022, de 31 de marzo, de ordenaci\u00f3n e integraci\u00f3n de la formaci\u00f3n profesional (BOE n\u00fam. 78, de 1 de abril); por el Real decreto 659\/2023, de 18 de julio, por el que se desarrolla la ordenaci\u00f3n del sistema de formaci\u00f3n profesional, por la Orden EFP\/942\/2022, de 23 de septiembre, por la que se regula la oferta formativa del sistema de formaci\u00f3n profesional en el \u00e1mbito laboral asociada al Cat\u00e1logo Nacional de Cualificaciones Profesionales 2 efectuada por las administraciones de octubre), en todo lo que no contradiga la Ley 3\/2022, de 31 de marzo, de ordenaci\u00f3n e integraci\u00f3n de la formaci\u00f3n profesional y el Real decreto 659\/2023, de 18 de julio, por el que se desarrolla la ordenaci\u00f3n del sistema de formaci\u00f3n profesional, modificado por el Real decreto 658\/2024, de 9 de julio; por la Ley 38\/2003, de 17 de noviembre, general de subvenciones, y por el Reglamento de subvenciones aprobado por Real decreto 887\/2006, de 21 de julio, y por el Decreto legislativo 2\/2005, de 28 de diciembre, por el que se aprueba el texto refundido de la Ley de subvenciones (BOIB n\u00fam. 196, de 31 de diciembre). <\/p>\n<p>El Reglamento delegado (UE) 2018\/1127 de la Comisi\u00f3n, de 28 de mayo de 2018, por el que se modifica el Reglamento delegado (UE) 2015\/2195, que complementa el Reglamento (UE) n\u00fam. 1304\/2013 del Parlamento Europeo y del Consejo, relativo al Fondo Social Euroit, importes a tanto alzado, establece unos baremos a partir de los datos presentados o publicados por Eurostat y sobre la base de m\u00e9todos decididos por mutuo acuerdo.[\/et_pb_accordion_item][et_pb_accordion_item title=\u00bbContacto\u00bb _builder_version=\u00bb4.27.4&#8243; global_colors_info=\u00bb{}\u00bb open=\u00bboff\u00bb]Buz\u00f3n de consulta: <span style=\"color: #cb023e;\"><a style=\"color: #cb023e;\" href=\"mailto:convocatoriesformacio@soib.caib.es\" target=\"_blank\" rel=\"noopener\">convocatoriesformacio@soib.caib.es<\/a><\/span>[\/et_pb_accordion_item][\/et_pb_accordion][et_pb_button button_url=\u00bbhttps:\/\/www.caib.es\/seucaib\/es\/201\/empreses\/tramites\/tramite\/6355764&#8243; url_new_window=\u00bbon\u00bb button_text=\u00bbAcceso al tr\u00e1mite de la convocatoria\u00bb _builder_version=\u00bb4.27.5&#8243; _module_preset=\u00bbdefault\u00bb custom_button=\u00bbon\u00bb button_text_size=\u00bb15px\u00bb button_text_color=\u00bb#cb023e\u00bb button_bg_color=\u00bb#FFFFFF\u00bb button_border_width=\u00bb1px\u00bb button_border_color=\u00bb#cb023e\u00bb button_font=\u00bb|600|||||||\u00bb button_icon=\u00bb&#xe07e;||divi||400&#8243; button_icon_placement=\u00bbleft\u00bb button_on_hover=\u00bboff\u00bb locked=\u00bboff\u00bb global_colors_info=\u00bb{}\u00bb][\/et_pb_button][\/et_pb_column][\/et_pb_row][et_pb_row _builder_version=\u00bb4.23.1&#8243; custom_margin=\u00bb0px||||false|false\u00bb global_colors_info=\u00bb{}\u00bb][et_pb_column type=\u00bb4_4&#8243; _builder_version=\u00bb4.16&#8243; custom_padding=\u00bb|||\u00bb global_colors_info=\u00bb{}\u00bb custom_padding__hover=\u00bb|||\u00bb][et_pb_text _builder_version=\u00bb4.27.6&#8243; hover_enabled=\u00bb0&#8243; global_colors_info=\u00bb{}\u00bb sticky_enabled=\u00bb0&#8243;]<\/p>\n<p>M\u00e1s informaci\u00f3n: <a href=\"https:\/\/soib.es\/wp-content\/uploads\/2025\/07\/BOIB-99-26.07.25-SOIB-GRAUS-B-25-27-ES.pdf\" target=\"_blank\" rel=\"noopener\"><span style=\"color: #cb023e;\"><strong>BOIB convocatoria de subvenciones SOIB grados B de FP para el periodo 2025-2027<\/strong><\/span><\/a>.<\/p>\n<p><a href=\"https:\/\/soib.es\/wp-content\/uploads\/2026\/03\/Modificacion-SOIB-grados-B-de-FP-25-27-BOIB-num.-35-19.03.26-cast.pdf\" target=\"_blank\" rel=\"noopener\"><strong><span style=\"color: #cb023e;\">BOIB modificaci\u00f3n de la convocatoria de subvenciones SOIB grados B de FP para el periodo 2025-2027<\/span><\/strong><\/a><span style=\"color: #cb023e;\">.<\/span><\/p>\n<p>[\/et_pb_text][\/et_pb_column][\/et_pb_row][\/et_pb_section]<\/p>\n","protected":false},"excerpt":{"rendered":"<p>Convocatoria de subvenciones SOIB grados B de FP para el periodo 2025-2027El objeto de esta convocatoria es regular la concesi\u00f3n de subvenciones para financiar grados B, m\u00f3dulos profesionales de los grados C que se consideren imprescindibles para apoyar la adquisici\u00f3n de los resultados de aprendizaje del resto de m\u00f3dulos asociados al Cat\u00e1logo Nacional de Est\u00e1ndares [&hellip;]<\/p>\n","protected":false},"author":13,"featured_media":0,"parent":0,"menu_order":0,"comment_status":"closed","ping_status":"closed","template":"","meta":{"_et_pb_use_builder":"on","_et_pb_old_content":"","_et_gb_content_width":"","footnotes":"","_links_to":"","_links_to_target":""},"class_list":["post-64963","page","type-page","status-publish","hentry"],"publishpress_future_action":{"enabled":false,"date":"2026-04-11 21:44:48","action":"change-status","newStatus":"draft","terms":[],"taxonomy":"translation_priority","extraData":[]},"publishpress_future_workflow_manual_trigger":{"enabledWorkflows":[]},"_links":{"self":[{"href":"https:\/\/soib.es\/es\/wp-json\/wp\/v2\/pages\/64963","targetHints":{"allow":["GET"]}}],"collection":[{"href":"https:\/\/soib.es\/es\/wp-json\/wp\/v2\/pages"}],"about":[{"href":"https:\/\/soib.es\/es\/wp-json\/wp\/v2\/types\/page"}],"author":[{"embeddable":true,"href":"https:\/\/soib.es\/es\/wp-json\/wp\/v2\/users\/13"}],"replies":[{"embeddable":true,"href":"https:\/\/soib.es\/es\/wp-json\/wp\/v2\/comments?post=64963"}],"version-history":[{"count":2,"href":"https:\/\/soib.es\/es\/wp-json\/wp\/v2\/pages\/64963\/revisions"}],"predecessor-version":[{"id":71253,"href":"https:\/\/soib.es\/es\/wp-json\/wp\/v2\/pages\/64963\/revisions\/71253"}],"wp:attachment":[{"href":"https:\/\/soib.es\/es\/wp-json\/wp\/v2\/media?parent=64963"}],"curies":[{"name":"wp","href":"https:\/\/api.w.org\/{rel}","templated":true}]}}