{"id":64269,"date":"2025-06-16T09:06:11","date_gmt":"2025-06-16T07:06:11","guid":{"rendered":"https:\/\/soib.es\/?page_id=64269"},"modified":"2025-07-08T11:03:02","modified_gmt":"2025-07-08T09:03:02","slug":"convocatoria-de-subvencions-soib-oportunitats-docupacio-per-a-persones-joves-qualificades-sector-privat-2025","status":"publish","type":"page","link":"https:\/\/soib.es\/es\/convocatoria-de-subvencions-soib-oportunitats-docupacio-per-a-persones-joves-qualificades-sector-privat-2025\/","title":{"rendered":"Convocatoria de subvenciones SOIB Oportunidades de empleo para personas J\u00f3venes Cualificadas en el sector privado 2025"},"content":{"rendered":"<p>[et_pb_section fb_built=\u00bb1&#8243; _builder_version=\u00bb4.16&#8243; background_color=\u00bb#f7f7f7&#8243; custom_padding=\u00bb25px|0px|25px|0px\u00bb global_colors_info=\u00bb{}\u00bb][et_pb_row _builder_version=\u00bb4.16&#8243; global_colors_info=\u00bb{}\u00bb][et_pb_column type=\u00bb4_4&#8243; _builder_version=\u00bb4.16&#8243; custom_padding=\u00bb|||\u00bb global_colors_info=\u00bb{}\u00bb custom_padding__hover=\u00bb|||\u00bb][et_pb_image src=\u00bbhttps:\/\/soib.es\/wp-content\/uploads\/2025\/06\/Cintillo-SOIB-Jove-Qualificats-sector-privat-2025.png\u00bb title_text=\u00bbCintillo SOIB Jove Qualificats sector privat 2025&#8243; _builder_version=\u00bb4.27.4&#8243; _module_preset=\u00bbdefault\u00bb locked=\u00bboff\u00bb global_colors_info=\u00bb{}\u00bb][\/et_pb_image][et_pb_text _builder_version=\u00bb4.27.4&#8243; custom_margin=\u00bb||-10px||false|false\u00bb global_colors_info=\u00bb{}\u00bb]<\/p>\n<h1><strong>Convocatoria de subvenciones para aut\u00f3nomos \u00abSOIB Oportunidades de empleo para personas J\u00f3venes Cualificadas en el sector privado 2025\u00bb<\/strong><\/h1>\n<p>[\/et_pb_text][\/et_pb_column][\/et_pb_row][\/et_pb_section][et_pb_section fb_built=\u00bb1&#8243; _builder_version=\u00bb4.16&#8243; custom_padding=\u00bb25px|0px|54px|0px\u00bb global_colors_info=\u00bb{}\u00bb][et_pb_row _builder_version=\u00bb4.27.4&#8243; custom_margin=\u00bb-25px||||false|false\u00bb global_colors_info=\u00bb{}\u00bb][et_pb_column type=\u00bb4_4&#8243; _builder_version=\u00bb4.16&#8243; custom_padding=\u00bb|||\u00bb global_colors_info=\u00bb{}\u00bb custom_padding__hover=\u00bb|||\u00bb][et_pb_countdown_timer title=\u00bbPlazo de presentaci\u00f3n de solicitudes del 16 de junio al 25 de julio de 2025 ambos incluidos\u00bb date_time=\u00bb2025-07-26 00:00&#8243; disabled_on=\u00bboff|off|off\u00bb _builder_version=\u00bb4.27.4&#8243; _module_preset=\u00bbdefault\u00bb header_level=\u00bbh3&#8243; header_text_color=\u00bb#cb023e\u00bb header_font_size=\u00bb18px\u00bb numbers_text_color=\u00bb#6B6B6B\u00bb numbers_font_size=\u00bb24px\u00bb numbers_line_height=\u00bb20px\u00bb separator_font_size=\u00bb0px\u00bb separator_letter_spacing=\u00bb10px\u00bb separator_line_height=\u00bb-20px\u00bb label_text_color=\u00bb#6B6B6B\u00bb module_alignment=\u00bbleft\u00bb custom_margin=\u00bb||||false|false\u00bb custom_padding=\u00bb10px||10px||false|false\u00bb link_option_url_new_window=\u00bbon\u00bb hover_enabled=\u00bb0&#8243; locked=\u00bboff\u00bb global_colors_info=\u00bb{}\u00bb sticky_enabled=\u00bb0&#8243;][\/et_pb_countdown_timer][et_pb_accordion open_toggle_text_color=\u00bb#474747&#8243; closed_toggle_text_color=\u00bb#cb023e\u00bb toggle_icon=\u00bb&#xe07e;||divi||400&#8243; icon_color=\u00bb#cb023e\u00bb disabled_on=\u00bboff|off|off\u00bb _builder_version=\u00bb4.27.4&#8243; toggle_text_color=\u00bbRGBA(0,0,0,0)\u00bb toggle_font=\u00bb|700|||||||\u00bb width=\u00bb70%\u00bb module_alignment=\u00bbcenter\u00bb animation_style=\u00bbzoom\u00bb db_closeable=\u00bbon\u00bb db_initial_state=\u00bball_closed\u00bb border_radii=\u00bbon|15px|15px|15px|15px\u00bb border_width_all=\u00bb2px\u00bb border_color_all=\u00bb#cb023e\u00bb locked=\u00bboff\u00bb global_colors_info=\u00bb{}\u00bb][et_pb_accordion_item title=\u00bbServicio de informaci\u00f3n sobre la convocatoria\u00bb open=\u00bbon\u00bb _builder_version=\u00bb4.27.4&#8243; global_colors_info=\u00bb{}\u00bb]<\/p>\n<ul>\n<li>Para cualquier duda administrativa y\/o econ\u00f3mica y alta en el ESOIB dispon\u00e9is de este buz\u00f3n: <span style=\"color: #cb023e;\"><a style=\"color: #cb023e;\" href=\"mailto:fomentocupacio3@soib.caib.es\" target=\"_blank\" rel=\"noopener\"><em>fomentocupacio3@soib.caib.es<\/em><\/a><\/span><\/li>\n<li>Para cualquier duda t\u00e9cnica referente a tipo de titulaci\u00f3n, titulaciones solicitadas, descripci\u00f3n de tareas y ubicaci\u00f3n, dispon\u00e9is del tel\u00e9fono 971 177 000 ext. 69107 (horario de lunes a viernes de 9.00 h a 14.00 h).<\/li>\n<li><strong>Sesiones informativas:<\/strong> si quer\u00e9is participar en una sesi\u00f3n informativa presencial en el SOIB, enviadnos un mensaje de correo electr\u00f3nico al b\u00faz\u00f3n <span style=\"color: #cb023e;\"><a style=\"color: #cb023e;\" href=\"mailto:fomentocupacio3@soib.caib.es\" target=\"_blank\" rel=\"noopener\"><em>fomentocupacio3@soib.caib.es<\/em><\/a><\/span> con vuestro nombre y apellidos, direcci\u00f3n de correo electr\u00f3nico y tel\u00e9fono de contacto.<\/li>\n<\/ul>\n<p>[\/et_pb_accordion_item][\/et_pb_accordion][et_pb_text _builder_version=\u00bb4.27.4&#8243; _module_preset=\u00bbdefault\u00bb locked=\u00bboff\u00bb global_colors_info=\u00bb{}\u00bb]<\/p>\n<p>El objeto de esta convocatoria es regular la concesi\u00f3n de subvenciones destinadas a financiar los costes laborales, incluida la cotizaci\u00f3n empresarial a la Seguridad Social, por el plazo m\u00e1ximo de un a\u00f1o, que se deriven de la contrataci\u00f3n de personas j\u00f3venes cualificadas desempleadas, mayores de 18 a\u00f1os y menores de 30 a\u00f1os, inscritas como demandantes de empleo en el SOIB y beneficiarias del Sistema Nacional de Garant\u00eda Juvenil, que sean contratadas por parte de trabajadores aut\u00f3nomos con un contrato de trabajo indefinido a jornada completa.<\/p>\n<p><\/p>\n<p>Las funciones que lleven a cabo las personas j\u00f3venes contratadas en su puesto de trabajo tienen que ser adecuadas a sus titulaciones.<\/p>\n<p><\/p>\n<p>El \u00e1mbito de aplicaci\u00f3n de esta convocatoria es la comunidad aut\u00f3noma de las Illes Balears.<\/p>\n<p>[\/et_pb_text][\/et_pb_column][\/et_pb_row][et_pb_row _builder_version=\u00bb4.23.1&#8243; custom_margin=\u00bb30px||||false|false\u00bb global_colors_info=\u00bb{}\u00bb][et_pb_column type=\u00bb4_4&#8243; _builder_version=\u00bb4.16&#8243; custom_padding=\u00bb|||\u00bb global_colors_info=\u00bb{}\u00bb custom_padding__hover=\u00bb|||\u00bb][et_pb_accordion open_toggle_text_color=\u00bb#474747&#8243; closed_toggle_text_color=\u00bb#cb023e\u00bb icon_color=\u00bb#cb023e\u00bb disabled_on=\u00bboff|off|off\u00bb _builder_version=\u00bb4.27.4&#8243; toggle_text_color=\u00bbRGBA(0,0,0,0)\u00bb toggle_font=\u00bb|700|||||||\u00bb db_closeable=\u00bbon\u00bb db_initial_state=\u00bball_closed\u00bb global_colors_info=\u00bb{}\u00bb][et_pb_accordion_item title=\u00bbPersonas beneficiarias\u00bb open=\u00bbon\u00bb _builder_version=\u00bb4.27.4&#8243; global_colors_info=\u00bb{}\u00bb]<\/p>\n<p>Pueden ser beneficarias de esta l\u00ednia de ayudas, dentro del \u00e1mbito territorial de las Illes Balears, las personas f\u00edsicas inscritas en el r\u00e9gimen especial de trabajadores aut\u00f3nomos de la Seguridad Social (RETA) o en un r\u00e9gimen alternativo equivalente.<\/p>\n<p><\/p>\n<p>Quedan excluidas como beneficiarias:<\/p>\n<p><\/p>\n<p>\u2022 Las personas socias integrantes del \u00f3rgano de administraci\u00f3n de las sociedades mercantiles de capital, de las cooperativas y de las sociedades laborales.<br \/>\u2022 Las personas que forman parte de comunidades de bienes.<br \/>\u2022 Las personas dadas de alta en el R\u00e9gimen General de la Seguridad Social durante la ejecuci\u00f3n del proyecto subvencionado.<\/p>\n<p>[\/et_pb_accordion_item][et_pb_accordion_item title=\u00bbPersonas destinatarias finales\u00bb _builder_version=\u00bb4.27.4&#8243; global_colors_info=\u00bb{}\u00bb open=\u00bboff\u00bb]<\/p>\n<p>Personas desempleadas mayores de 18 a\u00f1os y menores de 30 a\u00f1os, inscritas como demandantes de empleo en el SOIB y beneficiarias del Sistema Nacional de Garant\u00eda Juvenil. Deben tener la titulaci\u00f3n universitaria o de formaci\u00f3n professional de grado medio o superior, grado C de acuerdo con la normativa vigente.<\/p>\n<p>[\/et_pb_accordion_item][et_pb_accordion_item title=\u00bbPlazo de presentaci\u00f3n de solicitudes\u00bb _builder_version=\u00bb4.27.4&#8243; global_colors_info=\u00bb{}\u00bb open=\u00bboff\u00bb]<\/p>\n<div class=\"et_pb_toggle_content clearfix\">\n<p><strong>30 d\u00edas h\u00e1biles<\/strong> desde el d\u00eda siguiente de la publicaci\u00f3n de esta convocatoria en el <em>Bolet\u00edn Oficial de las Illes Balears (BOIB)<\/em>: <strong>del 16 de junio al 25 de julio de 2025, ambos incluidos<\/strong><\/p>\n<p><strong>Las solicitudes se resolver\u00e1n de forma individual, por orden de entrada, hasta agotar el cr\u00e9dito asignado a esta convocatoria.<\/strong><\/p>\n<\/div>\n<p>[\/et_pb_accordion_item][et_pb_accordion_item title=\u00bbPresupuesto\u00bb _builder_version=\u00bb4.27.4&#8243; global_colors_info=\u00bb{}\u00bb open=\u00bboff\u00bb]<\/p>\n<div class=\"et_pb_toggle_content clearfix\">\n<p>El cr\u00e9dito inicial de esta convocatoria es de 2.000.000 \u20ac, con la distribuci\u00f3n siguiente:<br \/>\u2013 A\u00f1o 2025: 1.500.000 \u20ac<br \/>\u2013 A\u00f1o 2027: 500.000 \u20ac<\/p>\n<p>Las partidas del presupuesto de gastos que corresponden a esta convocatoria deben financiarse mediante fondos procedentes de la Conferencia Sectorial de Empleo y Asuntos Laborales del Ministerio de Trabajo y Econom\u00eda Social.<\/p>\n<\/div>\n<p>[\/et_pb_accordion_item][et_pb_accordion_item title=\u00bbConceptos que se subvencionan\u00bb _builder_version=\u00bb4.27.4&#8243; global_colors_info=\u00bb{}\u00bb open=\u00bboff\u00bb]<\/p>\n<p>Los costes laborales, incluida la cotizaci\u00f3n empresarial a la Seguridad Social, por el plazo m\u00e1ximo de un a\u00f1o, que se derive de la contrataci\u00f3n de personas j\u00f3venes cualificadas desempleadas (mayores de 18 y menores de 30 a\u00f1os) con un contrato de trabajo indefinido a jornada completa (c\u00f3digo contrato 100), que sean contratadas por trabajadores aut\u00f3nomos.<\/p>\n<p>[\/et_pb_accordion_item][et_pb_accordion_item title=\u00bbPlazo de ejecuci\u00f3n de los proyectos\u00bb _builder_version=\u00bb4.27.4&#8243; global_colors_info=\u00bb{}\u00bb open=\u00bboff\u00bb]<\/p>\n<p>La fecha de inicio de los contratos debe estar comprendida entre la fecha de finalizaci\u00f3n del proceso de selecci\u00f3n de las personas trabajadoras y el 31 de octubre de 2025.<br \/>La fecha de finalizaci\u00f3n del proyecto subvencionado debe ser un a\u00f1o despu\u00e9s del inicio.<\/p>\n<p>[\/et_pb_accordion_item][et_pb_accordion_item title=\u00bbNormativa\u00bb _builder_version=\u00bb4.27.4&#8243; global_colors_info=\u00bb{}\u00bb open=\u00bboff\u00bb]<\/p>\n<p>1. La Ley 38\/2003, de 17 de noviembre, general de subvenciones y su reglamento aprobado por el Real Decreto 887\/2006, de 21 de julio, en todo lo que sea de aplicaci\u00f3n.<br \/>2. El Decreto Legislativo 2\/2005, de 28 de diciembre, por el que se aprueba el texto refundido de la Ley de subvenciones.<br \/>3. El Texto refundido de la Ley del Estatuto de las personas trabajadoras, aprobado por el Real Decreto Legislativo 2\/2015, de 23 de octubre, y modificado por el Real Decreto-ley 32\/2021, de 28 de diciembre, de medidas urgentes para la reforma laboral, la garant\u00eda de la estabilidad en el empleo y la transformaci\u00f3n.<br \/>4. La Ley 3\/2023, de 28 de febrero, de Empleo.<br \/>5. La Ley 20\/2007, de 11 de julio, del Estatuto del trabajo aut\u00f3nomo.<br \/>6. El Real Decreto 818\/2021, de 28 de septiembre, por el que se regulan los programas comunes de activaci\u00f3n para el empleo del Sistema Nacional de Empleo.<br \/>7. La Orden 16\/2023 del consejero de Modelo Econ\u00f3mico, Turismo y Trabajo, de 17 de mayo de 2023, por la que se establecen las bases reguladoras de las subvenciones en materia de pol\u00edticas activas de empleo gestionadas por el Servicio de Empleo de las Illes Balears (BOIB n\u00fam. 67, de 20 de maig de 2023).<br \/>8. El Reglamento (UE) 2023\/2831 de la Comisi\u00f3n, de 13 de diciembre de 2023, relativo a la aplicaci\u00f3n de los art\u00edculos 107 y 108 del Tratado de Funcionamiento de la Uni\u00f3n Europea a las ayudas de minimis.<br \/>9. El Reglamento (UE) 1408\/2013 de la Comisi\u00f3n, de 18 de diciembre de 2013, relativo a la aplicaci\u00f3n de los art\u00edculos 107 y 108 del Tratado de Funcionamiento de la Uni\u00f3n Europea a las ayudas de minimis en el sector agr\u00edcola, publicado en el DOUE de 24 de diciembre de 2013.<br \/>10. El Reglamento (UE) 717\/2014 de la Comisi\u00f3n, de 27 de junio de 2014, relativo a la aplicaci\u00f3n de los art\u00edculos 107 y 108 del Tratado de Funcionamiento de la Uni\u00f3n Europea a las ayudas de minimis en el sector de la pesca y de la acuicultura.<br \/>11. La dem\u00e1s normativa, tanto nacional como de la Uni\u00f3n Europea, o cualquier otra que resulte de aplicaci\u00f3n.<\/p>\n<p>[\/et_pb_accordion_item][et_pb_accordion_item title=\u00bbContacto\u00bb _builder_version=\u00bb4.27.4&#8243; global_colors_info=\u00bb{}\u00bb open=\u00bboff\u00bb]<\/p>\n<p><span style=\"display: inline-block; width: 0px; overflow: hidden; line-height: 0;\" data-mce-type=\"bookmark\" class=\"mce_SELRES_start\">\ufeff<\/span>Buz\u00f3n de consulta: <em><span style=\"color: #cb023e;\"><a style=\"color: #cb023e;\" href=\"mailto:fomentocupacio3@soib.caib.es\" target=\"_blank\" rel=\"noopener\">fomentocupacio3@soib.caib.es<\/a><\/span><\/em><\/p>\n<p>[\/et_pb_accordion_item][\/et_pb_accordion][et_pb_button button_url=\u00bbhttps:\/\/www.caib.es\/seucaib\/es\/201\/empreses\/tramites\/tramite\/6341249\/\u00bb url_new_window=\u00bbon\u00bb button_text=\u00bbAcceso al tr\u00e1mite de la convocatoria\u00bb _builder_version=\u00bb4.27.4&#8243; _module_preset=\u00bbdefault\u00bb custom_button=\u00bbon\u00bb button_text_size=\u00bb15px\u00bb button_text_color=\u00bb#cb023e\u00bb button_bg_color=\u00bb#FFFFFF\u00bb button_border_width=\u00bb1px\u00bb button_border_color=\u00bb#cb023e\u00bb button_font=\u00bb|600|||||||\u00bb button_icon=\u00bb&#xe07e;||divi||400&#8243; button_icon_placement=\u00bbleft\u00bb button_on_hover=\u00bboff\u00bb locked=\u00bboff\u00bb global_colors_info=\u00bb{}\u00bb][\/et_pb_button][\/et_pb_column][\/et_pb_row][et_pb_row _builder_version=\u00bb4.23.1&#8243; custom_margin=\u00bb30px||||false|false\u00bb global_colors_info=\u00bb{}\u00bb][et_pb_column type=\u00bb4_4&#8243; _builder_version=\u00bb4.16&#8243; custom_padding=\u00bb|||\u00bb global_colors_info=\u00bb{}\u00bb custom_padding__hover=\u00bb|||\u00bb][et_pb_text _builder_version=\u00bb4.27.4&#8243; global_colors_info=\u00bb{}\u00bb]<\/p>\n<div class=\"et_pb_row et_pb_row_3\">\n<div class=\"et_pb_column et_pb_column_4_4 et_pb_column_3  et_pb_css_mix_blend_mode_passthrough et-last-child\">\n<div class=\"et_pb_module et_pb_text et_pb_text_2  et_pb_text_align_left et_pb_bg_layout_light\">\n<div class=\"et_pb_text_inner\">\n<p>M\u00e1s informaci\u00f3n: <a href=\"https:\/\/soib.es\/wp-content\/uploads\/2025\/06\/BOIB-SOIB-Jove-Qualificats-sector-privat-2025-CAST.pdf\" target=\"_blank\" rel=\"noopener\"><strong>BOIB convocatoria de subvenciones SOIB Oportunidades de empleo para personas J\u00f3venes Cualificadas en el sector privado 2025<\/strong><\/a>.<\/p>\n<\/div>\n<p><\/div>\n<p><\/div>\n<p><\/div>\n<p>[\/et_pb_text][\/et_pb_column][\/et_pb_row][\/et_pb_section]<\/p>\n","protected":false},"excerpt":{"rendered":"<p>Convocatoria de subvenciones para aut\u00f3nomos \u00abSOIB Oportunidades de empleo para personas J\u00f3venes Cualificadas en el sector privado 2025\u00bb Para cualquier duda administrativa y\/o econ\u00f3mica y alta en el ESOIB dispon\u00e9is de este buz\u00f3n: fomentocupacio3@soib.caib.es Para cualquier duda t\u00e9cnica referente a tipo de titulaci\u00f3n, titulaciones solicitadas, descripci\u00f3n de tareas y ubicaci\u00f3n, dispon\u00e9is del tel\u00e9fono 971 177 [&hellip;]<\/p>\n","protected":false},"author":13,"featured_media":0,"parent":0,"menu_order":0,"comment_status":"closed","ping_status":"closed","template":"","meta":{"_et_pb_use_builder":"on","_et_pb_old_content":"","_et_gb_content_width":"","footnotes":"","_links_to":"","_links_to_target":""},"class_list":["post-64269","page","type-page","status-publish","hentry"],"publishpress_future_action":{"enabled":false,"date":"2026-05-02 04:14:29","action":"change-status","newStatus":"draft","terms":[],"taxonomy":"translation_priority","extraData":[]},"publishpress_future_workflow_manual_trigger":{"enabledWorkflows":[]},"_links":{"self":[{"href":"https:\/\/soib.es\/es\/wp-json\/wp\/v2\/pages\/64269","targetHints":{"allow":["GET"]}}],"collection":[{"href":"https:\/\/soib.es\/es\/wp-json\/wp\/v2\/pages"}],"about":[{"href":"https:\/\/soib.es\/es\/wp-json\/wp\/v2\/types\/page"}],"author":[{"embeddable":true,"href":"https:\/\/soib.es\/es\/wp-json\/wp\/v2\/users\/13"}],"replies":[{"embeddable":true,"href":"https:\/\/soib.es\/es\/wp-json\/wp\/v2\/comments?post=64269"}],"version-history":[{"count":0,"href":"https:\/\/soib.es\/es\/wp-json\/wp\/v2\/pages\/64269\/revisions"}],"wp:attachment":[{"href":"https:\/\/soib.es\/es\/wp-json\/wp\/v2\/media?parent=64269"}],"curies":[{"name":"wp","href":"https:\/\/api.w.org\/{rel}","templated":true}]}}