{"id":64026,"date":"2025-06-19T09:25:43","date_gmt":"2025-06-19T07:25:43","guid":{"rendered":"https:\/\/soib.es\/?page_id=64026"},"modified":"2026-02-09T08:48:28","modified_gmt":"2026-02-09T07:48:28","slug":"convocatoria-de-subvenciones-soib-cheque-formacion-para-el-periodo-2025-2027","status":"publish","type":"page","link":"https:\/\/soib.es\/es\/convocatoria-de-subvenciones-soib-cheque-formacion-para-el-periodo-2025-2027\/","title":{"rendered":"Convocatoria de subvenciones SOIB Cheque formaci\u00f3n para el periodo 2025-2027"},"content":{"rendered":"<p>[et_pb_section fb_built=\u00bb1&#8243; _builder_version=\u00bb4.16&#8243; background_color=\u00bb#f7f7f7&#8243; custom_padding=\u00bb25px|0px|25px|0px\u00bb global_colors_info=\u00bb{}\u00bb][et_pb_row column_structure=\u00bb3_4,1_4&#8243; _builder_version=\u00bb4.16&#8243; global_colors_info=\u00bb{}\u00bb][et_pb_column type=\u00bb3_4&#8243; _builder_version=\u00bb4.16&#8243; custom_padding=\u00bb|||\u00bb global_colors_info=\u00bb{}\u00bb custom_padding__hover=\u00bb|||\u00bb][et_pb_image src=\u00bbhttps:\/\/soib.es\/wp-content\/uploads\/2025\/09\/Logo-2025-Conselleria-SOIB-positiu-color.png\u00bb title_text=\u00bbLogo 2025 Conselleria + SOIB positiu color\u00bb _builder_version=\u00bb4.27.4&#8243; _module_preset=\u00bbdefault\u00bb width=\u00bb80%\u00bb module_alignment=\u00bbleft\u00bb custom_margin=\u00bb||30px||false|false\u00bb custom_padding=\u00bb||||false|false\u00bb locked=\u00bboff\u00bb global_colors_info=\u00bb{}\u00bb][\/et_pb_image][\/et_pb_column][et_pb_column type=\u00bb1_4&#8243; _builder_version=\u00bb4.16&#8243; custom_padding=\u00bb|||\u00bb global_colors_info=\u00bb{}\u00bb custom_padding__hover=\u00bb|||\u00bb][et_pb_button button_url=\u00bbhttps:\/\/soib.es\/es\/mejora-oportunidades-laborales-cheque-formacion\/\u00bb url_new_window=\u00bbon\u00bb button_text=\u00bbPide tu Cheque formaci\u00f3n\u00bb disabled_on=\u00bboff|off|off\u00bb _builder_version=\u00bb4.27.4&#8243; _module_preset=\u00bbdefault\u00bb custom_button=\u00bbon\u00bb button_text_size=\u00bb16px\u00bb button_text_color=\u00bb#cb023e\u00bb button_bg_color=\u00bb#FFFFFF\u00bb button_border_width=\u00bb1px\u00bb button_border_color=\u00bb#cb023e\u00bb button_icon=\u00bb&#xe07e;||divi||400&#8243; button_icon_placement=\u00bbleft\u00bb button_on_hover=\u00bboff\u00bb custom_margin=\u00bb||15px||false|false\u00bb locked=\u00bboff\u00bb global_colors_info=\u00bb{}\u00bb][\/et_pb_button][\/et_pb_column][\/et_pb_row][et_pb_row _builder_version=\u00bb4.16&#8243; global_colors_info=\u00bb{}\u00bb][et_pb_column type=\u00bb4_4&#8243; _builder_version=\u00bb4.16&#8243; custom_padding=\u00bb|||\u00bb global_colors_info=\u00bb{}\u00bb custom_padding__hover=\u00bb|||\u00bb][et_pb_text _builder_version=\u00bb4.27.4&#8243; custom_margin=\u00bb||0px||false|false\u00bb global_colors_info=\u00bb{}\u00bb]<\/p>\n<h1><strong>Convocatoria de subvenciones SOIB Cheque formaci\u00f3n para el periodo 2025-2027<\/strong><\/h1>\n<p>[\/et_pb_text][\/et_pb_column][\/et_pb_row][\/et_pb_section][et_pb_section fb_built=\u00bb1&#8243; _builder_version=\u00bb4.16&#8243; custom_padding=\u00bb25px|0px|54px|0px\u00bb global_colors_info=\u00bb{}\u00bb][et_pb_row _builder_version=\u00bb4.16&#8243; global_colors_info=\u00bb{}\u00bb][et_pb_column type=\u00bb4_4&#8243; _builder_version=\u00bb4.16&#8243; custom_padding=\u00bb|||\u00bb global_colors_info=\u00bb{}\u00bb custom_padding__hover=\u00bb|||\u00bb][et_pb_text _builder_version=\u00bb4.27.4&#8243; _module_preset=\u00bbdefault\u00bb custom_margin=\u00bb0px||||false|false\u00bb locked=\u00bboff\u00bb global_colors_info=\u00bb{}\u00bb]<\/p>\n<p>El objeto de esta convocatoria es impulsar, a trav\u00e9s del Programa piloto \u00abCheque formaci\u00f3n\u00bb, la realizaci\u00f3n de especialidades formativas del Cat\u00e1logo de especialidades formativas, impartidas en modalidad presencial y orientadas a la adquisici\u00f3n y la mejora de las competencias profesionales de las personas trabajadoras desempleadas y ocupadas para mejorar su empleabilidad y dar respuesta a las necesidades de las empresas en los \u00e1mbitos. de la lampister\u00eda, electricidad, climatizaci\u00f3n y prevenci\u00f3n de riesgos laborales en el sector de la construcci\u00f3n.<\/p>\n<p>[\/et_pb_text][\/et_pb_column][\/et_pb_row][et_pb_row _builder_version=\u00bb4.23.1&#8243; custom_margin=\u00bb30px||||false|false\u00bb global_colors_info=\u00bb{}\u00bb][et_pb_column type=\u00bb4_4&#8243; _builder_version=\u00bb4.16&#8243; custom_padding=\u00bb|||\u00bb global_colors_info=\u00bb{}\u00bb custom_padding__hover=\u00bb|||\u00bb][et_pb_accordion open_toggle_text_color=\u00bb#474747&#8243; closed_toggle_text_color=\u00bb#cb023e\u00bb icon_color=\u00bb#cb023e\u00bb disabled_on=\u00bboff|off|off\u00bb _builder_version=\u00bb4.27.5&#8243; toggle_text_color=\u00bbRGBA(0,0,0,0)\u00bb toggle_font=\u00bb|700|||||||\u00bb hover_enabled=\u00bb0&#8243; db_closeable=\u00bbon\u00bb db_initial_state=\u00bball_closed\u00bb global_colors_info=\u00bb{}\u00bb sticky_enabled=\u00bb0&#8243;][et_pb_accordion_item title=\u00bbEntidades beneficiarias\u00bb open=\u00bbon\u00bb _builder_version=\u00bb4.27.4&#8243; global_colors_info=\u00bb{}\u00bb]<\/p>\n<div class=\"et_pb_toggle_content clearfix\">\n<p>Entidades de formaci\u00f3n que est\u00e9n de alta en la aplicaci\u00f3n inform\u00e1tica de gesti\u00f3n ESOIB e inscritas en el Registro Estatal de Entidades de Formaci\u00f3n (REEF) para impartir, en el \u00e1mbito de las Illes Balears, cualquiera de las especialidades formativas relacionadas en el anexo 2 de la convocatoria y que se hayan adherido al Programa piloto \u00abCheque formaci\u00f3n 2025-2027\u00bb.<\/p>\n<p>Las entidades que no est\u00e9n inscritas en el REEF tendr\u00e1n dos plazos para inscribirse:<\/p>\n<p><em>a)<\/em> El primer plazo ser\u00e1 de 15 d\u00edas desde el d\u00eda siguiente al de la publicaci\u00f3n de la convocatoria.<br \/><em>b)<\/em> En el segundo plazo, la entidad deber\u00e1 estar inscrita antes del d\u00eda 15 de enero de 2026.<\/p>\n<\/div>\n<p>[\/et_pb_accordion_item][et_pb_accordion_item title=\u00bbAdhesi\u00f3n al programa\u00bb _builder_version=\u00bb4.27.5&#8243; hover_enabled=\u00bb0&#8243; global_colors_info=\u00bb{}\u00bb open=\u00bboff\u00bb sticky_enabled=\u00bb0&#8243;]<\/p>\n<p>Se podr\u00e1n adherir al Programa piloto \u00abCheque formaci\u00f3n 2025-2027\u00bb las entidades de formaci\u00f3n que est\u00e9n dadas de alta en ESOIB e inscritas en el REEF para impartir las especialidades formativas objeto de la convocatoria.<br \/>Habr\u00e1 dos per\u00edodos para adherirse al Programa:<br \/><em>a) <\/em>El primer plazo ser\u00e1 de un mes a contar desde el d\u00eda siguiente al de la publicaci\u00f3n de la Resoluci\u00f3n en el <em>Bolet\u00edn Oficial de las <\/em><em> Illes Balears<\/em>.<\/p>\n<p style=\"padding-left: 40px;\"><a href=\"https:\/\/soib.es\/wp-content\/uploads\/2025\/07\/CONTROL-ADHESIO-PRIMER-PERIODE-XEC-FORMACIO-A-PUBLICAR.xlsx\" target=\"_blank\" rel=\"noopener\"><strong><span style=\"color: #cb023e;\">Lista de entidades adheridas en el 1er periodo de la Convocatoria<\/span><\/strong><\/a><\/p>\n<p><em>b)<\/em> El segundo plazo ser\u00e1 desde el d\u00eda 1 hasta el d\u00eda 31 de enero de 2026.<\/p>\n<p>\u00a0 \u00a0 \u00a0 \u00a0 <a href=\"https:\/\/soib.es\/wp-content\/uploads\/2026\/02\/Llista-dentitats-adherides-en-el-2n-periode-de-la-Convocatoria.xlsx\">\u00a0<span style=\"color: #cb023e;\"><strong>Lista de entidades adheridas en el 2\u00ba per\u00edodo de la Convocatoria\u00a0<\/strong><\/span><\/a><\/p>\n<p>La lista de entidades adheridas con los centros, las especialidades formativas y el n\u00famero de alumnado m\u00e1ximo por grupo se publicar\u00e1 en la web del SOIB en el plazo de 15 d\u00edas desde la finalizaci\u00f3n de cada periodo de adhesi\u00f3n.<\/p>\n<p>[\/et_pb_accordion_item][et_pb_accordion_item title=\u00bbPersonas destinatarias\u00bb _builder_version=\u00bb4.27.4&#8243; global_colors_info=\u00bb{}\u00bb open=\u00bboff\u00bb]<\/p>\n<p>Personas trabajadoras desempleadas, inscritas como demandantes en situaci\u00f3n de alta y personas trabajadoras empleadas.<\/p>\n<p><\/p>\n<p>La persona trabajadora dispondr\u00e1 de un plazo de dos meses desde que recibe el cheque para presentarlo a la entidad adherida al programa que haya escogido.<\/p>\n<p>[\/et_pb_accordion_item][et_pb_accordion_item title=\u00bbPlazo de presentaci\u00f3n de solicitudes\u00bb _builder_version=\u00bb4.27.4&#8243; global_colors_info=\u00bb{}\u00bb open=\u00bboff\u00bb]<\/p>\n<p>Los plazos para presentar las solicitudes son los siguientes:<\/p>\n<p><\/p>\n<p><em>a)<\/em> Desde el d\u00eda siguiente de la publicaci\u00f3n de esta convocatoria en el <em>Bolet\u00edn Oficial de las Illes Balears<\/em> hasta el 20 de octubre de 2025.<br \/><em>b)<\/em> Los primeros veinte d\u00edas del mes de enero de 2026.<br \/><em>c)<\/em> Los primeros veinte d\u00edas del mes de abril de 2026.<br \/><em>d)<\/em> Los primeros veinte d\u00edas del mes de julio de 2026.<br \/><em>e)<\/em> Los primeros veinte d\u00edas del mes de octubre de 2026.<br \/><em>f)<\/em> Los primeros veinte d\u00edas del mes de marzo de 2027.<\/p>\n<p><\/p>\n<p>Las entidades pueden presentar una \u00fanica solicitud de subvenciones para cada periodo de solicitudes.<\/p>\n<p>[\/et_pb_accordion_item][et_pb_accordion_item title=\u00bbPresupuesto\u00bb _builder_version=\u00bb4.27.4&#8243; global_colors_info=\u00bb{}\u00bb open=\u00bboff\u00bb]El cr\u00e9dito asignado inicialmente a esta convocatoria es de 1.000.000 \u20ac, con cargo al presupuesto de la Comunidad Aut\u00f3noma de las Illes Balears.[\/et_pb_accordion_item][et_pb_accordion_item title=\u00bbOferta formativa objeto de financiaci\u00f3n\u00bb _builder_version=\u00bb4.27.4&#8243; global_colors_info=\u00bb{}\u00bb open=\u00bboff\u00bb]<\/p>\n<p>Especialidades formativas en los \u00e1mbitos de la lampister\u00eda, electricidad, climatizaci\u00f3n y prevenci\u00f3n de riesgos laborales en el sector de la construcci\u00f3n que figuran en el anexo 2 de la convocatoria.<\/p>\n<p>[\/et_pb_accordion_item][et_pb_accordion_item title=\u00bbPlazo de ejecuci\u00f3n de las acciones\u00bb _builder_version=\u00bb4.27.4&#8243; global_colors_info=\u00bb{}\u00bb open=\u00bboff\u00bb]Las especialidades formativas se podr\u00e1n iniciar desde la publicaci\u00f3n de la lista de entidades adheridas en la web del SOIB, tanto del primer como del segundo periodo de solicitudes de adhesi\u00f3n, y se podr\u00e1n ejecutar hasta el 28 de febrero de 2027.[\/et_pb_accordion_item][et_pb_accordion_item title=\u00bbNormativa\u00bb _builder_version=\u00bb4.27.4&#8243; global_colors_info=\u00bb{}\u00bb open=\u00bboff\u00bb]<\/p>\n<p>Las subvenciones objeto de esta convocatoria se rigen por la normativa siguiente:<\/p>\n<p><\/p>\n<p>1. La Ley 30\/2015, de 9 de septiembre, por la que se regula el sistema de formaci\u00f3n profesional para el empleo en el \u00e1mbito laboral.<\/p>\n<p><\/p>\n<p>2. La Ley 38\/2003, de 17 de noviembre, general de subvenciones.<\/p>\n<p><\/p>\n<p>3. El Real Decreto 887\/2006, de 21 de julio, por el que se aprueba el Reglamento de la Ley 38\/2003, de 17 de noviembre, general de subvenciones.<\/p>\n<p><\/p>\n<p>4. El Decreto legislativo 2\/2005, de 28 de diciembre, por el que se aprueba el texto refundido de la Ley de subvenciones.<\/p>\n<p><\/p>\n<p>5. La Orden 16\/2023 del consejero de Modelo Econ\u00f3mico, Turismo y Trabajo, de 17 de mayo de 2023, por la que se establecen las bases reguladoras de las subvenciones en materia de pol\u00edticas activas de empleo gestionadas por el Servicio de Empleo de las Islas Baleares.<\/p>\n<p><\/p>\n<p>6. La Orden TMS\/369\/2019, de 28 de marzo, por la que se regula el Registro estatal de entidades de formaci\u00f3n del sistema de formaci\u00f3n profesional para el empleo en el \u00e1mbito laboral, as\u00ed como los procesos comunes de acreditaci\u00f3n e inscripci\u00f3n de las entidades de formaci\u00f3n para impartir especialidades formativas incluidas en el cat\u00e1logo de especialidades formativas.<\/p>\n<p><\/p>\n<p>7. La Orden TMS\/283\/2019, de 12 de marzo, por la que se regula el cat\u00e1logo de especialidades formativas en el marco del sistema de formaci\u00f3n profesional para el empleo en el \u00e1mbito laboral.<\/p>\n<p>[\/et_pb_accordion_item][et_pb_accordion_item title=\u00bbContacto\u00bb _builder_version=\u00bb4.27.4&#8243; global_colors_info=\u00bb{}\u00bb open=\u00bboff\u00bb]<\/p>\n<p>Buz\u00f3n de consulta: <span style=\"color: #cb023e;\"><a style=\"color: #cb023e;\" href=\"mailto:convocatoriesformacio@soib.caib.es\" target=\"_blank\" rel=\"noopener\">convocatoriesformacio@soib.caib.es<\/a><\/span><\/p>\n<p>[\/et_pb_accordion_item][\/et_pb_accordion][et_pb_button button_url=\u00bbhttps:\/\/www.caib.es\/seucaib\/es\/201\/empreses\/tramites\/tramite\/6328613&#8243; url_new_window=\u00bbon\u00bb button_text=\u00bbAcceso al tr\u00e1mite de la convocatoria\u00bb _builder_version=\u00bb4.27.4&#8243; _module_preset=\u00bbdefault\u00bb custom_button=\u00bbon\u00bb button_text_size=\u00bb15px\u00bb button_text_color=\u00bb#cb023e\u00bb button_bg_color=\u00bb#FFFFFF\u00bb button_border_width=\u00bb1px\u00bb button_border_color=\u00bb#cb023e\u00bb button_font=\u00bb|600|||||||\u00bb button_icon=\u00bb&#xe07e;||divi||400&#8243; button_icon_placement=\u00bbleft\u00bb button_on_hover=\u00bboff\u00bb locked=\u00bboff\u00bb global_colors_info=\u00bb{}\u00bb][\/et_pb_button][\/et_pb_column][\/et_pb_row][et_pb_row _builder_version=\u00bb4.23.1&#8243; custom_margin=\u00bb30px||||false|false\u00bb global_colors_info=\u00bb{}\u00bb][et_pb_column type=\u00bb4_4&#8243; _builder_version=\u00bb4.16&#8243; custom_padding=\u00bb|||\u00bb global_colors_info=\u00bb{}\u00bb custom_padding__hover=\u00bb|||\u00bb][et_pb_text _builder_version=\u00bb4.27.4&#8243; global_colors_info=\u00bb{}\u00bb]<\/p>\n<p>M\u00e1s informaci\u00f3n:<\/p>\n<p><\/p>\n<ul>\n<li><a href=\"https:\/\/soib.es\/wp-content\/uploads\/2025\/12\/BOIB-listado-especialidades-2do-periodo-SOIB-Cheque-Formacion.pdf\" target=\"_blank\" rel=\"noopener\"><span style=\"color: #cb023e;\"><strong>Resoluci\u00f3n de la consejera de Trabajo, Funci\u00f3n P\u00fablica y Di\u00e1logo Social, y presidenta del Servicio de Empleo de las Illes Balears, por la que se complementa la formaci\u00f3n relativa a la convocatoria de subvenciones para la concesi\u00f3n de ayudas del Programa piloto \u00abCheque formaci\u00f3n 2025-2027\u00bb, con el objetivo de financiar formaci\u00f3n en el trabajo dirigida a personas trabajadoras desempleadas y empleadas en materia de fontaner\u00eda, electricidad, climatizaci\u00f3n y prevenci\u00f3n de riesgos laborales en el sector de la construcci\u00f3n<\/strong><\/span><\/a>.<\/li>\n<li><a href=\"https:\/\/soib.es\/wp-content\/uploads\/2025\/06\/BOIB-num.-77-19-06-25-Cast.pdf\" target=\"_blank\" rel=\"noopener\"><span style=\"color: #cb023e;\"><strong>BOIB convocatoria de subvenciones SOIB Cheque formaci\u00f3n, para el periodo 2025-2027<\/strong><\/span><\/a>.<\/li>\n<\/ul>\n<p>[\/et_pb_text][\/et_pb_column][\/et_pb_row][\/et_pb_section]<\/p>\n","protected":false},"excerpt":{"rendered":"<p>Convocatoria de subvenciones SOIB Cheque formaci\u00f3n para el periodo 2025-2027El objeto de esta convocatoria es impulsar, a trav\u00e9s del Programa piloto \u00abCheque formaci\u00f3n\u00bb, la realizaci\u00f3n de especialidades formativas del Cat\u00e1logo de especialidades formativas, impartidas en modalidad presencial y orientadas a la adquisici\u00f3n y la mejora de las competencias profesionales de las personas trabajadoras desempleadas y [&hellip;]<\/p>\n","protected":false},"author":13,"featured_media":0,"parent":0,"menu_order":0,"comment_status":"closed","ping_status":"closed","template":"","meta":{"_et_pb_use_builder":"on","_et_pb_old_content":"","_et_gb_content_width":"","footnotes":"","_links_to":"","_links_to_target":""},"class_list":["post-64026","page","type-page","status-publish","hentry"],"publishpress_future_action":{"enabled":false,"date":"2026-04-16 22:55:49","action":"change-status","newStatus":"draft","terms":[],"taxonomy":"translation_priority","extraData":[]},"publishpress_future_workflow_manual_trigger":{"enabledWorkflows":[]},"_links":{"self":[{"href":"https:\/\/soib.es\/es\/wp-json\/wp\/v2\/pages\/64026","targetHints":{"allow":["GET"]}}],"collection":[{"href":"https:\/\/soib.es\/es\/wp-json\/wp\/v2\/pages"}],"about":[{"href":"https:\/\/soib.es\/es\/wp-json\/wp\/v2\/types\/page"}],"author":[{"embeddable":true,"href":"https:\/\/soib.es\/es\/wp-json\/wp\/v2\/users\/13"}],"replies":[{"embeddable":true,"href":"https:\/\/soib.es\/es\/wp-json\/wp\/v2\/comments?post=64026"}],"version-history":[{"count":0,"href":"https:\/\/soib.es\/es\/wp-json\/wp\/v2\/pages\/64026\/revisions"}],"wp:attachment":[{"href":"https:\/\/soib.es\/es\/wp-json\/wp\/v2\/media?parent=64026"}],"curies":[{"name":"wp","href":"https:\/\/api.w.org\/{rel}","templated":true}]}}