{"id":63960,"date":"2025-05-13T16:12:35","date_gmt":"2025-05-13T14:12:35","guid":{"rendered":"https:\/\/soib.es\/soib-formacio-en-alternanca-en-el-sector-public-instrumental-les-entitats-locals-i-el-tercer-sector-daccio-social-2025-2026\/"},"modified":"2025-09-18T16:29:41","modified_gmt":"2025-09-18T14:29:41","slug":"soib-formacio-en-alternanca-en-el-sector-public-instrumental-les-entitats-locals-i-el-tercer-sector-daccio-social-2025-2026","status":"publish","type":"page","link":"https:\/\/soib.es\/es\/soib-formacio-en-alternanca-en-el-sector-public-instrumental-les-entitats-locals-i-el-tercer-sector-daccio-social-2025-2026\/","title":{"rendered":"SOIB Formaci\u00f3n en alternancia en el sector p\u00fablico instrumental, las entidades locales y el tercer sector de acci\u00f3n social 2025-2026"},"content":{"rendered":"<p>[et_pb_section fb_built=\u00bb1&#8243; _builder_version=\u00bb4.16&#8243; background_color=\u00bb#f7f7f7&#8243; custom_padding=\u00bb25px|0px|25px|0px\u00bb global_colors_info=\u00bb{}\u00bb][et_pb_row _builder_version=\u00bb4.16&#8243; global_colors_info=\u00bb{}\u00bb][et_pb_column type=\u00bb4_4&#8243; _builder_version=\u00bb4.16&#8243; custom_padding=\u00bb|||\u00bb global_colors_info=\u00bb{}\u00bb custom_padding__hover=\u00bb|||\u00bb][et_pb_image src=\u00bbhttps:\/\/soib.es\/wp-content\/uploads\/2025\/05\/Cintillo-logotips-SOIB-JOVE-QUALIFICATS-ENTITATS-LOCALS-2025.png\u00bb title_text=\u00bbCintillo logotips SOIB JOVE QUALIFICATS ENTITATS LOCALS 2025&#8243; _builder_version=\u00bb4.27.4&#8243; _module_preset=\u00bbdefault\u00bb global_colors_info=\u00bb{}\u00bb][\/et_pb_image][et_pb_text _builder_version=\u00bb4.27.4&#8243; global_colors_info=\u00bb{}\u00bb]<\/p>\n<h1><strong>Convocatoria de subvenciones SOIB Formaci\u00f3n en alternancia en el sector p\u00fablico instrumental, las entidades locales y el tercer sector de acci\u00f3n social 2025-2026<\/strong><\/h1>\n<p>[\/et_pb_text][\/et_pb_column][\/et_pb_row][\/et_pb_section][et_pb_section fb_built=\u00bb1&#8243; _builder_version=\u00bb4.16&#8243; custom_padding=\u00bb25px|0px|54px|0px\u00bb global_colors_info=\u00bb{}\u00bb][et_pb_row _builder_version=\u00bb4.16&#8243; global_colors_info=\u00bb{}\u00bb][et_pb_column type=\u00bb4_4&#8243; _builder_version=\u00bb4.16&#8243; custom_padding=\u00bb|||\u00bb global_colors_info=\u00bb{}\u00bb custom_padding__hover=\u00bb|||\u00bb][et_pb_text _builder_version=\u00bb4.27.4&#8243; _module_preset=\u00bbdefault\u00bb locked=\u00bboff\u00bb global_colors_info=\u00bb{}\u00bb]Los programas mixtos de empleo y formaci\u00f3n son programas de formaci\u00f3n en alternancia, en los que se combina la formaci\u00f3n te\u00f3rica y la experiencia pr\u00e1ctica a lo largo del programa, en el marco del contrato de formaci\u00f3n en alternancia.<br \/>El objetivo de los programas que se desarrollan en el marco de esta convocatoria es mejorar las aptitudes y las competencias profesionales de las personas que participan, a la vez que se llevan a cabo proyectos de inter\u00e9s general y social.[\/et_pb_text][\/et_pb_column][\/et_pb_row][et_pb_row _builder_version=\u00bb4.23.1&#8243; custom_margin=\u00bb30px||||false|false\u00bb global_colors_info=\u00bb{}\u00bb][et_pb_column type=\u00bb4_4&#8243; _builder_version=\u00bb4.16&#8243; custom_padding=\u00bb|||\u00bb global_colors_info=\u00bb{}\u00bb custom_padding__hover=\u00bb|||\u00bb][et_pb_accordion open_toggle_text_color=\u00bb#474747&#8243; closed_toggle_text_color=\u00bb#cb023e\u00bb icon_color=\u00bb#cb023e\u00bb disabled_on=\u00bboff|off|off\u00bb _builder_version=\u00bb4.27.4&#8243; toggle_text_color=\u00bbRGBA(0,0,0,0)\u00bb toggle_font=\u00bb|700|||||||\u00bb hover_enabled=\u00bb0&#8243; db_closeable=\u00bbon\u00bb db_initial_state=\u00bball_closed\u00bb global_colors_info=\u00bb{}\u00bb sticky_enabled=\u00bb0&#8243;][et_pb_accordion_item title=\u00bbEntidades beneficiarias\u00bb open=\u00bbon\u00bb _builder_version=\u00bb4.27.4&#8243; global_colors_info=\u00bb{}\u00bb]<\/p>\n<p>Pueden presentar proyectos mixtos de empleo y formaci\u00f3n en el marco de esta Resoluci\u00f3n las entidades que se citan a continuaci\u00f3n, las cuales deben ser competentes para ejecutar las obras o servicios:<\/p>\n<p><\/p>\n<p>a) Entes del sector p\u00fablico instrumental de la Comunidad Aut\u00f3noma de las Illes Balears y del sector p\u00fablico estatal: organismos aut\u00f3nomos, entidades p\u00fablicas empresariales, sociedades mercantiles p\u00fablicas, fundaciones del sector p\u00fablico y los consorcios.<\/p>\n<p><\/p>\n<p>b) Entidades locales y organismos aut\u00f3nomos, as\u00ed como las entidades dependientes de derecho p\u00fablico o vinculadas con personalidad jur\u00eddica propia, con competencia en materia de promoci\u00f3n de empleo, cuya titularidad sea \u00edntegramente de las entidades locales.<\/p>\n<p><\/p>\n<p>c) Asociaciones, fundaciones y otras entidades sin \u00e1nimo de lucro consideradas como entidades del tercer sector de acci\u00f3n social, que establece la Ley 3\/2018, de 29 de mayo, del tercer sector de acci\u00f3n social. (En el caso de entidades sin \u00e1nimo de lucro, hay que indicar el n\u00famero de censo).<\/p>\n<p>[\/et_pb_accordion_item][et_pb_accordion_item title=\u00bbPersonas destinatarias\u00bb _builder_version=\u00bb4.27.4&#8243; global_colors_info=\u00bb{}\u00bb open=\u00bboff\u00bb]<\/p>\n<ul>\n<li>L\u00ednea 1: para personas j\u00f3venes desempleadas mayores de 16 a\u00f1os y menores de 30 a\u00f1os inscritas en el Sistema Nacional de Garant\u00eda Juvenil.<\/li>\n<li>L\u00ednea 2: para personas desempleadas de 30 a\u00f1os o m\u00e1s.<\/li>\n<\/ul>\n<p>Las personas participantes deben estar inscritas como persona demandante de empleo en el SOIB, hecho que debe verificarse el d\u00eda natural anterior a la contrataci\u00f3n.[\/et_pb_accordion_item][et_pb_accordion_item title=\u00bbPlazo de presentaci\u00f3n de solicitudes\u00bb _builder_version=\u00bb4.27.4&#8243; global_colors_info=\u00bb{}\u00bb open=\u00bboff\u00bb]<\/p>\n<ul>\n<li>Para el periodo 2025: 15 d\u00edas h\u00e1biles desde el d\u00eda siguiente de haberse publicado esta convocatoria en el <em>Bolet\u00edn Oficial de las Illes Balears<\/em> (BOIB).<\/li>\n<li>Para el periodo 2026: del 1 de septiembre de 2025 hasta el 19 de septiembre de 2025.<\/li>\n<\/ul>\n<p>[\/et_pb_accordion_item][et_pb_accordion_item title=\u00bbPresupuesto\u00bb _builder_version=\u00bb4.27.4&#8243; global_colors_info=\u00bb{}\u00bb open=\u00bboff\u00bb]<\/p>\n<p>El cr\u00e9dito asignado al periodo 2025 es de 7.300.000,00 \u20ac distribuidos de la manera siguiente:<br \/>\u2014 L\u00ednea 1: 3.650.000,00 \u20ac, para j\u00f3venes desempleados mayores de 16 a\u00f1os y menores de 30.<br \/>\u2014 L\u00ednea 2: 3.650.000,00 \u20ac, para desempleados de 30 a\u00f1os o m\u00e1s.<\/p>\n<p><\/p>\n<p>El cr\u00e9dito asignado al periodo 2026 es de 7.300.000,00 \u20ac distribuidos de la manera siguiente:<br \/>\u2014 L\u00ednea 1: 3.650.000,00 \u20ac, para j\u00f3venes desempleados mayores de 16 a\u00f1os y menores de 30.<br \/>\u2014 L\u00ednea 2: 3.650.000,00 \u20ac, para desempleados de 30 a\u00f1os o m\u00e1s.<\/p>\n<p><\/p>\n<p>Las partidas del presupuesto de gastos que corresponden a cada una de las anualidades de las l\u00edneas 2 deben imputarse al fondo correspondiente y debe financiarse mediante los fondos del Ministerio de Trabajo y Econom\u00eda Social que cada a\u00f1o se distribuyen territorialmente mediante la Conferencia Sectorial de Empleo y Asuntos Laborales de cada uno de los ejercicios a los que afecte.<\/p>\n<p>[\/et_pb_accordion_item][et_pb_accordion_item title=\u00bbConceptos que se subvencionan\u00bb _builder_version=\u00bb4.27.4&#8243; global_colors_info=\u00bb{}\u00bb open=\u00bboff\u00bb]1. Costes del personal directivo o coordinador y de apoyo pedag\u00f3gico o de apoyo administrativo<br \/>2. Costes de los contratos de los alumnos trabajadores<br \/>3. Otros costes de la operaci\u00f3n<br \/>4. Costes de formaci\u00f3n<\/p>\n<p>Toda la formaci\u00f3n programada debe estar directamente relacionada con el oficio o el puesto de trabajo previsto en el contrato laboral, y puede incluir formaci\u00f3n vinculada a certificados profesionales (grados B o C) o especialidades formativas en el trabajo.[\/et_pb_accordion_item][et_pb_accordion_item title=\u00bbPlazo de ejecuci\u00f3n de los proyectos\u00bb _builder_version=\u00bb4.27.4&#8243; global_colors_info=\u00bb{}\u00bb open=\u00bboff\u00bb]La duraci\u00f3n de los proyectos debe ser entre seis y doce meses, computados en meses completos, que debe coincidir con la duraci\u00f3n de los contratos<br \/>laborales del alumnado trabajador.<br \/>\u2014 Para el periodo 2025, la fecha de inicio de los proyectos debe estar comprendida entre el 17 de junio de 2025 y el 16 de diciembre de 2025.<br \/>\u2014 Para el periodo 2026, la fecha de inicio de los proyectos debe estar comprendida entre el 3 de febrero de 2026 y el 15 de diciembre de 2026.[\/et_pb_accordion_item][et_pb_accordion_item title=\u00bbNormativa\u00bb _builder_version=\u00bb4.27.4&#8243; global_colors_info=\u00bb{}\u00bb open=\u00bboff\u00bb]Todas las acciones subvencionadas en el marco de esta convocatoria se rigen por la normativa siguiente:<\/p>\n<p>1. La Ley 38\/2003, de 17 de noviembre, general de subvenciones, y el Decreto legislativo 2\/2005, de 28 de septiembre, por el que se aprueba el Texto refundido de la Ley de subvenciones de la Comunidad Aut\u00f3noma de las Illes Balears.<\/p>\n<p>2. El Real Decreto 887\/2006, de 21 de julio, por el que se aprueba el Reglamento de la Ley 38\/2003, de 17 de noviembre, general de subvenciones.<\/p>\n<p>3. El Real Decreto Legislativo 2\/2015, de 23 de octubre, por el que se aprueba el texto refundido de la Ley del Estatuto de los trabajadores, y modificado por el Real Decreto-ley 32\/2021, de 28 de diciembre, de medidas urgentes para la reforma laboral, la garant\u00eda de la estabilidad en el empleo y la transformaci\u00f3n del mercado de trabajo.<\/p>\n<p>4. El Real Decreto 1529\/2012, de 8 de noviembre, por el que se desarrolla el contrato para la formaci\u00f3n y el aprendizaje y se establecen las bases de la formaci\u00f3n profesional dual, y la normativa de desarrollo.<\/p>\n<p>5. La Orden ESS\/2518\/2013, de 26 de diciembre, por la que se regulan los aspectos formativos del contrato para la formaci\u00f3n y el aprendizaje, que desarrolla el Real Decreto 1529\/2012, modificada por la Orden ESS\/41\/2015, de 12 de enero.<\/p>\n<p>6. La Ley 3\/2023, de 28 de febrero, de empleo.<\/p>\n<p>7. La Ley org\u00e1nica 3\/2022, de 31 de marzo, de ordenaci\u00f3n e integraci\u00f3n de la formaci\u00f3n profesional.<\/p>\n<p>8. El Real Decreto 659\/2023, de 18 de julio, por el que se desarrolla la ordenaci\u00f3n del Sistema de Formaci\u00f3n Profesional, modificado por el Real Decreto 658\/2024, de 9 de julio.<\/p>\n<p>9. La Ley 30\/2015, de 9 de septiembre, por la que se regula el sistema de formaci\u00f3n profesional para el empleo en el \u00e1mbito laboral, y lo que sea aplicable de la Orden TMS\/368\/2019, de 28 de marzo.<\/p>\n<p>10. El Real Decreto 694\/2017, de 3 de julio, por el que se desarrolla la Ley 30\/2015, de 9 de septiembre, por la que se regula el Sistema de formaci\u00f3n profesional para el empleo en el \u00e1mbito laboral.<\/p>\n<p>11. La Ley 43\/2006,de 29 de diciembre, para la mejora del crecimiento y del empleo, modificada posteriormente.<\/p>\n<p>12. El Real Decreto 818\/2021, de 28 de septiembre, por el que se regulan los programas comunes de activaci\u00f3n para el empleo del Sistema nacional de empleo.<\/p>\n<p>13. El Reglamento (UE) 2021\/1057 y el Reglamento (UE) 2021\/1060 del Parlamento Europeo y del Consejo, de 24 de junio de 2021 y el Reglamento (UE Euratom) 2020\/2093, del Consejo, de 17 de diciembre de 2020, por el que se establece el marco financiero plurianual para el periodo 2021-2027.<\/p>\n<p>14. El Reglamento (UE, Euratom) 2024\/2509, del Parlamento Europeo y del Consejo de 23 de septiembre (Reglamento Financiero), relativo a las normas financieras aplicables al presupuesto general de la Uni\u00f3n.<\/p>\n<p>15. La Orden TES\/106\/2024, de 8 de febrero, por la que se determinan los gastos subvencionables por el Fondo Social Europeo Plus durante el periodo de programaci\u00f3n 2021-2027.<\/p>\n<p>16. La Orden 16\/2023 del consejero de Modelo Econ\u00f3mico, Turismo y Trabajo, de 17 de mayo de 2023 por la que se establecen las bases reguladoras de las subvenciones en materia de pol\u00edticas activas de empleo gestionadas por el Servicio de Empleo de las Illes Balears (BOIB n\u00fam. 67, de 20 de mayo de 2023).<\/p>\n<p>17. Resoluci\u00f3n del consejero de Educaci\u00f3n y Universidades y del consejero de Empresa, Empleo y Energ\u00eda, y presidente del Servicio de Empleo de las Illes Balears, de 14 de marzo de 2024, mediante la que se aprueba el Protocolo para definir el marco de colaboraci\u00f3n para impartir los grados A, B y C de formaci\u00f3n profesional.[\/et_pb_accordion_item][et_pb_accordion_item title=\u00bbContacto\u00bb _builder_version=\u00bb4.27.4&#8243; hover_enabled=\u00bb0&#8243; global_colors_info=\u00bb{}\u00bb open=\u00bboff\u00bb sticky_enabled=\u00bb0&#8243;]<\/p>\n<p>Buz\u00f3n de consulta: <span style=\"color: #cb023e;\"><a style=\"color: #cb023e;\" href=\"mailto:formaciodual@soib.caib.es\" target=\"_blank\" rel=\"noopener\">formaciodual@soib.caib.es<\/a><\/span><\/p>\n<p>[\/et_pb_accordion_item][\/et_pb_accordion][et_pb_button button_url=\u00bbhttps:\/\/www.caib.es\/seucaib\/es\/201\/empreses\/tramites\/tramite\/6339079&#8243; url_new_window=\u00bbon\u00bb button_text=\u00bbAcceso al tr\u00e1mite de la convocatoria\u00bb _builder_version=\u00bb4.27.4&#8243; _module_preset=\u00bbdefault\u00bb custom_button=\u00bbon\u00bb button_text_size=\u00bb15px\u00bb button_text_color=\u00bb#cb023e\u00bb button_bg_color=\u00bb#FFFFFF\u00bb button_border_width=\u00bb1px\u00bb button_border_color=\u00bb#cb023e\u00bb button_font=\u00bb|600|||||||\u00bb button_icon=\u00bb&#xe07e;||divi||400&#8243; button_icon_placement=\u00bbleft\u00bb button_on_hover=\u00bboff\u00bb locked=\u00bboff\u00bb global_colors_info=\u00bb{}\u00bb][\/et_pb_button][\/et_pb_column][\/et_pb_row][et_pb_row _builder_version=\u00bb4.23.1&#8243; custom_margin=\u00bb30px||||false|false\u00bb global_colors_info=\u00bb{}\u00bb][et_pb_column type=\u00bb4_4&#8243; _builder_version=\u00bb4.16&#8243; custom_padding=\u00bb|||\u00bb global_colors_info=\u00bb{}\u00bb custom_padding__hover=\u00bb|||\u00bb][et_pb_text _builder_version=\u00bb4.27.4&#8243; global_colors_info=\u00bb{}\u00bb]<\/p>\n<p>M\u00e1s informaci\u00f3n: <a href=\"https:\/\/soib.es\/wp-content\/uploads\/2025\/05\/BOIB-SOIB-formacion-alternancia-SP_EL_3rS-2025-2026.pdf\" target=\"_blank\" rel=\"noopener\"><span style=\"color: #cb023e;\"><strong>BOIB convocatoria de subvenciones SOIB Formaci\u00f3n en alternancia en el sector p\u00fablico instrumental, las entidades locales y el tercer sector de acci\u00f3n social 2025-2026<\/strong><\/span><\/a>.<\/p>\n<p>[\/et_pb_text][\/et_pb_column][\/et_pb_row][\/et_pb_section]<\/p>\n","protected":false},"excerpt":{"rendered":"<p>Convocatoria de subvenciones SOIB Formaci\u00f3n en alternancia en el sector p\u00fablico instrumental, las entidades locales y el tercer sector de acci\u00f3n social 2025-2026Los programas mixtos de empleo y formaci\u00f3n son programas de formaci\u00f3n en alternancia, en los que se combina la formaci\u00f3n te\u00f3rica y la experiencia pr\u00e1ctica a lo largo del programa, en el marco [&hellip;]<\/p>\n","protected":false},"author":13,"featured_media":0,"parent":0,"menu_order":0,"comment_status":"closed","ping_status":"closed","template":"","meta":{"_et_pb_use_builder":"on","_et_pb_old_content":"","_et_gb_content_width":"","footnotes":"","_links_to":"","_links_to_target":""},"class_list":["post-63960","page","type-page","status-publish","hentry"],"publishpress_future_action":{"enabled":false,"date":"2026-05-02 03:58:40","action":"change-status","newStatus":"draft","terms":[],"taxonomy":"translation_priority","extraData":[]},"publishpress_future_workflow_manual_trigger":{"enabledWorkflows":[]},"_links":{"self":[{"href":"https:\/\/soib.es\/es\/wp-json\/wp\/v2\/pages\/63960","targetHints":{"allow":["GET"]}}],"collection":[{"href":"https:\/\/soib.es\/es\/wp-json\/wp\/v2\/pages"}],"about":[{"href":"https:\/\/soib.es\/es\/wp-json\/wp\/v2\/types\/page"}],"author":[{"embeddable":true,"href":"https:\/\/soib.es\/es\/wp-json\/wp\/v2\/users\/13"}],"replies":[{"embeddable":true,"href":"https:\/\/soib.es\/es\/wp-json\/wp\/v2\/comments?post=63960"}],"version-history":[{"count":0,"href":"https:\/\/soib.es\/es\/wp-json\/wp\/v2\/pages\/63960\/revisions"}],"wp:attachment":[{"href":"https:\/\/soib.es\/es\/wp-json\/wp\/v2\/media?parent=63960"}],"curies":[{"name":"wp","href":"https:\/\/api.w.org\/{rel}","templated":true}]}}