{"id":62656,"date":"2025-04-22T08:00:21","date_gmt":"2025-04-22T06:00:21","guid":{"rendered":"https:\/\/soib.es\/convocatoria-de-subvencions-soib-formacio-en-el-treball-desocupats-i-ocupats-2025-2028\/"},"modified":"2025-08-19T13:10:08","modified_gmt":"2025-08-19T11:10:08","slug":"sense-efecte-convocatoria-de-subvencions-soib-formacio-en-el-treball-desocupats-i-ocupats-2025-2028","status":"publish","type":"page","link":"https:\/\/soib.es\/es\/sense-efecte-convocatoria-de-subvencions-soib-formacio-en-el-treball-desocupats-i-ocupats-2025-2028\/","title":{"rendered":"sin efecto &#8211; Convocatoria de subvenciones SOIB Formaci\u00f3n en el trabajo para desempleados y ocupados, para el periodo 2025-2028"},"content":{"rendered":"<p>[et_pb_section fb_built=\u00bb1&#8243; _builder_version=\u00bb4.16&#8243; background_color=\u00bb#f7f7f7&#8243; custom_padding=\u00bb25px|0px|25px|0px\u00bb global_colors_info=\u00bb{}\u00bb][et_pb_row _builder_version=\u00bb4.16&#8243; global_colors_info=\u00bb{}\u00bb][et_pb_column type=\u00bb4_4&#8243; _builder_version=\u00bb4.16&#8243; custom_padding=\u00bb|||\u00bb global_colors_info=\u00bb{}\u00bb custom_padding__hover=\u00bb|||\u00bb][et_pb_image src=\u00bbhttps:\/\/soib.es\/wp-content\/uploads\/2024\/05\/Cintillo-logotips-SOIB-FORMACIO-EN-ALTERNANCA-PER-A-COL\u00b7LECTIUS-VULNERABLES.png\u00bb title_text=\u00bbCintillo logotips SOIB FORMACI\u00d3 EN ALTERNAN\u00c7A PER A COL\u00b7LECTIUS VULNERABLES\u00bb _builder_version=\u00bb4.27.4&#8243; _module_preset=\u00bbdefault\u00bb locked=\u00bboff\u00bb global_colors_info=\u00bb{}\u00bb][\/et_pb_image][et_pb_text _builder_version=\u00bb4.27.4&#8243; global_colors_info=\u00bb{}\u00bb]<\/p>\n<h1><strong>Convocatoria de subvenciones SOIB Formaci\u00f3n en el trabajo para desempleados y ocupados, para el periodo 2025-2028<\/strong><\/h1>\n<p>[\/et_pb_text][et_pb_button button_url=\u00bbhttps:\/\/soib.es\/wp-content\/uploads\/2025\/07\/Resolucion-sin-efectos-BOIB-num.-87-de-8-de-julio.pdf\u00bb url_new_window=\u00bbon\u00bb button_text=\u00bbConvocatoria sin efecto (BOIB n\u00fam. 87, de 8 de julio de 2025)\u00bb button_alignment=\u00bbcenter\u00bb _builder_version=\u00bb4.27.4&#8243; _module_preset=\u00bbdefault\u00bb custom_button=\u00bbon\u00bb button_text_color=\u00bb#cb023e\u00bb button_bg_color=\u00bbRGBA(255,255,255,0)\u00bb button_border_width=\u00bb2px\u00bb button_border_color=\u00bb#cb023e\u00bb button_font=\u00bb|600|||||||\u00bb button_icon=\u00bb&#x68;||divi||400&#8243; button_icon_color=\u00bb#cb023e\u00bb button_icon_placement=\u00bbleft\u00bb button_on_hover=\u00bboff\u00bb animation_style=\u00bbzoom\u00bb global_colors_info=\u00bb{}\u00bb][\/et_pb_button][et_pb_text _builder_version=\u00bb4.27.4&#8243; _module_preset=\u00bbdefault\u00bb hover_enabled=\u00bb0&#8243; global_colors_info=\u00bb{}\u00bb sticky_enabled=\u00bb0&#8243;]<\/p>\n<h5 style=\"text-align: center;\"><em><strong>Aviso importante\u00a0<\/strong><\/em><\/h5>\n<p><\/p>\n<h5><em>Esta Convocatoria, que se public\u00f3 el pasado mes de marzo, se ha dejado sin efecto por Resoluci\u00f3n publicada en el BOIB de d\u00eda 8 de julio de 2025 que encontrar\u00e9is en el enlace ubicado aqu\u00ed arriba. Ya se ha publicado la <strong><a href=\"https:\/\/soib.es\/es\/convocatoria-de-subvenciones-soib-formacion-en-el-trabajo-para-desempleados-y-ocupados-para-el-periodo-2025-2028\/\"><span style=\"color: #cb023e;\">nueva Convocatoria (BOIB de 14 de agosto de 2025) para subvencionar formaci\u00f3n en el trabajo dirigida a personas desocupadas y ocupadas<\/a><\/strong>.<\/em><\/h5>\n<p>[\/et_pb_text][\/et_pb_column][\/et_pb_row][\/et_pb_section][et_pb_section fb_built=\u00bb1&#8243; _builder_version=\u00bb4.16&#8243; custom_padding=\u00bb25px|0px|54px|0px\u00bb global_colors_info=\u00bb{}\u00bb][et_pb_row _builder_version=\u00bb4.16&#8243; global_colors_info=\u00bb{}\u00bb][et_pb_column type=\u00bb4_4&#8243; _builder_version=\u00bb4.16&#8243; custom_padding=\u00bb|||\u00bb global_colors_info=\u00bb{}\u00bb custom_padding__hover=\u00bb|||\u00bb][et_pb_text _builder_version=\u00bb4.27.4&#8243; _module_preset=\u00bbdefault\u00bb locked=\u00bboff\u00bb global_colors_info=\u00bb{}\u00bb]<\/p>\n<p>El objeto de esta convocatoria es regular la concesi\u00f3n de subvenciones para financiar formaci\u00f3n en el trabajo dirigida a personas desempleadas y ocupadas con el fin de mejorar sus competencias profesionales, la empleabilidad, la recualificaci\u00f3n y la cobertura de las necesidades de las empresas.<\/p>\n<p><\/p>\n<p>Se establecen dos l\u00edneas de subvenciones:<\/p>\n<p><\/p>\n<ul>\n<li>L\u00ednea 1 dirigida prioritariamente a personas desempleadas, mediante especialidades formativas.<\/li>\n<li>L\u00ednea 2 dirigida prioritariamente a personas ocupadas, mediante programas sectoriales y transversales.<\/li>\n<\/ul>\n<p><\/p>\n<p>El \u00e1mbito de aplicaci\u00f3n de esta convocatoria es la comunidad aut\u00f3noma de las Illes Balears.<\/p>\n<p>[\/et_pb_text][\/et_pb_column][\/et_pb_row][et_pb_row _builder_version=\u00bb4.23.1&#8243; custom_margin=\u00bb30px||||false|false\u00bb global_colors_info=\u00bb{}\u00bb][et_pb_column type=\u00bb4_4&#8243; _builder_version=\u00bb4.16&#8243; custom_padding=\u00bb|||\u00bb global_colors_info=\u00bb{}\u00bb custom_padding__hover=\u00bb|||\u00bb][et_pb_accordion open_toggle_text_color=\u00bb#474747&#8243; closed_toggle_text_color=\u00bb#cb023e\u00bb icon_color=\u00bb#cb023e\u00bb disabled_on=\u00bboff|off|off\u00bb _builder_version=\u00bb4.27.4&#8243; toggle_text_color=\u00bbRGBA(0,0,0,0)\u00bb toggle_font=\u00bb|700|||||||\u00bb db_closeable=\u00bbon\u00bb db_initial_state=\u00bball_closed\u00bb global_colors_info=\u00bb{}\u00bb][et_pb_accordion_item title=\u00bbEntidades beneficiarias\u00bb open=\u00bbon\u00bb _builder_version=\u00bb4.27.4&#8243; global_colors_info=\u00bb{}\u00bb]<\/p>\n<p>Se pueden beneficiar de las subvenciones las entidades de formaci\u00f3n p\u00fablicas o privadas inscritas en el correspondiente Registro de Entidades de Formaci\u00f3n (REEF), para las especialidades formativas y el n\u00famero de alumnos objeto de la formaci\u00f3n, ya sea en la modalidad presencial o modalidad de teleformaci\u00f3n.<\/p>\n<p>[\/et_pb_accordion_item][et_pb_accordion_item title=\u00bbPersonas destinatarias\u00bb _builder_version=\u00bb4.27.4&#8243; global_colors_info=\u00bb{}\u00bb open=\u00bboff\u00bb]<\/p>\n<p>Las personas destinatarias de la formaci\u00f3n son personas trabajadoras ocupadas y desempleadas.<\/p>\n<p><\/p>\n<p>Para participar en las acciones formativas, el alumnado debe cumplir con los requisitos que establece el programa formativo de la especialidad formativa correspondiente.<\/p>\n<p>[\/et_pb_accordion_item][et_pb_accordion_item title=\u00bbPlazo de presentaci\u00f3n de solicitudes\u00bb _builder_version=\u00bb4.27.4&#8243; global_colors_info=\u00bb{}\u00bb open=\u00bboff\u00bb]<\/p>\n<ul>\n<li>Para el primer periodo de solicitudes:<\/li>\n<\/ul>\n<p><\/p>\n<p><strong>Dentro del plazo de 15 d\u00edas h\u00e1biles contados a partir del d\u00eda siguiente al de la publicaci\u00f3n de la convocatoria en el <em>Bolet\u00edn Oficial de las Illes Balears<\/em><\/strong>, las personas interesadas podr\u00e1n presentar las solicitudes correspondientes al primer periodo de las dos l\u00edneas.<\/p>\n<p><\/p>\n<ul>\n<li>Para el segundo periodo de solicitudes:<\/li>\n<\/ul>\n<p><\/p>\n<p><strong>Del d\u00eda 7 al 28 de enero de 2026<\/strong>, las personas interesadas podr\u00e1n presentar las solicitudes correspondientes al segundo periodo de las dos l\u00edneas.<\/p>\n<p>[\/et_pb_accordion_item][et_pb_accordion_item title=\u00bbPresupuesto\u00bb _builder_version=\u00bb4.27.4&#8243; global_colors_info=\u00bb{}\u00bb open=\u00bboff\u00bb]<\/p>\n<p>El cr\u00e9dito asignado inicialmente a esta convocatoria es de:<\/p>\n<p><\/p>\n<p>\u2022 9.000.000 \u20ac para la l\u00ednea 1, dirigida prioritariamente a personas trabajadoras desempleadas.<br \/>\u2022 7.000.000 \u20ac para la l\u00ednea 2, dirigida prioritariamente a personas trabajadoras ocupadas.<\/p>\n<p><\/p>\n<p>Las partidas del presupuesto de gastos correspondientes a cada una de las anualidades deben financiarse mediante los fondos del Ministerio de Trabajo y Econom\u00eda Social que cada a\u00f1o se distribuyen territorialmente mediante la Conferencia Sectorial de Empleo y Asuntos Laborales de cada uno de los ejercicios a los que afecta. En caso de que alguna de las anualidades previstas en esta convocatoria exceda de esta financiaci\u00f3n, se debe imputar con cargo a otros cr\u00e9ditos disponibles del SOIB correspondientes al ejercicio del que se trate.<\/p>\n<p>[\/et_pb_accordion_item][et_pb_accordion_item title=\u00bbOferta formativa objeto de financiaci\u00f3n\u00bb _builder_version=\u00bb4.27.4&#8243; global_colors_info=\u00bb{}\u00bb open=\u00bboff\u00bb]<\/p>\n<p>Todas las especialidades formativas que se financien en el marco de esta convocatoria deben estar incluidas este <a href='https:\/\/sede.sepe.gob.es\/FOET_CATALOGO_EEFF_SEDE\/flows\/main?execution=e1s1' class='small-button smallsilver' target=\"_blank\"><span style=\"color: #cb023e;\">Cat\u00e1logo de especialidades formativas <\/span><\/a> en la corresponent modalitat d\u2019impartici\u00f3. en la correspondiente modalidad de impartici\u00f3n. Adem\u00e1s, tambi\u00e9n deben estar incluidas en la <a href='https:\/\/intranet.caib.es\/esoibfront\/formacio\/especialitatsFormatives.xhtml' class='small-button smallsilver' target=\"_blank\"><span style=\"color: #cb023e;\">aplicaci\u00f3n de gesti\u00f3n del SOIB<\/span><\/a> que figura en la web corporativa.<\/p>\n<p>[\/et_pb_accordion_item][et_pb_accordion_item title=\u00bbPlazo de ejecuci\u00f3n de las acciones\u00bb _builder_version=\u00bb4.27.4&#8243; global_colors_info=\u00bb{}\u00bb open=\u00bboff\u00bb]<\/p>\n<ul>\n<li><strong>Inicio:<\/strong> para el <strong>primer periodo<\/strong> de solicitudes, la actividad formativa concedida en cada l\u00ednea debe iniciarse, una vez notificada la resoluci\u00f3n de concesi\u00f3n, <strong>antes del d\u00eda 20 de noviembre de 2025<\/strong>, y para el <strong>segundo periodo<\/strong> de solicitudes debe iniciarse, una vez notificada la resoluci\u00f3n de concesi\u00f3n, <strong>antes del d\u00eda 20 de noviembre de 2026<\/strong>.<\/li>\n<\/ul>\n<p><\/p>\n<ul>\n<li><strong>Finalizaci\u00f3n:<\/strong> toda la actividad formativa del <strong>primer periodo <\/strong> debe haber finalizado <strong>antes de 31 de marzo de 2027<\/strong>, y la del <strong>segundo periodo, antes de 31 de marzo de 2028<\/strong>.<\/li>\n<\/ul>\n<p>[\/et_pb_accordion_item][et_pb_accordion_item title=\u00bbEspecialidades formativas con puntuaci\u00f3n adicional en los criterios de valoraci\u00f3n\u00bb _builder_version=\u00bb4.27.4&#8243; global_colors_info=\u00bb{}\u00bb open=\u00bboff\u00bb]<\/p>\n<ul>\n<li>Para el primer periodo de solicitudes (<strong>15 d\u00edas h\u00e1biles contados a partir del d\u00eda siguiente al de la publicaci\u00f3n de la convocatoria en el <em>Bolet\u00edn Oficial de las Illes Balears<\/em><\/strong>): \n<ul>\n<li><a href='https:\/\/soib.es\/wp-content\/uploads\/2025\/01\/Especialitats-competencies-transversals-2025-2028.xlsx' class='small-button smallsilver' target=\"_blank\"><span style=\"color: #cb023e;\"><strong>Especialidades de competencias transversales 2025-2028<\/strong><\/span><\/a><\/li>\n<li><a href='https:\/\/soib.es\/wp-content\/uploads\/2025\/02\/Especialitats-SE-i-dificil-cobertura-2025-2028-definitiu-feb-2025.xlsx' class='small-button smallsilver' target=\"_blank\"><span style=\"color: #cb023e;\"><strong>Especialidades de sectores estrat\u00e9gicos y de dif\u00edcil cobertura 2025-2028<\/strong><\/span><\/a> <em><strong>Anexo actualizado el 25\/02\/2025.<\/strong><\/em><\/li>\n<\/ul>\n<p><\/li>\n<p><\/ul>\n<p><\/p>\n<ul>\n<li>Para el segundo periodo de solicitudes (<strong>del d\u00eda 7 al 28 de enero de 2026<\/strong>): <em>pendiente de publicaci\u00f3n.<\/em><\/li>\n<\/ul>\n<p>[\/et_pb_accordion_item][et_pb_accordion_item title=\u00bbNormativa\u00bb _builder_version=\u00bb4.27.4&#8243; global_colors_info=\u00bb{}\u00bb open=\u00bboff\u00bb]<\/p>\n<p>Las subvenciones objeto de esta convocatoria se rigen por la normativa siguiente:<\/p>\n<p><\/p>\n<p>1. Ley 30\/2015, de 9 de septiembre, por la que se regula el sistema de formaci\u00f3n profesional para el empleo dentro del \u00e1mbito laboral.<br \/>2. Real Decreto 694\/2017, de 3 de julio, que desarrolla la Ley 30\/2015.<br \/>3. Orden TMS\/368\/2019, de 28 de marzo (BOE n\u00fam. 78, de 1 de abril), que desarrolla el Real Decreto 694\/2017, de 3 de julio, por el que desarrolla al mismo tiempo la Ley 30\/2015, de 9 de septiembre, por la que regula el sistema de formaci\u00f3n profesional para el empleo en el \u00e1mbito laboral, en relaci\u00f3n con la oferta formativa de las administraciones competentes y su financiaci\u00f3n, y se establecen las bases reguladoras para la concesi\u00f3n de subvenciones p\u00fablicas destinadas a su financiaci\u00f3n.<br \/>4. Ley 38\/2003, de 17 de noviembre, general de subvenciones.<br \/>5. Reglamento de subvenciones aprobado por el Real Decreto 887\/2006, de 21 de julio.<br \/>6. Decreto legislativo 2\/2005, de 28 de diciembre, por el que se aprueba el Texto refundido de la Ley de subvenciones de la Comunidad Aut\u00f3noma de las Illes Balears.<br \/>7. El Reglamento delegado (UE) 2018\/1127 de la Comisi\u00f3n de 28 de mayo de 2018 por el que se modifica el Reglamento delegado (UE) 2015\/2195, que complementa el Reglamento (UE) 1304\/2013 del Parlamento Europeo y el Consejo, relativo al Fondo Social Europeo, respecto de la definici\u00f3n de baremo est\u00e1ndar de costes unitarios e importes a tanto alzado establece unos baremos y unos importes a partir de los datos presentados o publicados por Eurostat y sobre la base m\u00e9todos decididos por mutuo acuerdo.<\/p>\n<p> [\/et_pb_accordion_item][et_pb_accordion_item title=\u00bbContacto\u00bb _builder_version=\u00bb4.27.4&#8243; global_colors_info=\u00bb{}\u00bb open=\u00bboff\u00bb]<\/p>\n<p>Buz\u00f3n de consulta: <span style=\"color: #cb023e;\"><a style=\"color: #cb023e;\" href=\"mailto:convocatoriesformacio@soib.caib.es\" target=\"_blank\" rel=\"noopener\">convocatoriesformacio@soib.caib.es<\/a><\/span><\/p>\n<p>[\/et_pb_accordion_item][\/et_pb_accordion][et_pb_button button_url=\u00bbhttps:\/\/www.caib.es\/seucaib\/es\/201\/empreses\/tramites\/tramite\/6294599&#8243; url_new_window=\u00bbon\u00bb button_text=\u00bbAcceso al tr\u00e1mite de la convocatoria\u00bb _builder_version=\u00bb4.27.4&#8243; _module_preset=\u00bbdefault\u00bb custom_button=\u00bbon\u00bb button_text_size=\u00bb15px\u00bb button_text_color=\u00bb#cb023e\u00bb button_bg_color=\u00bb#FFFFFF\u00bb button_border_width=\u00bb1px\u00bb button_border_color=\u00bb#cb023e\u00bb button_font=\u00bb|600|||||||\u00bb button_icon=\u00bb&#xe07e;||divi||400&#8243; button_icon_placement=\u00bbleft\u00bb button_on_hover=\u00bboff\u00bb locked=\u00bboff\u00bb global_colors_info=\u00bb{}\u00bb][\/et_pb_button][\/et_pb_column][\/et_pb_row][et_pb_row _builder_version=\u00bb4.23.1&#8243; custom_margin=\u00bb30px||||false|false\u00bb global_colors_info=\u00bb{}\u00bb][et_pb_column type=\u00bb4_4&#8243; _builder_version=\u00bb4.16&#8243; custom_padding=\u00bb|||\u00bb global_colors_info=\u00bb{}\u00bb custom_padding__hover=\u00bb|||\u00bb][et_pb_text _builder_version=\u00bb4.27.4&#8243; global_colors_info=\u00bb{}\u00bb]<\/p>\n<p>M\u00e1s informaci\u00f3n:<\/p>\n<p><\/p>\n<ul>\n<li><a href=\"https:\/\/soib.es\/wp-content\/uploads\/2025\/03\/BOIB-18marc2025-convocatoria-ocupats-i-desocupats-ES.pdf\" target=\"_blank\" rel=\"noopener\"><strong>BOIB convocatoria de subvenciones SOIB Formaci\u00f3n en el trabajo para desempleados y ocupados, para el periodo 2025-2028<\/strong><\/a>.<\/li>\n<li><a href=\"https:\/\/soib.es\/wp-content\/uploads\/2025\/04\/BOIB-num.-48-de-19.04.25-es.pdf\" target=\"_blank\" rel=\"noopener\"><strong>Modificaci\u00f3n y correcci\u00f3n de errores (BOIB n\u00fam. 48, de 19 de abril de 2025)<\/strong><\/a>.<\/li>\n<\/ul>\n<p><\/p>\n<p>.<\/p>\n<p>[\/et_pb_text][\/et_pb_column][\/et_pb_row][\/et_pb_section]<\/p>\n","protected":false},"excerpt":{"rendered":"<p>Convocatoria de subvenciones SOIB Formaci\u00f3n en el trabajo para desempleados y ocupados, para el periodo 2025-2028Aviso importante\u00a0Esta Convocatoria, que se public\u00f3 el pasado mes de marzo, se ha dejado sin efecto por Resoluci\u00f3n publicada en el BOIB de d\u00eda 8 de julio de 2025 que encontrar\u00e9is en el enlace ubicado aqu\u00ed arriba. Ya se ha [&hellip;]<\/p>\n","protected":false},"author":13,"featured_media":0,"parent":0,"menu_order":0,"comment_status":"closed","ping_status":"closed","template":"","meta":{"_et_pb_use_builder":"on","_et_pb_old_content":"","_et_gb_content_width":"","footnotes":"","_links_to":"","_links_to_target":""},"class_list":["post-62656","page","type-page","status-publish","hentry"],"publishpress_future_action":{"enabled":false,"date":"2026-04-15 11:42:23","action":"change-status","newStatus":"draft","terms":[],"taxonomy":"translation_priority","extraData":[]},"publishpress_future_workflow_manual_trigger":{"enabledWorkflows":[]},"_links":{"self":[{"href":"https:\/\/soib.es\/es\/wp-json\/wp\/v2\/pages\/62656","targetHints":{"allow":["GET"]}}],"collection":[{"href":"https:\/\/soib.es\/es\/wp-json\/wp\/v2\/pages"}],"about":[{"href":"https:\/\/soib.es\/es\/wp-json\/wp\/v2\/types\/page"}],"author":[{"embeddable":true,"href":"https:\/\/soib.es\/es\/wp-json\/wp\/v2\/users\/13"}],"replies":[{"embeddable":true,"href":"https:\/\/soib.es\/es\/wp-json\/wp\/v2\/comments?post=62656"}],"version-history":[{"count":0,"href":"https:\/\/soib.es\/es\/wp-json\/wp\/v2\/pages\/62656\/revisions"}],"wp:attachment":[{"href":"https:\/\/soib.es\/es\/wp-json\/wp\/v2\/media?parent=62656"}],"curies":[{"name":"wp","href":"https:\/\/api.w.org\/{rel}","templated":true}]}}