{"id":60744,"date":"2024-12-19T12:00:58","date_gmt":"2024-12-19T11:00:58","guid":{"rendered":"https:\/\/soib.es\/convocatoria-de-subvencions-soib-oportunitats-docupacio-per-a-persones-joves-qualificades-en-entitats-locals-2025\/"},"modified":"2025-05-13T15:55:15","modified_gmt":"2025-05-13T13:55:15","slug":"convocatoria-de-subvencions-soib-oportunitats-docupacio-per-a-persones-joves-qualificades-en-entitats-locals-2025","status":"publish","type":"page","link":"https:\/\/soib.es\/es\/convocatoria-de-subvencions-soib-oportunitats-docupacio-per-a-persones-joves-qualificades-en-entitats-locals-2025\/","title":{"rendered":"Convocatoria de subvenciones SOIB Oportunidades de empleo para personas J\u00f3venes Cualificadas en Entidades Locales 2025"},"content":{"rendered":"<p>[et_pb_section fb_built=\u00bb1&#8243; _builder_version=\u00bb4.16&#8243; background_color=\u00bb#f7f7f7&#8243; custom_padding=\u00bb25px|0px|25px|0px\u00bb global_colors_info=\u00bb{}\u00bb][et_pb_row _builder_version=\u00bb4.16&#8243; global_colors_info=\u00bb{}\u00bb][et_pb_column type=\u00bb4_4&#8243; _builder_version=\u00bb4.16&#8243; custom_padding=\u00bb|||\u00bb global_colors_info=\u00bb{}\u00bb custom_padding__hover=\u00bb|||\u00bb][et_pb_image src=\u00bbhttps:\/\/soib.es\/wp-content\/uploads\/2025\/05\/Cintillo-logotips-SOIB-JOVE-QUALIFICATS-ENTITATS-LOCALS-2025.png\u00bb title_text=\u00bbCintillo logotips SOIB JOVE QUALIFICATS ENTITATS LOCALS 2025&#8243; _builder_version=\u00bb4.27.4&#8243; _module_preset=\u00bbdefault\u00bb hover_enabled=\u00bb0&#8243; locked=\u00bboff\u00bb global_colors_info=\u00bb{}\u00bb sticky_enabled=\u00bb0&#8243;][\/et_pb_image][et_pb_text _builder_version=\u00bb4.27.3&#8243; global_colors_info=\u00bb{}\u00bb]<\/p>\n<h1><strong>Convocatoria de subvenciones SOIB Oportunidades de empleo para personas J\u00f3venes Cualificadas en Entidades Locales 2025<\/strong><\/h1>\n<p>[\/et_pb_text][\/et_pb_column][\/et_pb_row][\/et_pb_section][et_pb_section fb_built=\u00bb1&#8243; _builder_version=\u00bb4.16&#8243; custom_padding=\u00bb25px|0px|54px|0px\u00bb global_colors_info=\u00bb{}\u00bb][et_pb_row _builder_version=\u00bb4.16&#8243; global_colors_info=\u00bb{}\u00bb][et_pb_column type=\u00bb4_4&#8243; _builder_version=\u00bb4.16&#8243; custom_padding=\u00bb|||\u00bb global_colors_info=\u00bb{}\u00bb custom_padding__hover=\u00bb|||\u00bb][et_pb_text _builder_version=\u00bb4.27.3&#8243; _module_preset=\u00bbdefault\u00bb locked=\u00bboff\u00bb global_colors_info=\u00bb{}\u00bb]<\/p>\n<p>El objeto de esta convocatoria es regular la concesi\u00f3n de subvenciones destinadas a financiar los costes laborales, incluida la cotizaci\u00f3n empresarial a la Seguridad Social, que se deriven de la contrataci\u00f3n de personas j\u00f3venes desempleadas mayores de 18 a\u00f1os y menores de 30 a\u00f1os, inscritas como demandantes de empleo en el SOIB y beneficiarias del Sistema Nacional de Garant\u00eda Juvenil, que re\u00fanan los requisitos para poder firmar un contrato formativo para la obtenci\u00f3n de la pr\u00e1ctica profesional adecuada al nivel de estudios o de formaci\u00f3n cursados, que sean contratadas por parte de las entidades que se determinan en esta convocatoria.<\/p>\n<p>El \u00e1mbito de aplicaci\u00f3n de esta convocatoria es la comunidad aut\u00f3noma de las Illes Balears.<\/p>\n<p>[\/et_pb_text][\/et_pb_column][\/et_pb_row][et_pb_row _builder_version=\u00bb4.23.1&#8243; custom_margin=\u00bb30px||||false|false\u00bb global_colors_info=\u00bb{}\u00bb][et_pb_column type=\u00bb4_4&#8243; _builder_version=\u00bb4.16&#8243; custom_padding=\u00bb|||\u00bb global_colors_info=\u00bb{}\u00bb custom_padding__hover=\u00bb|||\u00bb][et_pb_accordion open_toggle_text_color=\u00bb#474747&#8243; closed_toggle_text_color=\u00bb#cb023e\u00bb icon_color=\u00bb#cb023e\u00bb disabled_on=\u00bboff|off|off\u00bb _builder_version=\u00bb4.27.3&#8243; toggle_text_color=\u00bbRGBA(0,0,0,0)\u00bb toggle_font=\u00bb|700|||||||\u00bb db_closeable=\u00bbon\u00bb db_initial_state=\u00bball_closed\u00bb global_colors_info=\u00bb{}\u00bb][et_pb_accordion_item title=\u00bbEntidades beneficiarias\u00bb open=\u00bbon\u00bb _builder_version=\u00bb4.27.3&#8243; global_colors_info=\u00bb{}\u00bb]1. Pueden presentar solicitud a esta convocatoria los ayuntamientos, los consejos insulares, las mancomunidades y la Entidad Local Menor de Palmanyola, dentro del \u00e1mbito territorial de la comunidad aut\u00f3noma de las Illes Balears.<\/p>\n<p>2. Tambi\u00e9n pueden presentar solicitud, en su nombre, las entidades de derecho p\u00fablico que dependen de los entes locales o que est\u00e1n vinculadas a ellos y que disponen de personalidad jur\u00eddica y de un NIF propio, que ejerzan competencias administrativas, en calidad de administraci\u00f3n p\u00fablica o en el ejercicio de autoridad p\u00fablica; siempre que el proyecto a desarrollar sea de su competencia y forme parte de las funciones esenciales de la entidad.[\/et_pb_accordion_item][et_pb_accordion_item title=\u00bbPersonas destinatarias\u00bb _builder_version=\u00bb4.27.3&#8243; global_colors_info=\u00bb{}\u00bb open=\u00bboff\u00bb]Los requisitos que deben cumplir las personas seleccionadas en el momento de la contrataci\u00f3n son los siguientes:<\/p>\n<p><em>a)<\/em> Personas j\u00f3venes desempleadas mayores de 18 a\u00f1os y menores de 30 a\u00f1os inscritas como demandantes de empleo en el SOIB y beneficiarias del Sistema Nacional de Garant\u00eda Juvenil.<br \/>\n<em>b)<\/em> Con titulaci\u00f3n universitaria o de formaci\u00f3n profesional de grado medio o superior o de certificado de profesionalidad de nivel 2 o 3, de acuerdo a la normativa vigente, as\u00ed como las que tengan un t\u00edtulo equivalente de ense\u00f1anzas art\u00edsticas o deportivas, que habilite para el ejercicio profesional, finalizado dentro de los tres a\u00f1os (o cinco a\u00f1os, cuando el contrato se concierte con una persona con discapacidad) anteriores al inicio del contrato.<br \/>\n<em>c)<\/em> Que cumplan los requisitos para poder ser contratadas mediante el contrato formativo para la obtenci\u00f3n de la pr\u00e1ctica profesional adecuada al nivel de estudios que regula el art\u00edculo 11, en los puntos 3 y 4, del Texto refundido de la Ley del Estatuto de los trabajadores, aprobado por el Real Decreto Legislativo 2\/2015, modificado por el Real Decreto-ley 32\/2021.<br \/>\n<em>d)<\/em> No haber sido contratada la persona en los seis meses anteriores a la presentaci\u00f3n de la oferta con un contrato de trabajo subvencionado por el SOIB en cualquier programa de fomento del empleo.<\/p>\n<p>Para poder contratar a la persona, es condici\u00f3n indispensable que en el momento de la contrataci\u00f3n tenga vigente la demanda de empleo en el SOIB y en situaci\u00f3n de desempleo. Si no se cumple esta condici\u00f3n, no se considera subvencionable la contrataci\u00f3n que se efect\u00fae.[\/et_pb_accordion_item][et_pb_accordion_item title=\u00bbPlazo de presentaci\u00f3n de solicitudes\u00bb _builder_version=\u00bb4.27.3&#8243; global_colors_info=\u00bb{}\u00bb open=\u00bboff\u00bb]El plazo para presentar las solicitudes permanecer\u00e1 abierto <strong>desde el d\u00eda 7 al 31 de enero de 2025<\/strong> (ambos incluidos).<\/p>\n<p>Cada entidad debe presentar una \u00fanica solicitud para todas las contrataciones que prev\u00e9 hacer. En caso de presentar m\u00e1s de una solicitud dentro del plazo establecido se considerar\u00e1 que la \u00faltima presentada es la v\u00e1lida y que sustituye a las anteriores que se hayan presentado.[\/et_pb_accordion_item][et_pb_accordion_item title=\u00bbPresupuesto\u00bb _builder_version=\u00bb4.27.3&#8243; global_colors_info=\u00bb{}\u00bb open=\u00bboff\u00bb]El cr\u00e9dito asignado inicialmente a esta convocatoria es de 10.000.000 \u20ac, cuenta con la cofinanciaci\u00f3n del Fondo Social Europeo Plus (FSE+) en el marco del Programa FSE+ de la Comunidad Aut\u00f3noma de las Illes Balears 2021-2027 y est\u00e1 sometido a la condici\u00f3n suspensiva de la existencia de cr\u00e9dito adecuado y suficiente en los presupuestos de la CAIB, con la siguiente distribuci\u00f3n por anualidades:<\/p>\n<p>&#8211; A\u00f1o 2025: 6.000.000 \u20ac<br \/>\n&#8211; A\u00f1o 2026: 4.000.000 \u20ac<\/p>\n<p>En caso de que sea necesario y haya disponibilidad presupuestaria, el importe consignado inicialmente en la convocatoria se puede ampliar de conformidad con el art\u00edculo 3.4 b) de la Orden 16\/2023.[\/et_pb_accordion_item][et_pb_accordion_item title=\u00bbConceptos que se subvencionan\u00bb _builder_version=\u00bb4.27.3&#8243; global_colors_info=\u00bb{}\u00bb open=\u00bboff\u00bb]<\/p>\n<p>Los costes laborales totales, incluida la cotizaci\u00f3n empresarial a la Seguridad Social, que se deriven de contratar a jornada completa a las personas j\u00f3venes en la modalidad de contrato formativo para la obtenci\u00f3n de la pr\u00e1ctica profesional adecuada a los estudios o formaci\u00f3n cursada y por una duraci\u00f3n de un a\u00f1o o, excepcionalmente, por el tiempo que se haya autorizado para los supuestos previstos de sustituciones.<\/p>\n<p>La concesi\u00f3n de la subvenci\u00f3n se hace por el sistema de m\u00f3dulos establecido en la convocatoria.<\/p>\n<p>[\/et_pb_accordion_item][et_pb_accordion_item title=\u00bbPlazo de ejecuci\u00f3n de las acciones\u00bb _builder_version=\u00bb4.27.3&#8243; global_colors_info=\u00bb{}\u00bb open=\u00bboff\u00bb]La <strong>fecha de inicio<\/strong> de los contratos debe estar comprendida entre el 1 de mayo y el 1 de septiembre de 2025 (ambos incluidos). Para facilitar las selecciones y las incorporaciones al puesto de trabajo la entidad puede hacer las contrataciones de manera escalonada, pero todas las contrataciones del proyecto deben realizarse en el plazo m\u00e1ximo de un mes.<\/p>\n<p>La<strong> fecha de finalizaci\u00f3n<\/strong> ser\u00e1 un a\u00f1o despu\u00e9s del inicio, con las excepciones previstas para sustituciones y los supuestos de interrupci\u00f3n del c\u00f3mputo de la duraci\u00f3n del contrato. La fecha m\u00e1xima de finalizaci\u00f3n de los proyectos ser\u00e1 el 15 de septiembre de 2026, excepto para los supuestos de interrupci\u00f3n del c\u00f3mputo de la duraci\u00f3n del contrato a que se refiere el art\u00edculo 11.4.b) del Estatuto de los trabajadores, respecto del contrato afectado por la interrupci\u00f3n.[\/et_pb_accordion_item][et_pb_accordion_item title=\u00bbNormativa\u00bb _builder_version=\u00bb4.27.3&#8243; global_colors_info=\u00bb{}\u00bb open=\u00bboff\u00bb]Todas las acciones subvencionadas en el marco de esta convocatoria se rigen por la normativa siguiente:<\/p>\n<p>1. Reglamento (UE) 2021\/1057 del Parlamento Europeo y del Consejo, de 24 de junio de 2021, por el que se establece el Fondo Social Europeo Plus y se deroga el Reglamento (UE) 1296\/2013, y se establecen los objetivos del FSE+, su presupuesto para el periodo 2021-2027, los m\u00e9todos de ejecuci\u00f3n, las formas de financiaci\u00f3n de la Uni\u00f3n y las normas para proporcionar su financiaci\u00f3n.<br \/>\n2. Reglamento (UE) 2021\/1060, del Parlamento Europeo y del Consejo, de 24 de junio de 2021, por el que se establecen las disposiciones comunes relativas al Fondo Europeo de Desarrollo Regional, al Fondo Social Europeo Plus, al Fondo de Cohesi\u00f3n, al Fondo de Transici\u00f3n Justa y al Fondo Europeo Mar\u00edtimo, de Pesca y de Acuicultura, as\u00ed como las normas financieras para estos Fondos y para el Fondo de Asilo,  Migraci\u00f3n e Integraci\u00f3n, el Fondo de Seguridad Interior y el Instrumento de Apoyo Financiero a la Gesti\u00f3n de Fronteras y la Pol\u00edtica de Visados.<br \/>\n3. Reglamento (UE, Euratom) 2024\/2509, del Parlamento Europeo y del Consejo de 23 de septiembre, (Reglamento Financiero) relativo a las normas financieras aplicables al presupuesto general de la Uni\u00f3n.<br \/>\n4. La Ley 38\/2003, de 17 de noviembre, general de subvenciones.<br \/>\n5. El Decreto legislativo 2\/2005, de 28 de septiembre, por el que se aprueba el Texto refundido de la Ley de subvenciones de la Comunidad Aut\u00f3noma de las Illes Balears.<br \/>\n6. El Real Decreto 887\/2006, de 21 de julio, por el que se aprueba el Reglamento de la Ley 38\/2003, general de subvenciones.<br \/>\n7. Orden TES\/106\/2024, de 8 de febrero, por la que se determinan los gastos subvencionables por el FSE+ durante el periodo de programaci\u00f3n 2021-2027.<br \/>\n8. La Orden 16\/2023 del consejero de Modelo Econ\u00f3mico, Turismo y Trabajo, de 17 de mayo de 2023 (BOIB n\u00fam. 67, de 20 de mayo de 2023) por la que se establecen las bases reguladoras de las subvenciones en materia de pol\u00edticas activas de empleo gestionadas por el SOIB.<br \/>\n9. El Texto refundido de la Ley del Estatuto de los trabajadores, aprobado por el Real Decreto Legislativo 2\/2015, de 23 de octubre, y modificado por el Real Decreto-ley 32\/2021, de 28 de diciembre, de medidas urgentes para la reforma laboral, la garant\u00eda de la estabilidad en el empleo y la transformaci\u00f3n.<br \/>\n10. La Ley 3\/2023, de 28 de febrero, de Empleo.<br \/>\n11. El Real Decreto 818\/2021, de 28 de septiembre, por el que se regulan los programas comunes de activaci\u00f3n para el empleo del sistema nacional de empleo.<br \/>\n12. El resto de normativa, tanto nacional como de la Uni\u00f3n Europea, o cualquier otra que resulte de aplicaci\u00f3n.<\/p>\n<p>En todo aquello que no se prevea en esta convocatoria ser\u00e1 de aplicaci\u00f3n lo establecido en la Orden 16\/2023, de 17 de mayo.[\/et_pb_accordion_item][et_pb_accordion_item title=\u00bbContacto\u00bb _builder_version=\u00bb4.27.3&#8243; global_colors_info=\u00bb{}\u00bb open=\u00bboff\u00bb]<\/p>\n<p>Buz\u00f3n de consulta: <span style=\"color: #cb023e;\"><a style=\"color: #cb023e;\" href=\"mailto:fomentocupacio3@soib.caib.es\" target=\"_blank\" rel=\"noopener\">fomentocupacio3@soib.caib.es<\/a><\/span><\/p>\n<p>[\/et_pb_accordion_item][\/et_pb_accordion][et_pb_button button_url=\u00bbhttps:\/\/www.caib.es\/seucaib\/es\/202\/administracions\/tramites\/tramite\/6268906\/\u00bb url_new_window=\u00bbon\u00bb button_text=\u00bbAcceso al tr\u00e1mite de la convocatoria\u00bb _builder_version=\u00bb4.27.3&#8243; _module_preset=\u00bbdefault\u00bb custom_button=\u00bbon\u00bb button_text_size=\u00bb15px\u00bb button_text_color=\u00bb#cb023e\u00bb button_bg_color=\u00bb#FFFFFF\u00bb button_border_width=\u00bb1px\u00bb button_border_color=\u00bb#cb023e\u00bb button_font=\u00bb|600|||||||\u00bb button_icon=\u00bb&#xe07e;||divi||400&#8243; button_icon_placement=\u00bbleft\u00bb button_on_hover=\u00bboff\u00bb locked=\u00bboff\u00bb global_colors_info=\u00bb{}\u00bb][\/et_pb_button][\/et_pb_column][\/et_pb_row][et_pb_row _builder_version=\u00bb4.23.1&#8243; custom_margin=\u00bb30px||||false|false\u00bb global_colors_info=\u00bb{}\u00bb][et_pb_column type=\u00bb4_4&#8243; _builder_version=\u00bb4.16&#8243; custom_padding=\u00bb|||\u00bb global_colors_info=\u00bb{}\u00bb custom_padding__hover=\u00bb|||\u00bb][et_pb_text _builder_version=\u00bb4.27.3&#8243; global_colors_info=\u00bb{}\u00bb]<\/p>\n<p>M\u00e1s informaci\u00f3n: <a href=\"https:\/\/soib.es\/wp-content\/uploads\/2024\/12\/Resolucion-BOIB-convocatoria-de-subvenciones-SOIB-Oportunidades-de-empleo-para-personas-Jovenes-Cualificadas-en-Entidades-Locales-2025_castella.pdf\" target=\"_blank\" rel=\"noopener\"><span style=\"color: #cb023e;\"><strong>BOIB convocatoria de subvenciones SOIB Oportunidades de empleo para personas J\u00f3venes Cualificadas en Entidades Locales 2025<\/strong><\/span><\/a>.<\/p>\n<p>[\/et_pb_text][\/et_pb_column][\/et_pb_row][\/et_pb_section]<\/p>\n","protected":false},"excerpt":{"rendered":"<p>Convocatoria de subvenciones SOIB Oportunidades de empleo para personas J\u00f3venes Cualificadas en Entidades Locales 2025El objeto de esta convocatoria es regular la concesi\u00f3n de subvenciones destinadas a financiar los costes laborales, incluida la cotizaci\u00f3n empresarial a la Seguridad Social, que se deriven de la contrataci\u00f3n de personas j\u00f3venes desempleadas mayores de 18 a\u00f1os y menores [&hellip;]<\/p>\n","protected":false},"author":13,"featured_media":0,"parent":0,"menu_order":0,"comment_status":"closed","ping_status":"closed","template":"","meta":{"_et_pb_use_builder":"on","_et_pb_old_content":"","_et_gb_content_width":"","footnotes":"","_links_to":"","_links_to_target":""},"class_list":["post-60744","page","type-page","status-publish","hentry"],"publishpress_future_action":{"enabled":false,"date":"2026-04-13 10:29:41","action":"change-status","newStatus":"draft","terms":[],"taxonomy":"translation_priority","extraData":[]},"publishpress_future_workflow_manual_trigger":{"enabledWorkflows":[]},"_links":{"self":[{"href":"https:\/\/soib.es\/es\/wp-json\/wp\/v2\/pages\/60744","targetHints":{"allow":["GET"]}}],"collection":[{"href":"https:\/\/soib.es\/es\/wp-json\/wp\/v2\/pages"}],"about":[{"href":"https:\/\/soib.es\/es\/wp-json\/wp\/v2\/types\/page"}],"author":[{"embeddable":true,"href":"https:\/\/soib.es\/es\/wp-json\/wp\/v2\/users\/13"}],"replies":[{"embeddable":true,"href":"https:\/\/soib.es\/es\/wp-json\/wp\/v2\/comments?post=60744"}],"version-history":[{"count":0,"href":"https:\/\/soib.es\/es\/wp-json\/wp\/v2\/pages\/60744\/revisions"}],"wp:attachment":[{"href":"https:\/\/soib.es\/es\/wp-json\/wp\/v2\/media?parent=60744"}],"curies":[{"name":"wp","href":"https:\/\/api.w.org\/{rel}","templated":true}]}}