{"id":60619,"date":"2024-12-03T12:04:56","date_gmt":"2024-12-03T11:04:56","guid":{"rendered":"https:\/\/soib.es\/orientacio-laboral\/"},"modified":"2024-12-03T12:27:00","modified_gmt":"2024-12-03T11:27:00","slug":"orientacio-laboral","status":"publish","type":"page","link":"https:\/\/soib.es\/es\/orientacio-laboral\/","title":{"rendered":"Orientaci\u00f3n laboral"},"content":{"rendered":"<p>[et_pb_section fb_built=\u00bb1&#8243; _builder_version=\u00bb4.16&#8243; background_color=\u00bb#f7f7f7&#8243; custom_padding=\u00bb25px|0px|25px|0px\u00bb global_colors_info=\u00bb{}\u00bb][et_pb_row _builder_version=\u00bb4.16&#8243; global_colors_info=\u00bb{}\u00bb][et_pb_column type=\u00bb4_4&#8243; _builder_version=\u00bb4.16&#8243; custom_padding=\u00bb|||\u00bb global_colors_info=\u00bb{}\u00bb custom_padding__hover=\u00bb|||\u00bb][et_pb_text admin_label=\u00bbText\u00bb _builder_version=\u00bb4.27.3&#8243; hover_enabled=\u00bb0&#8243; global_colors_info=\u00bb{}\u00bb sticky_enabled=\u00bb0&#8243;]<\/p>\n<h1><strong>Orientaci\u00f3n laboral<\/strong><\/h1>\n<p>[\/et_pb_text][\/et_pb_column][\/et_pb_row][\/et_pb_section][et_pb_section fb_built=\u00bb1&#8243; _builder_version=\u00bb4.16&#8243; custom_padding=\u00bb25px|0px|54px|0px\u00bb global_colors_info=\u00bb{}\u00bb][et_pb_row _builder_version=\u00bb4.16&#8243; global_colors_info=\u00bb{}\u00bb][et_pb_column type=\u00bb4_4&#8243; _builder_version=\u00bb4.16&#8243; custom_padding=\u00bb|||\u00bb global_colors_info=\u00bb{}\u00bb custom_padding__hover=\u00bb|||\u00bb][et_pb_text admin_label=\u00bbText\u00bb _builder_version=\u00bb4.27.3&#8243; hover_enabled=\u00bb0&#8243; global_colors_info=\u00bb{}\u00bb sticky_enabled=\u00bb0&#8243;]<\/p>\n<p>El personal orientador puede atender tus demandas, darte toda la informaci\u00f3n que necesites y acompa\u00f1arte en tu proceso personal. A trav\u00e9s del servicio de orientaci\u00f3n en l\u00ednea SOIB 24\u00b77, puedes hacer llegar tus consultas rellenando un formulario <a href='https:\/\/intranet.caib.es\/esoibfront\/principal.xhtml?seleccion=aplicacions07' class='small-button smallsilver' target=\"_blank\"><span style=\"color: #cb023e;\">Contacta con el servicio de orientaci\u00f3n en l\u00ednea<\/span><\/a> Contactaremos contigo en menos de 48 horas a trav\u00e9s del medio que escojas.<\/p>\n<p>Si ya utilizas un servicio de orientaci\u00f3n de una oficina del SOIB puedes contactar con tu orientador o orientadora de referencia mediante su correu electr\u00f3nico o telef\u00f3nicamente.<\/p>\n<p>Adem\u00e1s, contamos con todo un abanico de servicios de orientaci\u00f3n especializados:<\/p>\n<p><strong>\u00bfC\u00f3mo puedes contactarnos?<\/strong><\/p>\n<ul>\n<li>Si tienes entre 16-29 a\u00f1os y no tienes estudios superiores, <span style=\"color: #cb0200;\"><a style=\"color: #cb0200;\" href=\"https:\/\/soib.es\/es\/soib-joven-orientacion\/\" target=\"_blank\" rel=\"noopener noreferrer\"><strong><span style=\"color: #cb023e;\">SOIB JOVE<\/span><\/strong><\/a><\/span> es tu servicio.<\/li>\n<li>Si necesitas orientaci\u00f3n sobre formaci\u00f3n y cualificaci\u00f3n profesional, <span style=\"color: #cb023e;\"><a style=\"color: #cb023e;\" href=\"https:\/\/www.caib.es\/sites\/poap\/es\/benvinguts_al_punt_dorientacia_acadamica_i_professional\/\" target=\"_blank\" rel=\"noopener noreferrer\"><strong><span style=\"color: #cb023e;\">POAP<\/span><\/strong><\/a><\/span> es tu servicio.<\/li>\n<li>Si hace 12 meses o m\u00e1s que no tienes trabajo, <span style=\"color: #cb0200;\"><a style=\"color: #cb0200;\" href=\"https:\/\/soib.es\/es\/servei-soib-mes\/\" target=\"_blank\" rel=\"noopener noreferrer\"><strong><span style=\"color: #cb023e;\">SOIB+<\/span><\/strong><\/a><\/span> es tu servicio.<\/li>\n<li>Si est\u00e1s cursando estudios universitarios o de grado superior de formaci\u00f3n profesional o ya te has titulado,<span style=\"color: #cb023e;\"> <strong><a style=\"color: #cb023e;\" href=\"https:\/\/soib.es\/es\/servei-orientacio-professional-soib-doip\/\" target=\"_blank\" rel=\"noopener noreferrer\">SOIB-Servicio de Orientaci\u00f3n Laboral<\/a><\/strong><\/span> es tu servicio.<\/li>\n<li>Si necesitas orientaci\u00f3n sobre el sector turismo y hosteler\u00eda, <a href=\"https:\/\/soib.es\/es\/oficina-sectorial-soib-ehib\/\" target=\"_blank\" rel=\"noopener noreferrer\"><span style=\"color: #cb0200;\"><strong><span style=\"color: #cb023e;\">SOIB EHIB<\/span><\/strong><\/span><\/a> es tu servicio.<\/li>\n<li>Si quieres trabajar en otro pa\u00eds europeo, <span style=\"color: #cb023e;\"><a style=\"color: #cb023e;\" href=\"https:\/\/soib.es\/es\/eures-europa\/\" target=\"_blank\" rel=\"noopener noreferrer\"><strong>EURES<\/strong><\/a><\/span> es tu servicio.<\/li>\n<li><span style=\"font-weight: 400;\">Si eres una mujer que padece o ha padecido violencia machista y quieres buscar empleo o formarte profesionalmente, el SOIB pone a tu disposici\u00f3n una <a href=\"https:\/\/soib.es\/es\/xarxa-de-tutores-orientacio-laboral-per-a-dones-victimes-de-violencia-masclista\/\"><strong style=\"color: #cb0200;\"><span style=\"color: #cb023e;\">tutora orientadora especializada <\/span><\/strong><\/a><\/span> en este \u00e1mbito.<\/li>\n<\/ul>\n<p>[\/et_pb_text][\/et_pb_column][\/et_pb_row][\/et_pb_section]<\/p>\n","protected":false},"excerpt":{"rendered":"<p>Orientaci\u00f3n laboralEl personal orientador puede atender tus demandas, darte toda la informaci\u00f3n que necesites y acompa\u00f1arte en tu proceso personal. A trav\u00e9s del servicio de orientaci\u00f3n en l\u00ednea SOIB 24\u00b77, puedes hacer llegar tus consultas rellenando un formulario <a href='https:\/\/intranet.caib.es\/esoibfront\/principal.xhtml?seleccion=aplicacions07' class='small-button smallsilver' target=\"_blank\">Contacta con el servicio de orientaci\u00f3n en l\u00ednea<\/a> Contactaremos contigo en menos de [&hellip;]<\/p>\n","protected":false},"author":13,"featured_media":0,"parent":0,"menu_order":0,"comment_status":"closed","ping_status":"closed","template":"","meta":{"_et_pb_use_builder":"on","_et_pb_old_content":"","_et_gb_content_width":"","footnotes":"","_links_to":"","_links_to_target":""},"class_list":["post-60619","page","type-page","status-publish","hentry"],"publishpress_future_action":{"enabled":false,"date":"2026-05-05 18:11:05","action":"change-status","newStatus":"draft","terms":[],"taxonomy":"translation_priority","extraData":[]},"publishpress_future_workflow_manual_trigger":{"enabledWorkflows":[]},"_links":{"self":[{"href":"https:\/\/soib.es\/es\/wp-json\/wp\/v2\/pages\/60619","targetHints":{"allow":["GET"]}}],"collection":[{"href":"https:\/\/soib.es\/es\/wp-json\/wp\/v2\/pages"}],"about":[{"href":"https:\/\/soib.es\/es\/wp-json\/wp\/v2\/types\/page"}],"author":[{"embeddable":true,"href":"https:\/\/soib.es\/es\/wp-json\/wp\/v2\/users\/13"}],"replies":[{"embeddable":true,"href":"https:\/\/soib.es\/es\/wp-json\/wp\/v2\/comments?post=60619"}],"version-history":[{"count":0,"href":"https:\/\/soib.es\/es\/wp-json\/wp\/v2\/pages\/60619\/revisions"}],"wp:attachment":[{"href":"https:\/\/soib.es\/es\/wp-json\/wp\/v2\/media?parent=60619"}],"curies":[{"name":"wp","href":"https:\/\/api.w.org\/{rel}","templated":true}]}}