{"id":60577,"date":"2024-12-17T09:00:02","date_gmt":"2024-12-17T08:00:02","guid":{"rendered":"https:\/\/soib.es\/convocatoria-de-subvencions-soib-oportunitats-ocupacio-dona-2025-2028\/"},"modified":"2025-08-27T14:15:14","modified_gmt":"2025-08-27T12:15:14","slug":"convocatoria-de-subvencions-soib-oportunitats-ocupacio-dona-2025-2028","status":"publish","type":"page","link":"https:\/\/soib.es\/es\/convocatoria-de-subvencions-soib-oportunitats-ocupacio-dona-2025-2028\/","title":{"rendered":"Convocatoria de subvenciones SOIB Oportunidades de Empleo para la Mujer 2025-2028"},"content":{"rendered":"<p>[et_pb_section fb_built=\u00bb1&#8243; _builder_version=\u00bb4.16&#8243; background_color=\u00bb#f7f7f7&#8243; custom_padding=\u00bb25px|0px|25px|0px\u00bb global_colors_info=\u00bb{}\u00bb][et_pb_row _builder_version=\u00bb4.16&#8243; global_colors_info=\u00bb{}\u00bb][et_pb_column type=\u00bb4_4&#8243; _builder_version=\u00bb4.16&#8243; custom_padding=\u00bb|||\u00bb global_colors_info=\u00bb{}\u00bb custom_padding__hover=\u00bb|||\u00bb][et_pb_image src=\u00bbhttps:\/\/soib.es\/wp-content\/uploads\/2025\/08\/jul2025_Cintillo-logotips-SOIB-DONA-2025-2028.png\u00bb title_text=\u00bbjul2025_Cintillo logotips SOIB DONA 2025-2028&#8243; _builder_version=\u00bb4.27.4&#8243; _module_preset=\u00bbdefault\u00bb hover_enabled=\u00bb0&#8243; global_colors_info=\u00bb{}\u00bb sticky_enabled=\u00bb0&#8243;][\/et_pb_image][et_pb_text _builder_version=\u00bb4.27.3&#8243; global_colors_info=\u00bb{}\u00bb]<\/p>\n<h1><strong>Convocatoria de subvenciones SOIB Oportunidades de Empleo para la Mujer 2025-2028<\/strong><\/h1>\n<p>[\/et_pb_text][\/et_pb_column][\/et_pb_row][\/et_pb_section][et_pb_section fb_built=\u00bb1&#8243; _builder_version=\u00bb4.16&#8243; custom_padding=\u00bb25px|0px|54px|0px\u00bb global_colors_info=\u00bb{}\u00bb][et_pb_row _builder_version=\u00bb4.16&#8243; global_colors_info=\u00bb{}\u00bb][et_pb_column type=\u00bb4_4&#8243; _builder_version=\u00bb4.16&#8243; custom_padding=\u00bb|||\u00bb global_colors_info=\u00bb{}\u00bb custom_padding__hover=\u00bb|||\u00bb][et_pb_text _builder_version=\u00bb4.27.3&#8243; _module_preset=\u00bbdefault\u00bb locked=\u00bboff\u00bb global_colors_info=\u00bb{}\u00bb]<br \/>El objeto de esta convocatoria es regular la concesi\u00f3n de subvenciones destinadas a financiar los costes salariales totales, incluida la cotizaci\u00f3n empresarial a la Seguridad Social as\u00ed como los costes de acciones complementarias, que se deriven de la contrataci\u00f3n de mujeres v\u00edctimas de violencia machista que sean contratadas por las entidades que se relacionan en el apartado \u00abentidades beneficiarias\u00bb.<\/p>\n<p>El \u00e1mbito de aplicaci\u00f3n de esta convocatoria es la Comunidad Aut\u00f3noma de las Illes Balears.[\/et_pb_text][\/et_pb_column][\/et_pb_row][et_pb_row _builder_version=\u00bb4.23.1&#8243; custom_margin=\u00bb||||false|false\u00bb global_colors_info=\u00bb{}\u00bb][et_pb_column type=\u00bb4_4&#8243; _builder_version=\u00bb4.16&#8243; custom_padding=\u00bb|||\u00bb global_colors_info=\u00bb{}\u00bb custom_padding__hover=\u00bb|||\u00bb][et_pb_accordion open_toggle_text_color=\u00bb#474747&#8243; closed_toggle_text_color=\u00bb#cb023e\u00bb icon_color=\u00bb#cb023e\u00bb disabled_on=\u00bboff|off|off\u00bb _builder_version=\u00bb4.27.3&#8243; toggle_text_color=\u00bbRGBA(0,0,0,0)\u00bb toggle_font=\u00bb|700|||||||\u00bb db_closeable=\u00bbon\u00bb db_initial_state=\u00bball_closed\u00bb global_colors_info=\u00bb{}\u00bb][et_pb_accordion_item title=\u00bbEntidades beneficiarias\u00bb open=\u00bbon\u00bb _builder_version=\u00bb4.27.3&#8243; global_colors_info=\u00bb{}\u00bb]<\/p>\n<p>Se pueden beneficiar de la subvenci\u00f3n objeto de esta convocatoria las entidades relacionadas a continuaci\u00f3n que contraten mujeres v\u00edctimas de violencia machista en el marco de esta convocatoria y que dispongan de capacidad t\u00e9cnica y de gesti\u00f3n:<\/p>\n<p><\/p>\n<ul>\n<li>Las entidades locales y las entidades de derecho p\u00fablico dependientes o que est\u00e1n vinculadas.<\/li>\n<li>Las entidades p\u00fablicas empresariales y las fundaciones del sector p\u00fablico de la CAIB.<\/li>\n<li>Las entidades sin \u00e1nimo de lucro.<\/li>\n<li>Las asociaciones empresariales y sindicales sin \u00e1nimo de lucro.<\/li>\n<\/ul>\n<p>[\/et_pb_accordion_item][et_pb_accordion_item title=\u00bbPersonas destinatarias\u00bb _builder_version=\u00bb4.27.3&#8243; global_colors_info=\u00bb{}\u00bb open=\u00bboff\u00bb]En el marco de esta convocatoria se puede contratar a las mujeres que cumplan los requisitos siguientes:<\/p>\n<p>a) Tener acreditada la condici\u00f3n de v\u00edctima de violencia machista.<br \/>b) Tener un acuerdo personalizado de empleo ligado al itinerario individualizado de inserci\u00f3n con el SOIB.<br \/>c) Tener la autorizaci\u00f3n administrativa de trabajo y residencia vigente, si procede.<br \/>d) Estar inscrita en el SOIB como demandante de trabajo o mejora de empleo.<br \/>e) No haber sido contratada en otros programas de fomento espec\u00edficos para mujeres v\u00edctimas de violencia machista del SOIB con excepci\u00f3n de mujeres que, por causas extraordinarias no vinculadas a su desarrollo laboral y debidamente motivadas por el SOIB, hayan disfrutado de un m\u00e1ximo de tres meses de contrato.<\/p>\n<p>Estos requisitos deben cumplirse durante el proceso de selecci\u00f3n, y con car\u00e1cter previo a la contrataci\u00f3n y el alta en la Seguridad Social.[\/et_pb_accordion_item][et_pb_accordion_item title=\u00bbPlazo de presentaci\u00f3n de solicitudes\u00bb _builder_version=\u00bb4.27.3&#8243; global_colors_info=\u00bb{}\u00bb open=\u00bboff\u00bb]El plazo para presentar las solicitudes permanecer\u00e1 abierto desde el d\u00eda siguiente al de la publicaci\u00f3n de la convocatoria en el Bolet\u00edn Oficial de las Illes Balears (BOIB) hasta el 30 de septiembre de 2027; o hasta agotar el cr\u00e9dito (en caso de que sea anterior a esta fecha) y se publique en el BOIB la resoluci\u00f3n que informe del agotamiento del cr\u00e9dito disponible.<br \/>Las entidades participantes deben presentar una solicitud por proyecto y puede incluir uno o m\u00e1s puestos de trabajo. Las entidades pueden presentar una o m\u00e1s solicitudes a lo largo del plazo de presentaci\u00f3n de solicitudes.[\/et_pb_accordion_item][et_pb_accordion_item title=\u00bbPresupuesto\u00bb _builder_version=\u00bb4.27.3&#8243; global_colors_info=\u00bb{}\u00bb open=\u00bboff\u00bb]<\/p>\n<p>El cr\u00e9dito asignado inicialmente a esta convocatoria es de seis millones de euros (6.000.000 \u20ac) y queda sometido a la condici\u00f3n suspensiva de la existencia de cr\u00e9dito adecuado y suficiente para financiar el cumplimiento de la obligaci\u00f3n en los presupuestos generales de la Comunidad Aut\u00f3noma de las Illes Balears de los correspondientes ejercicios presupuestarios, de acuerdo con el siguiente desglose por anualidades:<\/p>\n<p><\/p>\n<ul>\n<li>A\u00f1o 2025: 2.000.000 \u20ac<\/li>\n<li>A\u00f1o 2026: 2.000.000 \u20ac<\/li>\n<li>A\u00f1o 2027: 2.000.000 \u20ac<\/li>\n<\/ul>\n<p><\/p>\n<p>Las ayudas que establece esta convocatoria deben financiarse con fondos provenientes de Conferencia Sectorial de Empleo y Asuntos Laborales y se prev\u00e9 que puedan ser cofinanciadas por la Uni\u00f3n Europea (FSE+) en el marco del Programa Operativo FSE+ 2021-2027 de la Comunidad Aut\u00f3noma de las Illes Balears (PIBAL FSE).<\/p>\n<p>[\/et_pb_accordion_item][et_pb_accordion_item title=\u00bbConceptos que se subvencionan\u00bb _builder_version=\u00bb4.27.3&#8243; global_colors_info=\u00bb{}\u00bb open=\u00bboff\u00bb]<\/p>\n<p>La cuant\u00eda de la subvenci\u00f3n que recibir\u00e1n las entidades beneficiarias debe destinarse a financiar los costes salariales totales, incluida la cotizaci\u00f3n empresarial a la Seguridad Social de las mujeres que ser\u00e1n contratadas en el proyecto, as\u00ed como los gastos para llevar a cabo las acciones complementarias si el proyecto las incluye.<\/p>\n<p>[\/et_pb_accordion_item][et_pb_accordion_item title=\u00bbPlazo de ejecuci\u00f3n de las acciones\u00bb _builder_version=\u00bb4.27.3&#8243; global_colors_info=\u00bb{}\u00bb open=\u00bboff\u00bb]La entidad deber\u00e1 haber formalizado todos los contratos en el plazo m\u00e1ximo de cuatro meses desde la notificaci\u00f3n de la resoluci\u00f3n de concesi\u00f3n.<br \/>Excepcionalmente, la entidad puede solicitar, mediante el modelo normalizado, la ampliaci\u00f3n de este plazo, que se autorizar\u00e1, en su caso, con modificaci\u00f3n de la Resoluci\u00f3n de concesi\u00f3n.[\/et_pb_accordion_item][et_pb_accordion_item title=\u00bbNormativa\u00bb _builder_version=\u00bb4.27.3&#8243; global_colors_info=\u00bb{}\u00bb open=\u00bboff\u00bb]1. Por motivo del cofinanciamiento con fondos europeos, son aplicables:<\/p>\n<ul>\n<li>El Reglamento (UE) 2021\/1057, del Parlamento y del Consejo, de 24 de junio de 2021, por el que se establece el Fondo Social Europeo Plus (FSE+) y por el que se deroga el Reglamento (UE) 1296\/2013, y se establecen los objetivos del FSE+, el presupuesto para el periodo 2021-2027, los m\u00e9todos de ejecuci\u00f3n, las formas de financiaci\u00f3n de la Uni\u00f3n y las normas para proporcionar su financiaci\u00f3n.<\/li>\n<li>El Reglamento (UE) 2021\/1060, del Parlamento y del Consejo, de 24 de junio de 2021, por el que se establecen las disposiciones comunes relativas al Fondo Europeo de Desarrollo Regional, al Fondo Social Europeo Plus, al Fondo de Cohesi\u00f3n, al Fondo de Transici\u00f3n Justa y al Fondo Europeo Mar\u00edtimo, de Pesca y Acuicultura, as\u00ed como las normas financieras para estos Fondos y para el Fondo de Asilo,  Migraci\u00f3n e Integraci\u00f3n, el Fondo de Seguridad Interior y el Instrumento de Apoyo Financiero a la Gesti\u00f3n de Fronteras y la Pol\u00edtica de Visados.<\/li>\n<li>El Reglamento (UE, Euratom) 2024\/2509, sobre las normas financieras aplicables al presupuesto de la Uni\u00f3n.<\/li>\n<li>La orden TES\/106\/2024, de 8 de febrero, por la que se determinan los gastos subvencionables por el FSE+ durante el periodo de programaci\u00f3n 2021-2027.<\/li>\n<\/ul>\n<p>2. La Ley 38\/2003, de 17 de noviembre, general de subvenciones, as\u00ed como el Reglamento que la desarrolla, aprobado por el Real Decreto 887\/2006, de 21 de julio, y el resto de normativa aplicable.<\/p>\n<p>3. El Decreto legislativo 2\/2005, de 28 de diciembre, por el que se aprueba el Texto refundido de la Ley de subvenciones de la Comunidad Aut\u00f3noma de las Illes Balears.<\/p>\n<p>4. El texto refundido de la Ley del Estatuto de los trabajadores aprobado por el Real Decreto Legislativo 2\/2015, de 23 de octubre, y modificado por el Real Decreto-ley 32\/2021, de 28 de diciembre, de medidas urgentes para la reforma laboral, la garant\u00eda de la estabilidad en el empleo y la transformaci\u00f3n.<\/p>\n<p>5. La Ley 3\/2023, de 28 de febrero, de Empleo.<\/p>\n<p>6. El Real Decreto 438\/2024, de 30 de abril, por el que se desarrolla la Cartera Com\u00fan de Servicios del Sistema Nacional de Empleo y los servicios garantizados establecidos en la Ley 3\/2023, de 28 de febrero, de Empleo.<\/p>\n<p>7. El Real Decreto 818\/2021, de 28 de septiembre, por el que se regulan los programas comunes de activaci\u00f3n para el empleo del sistema nacional de empleo.<\/p>\n<p>8. La Orden 16\/2023, del consejero de Modelo Econ\u00f3mico, Turismo y Trabajo, de 17 de mayo de 2023, por la que se establecen las bases reguladoras de las subvenciones en materia de pol\u00edticas activas de empleo gestionadas por el SOIB (BOIB n\u00fam. 67, de 20 de mayo), identificada a lo largo del anexo de la convocatoria como Orden 16\/2023.<\/p>\n<p>9. El resto de normativa, tanto nacional como de la Uni\u00f3n Europea, o cualquier otra que resulte de aplicaci\u00f3n.[\/et_pb_accordion_item][et_pb_accordion_item title=\u00bbContacto\u00bb _builder_version=\u00bb4.27.3&#8243; global_colors_info=\u00bb{}\u00bb open=\u00bboff\u00bb]<\/p>\n<p>Buz\u00f3n de consulta: <span style=\"color: #cb023e;\"><a style=\"color: #cb023e;\" href=\"mailto:fomentocupacio3@soib.caib.es\" target=\"_blank\" rel=\"noopener\">fomentocupacio3@soib.caib.es<\/a><\/span><\/p>\n<p>[\/et_pb_accordion_item][\/et_pb_accordion][et_pb_button button_url=\u00bbhttps:\/\/www.caib.es\/seucaib\/es\/202\/administracions\/tramites\/tramite\/6270222&#8243; url_new_window=\u00bbon\u00bb button_text=\u00bbAcceso al tr\u00e1mite de la convocatoria\u00bb _builder_version=\u00bb4.27.3&#8243; _module_preset=\u00bbdefault\u00bb custom_button=\u00bbon\u00bb button_text_size=\u00bb15px\u00bb button_text_color=\u00bb#cb023e\u00bb button_bg_color=\u00bb#FFFFFF\u00bb button_border_width=\u00bb1px\u00bb button_border_color=\u00bb#cb023e\u00bb button_font=\u00bb|600|||||||\u00bb button_icon=\u00bb&#xe07e;||divi||400&#8243; button_icon_placement=\u00bbleft\u00bb button_on_hover=\u00bboff\u00bb locked=\u00bboff\u00bb global_colors_info=\u00bb{}\u00bb][\/et_pb_button][\/et_pb_column][\/et_pb_row][et_pb_row _builder_version=\u00bb4.23.1&#8243; custom_margin=\u00bb||||false|false\u00bb global_colors_info=\u00bb{}\u00bb][et_pb_column type=\u00bb4_4&#8243; _builder_version=\u00bb4.16&#8243; custom_padding=\u00bb|||\u00bb global_colors_info=\u00bb{}\u00bb custom_padding__hover=\u00bb|||\u00bb][et_pb_text _builder_version=\u00bb4.27.3&#8243; global_colors_info=\u00bb{}\u00bb]<\/p>\n<p>M\u00e1s informaci\u00f3n: <a href=\"https:\/\/soib.es\/wp-content\/uploads\/2024\/12\/BOIB-17dic2024-SOIB-Oportunidades-de-Empleo-para-la-Mujer-2025-2028.pdf\" target=\"_blank\" rel=\"noopener\"><span style=\"color: #cb023e;\"><strong>BOIB convocatoria de subvenciones SOIB Oportunidades de Empleo para la Mujer 2025-2028<\/strong><\/span><\/a>.<\/p>\n<p>[\/et_pb_text][\/et_pb_column][\/et_pb_row][\/et_pb_section]<\/p>\n","protected":false},"excerpt":{"rendered":"<p>Convocatoria de subvenciones SOIB Oportunidades de Empleo para la Mujer 2025-2028El objeto de esta convocatoria es regular la concesi\u00f3n de subvenciones destinadas a financiar los costes salariales totales, incluida la cotizaci\u00f3n empresarial a la Seguridad Social as\u00ed como los costes de acciones complementarias, que se deriven de la contrataci\u00f3n de mujeres v\u00edctimas de violencia machista [&hellip;]<\/p>\n","protected":false},"author":13,"featured_media":0,"parent":0,"menu_order":0,"comment_status":"closed","ping_status":"closed","template":"","meta":{"_et_pb_use_builder":"on","_et_pb_old_content":"","_et_gb_content_width":"","footnotes":"","_links_to":"","_links_to_target":""},"class_list":["post-60577","page","type-page","status-publish","hentry"],"publishpress_future_action":{"enabled":false,"date":"2026-04-15 11:41:03","action":"change-status","newStatus":"draft","terms":[],"taxonomy":"translation_priority","extraData":[]},"publishpress_future_workflow_manual_trigger":{"enabledWorkflows":[]},"_links":{"self":[{"href":"https:\/\/soib.es\/es\/wp-json\/wp\/v2\/pages\/60577","targetHints":{"allow":["GET"]}}],"collection":[{"href":"https:\/\/soib.es\/es\/wp-json\/wp\/v2\/pages"}],"about":[{"href":"https:\/\/soib.es\/es\/wp-json\/wp\/v2\/types\/page"}],"author":[{"embeddable":true,"href":"https:\/\/soib.es\/es\/wp-json\/wp\/v2\/users\/13"}],"replies":[{"embeddable":true,"href":"https:\/\/soib.es\/es\/wp-json\/wp\/v2\/comments?post=60577"}],"version-history":[{"count":0,"href":"https:\/\/soib.es\/es\/wp-json\/wp\/v2\/pages\/60577\/revisions"}],"wp:attachment":[{"href":"https:\/\/soib.es\/es\/wp-json\/wp\/v2\/media?parent=60577"}],"curies":[{"name":"wp","href":"https:\/\/api.w.org\/{rel}","templated":true}]}}