{"id":60190,"date":"2024-11-07T09:00:13","date_gmt":"2024-11-07T08:00:13","guid":{"rendered":"https:\/\/soib.es\/convocatoria-de-subvencions-soib-orientacio-itineraris-integrals-insercio-2025-2026\/"},"modified":"2024-12-05T09:42:29","modified_gmt":"2024-12-05T08:42:29","slug":"convocatoria-de-subvencions-soib-orientacio-itineraris-integrals-insercio-2025-2026","status":"publish","type":"page","link":"https:\/\/soib.es\/es\/convocatoria-de-subvencions-soib-orientacio-itineraris-integrals-insercio-2025-2026\/","title":{"rendered":"Convocatoria de subvenciones SOIB Orientaci\u00f3n Itinerarios Integrales de Inserci\u00f3n 2025-2026"},"content":{"rendered":"<p>[et_pb_section fb_built=\u00bb1&#8243; _builder_version=\u00bb4.16&#8243; background_color=\u00bb#f7f7f7&#8243; custom_padding=\u00bb25px|0px|25px|0px\u00bb global_colors_info=\u00bb{}\u00bb][et_pb_row _builder_version=\u00bb4.16&#8243; global_colors_info=\u00bb{}\u00bb][et_pb_column type=\u00bb4_4&#8243; _builder_version=\u00bb4.16&#8243; custom_padding=\u00bb|||\u00bb global_colors_info=\u00bb{}\u00bb custom_padding__hover=\u00bb|||\u00bb][et_pb_image src=\u00bbhttps:\/\/soib.es\/wp-content\/uploads\/2024\/05\/Cintillo-logotips-SOIB-JOVE-QUALIFICATS-SECTOR-PUBLIC-2024.png\u00bb title_text=\u00bbCintillo logotips SOIB JOVE QUALIFICATS-SECTOR PUBLIC 2024&#8243; _builder_version=\u00bb4.27.3&#8243; _module_preset=\u00bbdefault\u00bb locked=\u00bboff\u00bb global_colors_info=\u00bb{}\u00bb][\/et_pb_image][et_pb_text _builder_version=\u00bb4.23.1&#8243; global_colors_info=\u00bb{}\u00bb]<\/p>\n<h1><strong>Convocatoria de subvenciones SOIB Orientaci\u00f3n Itinerarios Integrales de Inserci\u00f3n 2025-2026<\/strong><\/h1>\n<p>[\/et_pb_text][\/et_pb_column][\/et_pb_row][\/et_pb_section][et_pb_section fb_built=\u00bb1&#8243; _builder_version=\u00bb4.16&#8243; custom_padding=\u00bb25px|0px|54px|0px\u00bb global_colors_info=\u00bb{}\u00bb][et_pb_row _builder_version=\u00bb4.16&#8243; global_colors_info=\u00bb{}\u00bb][et_pb_column type=\u00bb4_4&#8243; _builder_version=\u00bb4.16&#8243; custom_padding=\u00bb|||\u00bb global_colors_info=\u00bb{}\u00bb custom_padding__hover=\u00bb|||\u00bb][et_pb_text _builder_version=\u00bb4.23.1&#8243; _module_preset=\u00bbdefault\u00bb locked=\u00bboff\u00bb global_colors_info=\u00bb{}\u00bb]<\/p>\n<p>El objeto de esta convocatoria es regular la concesi\u00f3n de subvenciones para el periodo 2025 y 2026 para actuaciones, dentro del \u00e1mbito geogr\u00e1fico de la comunidad aut\u00f3noma de las Illes Balears, de itinerarios integrales de inserci\u00f3n para el empleo de colectivos vulnerables. Se entienden por itinerarios integrales de inserci\u00f3n de colectivos vulnerables los proyectos que ejecutan orientaci\u00f3n para el empleo. Se trata de procesos de acompa\u00f1amiento y de ayuda individual, personalizada e integral, en los que el individuo, mediante diferentes actuaciones, construye un proyecto profesional que integra las necesidades personales con las exigencias sociales, con el objetivo final de incorporarse al mercado de trabajo de manera regular.<\/p>\n<p>[\/et_pb_text][\/et_pb_column][\/et_pb_row][et_pb_row _builder_version=\u00bb4.23.1&#8243; custom_margin=\u00bb30px||||false|false\u00bb global_colors_info=\u00bb{}\u00bb][et_pb_column type=\u00bb4_4&#8243; _builder_version=\u00bb4.16&#8243; custom_padding=\u00bb|||\u00bb global_colors_info=\u00bb{}\u00bb custom_padding__hover=\u00bb|||\u00bb][et_pb_accordion open_toggle_text_color=\u00bb#474747&#8243; closed_toggle_text_color=\u00bb#cb023e\u00bb icon_color=\u00bb#cb023e\u00bb disabled_on=\u00bboff|off|off\u00bb _builder_version=\u00bb4.27.2&#8243; toggle_text_color=\u00bbRGBA(0,0,0,0)\u00bb toggle_font=\u00bb|700|||||||\u00bb db_closeable=\u00bbon\u00bb db_initial_state=\u00bball_closed\u00bb global_colors_info=\u00bb{}\u00bb][et_pb_accordion_item title=\u00bbEntidades beneficiarias\u00bb open=\u00bbon\u00bb _builder_version=\u00bb4.23.1&#8243; global_colors_info=\u00bb{}\u00bb]<em>a)<\/em> Personas jur\u00eddicas sin \u00e1nimo de lucro con sede en las Illes Balears que no formen parte del Tercer Sector de Acci\u00f3n Social, de acuerdo con la Ley 3\/2018, de 29 de mayo, del tercer sector de acci\u00f3n social, y que acrediten como m\u00ednimo 1 a\u00f1o de experiencia en el \u00e1mbito de las Illes Balears en la ejecuci\u00f3n de proyectos de orientaci\u00f3n laboral con el colectivo para el que presentan el proyecto.<\/p>\n<p><em>b)<\/em> Administraciones locales de las Illes Balears, y las entidades de derecho p\u00fablico que dependen o que est\u00e1n vinculadas a ellas, que acrediten como m\u00ednimo 1 a\u00f1o de experiencia en el \u00e1mbito de las Illes Balears en el desarrollo de proyectos de orientaci\u00f3n laboral con el colectivo para el que presentan el proyecto.[\/et_pb_accordion_item][et_pb_accordion_item title=\u00bbPersonas destinatarias\u00bb _builder_version=\u00bb4.27.2&#8243; global_colors_info=\u00bb{}\u00bb open=\u00bboff\u00bb]<\/p>\n<p>Los servicios de itinerarios integrales de inserci\u00f3n se dirigen a los colectivos vulnerables hacia el mercado laboral, inscritos como demandantes de empleo o demandantes de servicios previos al empleo (exceptuando la poblaci\u00f3n penitenciaria en r\u00e9gimen de segundo grado), con especiales dificultades de empleabilidad.<\/p>\n<p>Los colectivos que deben atender los proyectos de itinerarios integrales de inserci\u00f3n de colectivos vulnerables son los siguientes:<\/p>\n<p><em>a)<\/em> Colectivo de personas en riesgo de exclusi\u00f3n social y con dificultades especiales de inserci\u00f3n laboral, inscritas en el SOIB como demandantes de empleo o como demandantes de servicios previos al empleo.<br \/>Se entiende como persona en riesgo de exclusi\u00f3n social la persona que acredita esta situaci\u00f3n mediante un informe de Servicios Sociales o un informe t\u00e9cnico de la entidad que especifique las causas conducentes a la situaci\u00f3n de riesgo de exclusi\u00f3n.<\/p>\n<p><em>b)<\/em> Colectivo de personas j\u00f3venes en riesgo de exclusi\u00f3n social y con dificultades especiales de inserci\u00f3n laboral, mayores de 16 a\u00f1os y menores de 30 a\u00f1os, inscritas en el SOIB como demandantes de servicios previos al empleo o como demandantes de empleo, en situaci\u00f3n de desempleo e inscritas en el Sistema Nacional de Garant\u00eda Juvenil.<br \/>Se entiende como persona joven en riesgo de exclusi\u00f3n social la persona que acredita esta situaci\u00f3n mediante un informe de Servicios Sociales o un informe t\u00e9cnico de la entidad que especifique las causas conducentes a la situaci\u00f3n de riesgo de exclusi\u00f3n.<\/p>\n<p><em>c)<\/em> Colectivo de personas con discapacidad intelectual y con dificultades especiales de inserci\u00f3n laboral, inscritas en el SOIB como demandantes de empleo o como demandantes de servicios previos al empleo con la condici\u00f3n de persona con discapacidad con un grado igual o superior al 33%. Tambi\u00e9n quedan incluidas las personas con capacidad intelectual l\u00edmite, como demandantes de empleo no ocupadas y que pueden acceder acreditando una valoraci\u00f3n de al menos un 2 0% de discapacidad intelectual y que no llegue al 33%.<\/p>\n<p><em>d)<\/em> Colectivo de personas con diagn\u00f3stico de salud mental y con dificultades especiales de inserci\u00f3n inscritas en el SOIB como demandantes de empleo o como demandantes de servicios previos al empleo.<br \/>Se entiende como persona con diagn\u00f3stico de salud mental la que acredita esta situaci\u00f3n en la que se certifica la discapacidad con un grado igual o superior al 33% o con la presentaci\u00f3n de un informe emitido por parte del \u00c1rea de Salud Mental de la Administraci\u00f3n de salud p\u00fablica.<\/p>\n<p><em>e)<\/em> Colectivo de personas con otras discapacidades (f\u00edsicas, sensoriales, etc.) y con dificultades especiales de inserci\u00f3n laboral inscritas en el SOIB como demandantes de empleo o como demandantes de servicios previos al empleo con la condici\u00f3n de persona con discapacidad con un grado igual o superior al 33%.<\/p>\n<p>[\/et_pb_accordion_item][et_pb_accordion_item title=\u00bbPlazo de presentaci\u00f3n de solicitudes\u00bb _builder_version=\u00bb4.27.2&#8243; global_colors_info=\u00bb{}\u00bb open=\u00bboff\u00bb]<\/p>\n<p>El plazo para presentar las solicitudes es de quince d\u00edas h\u00e1biles desde el d\u00eda siguiente al de la publicaci\u00f3n en el <em>Bolet\u00edn Oficial de las Illes Balears<\/em>.<\/p>\n<p>Las entidades pueden presentar solicitudes referidas a un proyecto por isla y por colectivo, excepto en lo que se refiere a los colectivos de personas con discapacidad intelectual, salud mental y el resto de discapacidades (sensoriales, f\u00edsicas, etc.), para los que un mismo proyecto puede incluir usuarios de estos colectivos.<\/p>\n<p>[\/et_pb_accordion_item][et_pb_accordion_item title=\u00bbPresupuesto\u00bb _builder_version=\u00bb4.23.1&#8243; global_colors_info=\u00bb{}\u00bb open=\u00bboff\u00bb]<\/p>\n<p>El cr\u00e9dito inicialmente asignado a la convocatoria es de 3.082.000 \u20ac, con la cofinanciaci\u00f3n del Fondo Social Europeo (FSE), en el marco del Programa Balears del FSE+ para el periodo 2021-2027.<\/p>\n<p>1. Distribuci\u00f3n por anualidades:<\/p>\n<ul>\n<li>Anualidad 2025: 1.541.000 \u20ac<\/li>\n<li>Anualidad 2026: 1.541.000 \u20ac<\/li>\n<\/ul>\n<p>2. Distribuci\u00f3n por colectivos:<\/p>\n<ul>\n<li>Colectivo de personas en riesgo de exclusi\u00f3n social y con dificultades especiales de inserci\u00f3n laboral: 1.132.000 \u20ac<\/li>\n<li>Colectivo de personas j\u00f3venes en riesgo de exclusi\u00f3n social y con dificultades especiales de inserci\u00f3n laboral, mayores de 16 y menores de 30 a\u00f1os, inscritos en el Sistema Nacional de Garant\u00eda Juvenil: 700.000 \u20ac<\/li>\n<li>Colectivo de personas con discapacidad y colectivo de personas con diagn\u00f3stico de salud mental y con dificultades especiales de inserci\u00f3n laboral: 1.250.000 \u20ac<\/li>\n<\/ul>\n<p>[\/et_pb_accordion_item][et_pb_accordion_item title=\u00bbConceptos que se subvencionan\u00bb _builder_version=\u00bb4.23.1&#8243; global_colors_info=\u00bb{}\u00bb open=\u00bboff\u00bb]El indicador para determinar el coste unitario que se utiliza en esta convocatoria es la tarifa anual por la prestaci\u00f3n de servicios de asesoramiento, el cual tiene como unidad de medida el n\u00famero de a\u00f1os de servicios de asesoramiento prestados a personas desempleadas registradas, solicitantes de empleo o personas inactivas.<br \/>\nLos importes cubren todos los costes subvencionables de la operaci\u00f3n (es decir, los costes directos de personal m\u00e1s un tipo fijo del 40% para cubrir todos los dem\u00e1s costes subvencionables).[\/et_pb_accordion_item][et_pb_accordion_item title=\u00bbPlazo de ejecuci\u00f3n de las acciones\u00bb _builder_version=\u00bb4.23.1&#8243; global_colors_info=\u00bb{}\u00bb open=\u00bboff\u00bb]Las actuaciones objeto de esta convocatoria correspondientes a los proyectos aprobados pueden iniciarse a partir del d\u00eda 1 de enero de 2025 y deben haber finalizado, como m\u00e1ximo, el d\u00eda 31 de diciembre de 2026. As\u00ed, esta convocatoria tendr\u00e1 dos anualidades, la primera correspondiente al ejercicio 2025 y la segunda, en el ejercicio 2026.[\/et_pb_accordion_item][et_pb_accordion_item title=\u00bbNormativa\u00bb _builder_version=\u00bb4.23.1&#8243; global_colors_info=\u00bb{}\u00bb open=\u00bboff\u00bb]<\/p>\n<p>1. Todas las acciones subvencionadas en el marco de esta convocatoria se rigen por la Ley 38\/2003, de 17 de noviembre, general de subvenciones (LGS); el Decreto legislativo 2\/2005, de 28 de septiembre, por el que se aprueba el Texto refundido de la Ley de subvenciones (TRLS) y la Orden 16\/2023 del consejero de Modelo Econ\u00f3mico, Turismo y Trabajo, de 17 de mayo de 2023 por la que se establecen las bases reguladoras de las subvenciones en materia de pol\u00edticas activas de empleo gestionadas por el Servicio de Empleo de las Illes Balears (BOIB n\u00fam. 67, de 20 de mayo).<\/p>\n<p>2. Por motivo de la cofinanciaci\u00f3n por parte del FSE+ son de aplicaci\u00f3n el Reglamento (UE) 2021\/1057 del Parlamento Europeo y del Consejo, de 24 de junio de 2021, por el que se establece el Fondo Social Europeo Plus (FSE+) y por el que se deroga el Reglamento (UE) n\u00fam. 1296\/2013 y el Reglamento (UE) 2021\/1060, del Parlamento Europeo y del Consejo, de 24 de junio de 2021, por el que se establecen las disposiciones comunes relativas al Fondo Europeo de Desarrollo Regional, al Fondo Social Europeo Plus, al Fondo de Cohesi\u00f3n, al Fondo de Transici\u00f3n Justa y al Fondo Europeo Mar\u00edtimo, de Pesca y de Acuicultura, as\u00ed como las normas financieras para estos Fondos y para el Fondo de Asilo, Migraci\u00f3n e Integraci\u00f3n, el Fondo de Seguridad Interior y el Instrumento de Apoyo Financiero a la Gesti\u00f3n de Fronteras y la Pol\u00edtica de Visados y, con respecto a la certificaci\u00f3n se aplicar\u00e1 el Reglamento Delegado (UE) 2023\/1676 de la Comisi\u00f3n de 7 de julio de 2023 por el que se completa el Reglamento (UE) 2021\/1060 del Parlamento Europeo y del Consejo en cuanto a la definici\u00f3n de costes unitarios, importes a tanto alzado y tipos fijos y financiaci\u00f3n no vinculada a los costes para el reembolso de gastos a los Estados miembros por parte de la Comisi\u00f3n y la Orden TES\/106\/2024, de 8 de febrero, por la que se determinan los gastos subvencionables por el FSE+ durante el periodo de programaci\u00f3n 2021-2027.<\/p>\n<p>[\/et_pb_accordion_item][et_pb_accordion_item title=\u00bbContacto\u00bb _builder_version=\u00bb4.23.1&#8243; global_colors_info=\u00bb{}\u00bb open=\u00bboff\u00bb]<\/p>\n<p>Buz\u00f3n de consulta: <span style=\"color: #cb023e;\"><a style=\"color: #cb023e;\" href=\"mailto:registre.xol@soib.caib.es\" target=\"_blank\" rel=\"noopener\">registre.xol@soib.caib.es<\/a><\/span><\/p>\n<p>[\/et_pb_accordion_item][\/et_pb_accordion][et_pb_button button_url=\u00bbhttps:\/\/www.caib.es\/seucaib\/es\/201\/empreses\/tramites\/tramite\/6258106&#8243; url_new_window=\u00bbon\u00bb button_text=\u00bbAcceso al tr\u00e1mite de la convocatoria\u00bb _builder_version=\u00bb4.27.2&#8243; _module_preset=\u00bbdefault\u00bb custom_button=\u00bbon\u00bb button_text_size=\u00bb15px\u00bb button_text_color=\u00bb#cb023e\u00bb button_bg_color=\u00bb#FFFFFF\u00bb button_border_width=\u00bb1px\u00bb button_border_color=\u00bb#cb023e\u00bb button_font=\u00bb|600|||||||\u00bb button_icon=\u00bb&#xe07e;||divi||400&#8243; button_icon_placement=\u00bbleft\u00bb button_on_hover=\u00bboff\u00bb locked=\u00bboff\u00bb global_colors_info=\u00bb{}\u00bb][\/et_pb_button][\/et_pb_column][\/et_pb_row][et_pb_row _builder_version=\u00bb4.23.1&#8243; custom_margin=\u00bb30px||||false|false\u00bb global_colors_info=\u00bb{}\u00bb][et_pb_column type=\u00bb4_4&#8243; _builder_version=\u00bb4.16&#8243; custom_padding=\u00bb|||\u00bb global_colors_info=\u00bb{}\u00bb custom_padding__hover=\u00bb|||\u00bb][et_pb_text _builder_version=\u00bb4.27.2&#8243; global_colors_info=\u00bb{}\u00bb]M\u00e1s informaci\u00f3n: <a href=\"https:\/\/soib.es\/wp-content\/uploads\/2024\/11\/BOIB-SOIB-Orientacion-Itinerarios-Integrales-de-Insercion-2025-2026.pdf\" target=\"_blank\" rel=\"noopener\" data-wplink-url-error=\"true\"><span style=\"color: #cb023e;\"><strong>BOIB convocatoria de subvenciones SOIB orientaci\u00f3n Itinerarios Integrales de Inserci\u00f3n 2025-2026<\/strong><\/span><\/a>.[\/et_pb_text][\/et_pb_column][\/et_pb_row][\/et_pb_section]<\/p>\n","protected":false},"excerpt":{"rendered":"<p>Convocatoria de subvenciones SOIB Orientaci\u00f3n Itinerarios Integrales de Inserci\u00f3n 2025-2026El objeto de esta convocatoria es regular la concesi\u00f3n de subvenciones para el periodo 2025 y 2026 para actuaciones, dentro del \u00e1mbito geogr\u00e1fico de la comunidad aut\u00f3noma de las Illes Balears, de itinerarios integrales de inserci\u00f3n para el empleo de colectivos vulnerables. Se entienden por itinerarios [&hellip;]<\/p>\n","protected":false},"author":13,"featured_media":0,"parent":0,"menu_order":0,"comment_status":"closed","ping_status":"closed","template":"","meta":{"_et_pb_use_builder":"on","_et_pb_old_content":"","_et_gb_content_width":"","footnotes":"","_links_to":"","_links_to_target":""},"class_list":["post-60190","page","type-page","status-publish","hentry"],"publishpress_future_action":{"enabled":false,"date":"2026-04-16 23:24:35","action":"change-status","newStatus":"draft","terms":[],"taxonomy":"translation_priority","extraData":[]},"publishpress_future_workflow_manual_trigger":{"enabledWorkflows":[]},"_links":{"self":[{"href":"https:\/\/soib.es\/es\/wp-json\/wp\/v2\/pages\/60190","targetHints":{"allow":["GET"]}}],"collection":[{"href":"https:\/\/soib.es\/es\/wp-json\/wp\/v2\/pages"}],"about":[{"href":"https:\/\/soib.es\/es\/wp-json\/wp\/v2\/types\/page"}],"author":[{"embeddable":true,"href":"https:\/\/soib.es\/es\/wp-json\/wp\/v2\/users\/13"}],"replies":[{"embeddable":true,"href":"https:\/\/soib.es\/es\/wp-json\/wp\/v2\/comments?post=60190"}],"version-history":[{"count":0,"href":"https:\/\/soib.es\/es\/wp-json\/wp\/v2\/pages\/60190\/revisions"}],"wp:attachment":[{"href":"https:\/\/soib.es\/es\/wp-json\/wp\/v2\/media?parent=60190"}],"curies":[{"name":"wp","href":"https:\/\/api.w.org\/{rel}","templated":true}]}}