{"id":59588,"date":"2024-09-23T10:00:17","date_gmt":"2024-09-23T08:00:17","guid":{"rendered":"https:\/\/soib.es\/coe-balears\/"},"modified":"2025-12-02T15:51:11","modified_gmt":"2025-12-02T14:51:11","slug":"coe-balears","status":"publish","type":"page","link":"https:\/\/soib.es\/es\/coe-balears\/","title":{"rendered":"COE Balears"},"content":{"rendered":"<p>[et_pb_section fb_built=\u00bb1&#8243; _builder_version=\u00bb4.16&#8243; background_color=\u00bb#f7f7f7&#8243; custom_padding=\u00bb25px|0px|25px|0px\u00bb global_colors_info=\u00bb{}\u00bb][et_pb_row _builder_version=\u00bb4.16&#8243; global_colors_info=\u00bb{}\u00bb][et_pb_column type=\u00bb4_4&#8243; _builder_version=\u00bb4.16&#8243; custom_padding=\u00bb|||\u00bb global_colors_info=\u00bb{}\u00bb custom_padding__hover=\u00bb|||\u00bb][et_pb_image src=\u00bbhttps:\/\/soib.es\/wp-content\/uploads\/2025\/08\/Cintillo-logotips-COE-2025-no-MRR.png\u00bb title_text=\u00bbCintillo logotips COE 2025 (no MRR)\u00bb _builder_version=\u00bb4.27.4&#8243; _module_preset=\u00bbdefault\u00bb global_colors_info=\u00bb{}\u00bb][\/et_pb_image][et_pb_text _builder_version=\u00bb4.27.4&#8243; global_colors_info=\u00bb{}\u00bb]<\/p>\n<h1><strong>Centro de Orientaci\u00f3n, Emprendimiento, Acompa\u00f1amiento e Innovaci\u00f3n para el Empleo (COE Balears)<\/strong><\/h1>\n<p>[\/et_pb_text][\/et_pb_column][\/et_pb_row][et_pb_row column_structure=\u00bb2_3,1_3&#8243; use_custom_gutter=\u00bbon\u00bb disabled_on=\u00bboff|off|off\u00bb _builder_version=\u00bb4.27.4&#8243; background_color=\u00bb#ffffff\u00bb custom_margin=\u00bb|||\u00bb custom_padding=\u00bb15px|12px|12px|12px\u00bb global_colors_info=\u00bb{}\u00bb][et_pb_column type=\u00bb2_3&#8243; _builder_version=\u00bb4.16&#8243; background_color=\u00bb#ffffff\u00bb custom_padding=\u00bb|||\u00bb global_colors_info=\u00bb{}\u00bb custom_padding__hover=\u00bb|||\u00bb][et_pb_slider _builder_version=\u00bb4.27.4&#8243; background_color=\u00bb#a3a3a3&#8243; background_image=\u00bbhttps:\/\/soib.es\/wp-content\/uploads\/2018\/05\/Captura-de-pantalla-2018-05-21-a-las-12.00.50.png\u00bb custom_button=\u00bbon\u00bb button_text_size=\u00bb16px\u00bb button_text_color=\u00bb#ffffff\u00bb button_bg_color=\u00bb#CF3553&#8243; button_border_width=\u00bb0px\u00bb height=\u00bb420px\u00bb auto=\u00bbon\u00bb auto_speed=\u00bb5000&#8243; box_shadow_style=\u00bbpreset6&#8243; box_shadow_blur=\u00bb10px\u00bb box_shadow_color=\u00bbrgba(0,0,0,0.1)\u00bb saved_tabs=\u00bball\u00bb global_colors_info=\u00bb{}\u00bb button_text_size__hover_enabled=\u00bboff\u00bb button_one_text_size__hover_enabled=\u00bboff\u00bb button_two_text_size__hover_enabled=\u00bboff\u00bb button_text_color__hover_enabled=\u00bboff\u00bb button_one_text_color__hover_enabled=\u00bboff\u00bb button_two_text_color__hover_enabled=\u00bboff\u00bb button_border_width__hover_enabled=\u00bboff\u00bb button_one_border_width__hover_enabled=\u00bboff\u00bb button_two_border_width__hover_enabled=\u00bboff\u00bb button_border_color__hover_enabled=\u00bboff\u00bb button_one_border_color__hover_enabled=\u00bboff\u00bb button_two_border_color__hover_enabled=\u00bboff\u00bb button_border_radius__hover_enabled=\u00bboff\u00bb button_one_border_radius__hover_enabled=\u00bboff\u00bb button_two_border_radius__hover_enabled=\u00bboff\u00bb button_letter_spacing__hover_enabled=\u00bboff\u00bb button_one_letter_spacing__hover_enabled=\u00bboff\u00bb button_two_letter_spacing__hover_enabled=\u00bboff\u00bb button_bg_color__hover_enabled=\u00bboff\u00bb button_one_bg_color__hover_enabled=\u00bboff\u00bb button_two_bg_color__hover_enabled=\u00bboff\u00bb][et_pb_slide button_text=\u00bbVer v\u00eddeo\u00bb button_link=\u00bbhttps:\/\/www.youtube.com\/watch?v=ViRBD6vFjos&amp;t=4s\u00bb url_new_window=\u00bbon\u00bb use_bg_overlay=\u00bboff\u00bb use_text_overlay=\u00bboff\u00bb _builder_version=\u00bb4.27.4&#8243; background_image=\u00bbhttps:\/\/soib.es\/wp-content\/uploads\/2025\/04\/Portada-video-COE.png\u00bb background_enable_image=\u00bbon\u00bb custom_css_main_element=\u00bbheight: 315px;\u00bb global_colors_info=\u00bb{}\u00bb button_text_size__hover_enabled=\u00bboff\u00bb button_one_text_size__hover_enabled=\u00bboff\u00bb button_two_text_size__hover_enabled=\u00bboff\u00bb button_text_color__hover_enabled=\u00bboff\u00bb button_one_text_color__hover_enabled=\u00bboff\u00bb button_two_text_color__hover_enabled=\u00bboff\u00bb button_border_width__hover_enabled=\u00bboff\u00bb button_one_border_width__hover_enabled=\u00bboff\u00bb button_two_border_width__hover_enabled=\u00bboff\u00bb button_border_color__hover_enabled=\u00bboff\u00bb button_one_border_color__hover_enabled=\u00bboff\u00bb button_two_border_color__hover_enabled=\u00bboff\u00bb button_border_radius__hover_enabled=\u00bboff\u00bb button_one_border_radius__hover_enabled=\u00bboff\u00bb button_two_border_radius__hover_enabled=\u00bboff\u00bb button_letter_spacing__hover_enabled=\u00bboff\u00bb button_one_letter_spacing__hover_enabled=\u00bboff\u00bb button_two_letter_spacing__hover_enabled=\u00bboff\u00bb button_bg_color__hover_enabled=\u00bboff\u00bb button_one_bg_color__hover_enabled=\u00bboff\u00bb button_two_bg_color__hover_enabled=\u00bboff\u00bb sticky_transition=\u00bbon\u00bb][\/et_pb_slide][\/et_pb_slider][et_pb_text _builder_version=\u00bb4.27.4&#8243; text_font_size=\u00bb13px\u00bb text_line_height=\u00bb1.3em\u00bb text_orientation=\u00bbjustified\u00bb global_colors_info=\u00bb{}\u00bb]<\/p>\n<p>El Centro de Orientaci\u00f3n, Emprendimiento, Acompa\u00f1amiento e Innovaci\u00f3n para el Empleo de Balears (COE Balears) es un espacio de innovaci\u00f3n y experimentaci\u00f3n para el fortalecimiento e integraci\u00f3n de la igualdad de oportunidades en el dise\u00f1o, dinamizaci\u00f3n y evoluci\u00f3n de las pol\u00edticas activas de empleo en Balears.<br \/>El alcance del COE Balears es la comunidad aut\u00f3noma de las Islas Baleares y las entidades que forman parte del sistema balear de empleo y emprendimiento.<br \/>La red COE es un espacio t\u00e9cnico colaborativo y de apoyo especializado del Sistema Nacional de Empleo para el fomento de la innovaci\u00f3n en el empleo en las \u00e1reas de orientaci\u00f3n, intermediaci\u00f3n, prospecci\u00f3n y emprendimiento.<\/p>\n<p>[\/et_pb_text][\/et_pb_column][et_pb_column type=\u00bb1_3&#8243; _builder_version=\u00bb4.16&#8243; custom_padding=\u00bb|||\u00bb global_colors_info=\u00bb{}\u00bb custom_padding__hover=\u00bb|||\u00bb][et_pb_image src=\u00bbhttps:\/\/soib.es\/wp-content\/uploads\/2024\/09\/Logotip-COE-Balears.png\u00bb title_text=\u00bbLogotip COE Balears\u00bb _builder_version=\u00bb4.27.4&#8243; _module_preset=\u00bbdefault\u00bb width=\u00bb70%\u00bb custom_margin=\u00bb20px|||30px|false|false\u00bb locked=\u00bboff\u00bb global_colors_info=\u00bb{}\u00bb][\/et_pb_image][et_pb_button button_url=\u00bbhttps:\/\/soib.es\/es\/espacios-instalaciones-y-equipos-coe-balears\/\u00bb url_new_window=\u00bbon\u00bb button_text=\u00bbEspacios, instalaciones y equipos\u00bb disabled_on=\u00bboff|off|off\u00bb _builder_version=\u00bb4.27.4&#8243; _module_preset=\u00bbdefault\u00bb custom_button=\u00bbon\u00bb button_text_size=\u00bb14px\u00bb button_text_color=\u00bb#000000&#8243; button_bg_color=\u00bbRGBA(0,0,0,0)\u00bb button_font=\u00bb|700|||||||\u00bb button_icon=\u00bb&#xe02b;||divi||400&#8243; button_icon_color=\u00bb#e01e4f\u00bb button_icon_placement=\u00bbleft\u00bb button_on_hover=\u00bboff\u00bb custom_margin=\u00bb0px|||30px|false|false\u00bb locked=\u00bboff\u00bb global_colors_info=\u00bb{}\u00bb][\/et_pb_button][et_pb_button button_url=\u00bbhttps:\/\/soib.es\/es\/recursos-coe\/\u00bb url_new_window=\u00bbon\u00bb button_text=\u00bbRecursos COE\u00bb disabled_on=\u00bboff|off|off\u00bb _builder_version=\u00bb4.27.4&#8243; _module_preset=\u00bbdefault\u00bb custom_button=\u00bbon\u00bb button_text_size=\u00bb14px\u00bb button_text_color=\u00bb#000000&#8243; button_bg_color=\u00bbRGBA(0,0,0,0)\u00bb button_font=\u00bb|700|||||||\u00bb button_icon=\u00bb&#xe02b;||divi||400&#8243; button_icon_color=\u00bb#e01e4f\u00bb button_icon_placement=\u00bbleft\u00bb button_on_hover=\u00bboff\u00bb custom_margin=\u00bb-10px|||30px|false|false\u00bb locked=\u00bboff\u00bb global_colors_info=\u00bb{}\u00bb][\/et_pb_button][et_pb_button button_url=\u00bbhttps:\/\/soib.es\/es\/proyectos-experimentales-coe-balears\/\u00bb url_new_window=\u00bbon\u00bb button_text=\u00bbProyectos experimentales\u00bb disabled_on=\u00bboff|off|off\u00bb _builder_version=\u00bb4.27.4&#8243; _module_preset=\u00bbdefault\u00bb custom_button=\u00bbon\u00bb button_text_size=\u00bb14px\u00bb button_text_color=\u00bb#000000&#8243; button_bg_color=\u00bbRGBA(0,0,0,0)\u00bb button_font=\u00bb|700|||||||\u00bb button_icon=\u00bb&#xe02b;||divi||400&#8243; button_icon_color=\u00bb#e01e4f\u00bb button_icon_placement=\u00bbleft\u00bb button_on_hover=\u00bboff\u00bb custom_margin=\u00bb-10px|||30px|false|false\u00bb locked=\u00bboff\u00bb global_colors_info=\u00bb{}\u00bb][\/et_pb_button][et_pb_button button_url=\u00bbhttps:\/\/soib.es\/es\/formacion-del-sector-tecnologico\/\u00bb url_new_window=\u00bbon\u00bb button_text=\u00bbFormaci\u00f3n del sector tecnol\u00f3gico\u00bb disabled_on=\u00bboff|off|off\u00bb _builder_version=\u00bb4.27.4&#8243; _module_preset=\u00bbdefault\u00bb custom_button=\u00bbon\u00bb button_text_size=\u00bb14px\u00bb button_text_color=\u00bb#000000&#8243; button_bg_color=\u00bbRGBA(0,0,0,0)\u00bb button_font=\u00bb|700|||||||\u00bb button_icon=\u00bb&#xe02b;||divi||400&#8243; button_icon_color=\u00bb#e01e4f\u00bb button_icon_placement=\u00bbleft\u00bb button_on_hover=\u00bboff\u00bb custom_margin=\u00bb-10px|||30px|false|false\u00bb locked=\u00bboff\u00bb global_colors_info=\u00bb{}\u00bb][\/et_pb_button][et_pb_button button_url=\u00bbhttps:\/\/soib.es\/es\/buenas-practicas-coe-balears\/\u00bb url_new_window=\u00bbon\u00bb button_text=\u00bbBuenas pr\u00e1cticas\u00bb disabled_on=\u00bboff|off|off\u00bb _builder_version=\u00bb4.27.4&#8243; _module_preset=\u00bbdefault\u00bb custom_button=\u00bbon\u00bb button_text_size=\u00bb14px\u00bb button_text_color=\u00bb#000000&#8243; button_bg_color=\u00bbRGBA(0,0,0,0)\u00bb button_font=\u00bb|700|||||||\u00bb button_icon=\u00bb&#xe02b;||divi||400&#8243; button_icon_color=\u00bb#e01e4f\u00bb button_icon_placement=\u00bbleft\u00bb button_on_hover=\u00bboff\u00bb custom_margin=\u00bb-10px|||30px|false|false\u00bb locked=\u00bboff\u00bb global_colors_info=\u00bb{}\u00bb][\/et_pb_button][et_pb_button button_url=\u00bbhttp:\/\/pendent%20enlla\u00e7\u00bb url_new_window=\u00bbon\u00bb button_text=\u00bbInformes\u00bb disabled_on=\u00bboff|off|off\u00bb _builder_version=\u00bb4.27.4&#8243; _module_preset=\u00bbdefault\u00bb custom_button=\u00bbon\u00bb button_text_size=\u00bb14px\u00bb button_text_color=\u00bb#000000&#8243; button_bg_color=\u00bbRGBA(0,0,0,0)\u00bb button_font=\u00bb|700|||||||\u00bb button_icon=\u00bb&#xe077;||divi||400&#8243; button_icon_color=\u00bb#e01e4f\u00bb button_icon_placement=\u00bbleft\u00bb button_on_hover=\u00bboff\u00bb custom_margin=\u00bb-10px|||30px|false|false\u00bb locked=\u00bboff\u00bb global_colors_info=\u00bb{}\u00bb][\/et_pb_button][et_pb_text _builder_version=\u00bb4.27.4&#8243; _module_preset=\u00bbdefault\u00bb custom_margin=\u00bb-19px|||60px|false|false\u00bb global_colors_info=\u00bb{}\u00bb]<\/p>\n<p><em>En construcci\u00f3n<\/em><\/p>\n<p>[\/et_pb_text][et_pb_button button_url=\u00bbhttps:\/\/soib.es\/es\/boletin-informativo-coe-balears\/\u00bb url_new_window=\u00bbon\u00bb button_text=\u00bbBolet\u00edn informativo\u00bb disabled_on=\u00bboff|off|off\u00bb _builder_version=\u00bb4.27.4&#8243; _module_preset=\u00bbdefault\u00bb custom_button=\u00bbon\u00bb button_text_size=\u00bb14px\u00bb button_text_color=\u00bb#000000&#8243; button_bg_color=\u00bbRGBA(0,0,0,0)\u00bb button_font=\u00bb|700|||||||\u00bb button_icon=\u00bb&#xe02b;||divi||400&#8243; button_icon_color=\u00bb#e01e4f\u00bb button_icon_placement=\u00bbleft\u00bb button_on_hover=\u00bboff\u00bb custom_margin=\u00bb-10px|||30px|false|false\u00bb locked=\u00bboff\u00bb global_colors_info=\u00bb{}\u00bb][\/et_pb_button][\/et_pb_column][\/et_pb_row][\/et_pb_section][et_pb_section fb_built=\u00bb1&#8243; _builder_version=\u00bb4.16&#8243; custom_padding=\u00bb25px|0px|54px|0px\u00bb global_colors_info=\u00bb{}\u00bb][et_pb_row _builder_version=\u00bb4.23.1&#8243; custom_margin=\u00bb||||false|false\u00bb global_colors_info=\u00bb{}\u00bb][et_pb_column type=\u00bb4_4&#8243; _builder_version=\u00bb4.16&#8243; custom_padding=\u00bb|||\u00bb global_colors_info=\u00bb{}\u00bb custom_padding__hover=\u00bb|||\u00bb][et_pb_accordion open_toggle_text_color=\u00bb#474747&#8243; closed_toggle_text_color=\u00bb#cb023e\u00bb icon_color=\u00bb#cb023e\u00bb disabled_on=\u00bboff|off|off\u00bb _builder_version=\u00bb4.27.4&#8243; toggle_text_color=\u00bbRGBA(0,0,0,0)\u00bb toggle_font=\u00bb|700|||||||\u00bb db_closeable=\u00bbon\u00bb db_initial_state=\u00bball_closed\u00bb global_colors_info=\u00bb{}\u00bb][et_pb_accordion_item title=\u00bb\u00bfQu\u00e9 hacemos?\u00bb open=\u00bbon\u00bb _builder_version=\u00bb4.27.4&#8243; custom_margin=\u00bb||5px||false|false\u00bb custom_padding=\u00bb5px||5px||false|false\u00bb global_colors_info=\u00bb{}\u00bb closed_toggle_line_height=\u00bb1.7em\u00bb]<\/p>\n<div class=\"et_pb_toggle_content clearfix\">\n<p>El COE Balears trabaja para reforzar la dinamizaci\u00f3n de las pol\u00edticas p\u00fablicas de empleo en el \u00e1mbito balear.<\/p>\n<p>Las funciones del COE Balears se concretan en el art\u00edculo 88 del <a href=\"https:\/\/www.boe.es\/buscar\/doc.php?id=BOE-A-2021-15771\" target=\"_blank\" rel=\"noopener\">Real Decreto 818\/2021<\/a>, de 28 de septiembre, por el cual se regulan los programas comunes de activaci\u00f3n para el uso del Sistema Nacional de Empleo.<\/p>\n<p>Las principales l\u00edneas de actividad son las siguientes:<\/p>\n<ul>\n<li>Evaluaci\u00f3n de programas de orientaci\u00f3n, de prospecci\u00f3n e intermediaci\u00f3n laboral y de emprendimiento que puedan calificarse de buenas pr\u00e1cticas, tanto respecto de programas propios para transferir su conocimiento al resto de servicios p\u00fablicos de empleo, como de programas externos para su aplicaci\u00f3n, si procede, en su respectivo territorio.<\/li>\n<li>Dise\u00f1o de acciones innovadoras y desarrollo de proyectos experimentales en materia de orientaci\u00f3n y de prospecci\u00f3n e intermediaci\u00f3n laboral.<\/li>\n<li>Interlocuci\u00f3n y colaboraci\u00f3n con los principales agentes sociales y econ\u00f3micos en el \u00e1mbito de las Pol\u00edticas Activas de Ocupaci\u00f3n en Balears.<\/li>\n<li>Desarrollo y ejecuci\u00f3n de un Plan espec\u00edfico de formaci\u00f3n permanente dirigido al personal del propio servicio p\u00fablico de empleo que realiza funciones de orientaci\u00f3n profesional para el empleo y de asistencia para el autoempleo, as\u00ed como de prospecci\u00f3n empresarial e intermediaci\u00f3n laboral, y que incluya formaci\u00f3n espec\u00edfica en materia de igualdad de trato y oportunidades entre mujeres y hombres.<\/li>\n<li>Dise\u00f1o de modelos de emprendimiento y aplicaci\u00f3n de proyectos piloto.<\/li>\n<li>Apoyo a la coordinaci\u00f3n de los proyectos de emprendimiento asociados a la capitalizaci\u00f3n de la prestaci\u00f3n por desempleo (pago \u00fanico).<\/li>\n<li>Seguimiento, con una visi\u00f3n integradora, de todas las actuaciones realizadas por los diferentes organismos competentes en materia de fomento del empleo aut\u00f3nomo, as\u00ed como en materia de apoyo a la creaci\u00f3n y al empleo en cooperativas y sociedades laborales, dentro del mismo \u00e1mbito de actuaci\u00f3n.<\/li>\n<li>Interlocuci\u00f3n con las asociaciones representativas, en el correspondiente \u00e1mbito territorial, de trabajadores aut\u00f3nomos y de la econom\u00eda social, sin perjuicio de la que pudiera mantener con otros agentes econ\u00f3micos y sociales en el \u00e1mbito de la orientaci\u00f3n e innovaci\u00f3n para el empleo.<\/li>\n<\/ul>\n<\/div>\n<p>[\/et_pb_accordion_item][et_pb_accordion_item title=\u00bb\u00bfC\u00f3mo lo hacemos?\u00bb _builder_version=\u00bb4.27.4&#8243; custom_margin=\u00bb||5px||false|false\u00bb custom_padding=\u00bb5px||5px||false|false\u00bb global_colors_info=\u00bb{}\u00bb open=\u00bboff\u00bb]<\/p>\n<div class=\"et_pb_toggle_content clearfix\">\n<p>Las actuaciones que se llevan a cabo se estructuran mediante el Plan de trabajo anual del COE Balears (PAT).<\/p>\n<p>Se trata de acciones que intentan dar respuesta a las necesidades del sistema balear de empleo y emprendimiento, identificadas previamente en una diagnosis efectuada por el COE Balears conjuntamente con otras \u00e1reas y servicios de la administraci\u00f3n p\u00fablica auton\u00f3mica.<\/p>\n<\/div>\n<p>[\/et_pb_accordion_item][et_pb_accordion_item title=\u00bb\u00bfQui\u00e9nes somos?\u00bb _builder_version=\u00bb4.27.4&#8243; custom_margin=\u00bb||5px||false|false\u00bb custom_padding=\u00bb5px||5px||false|false\u00bb global_colors_info=\u00bb{}\u00bb open=\u00bboff\u00bb]<\/p>\n<ul>\n<li>Direcci\u00f3n: responsable de la redacci\u00f3n y ejecuci\u00f3n del Plan de trabajo anual (PAT) y la interlocuci\u00f3n con el Consejo Social del COE Balears.<\/li>\n<li>Consejo Social: \u00f3rgano de planificaci\u00f3n y participaci\u00f3n social con la implicaci\u00f3n de los agentes sociales y econ\u00f3micos m\u00e1s relevantes.<\/li>\n<li>Equipo T\u00e9cnico: personal t\u00e9cnico que redacta, ejecuta y hace el seguimiento de las acciones del Plan de trabajo anual (PAT).<\/li>\n<li>\u00c1rea administrativa: personal que atiende al p\u00fablico y gestiona las tareas administrativas del centro.<\/li>\n<\/ul>\n<p>[\/et_pb_accordion_item][et_pb_accordion_item title=\u00bb\u00bfPara qu\u00e9?\u00bb _builder_version=\u00bb4.27.4&#8243; custom_margin=\u00bb||5px||false|false\u00bb custom_padding=\u00bb5px||5px||false|false\u00bb global_colors_info=\u00bb{}\u00bb open=\u00bboff\u00bb]<\/p>\n<p>Actuar de manera coordinada con el SEPE para apoyar y reforzar la dinamizaci\u00f3n en materia de orientaci\u00f3n, intermediaci\u00f3n, prospecci\u00f3n y emprendimiento e innovaci\u00f3n para el empleo, con el fin de mejorar los servicios prestados a la ciudadan\u00eda balear.<\/p>\n<p>[\/et_pb_accordion_item][et_pb_accordion_item title=\u00bb\u00bfD\u00f3nde estamos?\u00bb _builder_version=\u00bb4.27.4&#8243; custom_margin=\u00bb||5px||false|false\u00bb custom_padding=\u00bb5px||5px||false|false\u00bb global_colors_info=\u00bb{}\u00bb open=\u00bboff\u00bb]<\/p>\n<p>C\/ Juli\u00e0 \u00c1lvarez, 7a. 07004 Palma.<\/p>\n<p><\/p>\n<a href='https:\/\/maps.app.goo.gl\/5ETLQEDURSAodkF78' class='small-button smallsilver' target=\"_blank\"><span style=\"color: #cb023e;\">Enlace a Google Maps<\/span><\/a>\n<p>[\/et_pb_accordion_item][\/et_pb_accordion][et_pb_button button_url=\u00bbhttps:\/\/redcoe.sistemanacionalempleo.es\/red-coe\/\u00bb url_new_window=\u00bbon\u00bb button_text=\u00bbNoticias relacionadas\u00bb _builder_version=\u00bb4.27.4&#8243; _module_preset=\u00bbdefault\u00bb custom_button=\u00bbon\u00bb button_text_size=\u00bb15px\u00bb button_text_color=\u00bb#cb023e\u00bb button_bg_color=\u00bb#FFFFFF\u00bb button_border_width=\u00bb1px\u00bb button_border_color=\u00bb#cb023e\u00bb button_font=\u00bb|600|||||||\u00bb button_icon=\u00bb&#xf14d;||fa||900&#8243; button_on_hover=\u00bboff\u00bb locked=\u00bboff\u00bb global_colors_info=\u00bb{}\u00bb][\/et_pb_button][\/et_pb_column][\/et_pb_row][\/et_pb_section][et_pb_section fb_built=\u00bb1&#8243; disabled_on=\u00bbon|on|on\u00bb _builder_version=\u00bb4.27.4&#8243; background_color=\u00bb#f4f5f4&#8243; custom_margin=\u00bb|||\u00bb custom_padding=\u00bb25px||50px|\u00bb hover_enabled=\u00bb0&#8243; locked=\u00bboff\u00bb global_colors_info=\u00bb{}\u00bb disabled=\u00bbon\u00bb sticky_enabled=\u00bb0&#8243;][et_pb_row _builder_version=\u00bb4.16&#8243; custom_padding=\u00bb10px|0px|0px|0px\u00bb global_colors_info=\u00bb{}\u00bb][et_pb_column type=\u00bb4_4&#8243; _builder_version=\u00bb4.16&#8243; custom_padding=\u00bb|||\u00bb global_colors_info=\u00bb{}\u00bb custom_padding__hover=\u00bb|||\u00bb][et_pb_text _builder_version=\u00bb4.16&#8243; global_colors_info=\u00bb{}\u00bb]<\/p>\n<h2><span style=\"color: #000000; font-size: 0.7em;\"><strong>Destacados<\/strong><\/span><\/h2>\n<p>\n[\/et_pb_text][et_pb_divider color=\u00bb#e01e4f\u00bb divider_weight=\u00bb2px\u00bb _builder_version=\u00bb4.16&#8243; custom_margin=\u00bb-20px|||\u00bb custom_padding=\u00bb|||\u00bb global_colors_info=\u00bb{}\u00bb]<\/p>\n<p>\n&nbsp;<\/p>\n<p>[\/et_pb_divider][\/et_pb_column][\/et_pb_row][et_pb_row _builder_version=\u00bb4.16&#8243; custom_padding=\u00bb27px|||\u00bb global_colors_info=\u00bb{}\u00bb][et_pb_column type=\u00bb4_4&#8243; _builder_version=\u00bb4.16&#8243; custom_padding=\u00bb|||\u00bb global_colors_info=\u00bb{}\u00bb custom_padding__hover=\u00bb|||\u00bb][et_pb_blog fullwidth=\u00bboff\u00bb posts_number=\u00bb3&#8243; include_categories=\u00bb216&#8243; show_more=\u00bbon\u00bb show_author=\u00bboff\u00bb show_date=\u00bboff\u00bb show_categories=\u00bboff\u00bb use_overlay=\u00bbon\u00bb hover_icon=\u00bb&#x54;||divi||400&#8243; _builder_version=\u00bb4.27.4&#8243; text_orientation=\u00bbleft\u00bb link_option_url_new_window=\u00bbon\u00bb global_colors_info=\u00bb{}\u00bb]<\/p>\n<p>\n&nbsp;<\/p>\n<p>[\/et_pb_blog][\/et_pb_column][\/et_pb_row][et_pb_row _builder_version=\u00bb4.16&#8243; custom_padding=\u00bb10px|0px|0px|0px\u00bb global_colors_info=\u00bb{}\u00bb][et_pb_column type=\u00bb4_4&#8243; _builder_version=\u00bb4.16&#8243; custom_padding=\u00bb|||\u00bb global_colors_info=\u00bb{}\u00bb custom_padding__hover=\u00bb|||\u00bb][et_pb_text _builder_version=\u00bb4.16&#8243; global_colors_info=\u00bb{}\u00bb]<\/p>\n<h2><span style=\"color: #000000; font-size: 0.7em;\"><strong>V\u00eddeos<\/strong><\/span><\/h2>\n<p>\n[\/et_pb_text][et_pb_divider color=\u00bb#e01e4f\u00bb divider_weight=\u00bb2px\u00bb _builder_version=\u00bb4.16&#8243; custom_margin=\u00bb-20px|||\u00bb custom_padding=\u00bb|||\u00bb global_colors_info=\u00bb{}\u00bb]<\/p>\n<p>\n&nbsp;<\/p>\n<p>[\/et_pb_divider][\/et_pb_column][\/et_pb_row][et_pb_row column_structure=\u00bb1_3,1_3,1_3&#8243; _builder_version=\u00bb4.16&#8243; custom_margin=\u00bb|||\u00bb custom_padding=\u00bb27px|||\u00bb global_colors_info=\u00bb{}\u00bb][et_pb_column type=\u00bb1_3&#8243; _builder_version=\u00bb4.16&#8243; custom_padding=\u00bb|||\u00bb global_colors_info=\u00bb{}\u00bb custom_padding__hover=\u00bb|||\u00bb][et_pb_video src=\u00bbhttps:\/\/youtu.be\/XL7GyGlru0k\u00bb _builder_version=\u00bb4.16&#8243; global_colors_info=\u00bb{}\u00bb]<\/p>\n<p>\n&nbsp;<\/p>\n<p>[\/et_pb_video][et_pb_text _builder_version=\u00bb4.16&#8243; _module_preset=\u00bbdefault\u00bb global_colors_info=\u00bb{}\u00bb]<\/p>\n<h4 class=\"entry-title\">Com pot ajudar-vos el servei SOIB Empreses en la difusi\u00f3 d\u2019ofertes, selecci\u00f3, contractaci\u00f3 i formaci\u00f3 de personal?<\/h4>\n<p>[\/et_pb_text][\/et_pb_column][et_pb_column type=\u00bb1_3&#8243; _builder_version=\u00bb4.16&#8243; custom_padding=\u00bb|||\u00bb global_colors_info=\u00bb{}\u00bb custom_padding__hover=\u00bb|||\u00bb][et_pb_video src=\u00bbhttps:\/\/youtu.be\/R_egYkP174Y\u00bb _builder_version=\u00bb4.16&#8243; global_colors_info=\u00bb{}\u00bb]<\/p>\n<p>\n&nbsp;<\/p>\n<p>[\/et_pb_video][et_pb_text _builder_version=\u00bb4.16&#8243; _module_preset=\u00bbdefault\u00bb global_colors_info=\u00bb{}\u00bb]<\/p>\n<h4 class=\"entry-title\">El SOIB reb una gran demanda d\u2019empreses del sector sociosanitari que cerquen personal per cuidar persones majors<\/h4>\n<p>[\/et_pb_text][\/et_pb_column][et_pb_column type=\u00bb1_3&#8243; _builder_version=\u00bb4.16&#8243; custom_padding=\u00bb|||\u00bb global_colors_info=\u00bb{}\u00bb custom_padding__hover=\u00bb|||\u00bb][et_pb_video src=\u00bbhttps:\/\/www.youtube.com\/watch?v=wIVZfWhGEe0&#038;list=PL6Dzcnx_g_lLLjI1eRuZy6NJJYeG-Ivvn&#038;index=3&#038;t=0s\u00bb _builder_version=\u00bb4.16&#8243; global_colors_info=\u00bb{}\u00bb]<\/p>\n<p>\n&nbsp;<\/p>\n<p>[\/et_pb_video][et_pb_text _builder_version=\u00bb4.16&#8243; _module_preset=\u00bbdefault\u00bb global_colors_info=\u00bb{}\u00bb]<\/p>\n<h4>Experi\u00e8ncia d&#8217;una petita empresa del sector del cal\u00e7at amb el servei SOIB Empreses<\/h4>\n<p>[\/et_pb_text][\/et_pb_column][\/et_pb_row][\/et_pb_section]<\/p>\n","protected":false},"excerpt":{"rendered":"<p>Centro de Orientaci\u00f3n, Emprendimiento, Acompa\u00f1amiento e Innovaci\u00f3n para el Empleo (COE Balears)El Centro de Orientaci\u00f3n, Emprendimiento, Acompa\u00f1amiento e Innovaci\u00f3n para el Empleo de Balears (COE Balears) es un espacio de innovaci\u00f3n y experimentaci\u00f3n para el fortalecimiento e integraci\u00f3n de la igualdad de oportunidades en el dise\u00f1o, dinamizaci\u00f3n y evoluci\u00f3n de las pol\u00edticas activas de empleo [&hellip;]<\/p>\n","protected":false},"author":13,"featured_media":0,"parent":0,"menu_order":0,"comment_status":"closed","ping_status":"closed","template":"","meta":{"_et_pb_use_builder":"on","_et_pb_old_content":"","_et_gb_content_width":"","footnotes":"","_links_to":"","_links_to_target":""},"class_list":["post-59588","page","type-page","status-publish","hentry"],"publishpress_future_action":{"enabled":false,"date":"2026-04-24 10:07:54","action":"change-status","newStatus":"draft","terms":[],"taxonomy":"translation_priority","extraData":[]},"publishpress_future_workflow_manual_trigger":{"enabledWorkflows":[]},"_links":{"self":[{"href":"https:\/\/soib.es\/es\/wp-json\/wp\/v2\/pages\/59588","targetHints":{"allow":["GET"]}}],"collection":[{"href":"https:\/\/soib.es\/es\/wp-json\/wp\/v2\/pages"}],"about":[{"href":"https:\/\/soib.es\/es\/wp-json\/wp\/v2\/types\/page"}],"author":[{"embeddable":true,"href":"https:\/\/soib.es\/es\/wp-json\/wp\/v2\/users\/13"}],"replies":[{"embeddable":true,"href":"https:\/\/soib.es\/es\/wp-json\/wp\/v2\/comments?post=59588"}],"version-history":[{"count":0,"href":"https:\/\/soib.es\/es\/wp-json\/wp\/v2\/pages\/59588\/revisions"}],"wp:attachment":[{"href":"https:\/\/soib.es\/es\/wp-json\/wp\/v2\/media?parent=59588"}],"curies":[{"name":"wp","href":"https:\/\/api.w.org\/{rel}","templated":true}]}}