{"id":58757,"date":"2024-09-12T08:00:20","date_gmt":"2024-09-12T06:00:20","guid":{"rendered":"https:\/\/soib.es\/convocatoria-subvencions-despeses-seguretat-social-alumnat-pnl-formacio-professional-ocupacio-soib-2024-2025\/"},"modified":"2024-09-12T11:12:26","modified_gmt":"2024-09-12T09:12:26","slug":"convocatoria-subvencions-despeses-seguretat-social-alumnat-pnl-formacio-professional-ocupacio-soib-2024-2025","status":"publish","type":"page","link":"https:\/\/soib.es\/es\/convocatoria-subvencions-despeses-seguretat-social-alumnat-pnl-formacio-professional-ocupacio-soib-2024-2025\/","title":{"rendered":"Convocatoria de subvenciones para financiar los gastos de Seguridad Social del alumnado de pr\u00e1cticas formativas no laborales en la formaci\u00f3n profesional para el empleo financiada por el SOIB (2024-2025)"},"content":{"rendered":"<p>[et_pb_section fb_built=\u00bb1&#8243; _builder_version=\u00bb4.16&#8243; background_color=\u00bb#f7f7f7&#8243; custom_padding=\u00bb25px|0px|25px|0px\u00bb global_colors_info=\u00bb{}\u00bb][et_pb_row _builder_version=\u00bb4.16&#8243; global_colors_info=\u00bb{}\u00bb][et_pb_column type=\u00bb4_4&#8243; _builder_version=\u00bb4.16&#8243; custom_padding=\u00bb|||\u00bb global_colors_info=\u00bb{}\u00bb custom_padding__hover=\u00bb|||\u00bb][et_pb_image src=\u00bbhttps:\/\/soib.es\/wp-content\/uploads\/2024\/08\/SOIB-Ministeri-educacio-2024.png\u00bb title_text=\u00bbSOIB + Ministeri educaci\u00f3 2024&#8243; disabled_on=\u00bboff|off|off\u00bb _builder_version=\u00bb4.23.1&#8243; _module_preset=\u00bbdefault\u00bb global_colors_info=\u00bb{}\u00bb][\/et_pb_image][et_pb_text _builder_version=\u00bb4.23.1&#8243; global_colors_info=\u00bb{}\u00bb]<\/p>\n<h1><strong>Convocatoria de subvenciones para financiar los gastos de Seguridad Social del alumnado de pr\u00e1cticas formativas no laborales en la formaci\u00f3n profesional para el empleo financiada por el SOIB (2024-2025)<\/strong><\/h1>\n<p>[\/et_pb_text][\/et_pb_column][\/et_pb_row][\/et_pb_section][et_pb_section fb_built=\u00bb1&#8243; _builder_version=\u00bb4.16&#8243; custom_padding=\u00bb25px|0px|54px|0px\u00bb global_colors_info=\u00bb{}\u00bb][et_pb_row _builder_version=\u00bb4.16&#8243; global_colors_info=\u00bb{}\u00bb][et_pb_column type=\u00bb4_4&#8243; _builder_version=\u00bb4.16&#8243; custom_padding=\u00bb|||\u00bb global_colors_info=\u00bb{}\u00bb custom_padding__hover=\u00bb|||\u00bb][et_pb_text _builder_version=\u00bb4.23.1&#8243; _module_preset=\u00bbdefault\u00bb locked=\u00bboff\u00bb global_colors_info=\u00bb{}\u00bb]<\/p>\n<p>Esta convocatoria tiene por objeto financiar los gastos de cotizaci\u00f3n y gesti\u00f3n para la inclusi\u00f3n en la Seguridad Social del alumnado que lleva a cabo pr\u00e1cticas formativas no laborales en las convocatorias de formaci\u00f3n profesional para el empleo financiada por el SOIB que se indican en el apartado primero del Anexo 1 de la Convocatoria..<\/p>\n<p>[\/et_pb_text][\/et_pb_column][\/et_pb_row][et_pb_row _builder_version=\u00bb4.23.1&#8243; custom_margin=\u00bb||||false|false\u00bb global_colors_info=\u00bb{}\u00bb][et_pb_column type=\u00bb4_4&#8243; _builder_version=\u00bb4.16&#8243; custom_padding=\u00bb|||\u00bb global_colors_info=\u00bb{}\u00bb custom_padding__hover=\u00bb|||\u00bb][et_pb_accordion db_closeable=\u00bbon\u00bb db_initial_state=\u00bball_closed\u00bb open_toggle_text_color=\u00bb#474747&#8243; closed_toggle_text_color=\u00bb#cb023e\u00bb icon_color=\u00bb#cb023e\u00bb disabled_on=\u00bboff|off|off\u00bb _builder_version=\u00bb4.23.1&#8243; toggle_text_color=\u00bbRGBA(0,0,0,0)\u00bb toggle_font=\u00bb|700|||||||\u00bb global_colors_info=\u00bb{}\u00bb][et_pb_accordion_item title=\u00bbEntidades beneficiarias\u00bb open=\u00bbon\u00bb _builder_version=\u00bb4.23.1&#8243; global_colors_info=\u00bb{}\u00bb]<\/p>\n<p>Se pueden beneficiar de las ayudas:<\/p>\n<ul>\n<li>Las entidades de formaci\u00f3n que mediante un acuerdo o un convenio con las empresas en las que se llevan a cabo las pr\u00e1cticas formativas no laborales, hayan asumido el cumplimiento de las obligaciones para la inclusi\u00f3n en la Seguridad Social del alumnado en pr\u00e1cticas de acuerdo con la Disposici\u00f3n adicional quincuag\u00e9sima segunda del Real Decreto Legislativo 8\/2015 del texto refundido de la Ley general de la Seguridad Social.<\/li>\n<li>Las entidades de formaci\u00f3n si el alumnado lleva a cabo pr\u00e1cticas formativas no laborales en centros de trabajo o empresas de su propiedad.<\/li>\n<\/ul>\n<p>[\/et_pb_accordion_item][et_pb_accordion_item title=\u00bbPlazo de presentaci\u00f3n de solicitudes\u00bb _builder_version=\u00bb4.23.1&#8243; global_colors_info=\u00bb{}\u00bb open=\u00bboff\u00bb]El plazo de presentaci\u00f3n de solicitudes constar\u00e1 de dos periodos:<\/p>\n<ul>\n<li>Primero: desde el d\u00eda siguiente de la publicaci\u00f3n de la convocatoria hasta el 29 de noviembre de 2024.<\/li>\n<li>Segundo: desde el 1 de enero de 2025 hasta el 30 de mayo de 2025.<\/li>\n<\/ul>\n<p>Las entidades pueden presentar como m\u00e1ximo una solicitud por cada uno de los periodos.[\/et_pb_accordion_item][et_pb_accordion_item title=\u00bbPresupuesto\u00bb _builder_version=\u00bb4.23.1&#8243; global_colors_info=\u00bb{}\u00bb open=\u00bboff\u00bb]El cr\u00e9dito asignado inicialmente a esta convocatoria es de 180.000 \u20ac con cargo a los presupuestos de la Comunidad Aut\u00f3noma de las Illes Balears, distribuidos de la siguiente manera:<\/p>\n<ul>\n<li>A\u00f1o 2024: 90.000 \u20ac<\/li>\n<li>A\u00f1o 2025: 90.000 \u20ac<\/li>\n<\/ul>\n<p>Las partidas del presupuesto de gastos correspondientes a cada una de las anualidades a las que se imputa esta convocatoria se financian mediante los fondos del Ministerio de Educaci\u00f3n, Formaci\u00f3n Profesional y Deportes que anualmente distribuye por territorios la Conferencia Sectorial de Formaci\u00f3n Profesional para personas trabajadoras, para cada uno de los ejercicios a los que afecte.<\/p>\n<p>Si se agota el cr\u00e9dito destinado a la convocatoria antes de que acabe el plazo para presentar las solicitudes, se debe suspender la concesi\u00f3n de nuevas ayudas mediante una resoluci\u00f3n que debe publicarse en el <em>Bolet\u00edn Oficial de las Illes Balears<\/em>.[\/et_pb_accordion_item][et_pb_accordion_item title=\u00bbConceptos que se subvencionan\u00bb _builder_version=\u00bb4.23.1&#8243; global_colors_info=\u00bb{}\u00bb open=\u00bboff\u00bb]<\/p>\n<p>Los gastos objeto de financiaci\u00f3n son:<\/p>\n<ul>\n<li>Los costes derivados de las cotizaciones a la Seguridad Social del alumnado en pr\u00e1cticas, que son el 5 % de la cuota por contingencias comunes (el 95% de la cuota de cotizaci\u00f3n para contingencias comunes est\u00e1 bonificada por el Estado) m\u00e1s el 100 % de la cuota para contingencias profesionales.<\/li>\n<li>Los costes derivados de la gesti\u00f3n administrativa con la Seguridad Social del alumnado en pr\u00e1cticas.<\/li>\n<\/ul>\n<p>S\u00f3lo se puede solicitar subvenci\u00f3n para el alumnado que haya finalizado las pr\u00e1cticas laborales.<\/p>\n<p>No son objeto de financiaci\u00f3n los costes derivados del alumnado en pr\u00e1cticas que percibe una prestaci\u00f3n o un subsidio de desempleo que conlleva la obligaci\u00f3n de cotizar y el alumnado que se encuentre en situaci\u00f3n de alta como empleado.<\/p>\n<p>[\/et_pb_accordion_item][et_pb_accordion_item title=\u00bbImporte de la subvenci\u00f3n\u00bb _builder_version=\u00bb4.23.1&#8243; global_colors_info=\u00bb{}\u00bb open=\u00bboff\u00bb]<\/p>\n<p>El importe de la subvenci\u00f3n que debe solicitar cada entidad debe ser el resultado de multiplicar el m\u00f3dulo de 1,364 \u20ac por el n\u00famero total de d\u00edas de pr\u00e1cticas llevados a cabo por el conjunto del alumnado que haya finalizado las pr\u00e1cticas formativas.<\/p>\n<p>[\/et_pb_accordion_item][et_pb_accordion_item title=\u00bbPlazo de ejecuci\u00f3n de las acciones\u00bb _builder_version=\u00bb4.23.1&#8243; global_colors_info=\u00bb{}\u00bb open=\u00bboff\u00bb]Los gastos que son objeto de financiaci\u00f3n son los generados por las pr\u00e1cticas formativas no laborales ejecutadas dentro del plazo comprendido entre el 1 de enero de 2024 y el 31 de marzo de 2025.[\/et_pb_accordion_item][et_pb_accordion_item title=\u00bbNormativa\u00bb _builder_version=\u00bb4.23.1&#8243; global_colors_info=\u00bb{}\u00bb open=\u00bboff\u00bb]Todas las acciones subvencionadas en el marco de esta convocatoria se rigen por la normativa siguiente:<\/p>\n<p>1. Ley 38\/2003, de 17 de noviembre, general de subvenciones.<\/p>\n<p>2. Decreto legislativo 2\/2005, de 28 de septiembre, por el que se aprueba el Texto refundido de la Ley de subvenciones.<\/p>\n<p>3. Reglamento de subvenciones aprobado por Real Decreto 887\/2006, de 21 de julio.<\/p>\n<p>4. Real Decreto Legislativo 8\/2015, de 30 de octubre, por el que se aprueba el texto refundido de la Ley general de la Seguridad Social.<\/p>\n<p>5. EFP\/942\/2022, de 23 de septiembre, por el que se regula la oferta formativa del sistema de formaci\u00f3n profesional en el \u00e1mbito laboral asociado al Cat\u00e1logo Nacional de Cualificaciones Profesionales efectuada por las administraciones competentes se establecen las bases reguladoras as\u00ed como las condiciones de financiaci\u00f3n (BOE n\u00fam. 239, de 5 de octubre), en todo lo que no contradiga la Ley 3\/2022,  de 31 de marzo, de ordenaci\u00f3n e integraci\u00f3n de la formaci\u00f3n profesional y el Real Decreto 659\/2023, de 18 de julio, por el que se desarrolla la ordenaci\u00f3n del Sistema de formaci\u00f3n profesional.[\/et_pb_accordion_item][et_pb_accordion_item title=\u00bbContacto\u00bb _builder_version=\u00bb4.23.1&#8243; global_colors_info=\u00bb{}\u00bb open=\u00bboff\u00bb]<\/p>\n<p>Buz\u00f3n de consulta: <span style=\"color: #cb023e;\"><a style=\"color: #cb023e;\" href=\"mailto:seguimenteconomic@soib.es\" target=\"_blank\" rel=\"noopener\">seguimenteconomic@soib.es<\/a><\/span><\/p>\n<p>[\/et_pb_accordion_item][\/et_pb_accordion][et_pb_button button_url=\u00bbhttps:\/\/www.caib.es\/seucaib\/es\/200\/persones\/tramites\/tramite\/6195789&#8243; url_new_window=\u00bbon\u00bb button_text=\u00bbAcceso al tr\u00e1mite de la convocatoria\u00bb _builder_version=\u00bb4.23.1&#8243; _module_preset=\u00bbdefault\u00bb custom_button=\u00bbon\u00bb button_text_size=\u00bb15px\u00bb button_text_color=\u00bb#cb023e\u00bb button_bg_color=\u00bb#FFFFFF\u00bb button_border_width=\u00bb1px\u00bb button_border_color=\u00bb#cb023e\u00bb button_font=\u00bb|600|||||||\u00bb button_icon=\u00bb&#xe07e;||divi||400&#8243; button_icon_placement=\u00bbleft\u00bb button_on_hover=\u00bboff\u00bb hover_enabled=\u00bb0&#8243; locked=\u00bboff\u00bb global_colors_info=\u00bb{}\u00bb sticky_enabled=\u00bb0&#8243;][\/et_pb_button][\/et_pb_column][\/et_pb_row][et_pb_row _builder_version=\u00bb4.23.1&#8243; custom_margin=\u00bb||||false|false\u00bb global_colors_info=\u00bb{}\u00bb][et_pb_column type=\u00bb4_4&#8243; _builder_version=\u00bb4.16&#8243; custom_padding=\u00bb|||\u00bb global_colors_info=\u00bb{}\u00bb custom_padding__hover=\u00bb|||\u00bb][et_pb_text _builder_version=\u00bb4.23.1&#8243; global_colors_info=\u00bb{}\u00bb]<\/p>\n<p>M\u00e1s informaci\u00f3n: <a href=\"https:\/\/soib.es\/wp-content\/uploads\/2024\/09\/BOIB-gastos-Seguridad-Social-alumnado-PNL-12set2024.pdf\" target=\"_blank\" rel=\"noopener\"><span style=\"color: #cb023e;\"><strong>BOIB convocatoria de subvenciones con el objeto de financiar los gastos de gesti\u00f3n y cotizaci\u00f3n de Seguridad Social correspondientes a los alumnos que llevan a cabo pr\u00e1cticas formativas no laborales en la formaci\u00f3n profesional para el empleo financiado por el SOIB, para el periodo 2024-2025<\/strong><\/span><\/a>.<\/p>\n<p>[\/et_pb_text][\/et_pb_column][\/et_pb_row][\/et_pb_section]<\/p>\n","protected":false},"excerpt":{"rendered":"<p>Convocatoria de subvenciones para financiar los gastos de Seguridad Social del alumnado de pr\u00e1cticas formativas no laborales en la formaci\u00f3n profesional para el empleo financiada por el SOIB (2024-2025)Esta convocatoria tiene por objeto financiar los gastos de cotizaci\u00f3n y gesti\u00f3n para la inclusi\u00f3n en la Seguridad Social del alumnado que lleva a cabo pr\u00e1cticas formativas [&hellip;]<\/p>\n","protected":false},"author":13,"featured_media":0,"parent":0,"menu_order":0,"comment_status":"closed","ping_status":"closed","template":"","meta":{"_et_pb_use_builder":"on","_et_pb_old_content":"","_et_gb_content_width":"","footnotes":"","_links_to":"","_links_to_target":""},"class_list":["post-58757","page","type-page","status-publish","hentry"],"publishpress_future_action":{"enabled":false,"date":"2026-04-16 23:06:55","action":"change-status","newStatus":"draft","terms":[],"taxonomy":"translation_priority","extraData":[]},"publishpress_future_workflow_manual_trigger":{"enabledWorkflows":[]},"_links":{"self":[{"href":"https:\/\/soib.es\/es\/wp-json\/wp\/v2\/pages\/58757","targetHints":{"allow":["GET"]}}],"collection":[{"href":"https:\/\/soib.es\/es\/wp-json\/wp\/v2\/pages"}],"about":[{"href":"https:\/\/soib.es\/es\/wp-json\/wp\/v2\/types\/page"}],"author":[{"embeddable":true,"href":"https:\/\/soib.es\/es\/wp-json\/wp\/v2\/users\/13"}],"replies":[{"embeddable":true,"href":"https:\/\/soib.es\/es\/wp-json\/wp\/v2\/comments?post=58757"}],"version-history":[{"count":0,"href":"https:\/\/soib.es\/es\/wp-json\/wp\/v2\/pages\/58757\/revisions"}],"wp:attachment":[{"href":"https:\/\/soib.es\/es\/wp-json\/wp\/v2\/media?parent=58757"}],"curies":[{"name":"wp","href":"https:\/\/api.w.org\/{rel}","templated":true}]}}