{"id":58617,"date":"2024-09-12T08:00:01","date_gmt":"2024-09-12T06:00:01","guid":{"rendered":"https:\/\/soib.es\/convocatoria-de-subvencions-soib-graus-b-dfp-per-al-periode-2024-2026\/"},"modified":"2024-09-24T09:49:04","modified_gmt":"2024-09-24T07:49:04","slug":"convocatoria-de-subvencions-soib-graus-b-dfp-per-al-periode-2024-2026","status":"publish","type":"page","link":"https:\/\/soib.es\/es\/convocatoria-de-subvencions-soib-graus-b-dfp-per-al-periode-2024-2026\/","title":{"rendered":"Convocatoria de subvenciones SOIB Grados B de FP para el periodo 2024-2026"},"content":{"rendered":"<p>[et_pb_section fb_built=\u00bb1&#8243; _builder_version=\u00bb4.16&#8243; background_color=\u00bb#f7f7f7&#8243; custom_padding=\u00bb25px|0px|25px|0px\u00bb global_colors_info=\u00bb{}\u00bb][et_pb_row _builder_version=\u00bb4.16&#8243; global_colors_info=\u00bb{}\u00bb][et_pb_column type=\u00bb4_4&#8243; _builder_version=\u00bb4.16&#8243; custom_padding=\u00bb|||\u00bb global_colors_info=\u00bb{}\u00bb custom_padding__hover=\u00bb|||\u00bb][et_pb_image src=\u00bbhttps:\/\/soib.es\/wp-content\/uploads\/2024\/08\/SOIB-Ministeri-educacio-2024.png\u00bb title_text=\u00bbSOIB + Ministeri educaci\u00f3 2024&#8243; _builder_version=\u00bb4.23.1&#8243; _module_preset=\u00bbdefault\u00bb global_colors_info=\u00bb{}\u00bb][\/et_pb_image][et_pb_text _builder_version=\u00bb4.23.1&#8243; global_colors_info=\u00bb{}\u00bb]<\/p>\n<h1><strong>Convocatoria de subvenciones SOIB Grados B de FP para el periodo 2024-2026<\/strong><\/h1>\n<p>[\/et_pb_text][\/et_pb_column][\/et_pb_row][\/et_pb_section][et_pb_section fb_built=\u00bb1&#8243; _builder_version=\u00bb4.16&#8243; custom_padding=\u00bb25px|0px|54px|0px\u00bb global_colors_info=\u00bb{}\u00bb][et_pb_row _builder_version=\u00bb4.23.1&#8243; global_colors_info=\u00bb{}\u00bb][et_pb_column type=\u00bb4_4&#8243; _builder_version=\u00bb4.16&#8243; custom_padding=\u00bb|||\u00bb global_colors_info=\u00bb{}\u00bb custom_padding__hover=\u00bb|||\u00bb][et_pb_text _builder_version=\u00bb4.23.1&#8243; _module_preset=\u00bbdefault\u00bb locked=\u00bboff\u00bb global_colors_info=\u00bb{}\u00bb]<\/p>\n<p>El objeto de esta convocatoria es financiar Grados B de formaci\u00f3n profesional en centros pertenecientes a la red de centros de formaci\u00f3n profesional gestionados por la administraci\u00f3n laboral (SOIB) \u00abCentros FP SOIB\u00bb con el objetivo de desarrollar en el marco del Sistema de Formaci\u00f3n Profesional, el derecho a la formaci\u00f3n de las personas trabajadoras empleadas y desempleadas. La oferta formativa que se financia en el marco de esta convocatoria se corresponder\u00e1 con los certificados de competencia vigentes, es decir, con los curr\u00edculos contenidos en los reales decretos vigentes que establecen certificados de profesionalidad y en los curr\u00edculos contenidos en los nuevos reales decretos que establezcan certificados profesionales, si procede.<\/p>\n<p>Se establecen dos l\u00edneas de subvenciones:<\/p>\n<ul>\n<li>L\u00ednea 1 dirigida prioritariamente a personas trabajadoras desempleadas..<\/li>\n<li>L\u00ednea 2 dirigida prioritariamente a personas trabajadoras empleadas.<\/li>\n<\/ul>\n<p>[\/et_pb_text][\/et_pb_column][\/et_pb_row][et_pb_row _builder_version=\u00bb4.23.1&#8243; custom_margin=\u00bb0px||||false|false\u00bb global_colors_info=\u00bb{}\u00bb][et_pb_column type=\u00bb4_4&#8243; _builder_version=\u00bb4.16&#8243; custom_padding=\u00bb|||\u00bb global_colors_info=\u00bb{}\u00bb custom_padding__hover=\u00bb|||\u00bb][et_pb_accordion db_closeable=\u00bbon\u00bb db_initial_state=\u00bball_closed\u00bb open_toggle_text_color=\u00bb#474747&#8243; closed_toggle_text_color=\u00bb#cb023e\u00bb icon_color=\u00bb#cb023e\u00bb disabled_on=\u00bboff|off|off\u00bb _builder_version=\u00bb4.23.1&#8243; toggle_text_color=\u00bbRGBA(0,0,0,0)\u00bb toggle_font=\u00bb|700|||||||\u00bb hover_enabled=\u00bb0&#8243; global_colors_info=\u00bb{}\u00bb sticky_enabled=\u00bb0&#8243;][et_pb_accordion_item title=\u00bbEntidades beneficiarias\u00bb open=\u00bbon\u00bb _builder_version=\u00bb4.23.1&#8243; global_colors_info=\u00bb{}\u00bb]<\/p>\n<p>Se pueden beneficiar de las subvenciones las entidades de formaci\u00f3n que soliciten actividad formativa, excepto los centros propios, siempre que los centros est\u00e9n autorizados, como m\u00ednimo, para el n\u00famero de alumnos solicitados, para impartir Grados C de FP, ubicados en el territorio de la Comunidad Aut\u00f3noma de las Illes Balears e inscritos en los correspondientes Registros. La fecha de autorizaci\u00f3n e inscripci\u00f3n debe ser anterior a la fecha de publicaci\u00f3n de la convocatoria.<\/p>\n<p>Adem\u00e1s, de acuerdo con el art\u00edculo 209.5 del Real Decreto 659\/2023 no se podr\u00e1n presentar a esta convocatoria de subvenciones, las entidades de formaci\u00f3n profesional que hayan inejecutado en m\u00e1s de un 50% la formaci\u00f3n concedida en las dos convocatorias siguientes (calculado dividiendo el importe inejecutado en relaci\u00f3n al importe concedido):<\/p>\n<ul>\n<li>SOIB Formaci\u00f3n: CP para desempleados, para el periodo 2022-2025 (primer periodo).<\/li>\n<li>SOIB Formaci\u00f3n: CP para empleados, para el periodo 2022-2025 (primer periodo).<\/li>\n<\/ul>\n<p>[\/et_pb_accordion_item][et_pb_accordion_item title=\u00bbPersonas destinatarias\u00bb _builder_version=\u00bb4.23.1&#8243; global_colors_info=\u00bb{}\u00bb open=\u00bboff\u00bb]<\/p>\n<p>Las personas interesadas en cursar los Grados B deben cumplir los requisitos que se establecen en el art\u00edculo 61 del Real Decreto 659\/2023, de 18 de julio, por el que se desarrolla la ordenaci\u00f3n del Sistema de Formaci\u00f3n Profesional.<\/p>\n<p>Estos requisitos de acceso se pueden consultar en este enlace: https:\/\/soib.es\/es\/formacio-professional-soib-Graus-a-b-c\/<\/p>\n<p>Las personas interesadas en realizar la formaci\u00f3n no deben estar necesariamente inscritas como demandantes en el SOIB.<\/p>\n<p>[\/et_pb_accordion_item][et_pb_accordion_item title=\u00bbPlazo de presentaci\u00f3n de solicitudes\u00bb _builder_version=\u00bb4.23.1&#8243; global_colors_info=\u00bb{}\u00bb open=\u00bboff\u00bb]El plazo para presentar las solicitudes de subvenci\u00f3n junto con la documentaci\u00f3n t\u00e9cnica es de 20 d\u00edas h\u00e1biles desde el d\u00eda siguiente de la publicaci\u00f3n de la convocatoria en el BOIB.[\/et_pb_accordion_item][et_pb_accordion_item title=\u00bbPresupuesto\u00bb _builder_version=\u00bb4.23.1&#8243; global_colors_info=\u00bb{}\u00bb open=\u00bboff\u00bb]El cr\u00e9dito asignado inicialmente a esta convocatoria es de:<\/p>\n<ul>\n<li>8.000.000,00 \u20ac para la l\u00ednea 1, dirigida prioritariamente a personas trabajadoras desempleadas.<\/li>\n<li>5.000.000,00 \u20ac para la l\u00ednea 2, dirigida prioritariamente a personas trabajadoras empleadas.<\/li>\n<\/ul>\n<p>Las partidas del presupuesto de gastos correspondientes a cada una de las anualidades a las que se imputa esta convocatoria se financian mediante los fondos del Ministerio de Educaci\u00f3n, Formaci\u00f3n Profesional y Deportes que anualmente distribuye por territorios la Conferencia Sectorial de Formaci\u00f3n Profesional para personas trabajadoras, para cada uno de los ejercicios a los que afecte. En el caso de que alguna de las anualidades previstas en esta convocatoria exceda de la financiaci\u00f3n, se debe imputar con cargo a otros cr\u00e9ditos disponibles del Servicio de Empleo de las  Illes Balears correspondientes al ejercicio del que se trate.[\/et_pb_accordion_item][et_pb_accordion_item title=\u00bbOferta formativa objeto de financiaci\u00f3n\u00bb _builder_version=\u00bb4.23.1&#8243; global_colors_info=\u00bb{}\u00bb open=\u00bboff\u00bb]<\/p>\n<ul>\n<li>Grados B (certificados de competencia). Podr\u00e1 haber ofertas de grados B vinculadas a los niveles 1, 2 y 3.<\/li>\n<li>FEMPO. Es el per\u00edodo de formaci\u00f3n en empresa u organismo equiparado, con una duraci\u00f3n de 80 horas, necesario para obtener un Grado C mediante la superaci\u00f3n de los Grados B que lo conforman.<\/li>\n<\/ul>\n<p>[\/et_pb_accordion_item][et_pb_accordion_item title=\u00bbPlazo de ejecuci\u00f3n de las acciones\u00bb _builder_version=\u00bb4.23.1&#8243; global_colors_info=\u00bb{}\u00bb open=\u00bboff\u00bb]La actividad formativa debe iniciarse a partir de la notificaci\u00f3n de la concesi\u00f3n. En todo caso, todos los grados B concedidos deben haberse iniciado antes del d\u00eda 31 de diciembre de 2025 y deben finalizar, junto con el FEMPO, antes del 28 de febrero de 2026.<\/p>\n<p>S\u00f3lo se financian los gaus B de FP y los FEMPO iniciados a partir de la notificaci\u00f3n de la resoluci\u00f3n de concesi\u00f3n.[\/et_pb_accordion_item][et_pb_accordion_item title=\u00bbNormativa\u00bb _builder_version=\u00bb4.23.1&#8243; global_colors_info=\u00bb{}\u00bb open=\u00bboff\u00bb]Las subvenciones objeto de esta convocatoria se rigen por la normativa siguiente:<\/p>\n<p>1. Ley org\u00e1nica 3\/2022, de 31 de marzo, de ordenaci\u00f3n e integraci\u00f3n de la Formaci\u00f3n Profesional (BOE n\u00fam. 78, de 1 de abril).<\/p>\n<p>2. Real Decreto 659\/2023 de 18 de julio por el que se desarrolla la ordenaci\u00f3n del Sistema de Formaci\u00f3n Profesional, modificado por el Real Decreto 658\/2024 de 9 de julio.<\/p>\n<p>3. Orden EFP\/942\/2022, de 23 de septiembre de 2022, por la que se regula la oferta formativa del sistema de Formaci\u00f3n profesional en el \u00e1mbito laboral asociada al Cat\u00e1logo Nacional de Cualificaciones Profesionales efectuada por las administraciones competentes, se establecen las bases reguladoras, as\u00ed como las condiciones para su financiaci\u00f3n (BOE n\u00ba 239, de 5 de octubre) en todo lo que no contradiga la Ley org\u00e1nica 3\/2022,  de 31 de marzo y el Real Decreto 659\/2023, de 18 de julio.<\/p>\n<p>4. Ley 38\/2003, de 17 de noviembre, general de subvenciones.<\/p>\n<p>5. Reglamento de subvenciones aprobado por Real Decreto 887\/2006, de 21 de julio.<\/p>\n<p>6. Decreto legislativo 2\/2005, de 28 de diciembre, por el que se aprueba el Texto refundido de la Ley de subvenciones de la Comunidad Aut\u00f3noma de las Illes Balears (BOIB n\u00fam. 196, de 31 de diciembre).<\/p>\n<p>7. Reglamento delegado (UE) 2018\/1127 de la Comisi\u00f3n de 28 de mayo de 2018 por el que se modifica el Reglamento delegado (UE) 2015\/2195, que complementa el Reglamento (UE) 1304\/2013 del Parlamento Europeo y el Consejo, relativo al Fondo Social Europeo, respecto a la definici\u00f3n de baremo est\u00e1ndar de costes unitarios e importes a tanto alzado establece unos baremos de costes unitarios y unos importes a tanto alzado a partir de los datos presentados o publicados. por Eurostat y sobre la base de m\u00e9todos decididos por mutuo acuerdo.[\/et_pb_accordion_item][et_pb_accordion_item title=\u00bbContacto\u00bb _builder_version=\u00bb4.23.1&#8243; hover_enabled=\u00bb0&#8243; global_colors_info=\u00bb{}\u00bb open=\u00bboff\u00bb sticky_enabled=\u00bb0&#8243;]<\/p>\n<p>Buz\u00f3n de consulta: <span style=\"color: #cb023e;\"><a style=\"color: #cb023e;\" href=\"mailto:convocatoriesformacio@soib.caib.es\" target=\"_blank\" rel=\"noopener\">convocatoriesformacio@soib.caib.es<\/a><\/span><\/p>\n<p>[\/et_pb_accordion_item][\/et_pb_accordion][et_pb_button button_url=\u00bbhttps:\/\/www.caib.es\/seucaib\/es\/201\/empreses\/tramites\/tramite\/6222079&#8243; url_new_window=\u00bbon\u00bb button_text=\u00bbAcceso al tr\u00e1mite de la convocatoria\u00bb _builder_version=\u00bb4.23.1&#8243; _module_preset=\u00bbdefault\u00bb custom_button=\u00bbon\u00bb button_text_size=\u00bb15px\u00bb button_text_color=\u00bb#cb023e\u00bb button_bg_color=\u00bb#FFFFFF\u00bb button_border_width=\u00bb1px\u00bb button_border_color=\u00bb#cb023e\u00bb button_font=\u00bb|600|||||||\u00bb button_icon=\u00bb&#xe07e;||divi||400&#8243; button_icon_placement=\u00bbleft\u00bb button_on_hover=\u00bboff\u00bb locked=\u00bboff\u00bb global_colors_info=\u00bb{}\u00bb][\/et_pb_button][\/et_pb_column][\/et_pb_row][et_pb_row _builder_version=\u00bb4.23.1&#8243; custom_margin=\u00bb0px||||false|false\u00bb global_colors_info=\u00bb{}\u00bb][et_pb_column type=\u00bb4_4&#8243; _builder_version=\u00bb4.16&#8243; custom_padding=\u00bb|||\u00bb global_colors_info=\u00bb{}\u00bb custom_padding__hover=\u00bb|||\u00bb][et_pb_text _builder_version=\u00bb4.23.1&#8243; global_colors_info=\u00bb{}\u00bb]<\/p>\n<p>M\u00e1s informaci\u00f3n: <a href=\"https:\/\/soib.es\/wp-content\/uploads\/2024\/09\/BOIB-SOIB-grados-B-FP-12set2024.pdf\" target=\"_blank\" rel=\"noopener\"><span style=\"color: #cb023e;\"><strong>BOIB convocatoria de subvenciones SOIB Grados B de FP para el periodo 2024-2026<\/strong><\/span><\/a>.<\/p>\n<p>[\/et_pb_text][\/et_pb_column][\/et_pb_row][\/et_pb_section]<\/p>\n","protected":false},"excerpt":{"rendered":"<p>Convocatoria de subvenciones SOIB Grados B de FP para el periodo 2024-2026El objeto de esta convocatoria es financiar Grados B de formaci\u00f3n profesional en centros pertenecientes a la red de centros de formaci\u00f3n profesional gestionados por la administraci\u00f3n laboral (SOIB) \u00abCentros FP SOIB\u00bb con el objetivo de desarrollar en el marco del Sistema de Formaci\u00f3n [&hellip;]<\/p>\n","protected":false},"author":13,"featured_media":0,"parent":0,"menu_order":0,"comment_status":"closed","ping_status":"closed","template":"","meta":{"_et_pb_use_builder":"on","_et_pb_old_content":"","_et_gb_content_width":"","footnotes":"","_links_to":"","_links_to_target":""},"class_list":["post-58617","page","type-page","status-publish","hentry"],"publishpress_future_action":{"enabled":false,"date":"2026-04-13 10:34:22","action":"change-status","newStatus":"draft","terms":[],"taxonomy":"translation_priority","extraData":[]},"publishpress_future_workflow_manual_trigger":{"enabledWorkflows":[]},"_links":{"self":[{"href":"https:\/\/soib.es\/es\/wp-json\/wp\/v2\/pages\/58617","targetHints":{"allow":["GET"]}}],"collection":[{"href":"https:\/\/soib.es\/es\/wp-json\/wp\/v2\/pages"}],"about":[{"href":"https:\/\/soib.es\/es\/wp-json\/wp\/v2\/types\/page"}],"author":[{"embeddable":true,"href":"https:\/\/soib.es\/es\/wp-json\/wp\/v2\/users\/13"}],"replies":[{"embeddable":true,"href":"https:\/\/soib.es\/es\/wp-json\/wp\/v2\/comments?post=58617"}],"version-history":[{"count":0,"href":"https:\/\/soib.es\/es\/wp-json\/wp\/v2\/pages\/58617\/revisions"}],"wp:attachment":[{"href":"https:\/\/soib.es\/es\/wp-json\/wp\/v2\/media?parent=58617"}],"curies":[{"name":"wp","href":"https:\/\/api.w.org\/{rel}","templated":true}]}}