{"id":57830,"date":"2024-06-28T14:23:35","date_gmt":"2024-06-28T12:23:35","guid":{"rendered":"https:\/\/soib.es\/convocatoria-de-subvencions-soib-formacio-en-alternanca-sectors-estrategics-i-dificil-cobertura-2024-2026\/"},"modified":"2025-01-24T13:07:33","modified_gmt":"2025-01-24T12:07:33","slug":"convocatoria-de-subvencions-soib-formacio-en-alternanca-sectors-estrategics-i-dificil-cobertura-2024-2026","status":"publish","type":"page","link":"https:\/\/soib.es\/es\/convocatoria-de-subvencions-soib-formacio-en-alternanca-sectors-estrategics-i-dificil-cobertura-2024-2026\/","title":{"rendered":"Convocatoria de subvenciones SOIB formaci\u00f3n en alternancia en sectores estrat\u00e9gicos y de dif\u00edcil cobertura 2024-2026"},"content":{"rendered":"<p>[et_pb_section fb_built=\u00bb1&#8243; _builder_version=\u00bb4.16&#8243; background_color=\u00bb#f7f7f7&#8243; custom_padding=\u00bb25px|0px|25px|0px\u00bb global_colors_info=\u00bb{}\u00bb][et_pb_row _builder_version=\u00bb4.16&#8243; global_colors_info=\u00bb{}\u00bb][et_pb_column type=\u00bb4_4&#8243; _builder_version=\u00bb4.16&#8243; custom_padding=\u00bb|||\u00bb global_colors_info=\u00bb{}\u00bb custom_padding__hover=\u00bb|||\u00bb][et_pb_image src=\u00bbhttps:\/\/soib.es\/wp-content\/uploads\/2024\/05\/Cintillo-logotips-SOIB-FORMACIO-EN-ALTERNANCA-PER-A-COL\u00b7LECTIUS-VULNERABLES.png\u00bb title_text=\u00bbCintillo logotips SOIB FORMACI\u00d3 EN ALTERNAN\u00c7A PER A COL\u00b7LECTIUS VULNERABLES\u00bb _builder_version=\u00bb4.23.1&#8243; _module_preset=\u00bbdefault\u00bb global_colors_info=\u00bb{}\u00bb][\/et_pb_image][et_pb_text _builder_version=\u00bb4.23.1&#8243; global_colors_info=\u00bb{}\u00bb]<\/p>\n<h1><strong>Convocatoria de subvenciones SOIB formaci\u00f3n en alternancia en sectores estrat\u00e9gicos y de dif\u00edcil cobertura 2024-2026<\/strong><\/h1>\n<p>[\/et_pb_text][\/et_pb_column][\/et_pb_row][\/et_pb_section][et_pb_section fb_built=\u00bb1&#8243; _builder_version=\u00bb4.16&#8243; custom_padding=\u00bb25px|0px|54px|0px\u00bb global_colors_info=\u00bb{}\u00bb][et_pb_row _builder_version=\u00bb4.16&#8243; global_colors_info=\u00bb{}\u00bb][et_pb_column type=\u00bb4_4&#8243; _builder_version=\u00bb4.16&#8243; custom_padding=\u00bb|||\u00bb global_colors_info=\u00bb{}\u00bb custom_padding__hover=\u00bb|||\u00bb][et_pb_text _builder_version=\u00bb4.23.1&#8243; _module_preset=\u00bbdefault\u00bb locked=\u00bboff\u00bb global_colors_info=\u00bb{}\u00bb]El objeto de esta convocatoria es subvencionar programas de formaci\u00f3n en alternancia, con un conjunto de acciones e iniciativas mixtas, de formaci\u00f3n y empleo, con la finalidad de obtener la cualificaci\u00f3n profesional de las personas que participan en un r\u00e9gimen de alternancia con la actividad laboral a trav\u00e9s de un contrato de formaci\u00f3n en alternancia, en el marco del sistema de formaci\u00f3n profesional y formaci\u00f3n en el trabajo en los sectores estrat\u00e9gicos y de dif\u00edcil cobertura.[\/et_pb_text][\/et_pb_column][\/et_pb_row][et_pb_row _builder_version=\u00bb4.23.1&#8243; custom_margin=\u00bb30px||||false|false\u00bb global_colors_info=\u00bb{}\u00bb][et_pb_column type=\u00bb4_4&#8243; _builder_version=\u00bb4.16&#8243; custom_padding=\u00bb|||\u00bb global_colors_info=\u00bb{}\u00bb custom_padding__hover=\u00bb|||\u00bb][et_pb_accordion open_toggle_text_color=\u00bb#474747&#8243; closed_toggle_text_color=\u00bb#cb023e\u00bb icon_color=\u00bb#cb023e\u00bb disabled_on=\u00bboff|off|off\u00bb _builder_version=\u00bb4.27.4&#8243; toggle_text_color=\u00bbRGBA(0,0,0,0)\u00bb toggle_font=\u00bb|700|||||||\u00bb hover_enabled=\u00bb0&#8243; db_closeable=\u00bbon\u00bb db_initial_state=\u00bball_closed\u00bb global_colors_info=\u00bb{}\u00bb sticky_enabled=\u00bb0&#8243;][et_pb_accordion_item title=\u00bbEntidades beneficiarias\u00bb open=\u00bbon\u00bb _builder_version=\u00bb4.27.4&#8243; hover_enabled=\u00bb0&#8243; global_colors_info=\u00bb{}\u00bb sticky_enabled=\u00bb0&#8243;]<\/p>\n<p>1. En el marco de esta convocatoria son beneficiarias las siguientes entidades:<\/p>\n<p>a) Entidades de formaci\u00f3n:<\/p>\n<p>&#8211; Centros propios del SOIB.<\/p>\n<p>&#8211; Entidades de formaci\u00f3n p\u00fablicas o privadas que para impartir formaci\u00f3n de Grado B y C deben estar autorizadas e inscritas en el Registro de centros de formaci\u00f3n profesional o lo que se disponga en la normativa aplicable. Para impartir especialidades formativas en el trabajo deben estar inscritas en el Registro estatal de entidades de formaci\u00f3n; en ambos casos deben estar de alta en la aplicaci\u00f3n ESOIB y cumplir estos requisitos en el momento de presentar la solicitud.<\/p>\n<p>b) Entidades de titularidad privada con personalidad jur\u00eddica privada, fundaciones privadas y trabajadores aut\u00f3nomos que se comprometan a contratar trabajadores en la modalidad de contrato de formaci\u00f3n en alternancia, cuya actividad est\u00e9 directamente relacionada con los sectores estrat\u00e9gicos y de dif\u00edcil cobertura del anexo 2 y que tengan centros de trabajo radicados en la comunidad aut\u00f3noma de las Illes Balears.<\/p>\n<p>2. Las entidades del punto anterior deben presentarse agrupadas con un centro de formaci\u00f3n y deben hacer constar en la solicitud los compromisos de ejecuci\u00f3n de cada una, as\u00ed como el importe de la subvenci\u00f3n a aplicar. Deben nombrar a una persona representante \u00fanica de la agrupaci\u00f3n, con poderes suficientes para cumplir las obligaciones que, como beneficiaria, corresponden a la agrupaci\u00f3n. Cada una de las entidades miembro de la agrupaci\u00f3n tiene la consideraci\u00f3n de beneficiaria de la subvenci\u00f3n, tal y como marca el art\u00edculo 11.3 de la Ley 38\/2003, de 17 de noviembre, general de subvenciones.<\/p>\n<p>No debe presentarse de forma agrupada la entidad de formaci\u00f3n que se comprometa a realizar las contrataciones y que cumpla los requisitos especificados en el punto 1.a) de este apartado.<\/p>\n<p>Las entidades deben tener el centro de trabajo donde presta servicios la persona contratada en la comunidad aut\u00f3noma de las Illes Balears.<\/p>\n<p>[\/et_pb_accordion_item][et_pb_accordion_item title=\u00bbPersonas destinatarias\u00bb _builder_version=\u00bb4.23.1&#8243; global_colors_info=\u00bb{}\u00bb open=\u00bboff\u00bb]Personas desempleadas e inscritas en el SOIB como demandantes de empleo que:<br \/>\n&#8211; Cumplan las condiciones para poder ser contratadas mediante el contrato de formaci\u00f3n en alternancia.<br \/>\n&#8211; Cumplan los requisitos de acceso a los certificados profesionales (grado B o C), as\u00ed como los establecidos en los programas formativos del resto de formaci\u00f3n programada en el proyecto.<br \/>\n&#8211; Est\u00e9n inscritas como demandantes de empleo en situaci\u00f3n de desempleo el d\u00eda antes de la contrataci\u00f3n.[\/et_pb_accordion_item][et_pb_accordion_item title=\u00bbPlazo de presentaci\u00f3n de solicitudes\u00bb _builder_version=\u00bb4.23.1&#8243; global_colors_info=\u00bb{}\u00bb open=\u00bboff\u00bb]\u2014 Para el periodo 2024-2025 se inicia al d\u00eda siguiente de haberse publicado esta Resoluci\u00f3n en el Bolet\u00edn Oficial de las Islas Baleares y finaliza el 15 de septiembre de 2024.<br \/>\n\u2014 Para el periodo 2025-2026, se inicia el d\u00eda 16 de septiembre de 2024 y finaliza el 30 de junio de 2025.<\/p>\n<p>Las entidades pueden presentar m\u00e1s de una solicitud, pero cada solicitud debe hacer referencia a un \u00fanico proyecto.[\/et_pb_accordion_item][et_pb_accordion_item title=\u00bbPresupuesto\u00bb _builder_version=\u00bb4.23.1&#8243; global_colors_info=\u00bb{}\u00bb open=\u00bboff\u00bb]El cr\u00e9dito inicial asignado a esta convocatoria es de 14.000.000 \u20ac distribuidos en 2 periodos:<\/p>\n<ul>\n<li>2024-2025: 7.000.000 \u20ac<\/li>\n<li>2025-2026: 7.000.000 \u20ac<\/li>\n<\/ul>\n<p>Las partidas del presupuesto de gastos correspondientes a cada una de las anualidades a las que se imputa cada uno de los periodos, se financian mediante los fondos del Ministerio de Trabajo y Econom\u00eda Social que anualmente distribuye por territorios la Conferencia Sectorial de Empleo y Asuntos Laborales, para cada uno de los ejercicios a los que afecte.[\/et_pb_accordion_item][et_pb_accordion_item title=\u00bbConceptos que se subvencionan\u00bb _builder_version=\u00bb4.23.1&#8243; global_colors_info=\u00bb{}\u00bb open=\u00bboff\u00bb]En relaci\u00f3n a los sectores estrat\u00e9gicos y de dif\u00edcil cobertura indicados en el anexo 2 de la convocatoria:<\/p>\n<p>1. Costes de los contratos del alumnado trabajador<br \/>\n2. Costes de tutores\/as de empresa<br \/>\n3. Coste de coordinador\/a del proyecto<br \/>\n4. Costes de formaci\u00f3n[\/et_pb_accordion_item][et_pb_accordion_item title=\u00bbPlazo de ejecuci\u00f3n de las acciones\u00bb _builder_version=\u00bb4.23.1&#8243; global_colors_info=\u00bb{}\u00bb open=\u00bboff\u00bb]La duraci\u00f3n del contrato del alumnado trabajador debe ser en meses completos: entre 6 y 12 meses con la modalidad de contrataci\u00f3n a tiempo completo. En ning\u00fan caso se subvencionan los gastos de proyectos iniciados antes de que se dicte la resoluci\u00f3n de concesi\u00f3n de la subvenci\u00f3n correspondiente.<\/p>\n<ul>\n<li>Para el periodo 2024-2025 los proyectos concedidos deben iniciarse antes del 15 de marzo de 2025.<\/li>\n<li>Para el periodo 2025-2026 los proyectos concedidos deben iniciarse entre el 15 de marzo de 2025 y el 14 de noviembre de 2025.<\/li>\n<\/ul>\n<p>[\/et_pb_accordion_item][et_pb_accordion_item title=\u00bbNormativa\u00bb _builder_version=\u00bb4.23.1&#8243; global_colors_info=\u00bb{}\u00bb open=\u00bboff\u00bb]Las subvenciones objeto de esta convocatoria se rigen por la normativa siguiente:<\/p>\n<p>1. La Ley 38\/2003, de 17 de noviembre, general de subvenciones, y el Decreto legislativo 2\/2005, de 28 de septiembre, por el que se aprueba el texto refundido de la Ley de subvenciones de la Comunidad Aut\u00f3noma de las Illes Balears.<\/p>\n<p>2. El Real Decreto Legislativo 2\/2015, de 23 de octubre, por el que se aprueba el texto refundido de la Ley del Estatuto de los trabajadores, y modificado mediante el Real Decreto-ley 32\/2021, de 28 de diciembre, de medidas urgentes para la reforma laboral, la garant\u00eda de la estabilidad en el empleo y la transformaci\u00f3n.<\/p>\n<p>3. Real Decreto 1529\/2012, de 8 de noviembre, por el que se desarrolla el contrato para la formaci\u00f3n y el aprendizaje y se establecen las bases de la formaci\u00f3n profesional dual, y la normativa de desarrollo.<\/p>\n<p>4. La Orden ESS\/2518\/2013, de 26 de diciembre, por la que se regulan los aspectos formativos del contrato para la formaci\u00f3n y el aprendizaje, en desarrollo del Real Decreto 1529\/2012, modificada por la Orden ESS\/41\/2015, de 12 de enero.<\/p>\n<p>5. La Ley 3\/2023, de 28 de febrero, de empleo.<\/p>\n<p>6. La Ley org\u00e1nica 3\/2022, de 31 de marzo, de ordenaci\u00f3n e integraci\u00f3n de la formaci\u00f3n profesional.<\/p>\n<p>7. El Real Decreto 659\/2023, de 18 de julio, por el que se desarrolla la ordenaci\u00f3n del Sistema de Formaci\u00f3n Profesional.<\/p>\n<p>8. El Real Decreto-ley 1\/2023, de 10 de enero, de medidas urgentes en materia de incentivos a la contrataci\u00f3n laboral y mejora de la protecci\u00f3n social de las personas artistas.<\/p>\n<p>9. La Ley 30\/2015, de 9 de septiembre, por la que se regula el sistema de formaci\u00f3n profesional para el empleo en el \u00e1mbito laboral.<\/p>\n<p>10. El Real Decreto 694\/2017, de 3 de julio, por el que se desarrolla la Ley 30\/2015, de 9 de septiembre, por la que se regula el Sistema de formaci\u00f3n profesional para el empleo en el \u00e1mbito laboral.<\/p>\n<p>11. La Ley 43\/2006, de 29 de diciembre, para la mejora del crecimiento y del empleo, modificada posteriormente.<\/p>\n<p>12. La Orden 16\/2023 del consejero de Modelo Econ\u00f3mico, Turismo y Trabajo, de 17 de mayo de 2023, por la que se establecen las bases reguladoras de las subvenciones en materia de pol\u00edticas activas de empleo gestionadas por el Servicio de Empleo de las Islas Baleares (BOIB n\u00fam. 67, de 20 de mayo de 2023).<\/p>\n<p>13. La Resoluci\u00f3n del consejero de Educaci\u00f3n y Universidades y del consejero de Empresa, Empleo y Energ\u00eda, y presidente del Servicio de Empleo de las Illes Balears, de 14 de marzo de 2024, mediante la que se aprueba el Protocolo para definir el marco de colaboraci\u00f3n para impartir los grados A, B y C de formaci\u00f3n profesional.<\/p>\n<p>En todo lo que no se prevea en esta convocatoria ser\u00e1 de aplicaci\u00f3n la Orden 16\/2023, de 17 de mayo.[\/et_pb_accordion_item][et_pb_accordion_item title=\u00bbContacto\u00bb _builder_version=\u00bb4.23.1&#8243; global_colors_info=\u00bb{}\u00bb open=\u00bboff\u00bb]<\/p>\n<p>B\u00faz\u00f3n de consulta: <span style=\"color: #cb023e;\"><a style=\"color: #cb023e;\" href=\"mailto:formaciodual@soib.es\" target=\"_blank\" rel=\"noopener\">formaciodual@soib.es<\/a><\/span><\/p>\n<p>[\/et_pb_accordion_item][\/et_pb_accordion][et_pb_button button_url=\u00bbhttps:\/\/www.caib.es\/seucaib\/es\/201\/empresas\/tramites\/tramite\/6205318\/\u00bb url_new_window=\u00bbon\u00bb button_text=\u00bbAcceso al tr\u00e1mite de la convocatoria\u00bb _builder_version=\u00bb4.23.1&#8243; _module_preset=\u00bbdefault\u00bb custom_button=\u00bbon\u00bb button_text_size=\u00bb15px\u00bb button_text_color=\u00bb#cb023e\u00bb button_bg_color=\u00bb#FFFFFF\u00bb button_border_width=\u00bb1px\u00bb button_border_color=\u00bb#cb023e\u00bb button_font=\u00bb|600|||||||\u00bb button_icon=\u00bb&#xe07e;||divi||400&#8243; button_icon_placement=\u00bbleft\u00bb button_on_hover=\u00bboff\u00bb locked=\u00bboff\u00bb global_colors_info=\u00bb{}\u00bb][\/et_pb_button][\/et_pb_column][\/et_pb_row][et_pb_row _builder_version=\u00bb4.23.1&#8243; custom_margin=\u00bb30px||||false|false\u00bb global_colors_info=\u00bb{}\u00bb][et_pb_column type=\u00bb4_4&#8243; _builder_version=\u00bb4.16&#8243; custom_padding=\u00bb|||\u00bb global_colors_info=\u00bb{}\u00bb custom_padding__hover=\u00bb|||\u00bb][et_pb_text _builder_version=\u00bb4.23.1&#8243; global_colors_info=\u00bb{}\u00bb]<\/p>\n<p>M\u00e1s informaci\u00f3n: <a href=\"https:\/\/soib.es\/wp-content\/uploads\/2024\/07\/BOIB-Formacio-en-alternanca-en-sectors-estrategics-castellano.pdf\" target=\"_blank\" rel=\"noopener\"><span style=\"color: #cb023e;\"><strong>BOIB convocatoria de subvenciones SOIB formaci\u00f3n en alternancia en sectores estrat\u00e9gicos y de dif\u00edcil cobertura 2024-2026<\/strong><\/span><\/a>.<\/p>\n<p>[\/et_pb_text][\/et_pb_column][\/et_pb_row][\/et_pb_section]<\/p>\n","protected":false},"excerpt":{"rendered":"<p>Convocatoria de subvenciones SOIB formaci\u00f3n en alternancia en sectores estrat\u00e9gicos y de dif\u00edcil cobertura 2024-2026El objeto de esta convocatoria es subvencionar programas de formaci\u00f3n en alternancia, con un conjunto de acciones e iniciativas mixtas, de formaci\u00f3n y empleo, con la finalidad de obtener la cualificaci\u00f3n profesional de las personas que participan en un r\u00e9gimen de [&hellip;]<\/p>\n","protected":false},"author":13,"featured_media":0,"parent":0,"menu_order":0,"comment_status":"closed","ping_status":"closed","template":"","meta":{"_et_pb_use_builder":"on","_et_pb_old_content":"","_et_gb_content_width":"","footnotes":"","_links_to":"","_links_to_target":""},"class_list":["post-57830","page","type-page","status-publish","hentry"],"publishpress_future_action":{"enabled":false,"date":"2026-04-13 10:32:04","action":"change-status","newStatus":"draft","terms":[],"taxonomy":"translation_priority","extraData":[]},"publishpress_future_workflow_manual_trigger":{"enabledWorkflows":[]},"_links":{"self":[{"href":"https:\/\/soib.es\/es\/wp-json\/wp\/v2\/pages\/57830","targetHints":{"allow":["GET"]}}],"collection":[{"href":"https:\/\/soib.es\/es\/wp-json\/wp\/v2\/pages"}],"about":[{"href":"https:\/\/soib.es\/es\/wp-json\/wp\/v2\/types\/page"}],"author":[{"embeddable":true,"href":"https:\/\/soib.es\/es\/wp-json\/wp\/v2\/users\/13"}],"replies":[{"embeddable":true,"href":"https:\/\/soib.es\/es\/wp-json\/wp\/v2\/comments?post=57830"}],"version-history":[{"count":0,"href":"https:\/\/soib.es\/es\/wp-json\/wp\/v2\/pages\/57830\/revisions"}],"wp:attachment":[{"href":"https:\/\/soib.es\/es\/wp-json\/wp\/v2\/media?parent=57830"}],"curies":[{"name":"wp","href":"https:\/\/api.w.org\/{rel}","templated":true}]}}