{"id":57591,"date":"2024-07-17T09:30:29","date_gmt":"2024-07-17T07:30:29","guid":{"rendered":"https:\/\/soib.es\/?page_id=57591"},"modified":"2024-07-24T15:26:16","modified_gmt":"2024-07-24T13:26:16","slug":"operacions-importancia-estrategica","status":"publish","type":"page","link":"https:\/\/soib.es\/es\/operacions-importancia-estrategica\/","title":{"rendered":"Operaciones de importancia estrat\u00e9gica"},"content":{"rendered":"<p>[et_pb_section fb_built=\u00bb1&#8243; _builder_version=\u00bb4.16&#8243; background_color=\u00bb#f4f4f4&#8243; custom_padding=\u00bb25px||25px|\u00bb locked=\u00bboff\u00bb global_colors_info=\u00bb{}\u00bb][et_pb_row _builder_version=\u00bb4.16&#8243; global_colors_info=\u00bb{}\u00bb][et_pb_column type=\u00bb4_4&#8243; _builder_version=\u00bb4.16&#8243; custom_padding=\u00bb|||\u00bb global_colors_info=\u00bb{}\u00bb custom_padding__hover=\u00bb|||\u00bb][et_pb_text _builder_version=\u00bb4.23.1&#8243; max_width=\u00bb98%\u00bb global_colors_info=\u00bb{}\u00bb]<\/p>\n<h1><strong>Operaciones del SOIB que tienen la consideraci\u00f3n de importancia estrat\u00e9gica en el marco de los programas de los Fondos Europeos 2021-2027 de las Illes Balears<\/strong><\/h1>\n<p>[\/et_pb_text][et_pb_image src=\u00bbhttps:\/\/soib.es\/wp-content\/uploads\/2024\/07\/SOIB-FSE-Generic-1.png\u00bb title_text=\u00bbSOIB FSE+ Generic (1)\u00bb _builder_version=\u00bb4.23.1&#8243; _module_preset=\u00bbdefault\u00bb locked=\u00bboff\u00bb global_colors_info=\u00bb{}\u00bb][\/et_pb_image][\/et_pb_column][\/et_pb_row][\/et_pb_section][et_pb_section fb_built=\u00bb1&#8243; _builder_version=\u00bb4.23.1&#8243; locked=\u00bboff\u00bb global_colors_info=\u00bb{}\u00bb][et_pb_row _builder_version=\u00bb4.23.1&#8243; custom_margin=\u00bb||0px||false|false\u00bb custom_padding=\u00bb||0px||false|false\u00bb global_colors_info=\u00bb{}\u00bb][et_pb_column type=\u00bb4_4&#8243; _builder_version=\u00bb4.23.1&#8243; custom_padding=\u00bb|||\u00bb global_colors_info=\u00bb{}\u00bb custom_padding__hover=\u00bb|||\u00bb][et_pb_text _builder_version=\u00bb4.23.1&#8243; custom_margin=\u00bb-20px||-20px||false|false\u00bb custom_padding=\u00bb||0px||false|false\u00bb global_colors_info=\u00bb{}\u00bb]<\/p>\n<p>Las operaciones de importancia estrat\u00e9gica son operaciones que aportan una contribuci\u00f3n significativa a la hora de conseguir los objetivos de un programa y que est\u00e1n sujetas a medidas de seguimiento y comunicaci\u00f3n particulares.<\/p>\n<p>El art\u00edculo 46 del Reglamento (UE) 2021\/1060 del Parlamento Europeo y del Consejo, de 24 de junio, (Reglamento de Disposiciones Comunes &#8211; RDC) establece que los estados miembros deben de garantizar la visibilidad de la ayuda de la Uni\u00f3n Europea (UE), especialmente en las operaciones consideradas de importancia estrat\u00e9gica, es decir, en las operaciones clave y emblem\u00e1ticas por su contribuci\u00f3n a la pol\u00edtica de cohesi\u00f3n y a sensibilizar sobre los beneficios de la UE en la vida de las personas.<\/p>\n<p>[\/et_pb_text][\/et_pb_column][\/et_pb_row][\/et_pb_section][et_pb_section fb_built=\u00bb1&#8243; _builder_version=\u00bb4.23.1&#8243; locked=\u00bboff\u00bb global_colors_info=\u00bb{}\u00bb][et_pb_row column_structure=\u00bb1_2,1_2&#8243; _builder_version=\u00bb4.23.1&#8243; background_color=\u00bbrgba(214,214,214,0.3)\u00bb background_size=\u00bbinitial\u00bb background_position=\u00bbtop_left\u00bb background_repeat=\u00bbrepeat\u00bb custom_margin=\u00bb||||false|false\u00bb custom_padding=\u00bb15px|15px|15px|15px|false|false\u00bb locked=\u00bboff\u00bb global_colors_info=\u00bb{}\u00bb][et_pb_column type=\u00bb1_2&#8243; _builder_version=\u00bb4.23.1&#8243; background_color=\u00bbRGBA(255,255,255,0)\u00bb custom_padding=\u00bb|||\u00bb global_colors_info=\u00bb{}\u00bb custom_padding__hover=\u00bb|||\u00bb][et_pb_text _builder_version=\u00bb4.23.1&#8243; background_color=\u00bb#FFFFFF\u00bb custom_padding=\u00bb|10px||15px|false|false\u00bb global_colors_info=\u00bb{}\u00bb]<\/p>\n<h5>Itinerarios Integrales de Inserci\u00f3n. <strong>Concierto entre el Servicio de Empleo de las Illes Balears (SOIB) y las entidades del Tercer Sector de Acci\u00f3n Social de las Illes Balears para la prestaci\u00f3n del Servicio de Orientaci\u00f3n Profesional (SOP), para los colectivos de personas vulnerables y con dificultades especiales de inserci\u00f3n en el mercado laboral.<\/strong><\/h5>\n<p>[\/et_pb_text][et_pb_accordion db_closeable=\u00bbon\u00bb db_initial_state=\u00bball_closed\u00bb closed_toggle_text_color=\u00bb#cb023e\u00bb closed_toggle_background_color=\u00bb#FFFFFF\u00bb icon_color=\u00bb#cb023e\u00bb _builder_version=\u00bb4.23.1&#8243; closed_toggle_font=\u00bb|600|||||||\u00bb custom_margin=\u00bb0px||||false|false\u00bb custom_padding=\u00bb||||false|false\u00bb global_colors_info=\u00bb{}\u00bb][et_pb_accordion_item title=\u00bbConcierto de los Servicios de Orientaci\u00f3n Profesional\u00bb open=\u00bbon\u00bb _builder_version=\u00bb4.23.1&#8243; global_colors_info=\u00bb{}\u00bb toggle_font=\u00bb|600|||||||\u00bb]<\/p>\n<div class=\"et_pb_column et_pb_column_4_4 et_pb_column_1  et_pb_css_mix_blend_mode_passthrough et-last-child\">\n<div class=\"et_pb_module et_pb_text et_pb_text_1  et_pb_text_align_left et_pb_bg_layout_light\">\n<div class=\"et_pb_text_inner\">\n<p>&nbsp;<\/p>\n<p>El <strong>Servicio de Orientaci\u00f3n Profesional (SOP)<\/strong> es un servicio integral que tiene por objeto la informaci\u00f3n, el diagn\u00f3stico de la situaci\u00f3n individual, el asesoramiento, la motivaci\u00f3n y el acompa\u00f1amiento en las transiciones laborales, bien desde la educaci\u00f3n en el mundo laboral o entre las diversas situaciones de empleo y desempleo que pueden darse a lo largo de la vida laboral.<br \/>Este servicio tiene por finalidad ayudar a las personas usuarias a mejorar su ocupabilidad, promover su carrera profesional y facilitar su contrataci\u00f3n u orientar hacia el autoempleo. As\u00ed mismo, y a partir del diagn\u00f3stico de necesidades, la orientaci\u00f3n podr\u00e1 dar lugar a la prestaci\u00f3n de otros servicios especializados de la cartera.<\/p>\n<p>El Servicio de Orientaci\u00f3n comprende las siguientes actividades:<br \/>\u2022 Diagn\u00f3stico individualizado y elaboraci\u00f3n del perfil<br \/>\u2022 Dise\u00f1o del itinerario personalizado para el empleo<br \/>\u2022 Acompa\u00f1amiento personalizado en el desarrollo del itinerario y el cumplimiento del compromiso de actividad<br \/>\u2022 Asesoramiento y ayuda adicional<br \/>\u2022 Informaci\u00f3n y asesoramiento adicional<br \/>\u2022 Apoyo a la gesti\u00f3n de la movilidad laboral<\/p>\n<p>Mediante la metodolog\u00eda del acompa\u00f1amiento personalizado se pretende apoyar las actividades de la vida cotidiana , para desarrollar habilidades y capacidades que faciliten su proceso de inserci\u00f3n y mantenimiento en el mundo laboral.<\/p>\n<p><strong>Inversi\u00f3n programada: <\/strong>23.200.000 \u20ac<\/p>\n<p><strong>Ayuda FSE+: <\/strong>13.920.000 \u20ac<\/p>\n<p><strong>Acceso informaci\u00f3n convocatoria: \u00a0\u00a0 <\/strong><a href=\"https:\/\/soib.es\/es\/convocatories-concert-servei-orientacio-professional-sop\/\"><strong><span style=\"color: #cb023e;\">Concierto para la prestaci\u00f3n del Servicio de Orientaci\u00f3n Profesional (SOP)<\/span><\/strong><\/a><\/p>\n<\/div>\n<\/div>\n<\/div>\n<p>[\/et_pb_accordion_item][\/et_pb_accordion][et_pb_button button_url=\u00bbhttps:\/\/soib.es\/es\/concert-soib-tercer-sector-serveis-orientacio-professional\/\u00bb button_text=\u00bbConcierto de los Servicios de Orientaci\u00f3n Profesional con el Tercer Sector de Acci\u00f3n Social\u00bb _builder_version=\u00bb4.23.1&#8243; _module_preset=\u00bbdefault\u00bb custom_button=\u00bbon\u00bb button_text_size=\u00bb16px\u00bb button_text_color=\u00bb#cb023e\u00bb button_bg_color=\u00bb#FFFFFF\u00bb button_border_width=\u00bb1px\u00bb button_border_color=\u00bb#cb023e\u00bb button_icon=\u00bb&#xe07e;||divi||400&#8243; button_icon_placement=\u00bbleft\u00bb button_on_hover=\u00bboff\u00bb locked=\u00bboff\u00bb global_colors_info=\u00bb{}\u00bb][\/et_pb_button][\/et_pb_column][et_pb_column type=\u00bb1_2&#8243; _builder_version=\u00bb4.16&#8243; custom_padding=\u00bb|||\u00bb global_colors_info=\u00bb{}\u00bb custom_padding__hover=\u00bb|||\u00bb][et_pb_text _builder_version=\u00bb4.23.1&#8243; background_color=\u00bb#FFFFFF\u00bb custom_padding=\u00bb|10px||15px|false|false\u00bb global_colors_info=\u00bb{}\u00bb]<\/p>\n<h5>Programas de contrataci\u00f3n para la adquisici\u00f3n de una primera experiencia laboral por parte de personas j\u00f3venes desempleadas, menores de 30 a\u00f1os, inscritas en el Sistema Nacional de Garant\u00eda Juvenil, con formaci\u00f3n acad\u00e9mica o profesional de grado medio y superior acreditada y que no tienen experiencia laboral relacionada con la formaci\u00f3n cursada. <strong>SOIB Jove Cualificados<\/strong>.<\/h5>\n<p>[\/et_pb_text][et_pb_accordion db_closeable=\u00bbon\u00bb db_initial_state=\u00bball_closed\u00bb closed_toggle_text_color=\u00bb#cb023e\u00bb closed_toggle_background_color=\u00bb#FFFFFF\u00bb icon_color=\u00bb#cb023e\u00bb _builder_version=\u00bb4.23.1&#8243; closed_toggle_font=\u00bb|600|||||||\u00bb global_colors_info=\u00bb{}\u00bb][et_pb_accordion_item title=\u00bbSOIB Jove Cualificados\u00bb open=\u00bbon\u00bb _builder_version=\u00bb4.23.1&#8243; global_colors_info=\u00bb{}\u00bb toggle_font=\u00bb|600|||||||\u00bb]<\/p>\n<p>El objeto de esta convocatoria es regular la concesi\u00f3n de subvenciones destinadas a financiar los costes laborales, incluida la cotizaci\u00f3n empresarial a la Seguridad Social, que se deriven de la contrataci\u00f3n de personas j\u00f3venes desempleadas mayores de 18 a\u00f1os y menores de 30 a\u00f1os inscritas como demandantes de empleo en el SOIB y beneficiarias del Sistema Nacional de Garant\u00eda Juvenil, que re\u00fanan los requisitos para poder firmar un contrato formativo para la obtenci\u00f3n de la pr\u00e1ctica profesional adecuada al nivel de estudios o de formaci\u00f3n cursados, que sean contratadas por parte de las entidades que se determinan en esta convocatoria:<\/p>\n<div class=\"et_pb_toggle_content clearfix\">\n<p><strong>L\u00ednea 1:<\/strong><br \/>\u2013 Las entidades p\u00fablicas empresariales y las fundaciones del sector p\u00fablico de la CAIB<br \/>\u2013 La Universitat de les Illes Balears (UIB)<\/p>\n<p><strong>L\u00ednea 2:<\/strong><br \/>Entidades locales que no hayan sido beneficiarias de una subvenci\u00f3n a la convocatoria SOIB Jove- Calificados Entidades Locales 2024 aprobada por Resoluci\u00f3n del consejero de Empresa, Empleo y Energ\u00eda, de 23 de noviembre de 2023 (BOIB n\u00fam. 161, de 25 de noviembre de 2023) y sus entidades de derecho p\u00fablico dependientes o vinculadas.<\/p>\n<p>Pueden presentar solicitud en su nombre las entidades de derecho p\u00fablico que dependen de los entes locales o que est\u00e1n vinculadas a ellos y que disponen de personalidad jur\u00eddica y de un NIF propio, que ejerzan competencias administrativas, en calidad de administraci\u00f3n p\u00fablica o en el ejercicio de autoridad p\u00fablica, siempre que el proyecto a desarrollar sea de su competencia y forme parte de las funciones esenciales de la entidad.<\/p>\n<\/div>\n<p><strong>Inversi\u00f3n programada: <\/strong>12.660.000 \u20ac<\/p>\n<p><strong> Ayuda FSE+:<\/strong> 7.596.000 \u20ac<\/p>\n<p><strong>Acceso informaci\u00f3n convocatoria: \u00a0 \u00a0 <span style=\"color: #cb023e;\"><a style=\"color: #cb023e;\" href=\"https:\/\/soib.es\/es\/convocatoria-de-subvencions-soib-jove-qualificats-sector-public-universitat-i-entitats-locals-2024\">SOIB Jove: Cualificados Sector P\u00fablico, Universidad y entidades locales 2024<\/a><\/span><\/strong><\/p>\n<p>[\/et_pb_accordion_item][\/et_pb_accordion][et_pb_button button_text=\u00bbPendiente de publicaci\u00f3n\u00bb _builder_version=\u00bb4.23.1&#8243; _module_preset=\u00bbdefault\u00bb custom_button=\u00bbon\u00bb button_text_size=\u00bb16px\u00bb button_text_color=\u00bb#8F8F8F\u00bb button_bg_color=\u00bb#FFFFFF\u00bb button_border_width=\u00bb1px\u00bb button_border_color=\u00bb#cb023e\u00bb button_font=\u00bb||on||||||\u00bb button_icon=\u00bb&#xe077;||divi||400&#8243; button_icon_placement=\u00bbleft\u00bb button_on_hover=\u00bboff\u00bb hover_enabled=\u00bb0&#8243; locked=\u00bboff\u00bb global_colors_info=\u00bb{}\u00bb sticky_enabled=\u00bb0&#8243;][\/et_pb_button][\/et_pb_column][\/et_pb_row][\/et_pb_section]<\/p>\n","protected":false},"excerpt":{"rendered":"<p>Operaciones del SOIB que tienen la consideraci\u00f3n de importancia estrat\u00e9gica en el marco de los programas de los Fondos Europeos 2021-2027 de las Illes BalearsLas operaciones de importancia estrat\u00e9gica son operaciones que aportan una contribuci\u00f3n significativa a la hora de conseguir los objetivos de un programa y que est\u00e1n sujetas a medidas de seguimiento y [&hellip;]<\/p>\n","protected":false},"author":13,"featured_media":0,"parent":0,"menu_order":0,"comment_status":"closed","ping_status":"closed","template":"","meta":{"_et_pb_use_builder":"on","_et_pb_old_content":"","_et_gb_content_width":"","footnotes":"","_links_to":"","_links_to_target":""},"class_list":["post-57591","page","type-page","status-publish","hentry"],"publishpress_future_action":{"enabled":false,"date":"2026-04-12 17:46:42","action":"change-status","newStatus":"draft","terms":[],"taxonomy":"translation_priority","extraData":[]},"publishpress_future_workflow_manual_trigger":{"enabledWorkflows":[]},"_links":{"self":[{"href":"https:\/\/soib.es\/es\/wp-json\/wp\/v2\/pages\/57591","targetHints":{"allow":["GET"]}}],"collection":[{"href":"https:\/\/soib.es\/es\/wp-json\/wp\/v2\/pages"}],"about":[{"href":"https:\/\/soib.es\/es\/wp-json\/wp\/v2\/types\/page"}],"author":[{"embeddable":true,"href":"https:\/\/soib.es\/es\/wp-json\/wp\/v2\/users\/13"}],"replies":[{"embeddable":true,"href":"https:\/\/soib.es\/es\/wp-json\/wp\/v2\/comments?post=57591"}],"version-history":[{"count":0,"href":"https:\/\/soib.es\/es\/wp-json\/wp\/v2\/pages\/57591\/revisions"}],"wp:attachment":[{"href":"https:\/\/soib.es\/es\/wp-json\/wp\/v2\/media?parent=57591"}],"curies":[{"name":"wp","href":"https:\/\/api.w.org\/{rel}","templated":true}]}}