{"id":56743,"date":"2024-06-06T11:00:34","date_gmt":"2024-06-06T09:00:34","guid":{"rendered":"https:\/\/soib.es\/ajuts-a-empreses-per-acollir-alumnat-de-practiques-professionals-no-laborals-cp\/"},"modified":"2026-02-27T14:29:36","modified_gmt":"2026-02-27T13:29:36","slug":"ajuts-a-empreses-per-acollir-alumnat-de-practiques-professionals-no-laborals-o-periode-fempo","status":"publish","type":"page","link":"https:\/\/soib.es\/es\/ajuts-a-empreses-per-acollir-alumnat-de-practiques-professionals-no-laborals-o-periode-fempo\/","title":{"rendered":"Ayudas a empresas para acoger alumnado del m\u00f3dulo de pr\u00e1cticas profesionales no laborales o del periodo FEMPO vinculados a la oferta formativa financiada por el SOIB"},"content":{"rendered":"<p>[et_pb_section fb_built=\u00bb1&#8243; _builder_version=\u00bb4.16&#8243; background_color=\u00bb#f7f7f7&#8243; custom_padding=\u00bb25px|0px|25px|0px\u00bb global_colors_info=\u00bb{}\u00bb][et_pb_row _builder_version=\u00bb4.16&#8243; global_colors_info=\u00bb{}\u00bb][et_pb_column type=\u00bb4_4&#8243; _builder_version=\u00bb4.16&#8243; custom_padding=\u00bb|||\u00bb global_colors_info=\u00bb{}\u00bb custom_padding__hover=\u00bb|||\u00bb][et_pb_text _builder_version=\u00bb4.27.5&#8243; hover_enabled=\u00bb0&#8243; global_colors_info=\u00bb{}\u00bb sticky_enabled=\u00bb0&#8243;]<\/p>\n<h1><strong><span class=\"HwtZe\" lang=\"es\"><span class=\"jCAhz ChMk0b\"><span class=\"ryNqvb\">Ayudas a empresas para acoger alumnado del per\u00edodo de formaci\u00f3n en empresa u organismo equiparado (FEMPO) vinculado a la oferta formativa financiada por el SOIB<\/span><\/span><\/span><\/strong><\/h1>\n<p>[\/et_pb_text][\/et_pb_column][\/et_pb_row][\/et_pb_section][et_pb_section fb_built=\u00bb1&#8243; _builder_version=\u00bb4.16&#8243; custom_padding=\u00bb25px|0px|54px|0px\u00bb global_colors_info=\u00bb{}\u00bb][et_pb_row _builder_version=\u00bb4.16&#8243; global_colors_info=\u00bb{}\u00bb][et_pb_column type=\u00bb4_4&#8243; _builder_version=\u00bb4.16&#8243; custom_padding=\u00bb|||\u00bb global_colors_info=\u00bb{}\u00bb custom_padding__hover=\u00bb|||\u00bb][et_pb_text _builder_version=\u00bb4.27.5&#8243; hover_enabled=\u00bb0&#8243; global_colors_info=\u00bb{}\u00bb sticky_enabled=\u00bb0&#8243;]<\/p>\n<p><strong><span class=\"HwtZe\" lang=\"es\"><span class=\"jCAhz ChMk0b\"><span class=\"ryNqvb\">Concesi\u00f3n directa de ayudas a empresas para realizar el per\u00edodo FEMPO<\/span><\/span><\/span><\/strong><\/p>\n<p><span class=\"HwtZe\" lang=\"es\"><span class=\"jCAhz ChMk0b\"><span class=\"ryNqvb\">Con estas ayudas se compensa la cantidad de 3 \u20ac por alumno\/a y hora en los centros y\/o empresas colaboradoras donde se ha realizado el per\u00edodo FEMPO.<\/span><\/span><span class=\"jCAhz ChMk0b\"><span class=\"ryNqvb\"> El per\u00edodo de presentaci\u00f3n de las solicitudes es de tres meses desde el d\u00eda siguiente a la finalizaci\u00f3n del FEMPO de todo el alumnado asignado al mismo centro o empresa colaboradora.<\/span><\/span><\/span><\/p>\n<p><strong>Deben hacerse constar en un \u00fanico documento de solicitud:<\/strong><\/p>\n<p>1. Los datos relativos a la acci\u00f3n formativa junto con la relaci\u00f3n del alumnado (datos identificativos, horas de asistencia, fechas de inicio y finalizaci\u00f3n de las pr\u00e1cticas o del periodo FEMPO).<br \/>2. Declaraci\u00f3n responsable de otras subvenciones.<br \/>3. Declaraci\u00f3n responsable de veracidad de los datos bancarios.<\/p>\n<p><strong>Tr\u00e1mite de solicitud (modalidad presencial y modalidad virtual)<\/strong><\/p>\n<p>La tramitaci\u00f3n del procedimiento de solicitud de autorizaci\u00f3n para los sujetos obligados por los art\u00edculos 14.2 y 3 de la Ley 39\/2015, de 1 de octubre, a relacionarse a trav\u00e9s de medios electr\u00f3nicos con las Administraciones P\u00fablicas, debe llevarse a cabo a trav\u00e9s de la sede electr\u00f3nica de la CAIB.<br \/><em>a) Las personas jur\u00eddicas.<\/em><br \/><em>b) Las entidades sin personalidad jur\u00eddica.<\/em><br \/><em>c) Quienes ejerzan una actividad profesional para la que se requiera la colegiaci\u00f3n obligatoria, para los tr\u00e1mites y actuaciones que lleven a cabo con las administraciones p\u00fablicas en ejercicio de dicha actividad profesional. En todo caso, dentro de este colectivo se incluyen profesionales de notar\u00eda y registro de la propiedad y mercantil.<\/em><\/p>\n<a href='https:\/\/www.caib.es\/seucaib\/es\/201\/empreses\/tramites\/tramite\/6070595' class='small-button smallsilver' target=\"_blank\"><span style=\"color: #cb023e;\">Enlace al tr\u00e1mite telem\u00e1tico<\/span><\/a>\n<p>Las personas f\u00edsicas que no est\u00e9n obligadas a relacionarse electr\u00f3nicamente pueden presentar la solicitud de autorizaci\u00f3n presencial o telem\u00e1ticamente.<\/p>\n<a href='https:\/\/soib.es\/wp-content\/uploads\/2024\/06\/MODELO-SOL.-AYUDAS-PNL-NORMALIZADO-nous-logos-cast.pdf' class='small-button smallsilver' target=\"_blank\"><span style=\"color: #cb023e;\">Descarga la solicitud<\/span><\/a>\n<p>[\/et_pb_text][\/et_pb_column][\/et_pb_row][\/et_pb_section]<\/p>\n","protected":false},"excerpt":{"rendered":"<p>Ayudas a empresas para acoger alumnado del per\u00edodo de formaci\u00f3n en empresa u organismo equiparado (FEMPO) vinculado a la oferta formativa financiada por el SOIBConcesi\u00f3n directa de ayudas a empresas para realizar el per\u00edodo FEMPO Con estas ayudas se compensa la cantidad de 3 \u20ac por alumno\/a y hora en los centros y\/o empresas colaboradoras [&hellip;]<\/p>\n","protected":false},"author":13,"featured_media":0,"parent":0,"menu_order":0,"comment_status":"closed","ping_status":"closed","template":"","meta":{"_et_pb_use_builder":"on","_et_pb_old_content":"","_et_gb_content_width":"","footnotes":"","_links_to":"","_links_to_target":""},"class_list":["post-56743","page","type-page","status-publish","hentry"],"publishpress_future_action":{"enabled":false,"date":"2026-05-02 23:15:45","action":"change-status","newStatus":"draft","terms":[],"taxonomy":"translation_priority","extraData":[]},"publishpress_future_workflow_manual_trigger":{"enabledWorkflows":[]},"_links":{"self":[{"href":"https:\/\/soib.es\/es\/wp-json\/wp\/v2\/pages\/56743","targetHints":{"allow":["GET"]}}],"collection":[{"href":"https:\/\/soib.es\/es\/wp-json\/wp\/v2\/pages"}],"about":[{"href":"https:\/\/soib.es\/es\/wp-json\/wp\/v2\/types\/page"}],"author":[{"embeddable":true,"href":"https:\/\/soib.es\/es\/wp-json\/wp\/v2\/users\/13"}],"replies":[{"embeddable":true,"href":"https:\/\/soib.es\/es\/wp-json\/wp\/v2\/comments?post=56743"}],"version-history":[{"count":1,"href":"https:\/\/soib.es\/es\/wp-json\/wp\/v2\/pages\/56743\/revisions"}],"predecessor-version":[{"id":70943,"href":"https:\/\/soib.es\/es\/wp-json\/wp\/v2\/pages\/56743\/revisions\/70943"}],"wp:attachment":[{"href":"https:\/\/soib.es\/es\/wp-json\/wp\/v2\/media?parent=56743"}],"curies":[{"name":"wp","href":"https:\/\/api.w.org\/{rel}","templated":true}]}}