{"id":56395,"date":"2024-05-30T09:00:36","date_gmt":"2024-05-30T07:00:36","guid":{"rendered":"https:\/\/soib.es\/convocatoria-de-subvencions-soib-jove-qualificats-sector-public-universitat-i-entitats-locals-2024\/"},"modified":"2024-07-22T14:16:31","modified_gmt":"2024-07-22T12:16:31","slug":"convocatoria-de-subvencions-soib-jove-qualificats-sector-public-universitat-i-entitats-locals-2024","status":"publish","type":"page","link":"https:\/\/soib.es\/es\/convocatoria-de-subvencions-soib-jove-qualificats-sector-public-universitat-i-entitats-locals-2024\/","title":{"rendered":"Convocatoria de subvenciones SOIB Jove: Cualificados Sector P\u00fablico, Universidad y Entidades Locales 2024"},"content":{"rendered":"<p>[et_pb_section fb_built=\u00bb1&#8243; _builder_version=\u00bb4.16&#8243; background_color=\u00bb#f7f7f7&#8243; custom_padding=\u00bb25px|0px|25px|0px\u00bb global_colors_info=\u00bb{}\u00bb][et_pb_row _builder_version=\u00bb4.16&#8243; global_colors_info=\u00bb{}\u00bb][et_pb_column type=\u00bb4_4&#8243; _builder_version=\u00bb4.16&#8243; custom_padding=\u00bb|||\u00bb global_colors_info=\u00bb{}\u00bb custom_padding__hover=\u00bb|||\u00bb][et_pb_image src=\u00bbhttps:\/\/soib.es\/wp-content\/uploads\/2024\/05\/Cintillo-logotips-SOIB-JOVE-QUALIFICATS-SECTOR-PUBLIC-2024.png\u00bb title_text=\u00bbCintillo logotips SOIB JOVE QUALIFICATS-SECTOR PUBLIC 2024&#8243; _builder_version=\u00bb4.23.1&#8243; _module_preset=\u00bbdefault\u00bb global_colors_info=\u00bb{}\u00bb][\/et_pb_image][et_pb_text _builder_version=\u00bb4.23.1&#8243; global_colors_info=\u00bb{}\u00bb]<\/p>\n<h1><strong>Convocatoria de subvenciones SOIB Jove: Cualificados Sector P\u00fablico, Universidad y Entidades Locales 2024<\/strong><\/h1>\n<p>[\/et_pb_text][\/et_pb_column][\/et_pb_row][\/et_pb_section][et_pb_section fb_built=\u00bb1&#8243; _builder_version=\u00bb4.16&#8243; custom_padding=\u00bb25px|0px|54px|0px\u00bb global_colors_info=\u00bb{}\u00bb][et_pb_row _builder_version=\u00bb4.16&#8243; global_colors_info=\u00bb{}\u00bb][et_pb_column type=\u00bb4_4&#8243; _builder_version=\u00bb4.16&#8243; custom_padding=\u00bb|||\u00bb global_colors_info=\u00bb{}\u00bb custom_padding__hover=\u00bb|||\u00bb][et_pb_text _builder_version=\u00bb4.23.1&#8243; _module_preset=\u00bbdefault\u00bb locked=\u00bboff\u00bb global_colors_info=\u00bb{}\u00bb]<\/p>\n<p>El objeto de esta convocatoria es regular la concesi\u00f3n de subvenciones destinadas a financiar los costes laborales, incluida la cotizaci\u00f3n empresarial a la Seguridad Social, que se deriven de la contrataci\u00f3n de personas j\u00f3venes desempleadas mayores de 18 a\u00f1os y menores de 30 a\u00f1os inscritas como demandantes de empleo en el SOIB y beneficiarias del Sistema Nacional de Garant\u00eda Juvenil, que re\u00fanan los requisitos para poder firmar un contrato formativo para la obtenci\u00f3n de la pr\u00e1ctica profesional adecuada al nivel de estudios o de formaci\u00f3n cursados, que sean contratadas por parte de las entidades que se determinan en esta convocatoria.<\/p>\n<p>El \u00e1mbito de aplicaci\u00f3n de esta convocatoria es la comunidad aut\u00f3noma de las Illes Balears.<\/p>\n<p>[\/et_pb_text][\/et_pb_column][\/et_pb_row][et_pb_row _builder_version=\u00bb4.23.1&#8243; custom_margin=\u00bb30px||||false|false\u00bb global_colors_info=\u00bb{}\u00bb][et_pb_column type=\u00bb4_4&#8243; _builder_version=\u00bb4.16&#8243; custom_padding=\u00bb|||\u00bb global_colors_info=\u00bb{}\u00bb custom_padding__hover=\u00bb|||\u00bb][et_pb_accordion db_closeable=\u00bbon\u00bb db_initial_state=\u00bball_closed\u00bb open_toggle_text_color=\u00bb#474747&#8243; closed_toggle_text_color=\u00bb#cb023e\u00bb icon_color=\u00bb#cb023e\u00bb disabled_on=\u00bboff|off|off\u00bb _builder_version=\u00bb4.23.1&#8243; toggle_text_color=\u00bbRGBA(0,0,0,0)\u00bb toggle_font=\u00bb|700|||||||\u00bb hover_enabled=\u00bb0&#8243; global_colors_info=\u00bb{}\u00bb sticky_enabled=\u00bb0&#8243;][et_pb_accordion_item title=\u00bbEntidades beneficiarias\u00bb open=\u00bbon\u00bb _builder_version=\u00bb4.23.1&#8243; global_colors_info=\u00bb{}\u00bb]<\/p>\n<p>Pueden presentar solicitud a esta convocatoria las entidades siguientes:<\/p>\n<p><strong>L\u00ednea 1:<\/strong><br \/>&#8211; Las entidades p\u00fablicas empresariales y las fundaciones del sector p\u00fablico de la CAIB<br \/>&#8211; La Universitat de les Illes Balears (UIB)<\/p>\n<p><strong>L\u00ednea 2:<\/strong><br \/>Entidades locales que no hayan sido beneficiarias de una subvenci\u00f3n en la convocatoria SOIB Jove &#8211; Cualificados Entidades Locales 2024 aprobada por Resoluci\u00f3n del consejero de Empresa, Empleo y Energ\u00eda, de 23 de noviembre de 2023 (BOIB n\u00fam. 161, de 25 de noviembre de 2023) y sus entidades de derecho p\u00fablico dependientes o vinculadas.<\/p>\n<p>Pueden presentar solicitud en su nombre las entidades de derecho p\u00fablico que dependen de los entes locales o que est\u00e1n vinculadas a ellos y que disponen de personalidad jur\u00eddica y de un NIF propio, que ejerzan competencias administrativas, en calidad de administraci\u00f3n p\u00fablica o en el ejercicio de autoridad p\u00fablica, siempre que el proyecto a desarrollar sea de su competencia y forme parte de las funciones esenciales de la entidad.<\/p>\n<p>[\/et_pb_accordion_item][et_pb_accordion_item title=\u00bbPersonas destinatarias\u00bb _builder_version=\u00bb4.23.1&#8243; global_colors_info=\u00bb{}\u00bb open=\u00bboff\u00bb]<\/p>\n<p>Los requisitos que tienen que cumplir las personas seleccionadas en el momento de la contrataci\u00f3n son los siguientes:<\/p>\n<p>a) Personas j\u00f3venes desempleadas mayores de 18 a\u00f1os y menores de 30 a\u00f1os inscritas como demandantes de empleo en el SOIB y beneficiarias del Sistema Nacional de Garant\u00eda Juvenil.<br \/>b) Con titulaci\u00f3n universitaria o de formaci\u00f3n profesional de grado superior o un certificado de profesionalidad de nivel 3, de acuerdo con la Ley Org\u00e1nica 5\/2002, de 19 de junio, de cualificaciones y formaci\u00f3n profesional, as\u00ed como las que tengan un t\u00edtulo equivalente de ense\u00f1anzas art\u00edsticas o deportivas, que habilite para el ejercicio profesional, finalizado dentro de los tres a\u00f1os (o cinco a\u00f1os, cuando el contrato se concierte con una persona con discapacidad) anteriores al inicio del contrato.<br \/>c) Que cumplan los requisitos para poder ser contratadas mediante el contrato formativo para la obtenci\u00f3n de la pr\u00e1ctica profesional adecuada al nivel de estudios que regula el art\u00edculo 11, en los puntos 3 y 4, del Texto refundido de la Ley del Estatuto de los trabajadores, aprobado por el Real decreto legislativo 2\/2015, modificado por el Real decreto ley 32\/2021.<br \/>d) Que la persona no haya estado contratada en los seis meses anteriores con un contrato de trabajo subvencionado por el SOIB en cualquier programa de fomento del empleo.<\/p>\n<p>Es indispensable que en el momento de la contrataci\u00f3n la persona est\u00e9 inscrita como demandante de empleo en el SOIB y tenga la condici\u00f3n de beneficiaria del Sistema Nacional de Garant\u00eda Juvenil. Si no se cumplen estas condiciones, no se considera subvencionable la contrataci\u00f3n que se efect\u00fae.<\/p>\n<p>[\/et_pb_accordion_item][et_pb_accordion_item title=\u00bbPlazo de presentaci\u00f3n de solicitudes\u00bb _builder_version=\u00bb4.23.1&#8243; global_colors_info=\u00bb{}\u00bb open=\u00bboff\u00bb]<\/p>\n<p>El plazo para presentar las solicitudes es de 15 d\u00edas h\u00e1biles desde el d\u00eda siguiente a la publicaci\u00f3n de esta convocatoria en el Bolet\u00edn Oficial de las Illes Balears (BOIB).<\/p>\n<p>Cada entidad tiene que presentar una \u00fanica solicitud para todas las contrataciones que prev\u00e9 hacer. En caso de presentar m\u00e1s de una solicitud dentro del plazo establecido, se considerar\u00e1 que la \u00faltima presentada es la v\u00e1lida y que sustituye a la o a las anteriores que se hayan presentado.<\/p>\n<p>[\/et_pb_accordion_item][et_pb_accordion_item title=\u00bbPresupuesto\u00bb _builder_version=\u00bb4.23.1&#8243; global_colors_info=\u00bb{}\u00bb open=\u00bboff\u00bb]<\/p>\n<p>El cr\u00e9dito inicialmente asignado a esta convocatoria es de 10.500.000 \u20ac, cuenta con la cofinanciaci\u00f3n del Fondo Social Europeo Plus (FSE+) en el marco del Programa FSE+ de la Comunidad Aut\u00f3noma de las Illes Balears 2021-2027 y se distribuye por l\u00edneas de la siguiente manera:<\/p>\n<p>L\u00ednea 1 &#8211; Sector P\u00fablico instrumental de la CAIB y UIB: 9.500.000 \u20ac<br \/>L\u00ednea 2 &#8211; Entidades locales y dependientes: 1.000.000 \u20ac<\/p>\n<p>Los remanentes de cr\u00e9dito que puedan resultar de la l\u00ednea 2 se podr\u00e1n aplicar, en caso de que sea necesario, a la l\u00ednea 1 y viceversa.<\/p>\n<p>[\/et_pb_accordion_item][et_pb_accordion_item title=\u00bbConceptos que se subvencionan\u00bb _builder_version=\u00bb4.23.1&#8243; hover_enabled=\u00bb0&#8243; global_colors_info=\u00bb{}\u00bb open=\u00bboff\u00bb sticky_enabled=\u00bb0&#8243;]<\/p>\n<p>Los costes laborales totales, incluida la cotizaci\u00f3n empresarial a la Seguridad Social, que se deriven de contratar a jornada completa a las personas j\u00f3venes en la modalidad de contrato formativo para la obtenci\u00f3n de la pr\u00e1ctica profesional adecuada a los estudios o formaci\u00f3n cursada y por una duraci\u00f3n de un a\u00f1o.<\/p>\n<p>La concesi\u00f3n de la subvenci\u00f3n se hace por el sistema de m\u00f3dulos establecido en la convocatoria.<\/p>\n<p>[\/et_pb_accordion_item][et_pb_accordion_item title=\u00bbPlazo de ejecuci\u00f3n de las acciones\u00bb _builder_version=\u00bb4.23.1&#8243; global_colors_info=\u00bb{}\u00bb open=\u00bboff\u00bb]<\/p>\n<p>La <strong>fecha de inicio<\/strong> de los contratos debe estar comprendida entre la notificaci\u00f3n de la resoluci\u00f3n de concesi\u00f3n de la subvenci\u00f3n a la entidad y el 15 de diciembre de 2024 (incluido). Para facilitar las selecciones y las incorporaciones al puesto de trabajo la entidad puede hacer las contrataciones de manera escalonada, pero todas las contrataciones del proyecto deben realizarse en el plazo m\u00e1ximo de un mes.<\/p>\n<p>La <strong>fecha de finalizaci\u00f3n<\/strong> ser\u00e1 un a\u00f1o despu\u00e9s del inicio, con las excepciones previstas para sustituciones y los supuestos de interrupci\u00f3n del c\u00f3mputo de la duraci\u00f3n del contrato. La fecha m\u00e1xima de finalizaci\u00f3n de los proyectos ser\u00e1 el 31 de diciembre de 2025, excepto para los supuestos de interrupci\u00f3n del c\u00f3mputo de la duraci\u00f3n del contrato a que se refiere el art\u00edculo 11.4.b) del Estatuto de los trabajadores, respecto del contrato afectado por la interrupci\u00f3n.<\/p>\n<p>[\/et_pb_accordion_item][et_pb_accordion_item title=\u00bbNormativa\u00bb _builder_version=\u00bb4.23.1&#8243; global_colors_info=\u00bb{}\u00bb open=\u00bboff\u00bb]<\/p>\n<p>Todas las acciones subvencionadas en el marco de esta convocatoria se rigen por la normativa siguiente:<\/p>\n<ol>\n<li style=\"list-style-type: none;\">\n<ol>\n<li>El Reglamento (UE) 2021\/1057 del Parlamento Europeo y del Consejo, de 24 de junio de 2021, por el que se establece el Fondo Social Europeo Plus y se deroga el Reglamento (UE) 1296\/2013, y se establecen los objetivos del FSE+, el presupuesto para el per\u00edodo 2021-2027, los m\u00e9todos de ejecuci\u00f3n, las formas de financiaci\u00f3n de la Uni\u00f3n y las normas para proporcionar la financiaci\u00f3n.<\/li>\n<li>El Reglamento (UE) 2021\/1060, del Parlamento Europeo y del Consejo, de 24 de junio de 2021, por el que se establecen las disposiciones comunes relativas al Fondo Europeo de Desarrollo Regional, al Fondo Social Europeo Plus, al Fondo de Cohesi\u00f3n, al Fondo de Transici\u00f3n Justa y al Fondo Europeo Mar\u00edtimo, de Pesca y de Acuicultura, as\u00ed como las normas financieras para estos Fondos y para el Fondo de Asilo, Migraci\u00f3n e integraci\u00f3n, el Fondo de Seguridad Interior y el Instrumento de Apoyo Financiero a la Gesti\u00f3n de Fronteras y la Pol\u00edtica de Visados.<\/li>\n<li>El Reglamento (UE, Euratom) 2018\/1046, del Parlamento Europeo y del Consejo (Reglamento Financiero) por el que se establecen las normas sobre la ejecuci\u00f3n del presupuesto general de la Uni\u00f3n.<\/li>\n<li>La Ley 38\/2003, de 17 de noviembre, general de subvenciones y su reglamento aprobado por el Real Decreto 887\/2006, de 21 de julio, en todo lo que sea de aplicaci\u00f3n.<\/li>\n<li>El Decreto Legislativo 2\/2005, de 28 de diciembre, por el que se aprueba el texto refundido de la Ley de subvenciones de la CAIB.<\/li>\n<li>El Texto refundido de la Ley del Estatuto de los trabajadores, aprobado por el Real decreto legislativo 2\/2015, de 23 de octubre, y modificado por el Real decreto ley 32\/2021, de 28 de diciembre, de medidas urgentes para la reforma laboral, la garant\u00eda de la estabilidad en el empleo y la transformaci\u00f3n.<\/li>\n<li>La Ley 3\/2023, de 28 de febrero, de empleo.<\/li>\n<li>El Real Decreto 818\/2021, de 28 de septiembre, por el que se regulan los programas comunes de activaci\u00f3n para el empleo del sistema nacional de empleo.<\/li>\n<li>La Orden TES\/106\/2024, de 8 de febrero, por la que se determinan los gastos subvencionables por el FSE+ durante el per\u00edodo de programaci\u00f3n 2021-2027.<\/li>\n<li>La Orden 16\/2023, del consejero de Modelo Econ\u00f3mico, Turismo y Trabajo, de 17 de mayo de 2023, por la que se establecen las bases reguladoras de las subvenciones en materia de pol\u00edticas activas de empleo gestionadas por el SOIB.<\/li>\n<li>El resto de normativa, tanto nacional como de la Uni\u00f3n Europea, o cualquier otra que resulte de aplicaci\u00f3n (BOIB n\u00ba 67, de 20 de mayo de 2023).<\/li>\n<\/ol>\n<\/li>\n<\/ol>\n<p>En todo lo que no prevea esta convocatoria ser\u00e1 de aplicaci\u00f3n lo establecido en la Orden 16\/2023, de 17 de mayo.<\/p>\n<p>[\/et_pb_accordion_item][et_pb_accordion_item title=\u00bbContacto\u00bb _builder_version=\u00bb4.23.1&#8243; global_colors_info=\u00bb{}\u00bb open=\u00bboff\u00bb]<\/p>\n<p>Buz\u00f3n de consulta: <a href=\"mailto:fomentocupacio3@soib.caib.es\" target=\"_blank\" rel=\"noopener\"><span style=\"color: #cb023e;\">fomentocupacio3@soib.caib.es<\/span><\/a><\/p>\n<p>[\/et_pb_accordion_item][\/et_pb_accordion][et_pb_button button_url=\u00bbhttps:\/\/www.caib.es\/seucaib\/es\/202\/administracions\/tramites\/tramite\/6128193&#8243; url_new_window=\u00bbon\u00bb button_text=\u00bbAcceso al tr\u00e1mite de la convocatoria\u00bb _builder_version=\u00bb4.23.1&#8243; _module_preset=\u00bbdefault\u00bb custom_button=\u00bbon\u00bb button_text_size=\u00bb15px\u00bb button_text_color=\u00bb#cb023e\u00bb button_bg_color=\u00bb#FFFFFF\u00bb button_border_width=\u00bb1px\u00bb button_border_color=\u00bb#cb023e\u00bb button_font=\u00bb|600|||||||\u00bb button_icon=\u00bb&#xe07e;||divi||400&#8243; button_icon_placement=\u00bbleft\u00bb button_on_hover=\u00bboff\u00bb locked=\u00bboff\u00bb global_colors_info=\u00bb{}\u00bb][\/et_pb_button][\/et_pb_column][\/et_pb_row][et_pb_row _builder_version=\u00bb4.23.1&#8243; custom_margin=\u00bb30px||||false|false\u00bb global_colors_info=\u00bb{}\u00bb][et_pb_column type=\u00bb4_4&#8243; _builder_version=\u00bb4.16&#8243; custom_padding=\u00bb|||\u00bb global_colors_info=\u00bb{}\u00bb custom_padding__hover=\u00bb|||\u00bb][et_pb_text _builder_version=\u00bb4.23.1&#8243; global_colors_info=\u00bb{}\u00bb]<\/p>\n<p>M\u00e1s informaci\u00f3n: <a href=\"https:\/\/soib.es\/wp-content\/uploads\/2024\/05\/BOIB-cast-SOIB-Jove-Qualificats-SP-EELL-2024.pdf\" target=\"_blank\" rel=\"noopener\"><span style=\"color: #cb023e;\"><strong>BOIB convocatoria de subvenciones SOIB Jove: Cualificados Sector P\u00fablico, Universidad y entidades locales 2024<\/strong><\/span><\/a>.<\/p>\n<p>[\/et_pb_text][\/et_pb_column][\/et_pb_row][\/et_pb_section]<\/p>\n","protected":false},"excerpt":{"rendered":"<p>Convocatoria de subvenciones SOIB Jove: Cualificados Sector P\u00fablico, Universidad y Entidades Locales 2024El objeto de esta convocatoria es regular la concesi\u00f3n de subvenciones destinadas a financiar los costes laborales, incluida la cotizaci\u00f3n empresarial a la Seguridad Social, que se deriven de la contrataci\u00f3n de personas j\u00f3venes desempleadas mayores de 18 a\u00f1os y menores de 30 [&hellip;]<\/p>\n","protected":false},"author":13,"featured_media":0,"parent":0,"menu_order":0,"comment_status":"closed","ping_status":"closed","template":"","meta":{"_et_pb_use_builder":"on","_et_pb_old_content":"","_et_gb_content_width":"","footnotes":"","_links_to":"","_links_to_target":""},"class_list":["post-56395","page","type-page","status-publish","hentry"],"publishpress_future_action":{"enabled":false,"date":"2026-04-22 00:00:09","action":"change-status","newStatus":"draft","terms":[],"taxonomy":"translation_priority","extraData":[]},"publishpress_future_workflow_manual_trigger":{"enabledWorkflows":[]},"_links":{"self":[{"href":"https:\/\/soib.es\/es\/wp-json\/wp\/v2\/pages\/56395","targetHints":{"allow":["GET"]}}],"collection":[{"href":"https:\/\/soib.es\/es\/wp-json\/wp\/v2\/pages"}],"about":[{"href":"https:\/\/soib.es\/es\/wp-json\/wp\/v2\/types\/page"}],"author":[{"embeddable":true,"href":"https:\/\/soib.es\/es\/wp-json\/wp\/v2\/users\/13"}],"replies":[{"embeddable":true,"href":"https:\/\/soib.es\/es\/wp-json\/wp\/v2\/comments?post=56395"}],"version-history":[{"count":0,"href":"https:\/\/soib.es\/es\/wp-json\/wp\/v2\/pages\/56395\/revisions"}],"wp:attachment":[{"href":"https:\/\/soib.es\/es\/wp-json\/wp\/v2\/media?parent=56395"}],"curies":[{"name":"wp","href":"https:\/\/api.w.org\/{rel}","templated":true}]}}