{"id":55893,"date":"2024-05-20T11:35:13","date_gmt":"2024-05-20T09:35:13","guid":{"rendered":"https:\/\/soib.es\/nivells-de-qualificacio-graus-c\/"},"modified":"2024-05-22T10:21:31","modified_gmt":"2024-05-22T08:21:31","slug":"nivells-de-qualificacio-graus-c","status":"publish","type":"page","link":"https:\/\/soib.es\/es\/nivells-de-qualificacio-graus-c\/","title":{"rendered":"Niveles de cualificaci\u00f3n grados C"},"content":{"rendered":"<p>[et_pb_section fb_built=\u00bb1&#8243; _builder_version=\u00bb4.16&#8243; background_color=\u00bb#f7f7f7&#8243; custom_padding=\u00bb25px|0px|25px|0px\u00bb global_colors_info=\u00bb{}\u00bb][et_pb_row _builder_version=\u00bb4.16&#8243; custom_padding=\u00bb27px|0px|18px|0px\u00bb global_colors_info=\u00bb{}\u00bb][et_pb_column type=\u00bb4_4&#8243; _builder_version=\u00bb4.16&#8243; custom_padding=\u00bb|||\u00bb global_colors_info=\u00bb{}\u00bb custom_padding__hover=\u00bb|||\u00bb][et_pb_text _builder_version=\u00bb4.23.1&#8243; global_colors_info=\u00bb{}\u00bb]<\/p>\n<h1><strong>Niveles de cualificaci\u00f3n de los grados C de formaci\u00f3n profesional<\/strong><\/h1>\n<p>[\/et_pb_text][\/et_pb_column][\/et_pb_row][\/et_pb_section][et_pb_section fb_built=\u00bb1&#8243; _builder_version=\u00bb4.16&#8243; custom_padding=\u00bb20px|0px|54px|0px\u00bb global_colors_info=\u00bb{}\u00bb][et_pb_row column_structure=\u00bb1_3,1_3,1_3&#8243; _builder_version=\u00bb4.16&#8243; global_colors_info=\u00bb{}\u00bb][et_pb_column type=\u00bb1_3&#8243; _builder_version=\u00bb4.16&#8243; custom_padding=\u00bb|||\u00bb global_colors_info=\u00bb{}\u00bb custom_padding__hover=\u00bb|||\u00bb][et_pb_text _builder_version=\u00bb4.23.1&#8243; locked=\u00bboff\u00bb global_colors_info=\u00bb{}\u00bb]<\/p>\n<h5><strong>Nivel 1<\/strong><\/h5>\n<p>Competencia en un conjunto reducido de actividades de trabajo relativamente simples correspondientes a procesos normalizados, donde los conocimientos te\u00f3ricos y las capacidades pr\u00e1cticas para aplicar son limitados.[\/et_pb_text][\/et_pb_column][et_pb_column type=\u00bb1_3&#8243; _builder_version=\u00bb4.16&#8243; custom_padding=\u00bb|||\u00bb global_colors_info=\u00bb{}\u00bb custom_padding__hover=\u00bb|||\u00bb][et_pb_text _builder_version=\u00bb4.23.1&#8243; locked=\u00bboff\u00bb global_colors_info=\u00bb{}\u00bb]<\/p>\n<h5><strong>Nivel 2<\/strong><\/h5>\n<p>Competencia en un conjunto de actividades profesionales bien determinadas con la capacidad de utilizar los instrumentos y las t\u00e9cnicas propias, que concierne principalmente un trabajo de ejecuci\u00f3n que puede ser aut\u00f3nomo en el l\u00edmite de las t\u00e9cnicas mencionadas. Requiere conocimientos de los fundamentos t\u00e9cnicos y cient\u00edficos de su actividad y capacidades de comprensi\u00f3n y aplicaci\u00f3n del proceso.[\/et_pb_text][\/et_pb_column][et_pb_column type=\u00bb1_3&#8243; _builder_version=\u00bb4.16&#8243; custom_padding=\u00bb|||\u00bb global_colors_info=\u00bb{}\u00bb custom_padding__hover=\u00bb|||\u00bb][et_pb_text _builder_version=\u00bb4.23.1&#8243; locked=\u00bboff\u00bb global_colors_info=\u00bb{}\u00bb]<\/p>\n<h5><strong>Nivel 3<\/strong><\/h5>\n<p>Competencia en un conjunto de actividades profesionales que requieren el dominio de diversas t\u00e9cnicas y puede ser ejecutado de manera aut\u00f3noma, comporta responsabilidad de coordinaci\u00f3n y supervisi\u00f3n de trabajo t\u00e9cnico y especializado. Exige la comprensi\u00f3n de los fundamentos t\u00e9cnicos y cient\u00edficos de las actividades y la evaluaci\u00f3n de los factores del proceso y de sus repercusiones econ\u00f3micas.[\/et_pb_text][\/et_pb_column][\/et_pb_row][et_pb_row _builder_version=\u00bb4.23.1&#8243; hover_enabled=\u00bb0&#8243; global_colors_info=\u00bb{}\u00bb custom_margin=\u00bb30px||||false|false\u00bb sticky_enabled=\u00bb0&#8243;][et_pb_column type=\u00bb4_4&#8243; _builder_version=\u00bb4.16&#8243; custom_padding=\u00bb|||\u00bb global_colors_info=\u00bb{}\u00bb custom_padding__hover=\u00bb|||\u00bb][et_pb_text _builder_version=\u00bb4.23.1&#8243; global_colors_info=\u00bb{}\u00bb]<\/p>\n<h4 style=\"color: #e01f4e;\"><span style=\"color: #333333;\"><strong>Requisitos de acceso<\/strong><\/span><\/h4>\n<p>[\/et_pb_text][et_pb_accordion db_closeable=\u00bbon\u00bb db_initial_state=\u00bball_closed\u00bb open_toggle_text_color=\u00bb#242424&#8243; closed_toggle_text_color=\u00bb#cb023e\u00bb icon_color=\u00bb#cb023e\u00bb _builder_version=\u00bb4.23.1&#8243; _module_preset=\u00bbdefault\u00bb toggle_font=\u00bb|600|||||||\u00bb closed_toggle_font=\u00bb|600|||||||\u00bb locked=\u00bboff\u00bb global_colors_info=\u00bb{}\u00bb][et_pb_accordion_item title=\u00bbNivel 1&#8243; open=\u00bbon\u00bb _builder_version=\u00bb4.23.1&#8243; _module_preset=\u00bbdefault\u00bb global_colors_info=\u00bb{}\u00bb]<\/p>\n<p>No hay requisitos acad\u00e9micos ni profesionales. Antes del inicio de la formaci\u00f3n, el SOIB mediante los centros de formaci\u00f3n, comprobar\u00e1 que las personas candidatas est\u00e9n en posesi\u00f3n de las habilidades de comunicaci\u00f3n suficientes que permitan el aprendizaje.<\/p>\n<p>[\/et_pb_accordion_item][et_pb_accordion_item title=\u00bbNivel 2&#8243; _builder_version=\u00bb4.23.1&#8243; _module_preset=\u00bbdefault\u00bb global_colors_info=\u00bb{}\u00bb open=\u00bboff\u00bb]<\/p>\n<p>Las personas, antes de iniciar la formaci\u00f3n, deben acreditar uno de los requisitos siguientes :<br \/>\u2022 Graduado en Educaci\u00f3n Secundaria Obligatoria o equivalente a efectos de acceso (ver disposici\u00f3n adicional quinta)<br \/>\u2022 Certificado profesional de nivel 2<br \/>\u2022 Certificado de competencia incluido en la oferta a realizar<br \/>\u2022 Certificado de nivel 1 de la misma familia profesional<br \/>\u2022 Haber superado un curso de formaci\u00f3n espec\u00edfico preparatorio para el acceso a ciclos de grado medio en centros p\u00fablicos o privados autorizados por la Administraci\u00f3n educativa<br \/>\u2022 Haber superado una prueba de acceso a ciclos formativos de grado medio<br \/>\u2022 Estar en posesi\u00f3n de un t\u00edtulo de T\u00e9cnico B\u00e1sico<br \/>\u2022 Estar en posesi\u00f3n de un certificado de profesionalidad de nivel 2<br \/>\u2022 Tener acreditadas las competencias clave necesarias de acuerdo con el Anexo IV del Real decreto 34\/2008, de 18 de enero, para cursar con aprovechamiento la formaci\u00f3n correspondiente al certificado de profesionalidad, ya sea mediante la realizaci\u00f3n de pruebas o cursando las especialidades formativas correspondientes<\/p>\n<p>[\/et_pb_accordion_item][et_pb_accordion_item title=\u00bbNivel 3&#8243; _builder_version=\u00bb4.23.1&#8243; _module_preset=\u00bbdefault\u00bb global_colors_info=\u00bb{}\u00bb open=\u00bboff\u00bb]<\/p>\n<p>Las personas, antes de iniciar la formaci\u00f3n, deben acreditar uno de los requisitos siguientes:<br \/>\u2022 T\u00edtulo de T\u00e9cnico o T\u00e9cnico Superior T\u00edtulo de bachiller o equivalente a efectos de acceso (ver disposici\u00f3n adicional quinta)<br \/>\u2022 Certificado profesional de nivel 3<br \/>\u2022 Certificado de competencia incluido en la oferta a realizar<br \/>\u2022 Certificado de nivel 2 de la misma familia profesional<br \/>\u2022 Haber superado un curso de formaci\u00f3n espec\u00edfico preparatorio para el acceso a ciclos de grado superior en centros p\u00fablicos o privados autorizados por la Administraci\u00f3n educativa<br \/>\u2022 Haber superado una prueba de acceso a ciclos formativos de grado superior<br \/>\u2022 Estar en posesi\u00f3n de un t\u00edtulo de t\u00e9cnico<br \/>\u2022 Estar en posesi\u00f3n de un certificado de profesionalidad de nivel 3<br \/>\u2022 Tener superada la prueba de acceso a la universidad para mayores de 25 a\u00f1os y\/o de 45 a\u00f1os<br \/>\u2022 Tener superados los estudios conducentes al t\u00edtulo de Bachiller regulado por la Ley 14\/1970, de 4 de agosto, General de Educaci\u00f3n y Financiaci\u00f3n de la Reforma Educativa<br \/>\u2022 Tener acreditaci\u00f3n mediante certificaci\u00f3n acad\u00e9mica la superaci\u00f3n de todas las asignaturas conducentes a la obtenci\u00f3n del t\u00edtulo de Bachiller regulado por la Ley 14\/1970, de 4 de agosto, General de Educaci\u00f3n y Financiaci\u00f3n de la Reforma Educativa, despensa de haber finalizado el tercer curso de estas ense\u00f1anzas.<br \/>\u2022 Tener acreditadas las competencias clave necesarias de acuerdo con el Anexo IV del Real decreto 34\/2008, de 18 de enero, para cursar con aprovechamiento la formaci\u00f3n correspondiente al certificado de profesionalidad, ya sea mediante la realizaci\u00f3n de pruebas o cursando las especialidades formativas correspondientes<\/p>\n<p>[\/et_pb_accordion_item][\/et_pb_accordion][\/et_pb_column][\/et_pb_row][\/et_pb_section]<\/p>\n","protected":false},"excerpt":{"rendered":"<p>Niveles de cualificaci\u00f3n de los grados C de formaci\u00f3n profesionalNivel 1 Competencia en un conjunto reducido de actividades de trabajo relativamente simples correspondientes a procesos normalizados, donde los conocimientos te\u00f3ricos y las capacidades pr\u00e1cticas para aplicar son limitados.Nivel 2 Competencia en un conjunto de actividades profesionales bien determinadas con la capacidad de utilizar los instrumentos [&hellip;]<\/p>\n","protected":false},"author":13,"featured_media":0,"parent":0,"menu_order":0,"comment_status":"closed","ping_status":"closed","template":"","meta":{"_et_pb_use_builder":"on","_et_pb_old_content":"","_et_gb_content_width":"","footnotes":"","_links_to":"","_links_to_target":""},"class_list":["post-55893","page","type-page","status-publish","hentry"],"publishpress_future_action":{"enabled":false,"date":"2026-04-12 17:57:03","action":"change-status","newStatus":"draft","terms":[],"taxonomy":"translation_priority","extraData":[]},"publishpress_future_workflow_manual_trigger":{"enabledWorkflows":[]},"_links":{"self":[{"href":"https:\/\/soib.es\/es\/wp-json\/wp\/v2\/pages\/55893","targetHints":{"allow":["GET"]}}],"collection":[{"href":"https:\/\/soib.es\/es\/wp-json\/wp\/v2\/pages"}],"about":[{"href":"https:\/\/soib.es\/es\/wp-json\/wp\/v2\/types\/page"}],"author":[{"embeddable":true,"href":"https:\/\/soib.es\/es\/wp-json\/wp\/v2\/users\/13"}],"replies":[{"embeddable":true,"href":"https:\/\/soib.es\/es\/wp-json\/wp\/v2\/comments?post=55893"}],"version-history":[{"count":0,"href":"https:\/\/soib.es\/es\/wp-json\/wp\/v2\/pages\/55893\/revisions"}],"wp:attachment":[{"href":"https:\/\/soib.es\/es\/wp-json\/wp\/v2\/media?parent=55893"}],"curies":[{"name":"wp","href":"https:\/\/api.w.org\/{rel}","templated":true}]}}