{"id":54731,"date":"2025-10-09T00:00:25","date_gmt":"2025-10-08T22:00:25","guid":{"rendered":"https:\/\/soib.es\/?page_id=54731"},"modified":"2025-11-05T15:05:35","modified_gmt":"2025-11-05T14:05:35","slug":"formacio-professional-centres-privats-no-sostinguts-amb-fons-publics","status":"publish","type":"page","link":"https:\/\/soib.es\/es\/formacio-professional-centres-privats-no-sostinguts-amb-fons-publics\/","title":{"rendered":"Formaci\u00f3n profesional en centros privados no sostenidos con fondos p\u00fablicos"},"content":{"rendered":"<p>[et_pb_section fb_built=\u00bb1&#8243; _builder_version=\u00bb4.16&#8243; background_color=\u00bb#f7f7f7&#8243; custom_padding=\u00bb25px|0px|25px|0px\u00bb global_colors_info=\u00bb{}\u00bb][et_pb_row _builder_version=\u00bb4.16&#8243; global_colors_info=\u00bb{}\u00bb][et_pb_column type=\u00bb4_4&#8243; _builder_version=\u00bb4.16&#8243; custom_padding=\u00bb|||\u00bb global_colors_info=\u00bb{}\u00bb custom_padding__hover=\u00bb|||\u00bb][et_pb_text _builder_version=\u00bb4.27.3&#8243; global_colors_info=\u00bb{}\u00bb]<\/p>\n<h1><strong>Formaci\u00f3n profesional en centros privados no sostenidos con fondos p\u00fablicos<\/strong><\/h1>\n<p>[\/et_pb_text][\/et_pb_column][\/et_pb_row][\/et_pb_section][et_pb_section fb_built=\u00bb1&#8243; _builder_version=\u00bb4.16&#8243; custom_padding=\u00bb20px|0px|54px|0px\u00bb global_colors_info=\u00bb{}\u00bb][et_pb_row _builder_version=\u00bb4.16&#8243; global_colors_info=\u00bb{}\u00bb][et_pb_column type=\u00bb4_4&#8243; _builder_version=\u00bb4.16&#8243; custom_padding=\u00bb|||\u00bb global_colors_info=\u00bb{}\u00bb custom_padding__hover=\u00bb|||\u00bb][et_pb_text _builder_version=\u00bb4.27.4&#8243; _module_preset=\u00bbdefault\u00bb global_colors_info=\u00bb{}\u00bb]<\/p>\n<p>Para poder impartir formaci\u00f3n profesional en centros privados no sostenidos con fondos p\u00fablicos, los centros de formaci\u00f3n deben estar autorizados en la modalidad correspondiente para impartir la formaci\u00f3n solicitada y deben estar inscritos en el registro de que se disponga antes de la presentaci\u00f3n de la solicitud de formaci\u00f3n no sostenida con fondos p\u00fablicos. Se podr\u00e1 solicitar la autorizaci\u00f3n para impartir grados B y el periodo de formaci\u00f3n en empresa u organismo equiparado (FEMPO) en modalidad presencial o en modalidad virtual.<\/p>\n<p>[\/et_pb_text][et_pb_accordion closed_toggle_text_color=\u00bb#CB023E\u00bb icon_color=\u00bb#CB023E\u00bb _builder_version=\u00bb4.27.4&#8243; _module_preset=\u00bbdefault\u00bb toggle_font=\u00bb|700|||||||\u00bb closed_toggle_font=\u00bb|600|||||||\u00bb hover_enabled=\u00bb0&#8243; db_closeable=\u00bbon\u00bb db_initial_state=\u00bball_closed\u00bb global_colors_info=\u00bb{}\u00bb sticky_enabled=\u00bb0&#8243;][et_pb_accordion_item title=\u00bbTr\u00e1mite de solicitud (modalidad presencial y modalidad virtual)\u00bb open=\u00bbon\u00bb _builder_version=\u00bb4.27.4&#8243; _module_preset=\u00bbdefault\u00bb hover_enabled=\u00bb0&#8243; global_colors_info=\u00bb{}\u00bb sticky_enabled=\u00bb0&#8243;]<\/p>\n<p>La tramitaci\u00f3n del procedimiento de solicitud de autorizaci\u00f3n para las personas que est\u00e9n obligadas a relacionarse electr\u00f3nicamente a trav\u00e9s de medios electr\u00f3nicos con las Administraciones P\u00fablicas, debe llevarse a cabo a trav\u00e9s de la sede electr\u00f3nica de la CAIB. <a href='https:\/\/www.caib.es\/seucaib\/es\/201\/empresas\/tramites\/tramite\/6067936\/' class='small-button smallsilver' target=\"_blank\"><span style=\"color: #cb023e;\">Acceso al tr\u00e1mite telem\u00e1tico <\/span><\/a><\/p>\n<p><\/p>\n<p>Las personas que no est\u00e9n obligadas a relacionarse electr\u00f3nicamente pueden presentar la solicitud de autorizaci\u00f3n presencial o telem\u00e1ticamente. <a href='https:\/\/soib.es\/wp-content\/uploads\/2025\/02\/Sollicitud-Grau-B-no-sostinguda-amb-fons-publics-ES.pdf' class='small-button smallsilver' target=\"_blank\"><span style=\"color: #cb023e;\">Descarga solicitud<\/span><\/a><\/p>\n<p><\/p>\n<p>Hay una <a href='https:\/\/soib.es\/wp-content\/uploads\/2025\/11\/Guia-Graus-B-i-FEMPO-no-sostinguda-amb-fons-publics-es-V4.pdf' class='small-button smallsilver' target=\"_blank\"><span style=\"color: #cb023e;\">gu\u00eda para la formaci\u00f3n profesional en centros privados no sostenidos con fondos p\u00fablicos<\/span><\/a> que sirve de ayuda durante el proceso.<\/p>\n<p>[\/et_pb_accordion_item][\/et_pb_accordion][\/et_pb_column][\/et_pb_row][\/et_pb_section]<\/p>\n","protected":false},"excerpt":{"rendered":"<p>Formaci\u00f3n profesional en centros privados no sostenidos con fondos p\u00fablicosPara poder impartir formaci\u00f3n profesional en centros privados no sostenidos con fondos p\u00fablicos, los centros de formaci\u00f3n deben estar autorizados en la modalidad correspondiente para impartir la formaci\u00f3n solicitada y deben estar inscritos en el registro de que se disponga antes de la presentaci\u00f3n de la [&hellip;]<\/p>\n","protected":false},"author":13,"featured_media":0,"parent":0,"menu_order":0,"comment_status":"closed","ping_status":"closed","template":"","meta":{"_et_pb_use_builder":"on","_et_pb_old_content":"","_et_gb_content_width":"","footnotes":"","_links_to":"","_links_to_target":""},"class_list":["post-54731","page","type-page","status-publish","hentry"],"publishpress_future_action":{"enabled":false,"date":"2026-04-14 08:40:26","action":"change-status","newStatus":"draft","terms":[],"taxonomy":"translation_priority","extraData":[]},"publishpress_future_workflow_manual_trigger":{"enabledWorkflows":[]},"_links":{"self":[{"href":"https:\/\/soib.es\/es\/wp-json\/wp\/v2\/pages\/54731","targetHints":{"allow":["GET"]}}],"collection":[{"href":"https:\/\/soib.es\/es\/wp-json\/wp\/v2\/pages"}],"about":[{"href":"https:\/\/soib.es\/es\/wp-json\/wp\/v2\/types\/page"}],"author":[{"embeddable":true,"href":"https:\/\/soib.es\/es\/wp-json\/wp\/v2\/users\/13"}],"replies":[{"embeddable":true,"href":"https:\/\/soib.es\/es\/wp-json\/wp\/v2\/comments?post=54731"}],"version-history":[{"count":0,"href":"https:\/\/soib.es\/es\/wp-json\/wp\/v2\/pages\/54731\/revisions"}],"wp:attachment":[{"href":"https:\/\/soib.es\/es\/wp-json\/wp\/v2\/media?parent=54731"}],"curies":[{"name":"wp","href":"https:\/\/api.w.org\/{rel}","templated":true}]}}