{"id":54435,"date":"2024-04-02T14:00:45","date_gmt":"2024-04-02T12:00:45","guid":{"rendered":"https:\/\/soib.es\/entitats-autoritzades-i-inscrites-per-impartir-graus-a-b-i-c-de-fp\/"},"modified":"2026-02-10T07:50:44","modified_gmt":"2026-02-10T06:50:44","slug":"entitats-autoritzades-i-inscrites-per-impartir-graus-a-b-i-c-de-fp","status":"publish","type":"page","link":"https:\/\/soib.es\/es\/entitats-autoritzades-i-inscrites-per-impartir-graus-a-b-i-c-de-fp\/","title":{"rendered":"Entidades autorizadas e inscritas para impartir grados A, B y C de formaci\u00f3n profesional"},"content":{"rendered":"<p>[et_pb_section fb_built=\u00bb1&#8243; _builder_version=\u00bb4.16&#8243; background_color=\u00bb#f7f7f7&#8243; custom_padding=\u00bb25px|0px|25px|0px\u00bb global_colors_info=\u00bb{}\u00bb][et_pb_row column_structure=\u00bb3_4,1_4&#8243; _builder_version=\u00bb4.16&#8243; collapsed=\u00bbon\u00bb global_colors_info=\u00bb{}\u00bb][et_pb_column type=\u00bb3_4&#8243; _builder_version=\u00bb4.16&#8243; custom_padding=\u00bb|||\u00bb global_colors_info=\u00bb{}\u00bb custom_padding__hover=\u00bb|||\u00bb][et_pb_text _builder_version=\u00bb4.23.1&#8243; global_colors_info=\u00bb{}\u00bb]<\/p>\n<h1><strong>Entidades autorizadas e inscritas para impartir grados A, B y C de formaci\u00f3n profesional<\/strong><\/h1>\n<p>[\/et_pb_text][\/et_pb_column][et_pb_column type=\u00bb1_4&#8243; _builder_version=\u00bb4.16&#8243; custom_padding=\u00bb|||\u00bb global_colors_info=\u00bb{}\u00bb custom_padding__hover=\u00bb|||\u00bb][et_pb_blurb title=\u00bbPresentaci\u00f3n grados FP 2024&#8243; url=\u00bbhttps:\/\/soib.es\/wp-content\/uploads\/2024\/04\/9-abril-2024-Nou-sistema-de-Formacio-Professional-al-SOIB-Presentacio-WEB.pdf\u00bb url_new_window=\u00bbon\u00bb use_icon=\u00bbon\u00bb font_icon=\u00bb&#x41;||divi||400&#8243; icon_color=\u00bb#878786&#8243; icon_placement=\u00bbleft\u00bb disabled_on=\u00bbon|on|on\u00bb _builder_version=\u00bb4.27.4&#8243; _module_preset=\u00bbdefault\u00bb header_text_color=\u00bb#cb023e\u00bb link_option_url_new_window=\u00bbon\u00bb disabled=\u00bbon\u00bb locked=\u00bboff\u00bb global_colors_info=\u00bb{}\u00bb][\/et_pb_blurb][\/et_pb_column][\/et_pb_row][\/et_pb_section][et_pb_section fb_built=\u00bb1&#8243; _builder_version=\u00bb4.16&#8243; custom_padding=\u00bb20px|0px|54px|0px\u00bb global_colors_info=\u00bb{}\u00bb][et_pb_row _builder_version=\u00bb4.23.1&#8243; global_colors_info=\u00bb{}\u00bb][et_pb_column type=\u00bb4_4&#8243; _builder_version=\u00bb4.16&#8243; custom_padding=\u00bb|||\u00bb global_colors_info=\u00bb{}\u00bb custom_padding__hover=\u00bb|||\u00bb][et_pb_text _builder_version=\u00bb4.27.4&#8243; _module_preset=\u00bbdefault\u00bb global_colors_info=\u00bb{}\u00bb]<\/p>\n<p><strong>Oferta de grados B y C del sistema de FP<\/strong><\/p>\n<p><\/p>\n<a href='https:\/\/intranet.caib.es\/esoibfront\/formacio\/grausB.xhtml' class='small-button smallsilver' target=\"_blank\">Repertorio de <span style=\"color: #cb023e;\">certificados de competencia &#8211; grados B<\/span><\/a>\n<p><\/p>\n<a href='https:\/\/intranet.caib.es\/esoibfront\/formacio\/certificatsGrausC.xhtml' class='small-button smallsilver' target=\"_blank\">Repertorio de <span style=\"color: #cb023e;\">certificados profesionales &#8211; grados C<\/span><\/a>\n<p><\/p>\n<a href='https:\/\/intranet.caib.es\/esoibfront\/formacio\/grausPractiques.xhtml' class='small-button smallsilver' target=\"_blank\">Repertorio de <span style=\"color: #cb023e;\">FEMPO (Formaci\u00f3n en empresa o organismo equiparado)<\/span><\/a>\n<p><\/p>\n<p>La autorizaci\u00f3n para impartir un grado C implica poder impartir los grados A y B que est\u00e9n incluidos.<\/p>\n<p><\/p>\n<p><strong>Centros autorizados de la Red de Centros FP SOIB<\/strong><\/p>\n<p><\/p>\n<a href='https:\/\/intranet.caib.es\/esoibfront\/formacio\/centresAutoritzats.xhtml' class='small-button smallsilver' target=\"_blank\">Centros autorizados e inscritos para impartir <span style=\"color: #cb023e;\">certificados profesionales<\/span> en las Illes Balears<\/a>\n<p>[\/et_pb_text][et_pb_accordion closed_toggle_text_color=\u00bb#CB023E\u00bb icon_color=\u00bb#CB023E\u00bb disabled_on=\u00bboff|off|off\u00bb admin_label=\u00bbAccordion\u00bb _builder_version=\u00bb4.27.5&#8243; _module_preset=\u00bbdefault\u00bb toggle_font=\u00bb|700|||||||\u00bb closed_toggle_font=\u00bb|600|||||||\u00bb hover_enabled=\u00bb0&#8243; db_closeable=\u00bbon\u00bb db_initial_state=\u00bball_closed\u00bb global_colors_info=\u00bb{}\u00bb sticky_enabled=\u00bb0&#8243;][et_pb_accordion_item title=\u00bbTr\u00e1mite de autorizaciones\u00bb open=\u00bbon\u00bb _builder_version=\u00bb4.27.5&#8243; _module_preset=\u00bbdefault\u00bb hover_enabled=\u00bb0&#8243; global_colors_info=\u00bb{}\u00bb sticky_enabled=\u00bb0&#8243;]<\/p>\n<p>Para tener sus centros autorizados, las entidades deben tramitar el procedimiento de autorizaci\u00f3n, en funci\u00f3n del tipo de modalidad a impartir:<\/p>\n<ul>\n<li><strong>Modalidad presencial<\/strong><\/li>\n<\/ul>\n<p style=\"padding-left: 40px;\">La <a href='https:\/\/www.caib.es\/seucaib\/es\/200\/persones\/tramites\/tramite\/6066954' class='small-button smallsilver' target=\"_blank\"><span style=\"color: #cb023e;\">tramitaci\u00f3n del procedimiento de autorizaci\u00f3n en la modalidad presencial<\/span><\/a> se lleva a cabo a trav\u00e9s de la sede electr\u00f3nica de la CAIB.<\/p>\n<p style=\"padding-left: 40px;\">Hay una <a href='https:\/\/soib.es\/wp-content\/uploads\/2025\/10\/Guia-dautoritzacio-de-Centres-FP-SOIB-en-modalitat-presencial.pdf' class='small-button smallsilver' target=\"_blank\"><span style=\"color: #cb023e;\">Gu\u00eda de autorizaci\u00f3n de Centros FP SOIB en modalidad presencial<\/span><\/a> que sirve de ayuda durante el proceso.<\/p>\n<ul>\n<li><strong>Modalidad virtual y semipresencial <span data-olk-copy-source=\"MessageBody\">(cerrado y en proceso de revisi\u00f3n)<\/span><\/strong><\/li>\n<\/ul>\n<p style=\"padding-left: 40px;\">[\/et_pb_accordion_item][\/et_pb_accordion][et_pb_blurb title=\u00bbAVISO IMPORTANTE\u00bb use_icon=\u00bbon\u00bb font_icon=\u00bb&#xe063;||divi||400&#8243; icon_color=\u00bb#cb023e\u00bb icon_placement=\u00bbleft\u00bb content_max_width=\u00bb1000px\u00bb disabled_on=\u00bbon|on|on\u00bb _builder_version=\u00bb4.27.4&#8243; _module_preset=\u00bbdefault\u00bb header_font=\u00bb|600|||||||\u00bb custom_margin=\u00bb0px||||false|false\u00bb custom_padding=\u00bb20px|10px|20px|0px|false|false\u00bb border_radii=\u00bbon|3px|3px|3px|3px\u00bb border_width_all=\u00bb1px\u00bb border_color_all=\u00bb#8F8F8F\u00bb disabled=\u00bbon\u00bb locked=\u00bboff\u00bb global_colors_info=\u00bb{}\u00bb]<\/p>\n<p>Es importante tener en cuenta que, hasta el 31 de diciembre de 2025, el procedimiento de autorizaci\u00f3n de centros de formaci\u00f3n se llevar\u00e1 a cabo de acuerdo con lo que se explica en el documento blabla (pendiente de recibir documento de procedimiento una vez firmado).<\/p>\n<p>[\/et_pb_blurb][\/et_pb_column][\/et_pb_row][\/et_pb_section]<\/p>\n","protected":false},"excerpt":{"rendered":"<p>Entidades autorizadas e inscritas para impartir grados A, B y C de formaci\u00f3n profesionalOferta de grados B y C del sistema de FP<a href='https:\/\/intranet.caib.es\/esoibfront\/formacio\/grausB.xhtml' class='small-button smallsilver' target=\"_blank\">Repertorio de certificados de competencia &#8211; grados B<\/a><a href='https:\/\/intranet.caib.es\/esoibfront\/formacio\/certificatsGrausC.xhtml' class='small-button smallsilver' target=\"_blank\">Repertorio de certificados profesionales &#8211; grados C<\/a><a href='https:\/\/intranet.caib.es\/esoibfront\/formacio\/grausPractiques.xhtml' class='small-button smallsilver' target=\"_blank\"><\/a> Repertorio de FEMPO (Formaci\u00f3n en empresa [&hellip;]<\/p>\n","protected":false},"author":13,"featured_media":0,"parent":0,"menu_order":0,"comment_status":"closed","ping_status":"closed","template":"","meta":{"_et_pb_use_builder":"on","_et_pb_old_content":"","_et_gb_content_width":"","footnotes":"","_links_to":"","_links_to_target":""},"class_list":["post-54435","page","type-page","status-publish","hentry"],"publishpress_future_action":{"enabled":false,"date":"2026-04-11 14:11:07","action":"change-status","newStatus":"draft","terms":[],"taxonomy":"translation_priority","extraData":[]},"publishpress_future_workflow_manual_trigger":{"enabledWorkflows":[]},"_links":{"self":[{"href":"https:\/\/soib.es\/es\/wp-json\/wp\/v2\/pages\/54435","targetHints":{"allow":["GET"]}}],"collection":[{"href":"https:\/\/soib.es\/es\/wp-json\/wp\/v2\/pages"}],"about":[{"href":"https:\/\/soib.es\/es\/wp-json\/wp\/v2\/types\/page"}],"author":[{"embeddable":true,"href":"https:\/\/soib.es\/es\/wp-json\/wp\/v2\/users\/13"}],"replies":[{"embeddable":true,"href":"https:\/\/soib.es\/es\/wp-json\/wp\/v2\/comments?post=54435"}],"version-history":[{"count":0,"href":"https:\/\/soib.es\/es\/wp-json\/wp\/v2\/pages\/54435\/revisions"}],"wp:attachment":[{"href":"https:\/\/soib.es\/es\/wp-json\/wp\/v2\/media?parent=54435"}],"curies":[{"name":"wp","href":"https:\/\/api.w.org\/{rel}","templated":true}]}}